{"id":8041,"date":"2020-05-07T22:58:31","date_gmt":"2020-05-07T19:58:31","guid":{"rendered":"https:\/\/hansu.av.tr\/nos-domaines-dexpertise\/fikri-ve-sinai-mulkiyet-hukuku\/"},"modified":"2022-07-05T12:03:45","modified_gmt":"2022-07-05T09:03:45","slug":"propriete-intellectuelle-et-industrielle","status":"publish","type":"page","link":"https:\/\/hansu.av.tr\/fr\/nos-domaines-dexpertise\/propriete-intellectuelle-et-industrielle\/","title":{"rendered":"Propriete intellectuelle et industrielle"},"content":{"rendered":"\t\t<div data-elementor-type=\"wp-post\" data-elementor-id=\"8041\" class=\"elementor elementor-8041 elementor-907\">\n\t\t\t\t\t\t<div class=\"elementor-inner\">\n\t\t\t\t<div class=\"elementor-section-wrap\">\n\t\t\t\t\t\t\t\t\t<section class=\"elementor-section elementor-top-section elementor-element elementor-element-0a266d5 elementor-section-boxed elementor-section-height-default elementor-section-height-default\" data-id=\"0a266d5\" data-element_type=\"section\">\n\t\t\t\t\t\t<div class=\"elementor-container elementor-column-gap-default\">\n\t\t\t\t\t\t\t<div class=\"elementor-row\">\n\t\t\t\t\t<div class=\"elementor-column elementor-col-100 elementor-top-column elementor-element elementor-element-a1ab2a9\" data-id=\"a1ab2a9\" data-element_type=\"column\">\n\t\t\t<div class=\"elementor-column-wrap elementor-element-populated\">\n\t\t\t\t\t\t\t<div class=\"elementor-widget-wrap\">\n\t\t\t\t\t\t<div class=\"elementor-element elementor-element-c1d24e4 elementor-widget elementor-widget-text-editor\" data-id=\"c1d24e4\" data-element_type=\"widget\" data-widget_type=\"text-editor.default\">\n\t\t\t\t<div class=\"elementor-widget-container\">\n\t\t\t\t\t\t\t\t<div class=\"elementor-text-editor elementor-clearfix\">\n\t\t\t\t<p><span style=\"font-weight: 400;\">\u00a0Nos avocats sp\u00e9cialis\u00e9s fournissent des services de protection et d\u2019enregistrement des droits de propri\u00e9t\u00e9 intellectuelle et industrielle aux entreprises op\u00e9rant dans diff\u00e9rents secteurs, en particulier dans les secteurs de la chimie, de la technologie, de la mode, du textile, des arts, des m\u00e9dias, du divertissement et de la pharmacie, mais aussi aux particuliers d\u00e9tenant des marques, des dessins, des brevets ou des \u0153uvres.\u00a0<\/span><\/p><p><span style=\"font-weight: 400;\">En compl\u00e9ment des services de conseil en droit de la propri\u00e9t\u00e9 intellectuelle et industrielle repr\u00e9sentant l\u2019une des principales activit\u00e9s de notre activit\u00e9, nous repr\u00e9sentons nos clients devant les juridictions mais aussi devant l&rsquo;Office turc des brevets et des marques.\u00a0<\/span><\/p><p><span style=\"font-weight: 400;\">En mati\u00e8re de droit de la propri\u00e9t\u00e9 intellectuelle et industrielle, nous fournissons des services tels que\u00a0:\u00a0<\/span><\/p><ul><li style=\"font-weight: 400;\" aria-level=\"1\"><span style=\"font-weight: 400;\">Proc\u00e9dures d&rsquo;enregistrement des marques, dessins, mod\u00e8les, brevets, mod\u00e8les d&rsquo;utilit\u00e9, indications g\u00e9ographiques et noms de produits traditionnels<\/span><\/li><li style=\"font-weight: 400;\" aria-level=\"1\"><span style=\"font-weight: 400;\">Pr\u00e9paration et n\u00e9gociation des contrats de cession et de transfert des droits p\u00e9cuniaires,\u00a0 r\u00e9solution des litiges<\/span><\/li><li style=\"font-weight: 400;\" aria-level=\"1\"><span style=\"font-weight: 400;\">Contrats de communication du savoir-faire (know-how) et de transfert de technologie<\/span><\/li><li style=\"font-weight: 400;\" aria-level=\"1\"><span style=\"font-weight: 400;\">Accords de confidentialit\u00e9<\/span><\/li><li style=\"font-weight: 400;\" aria-level=\"1\"><span style=\"font-weight: 400;\">Protection des \u0153uvres intellectuelles et artistiques et des droits d&rsquo;auteur<\/span><\/li><li style=\"font-weight: 400;\" aria-level=\"1\"><span style=\"font-weight: 400;\">Suivi et r\u00e9solution des litiges devant les tribunaux des droits intellectuels et industriels et les tribunaux de grande instance<\/span><\/li><li style=\"font-weight: 400;\" aria-level=\"1\"><span style=\"font-weight: 400;\">Suivi des processus li\u00e9s \u00e0 la violation de droits d&rsquo;auteur et de marques sur internet<\/span><\/li><li style=\"font-weight: 400;\" aria-level=\"1\"><span style=\"font-weight: 400;\">Litiges relatifs aux noms de domaine<\/span><\/li><li style=\"font-weight: 400;\" aria-level=\"1\"><span style=\"font-weight: 400;\">Litiges relatif \u00e0 la concurrence d\u00e9loyale<\/span><\/li><li style=\"font-weight: 400;\" aria-level=\"1\"><span style=\"font-weight: 400;\">Repr\u00e9sentation devant tout type d\u2019associations professionnelles<\/span><\/li><li style=\"font-weight: 400;\" aria-level=\"1\"><span style=\"font-weight: 400;\">Lutte contre la contrefa\u00e7on et le piratage<\/span><\/li><li style=\"font-weight: 400;\" aria-level=\"1\"><span style=\"font-weight: 400;\">Conformit\u00e9<\/span><\/li><\/ul><p><span style=\"font-weight: 400;\">L\u2019avocat fondateur \u00d6mer Faruk HANSU de notre cabinet est avocat sp\u00e9cialis\u00e9 en marque et brevet. La repr\u00e9sentation aupr\u00e8s de l&rsquo;Office turc des brevets et des marques (T\u00dcRKPATENT), la protection des droits industriels ainsi que les enregistrements de marques, dessins, indications g\u00e9ographiques et noms de produits traditionnels repr\u00e9sentent l\u2019une des principales activit\u00e9s de notre cabinet d\u2019avocats. <\/span><\/p><p>\u00a0<\/p>\t\t\t\t\t<\/div>\n\t\t\t\t\t\t<\/div>\n\t\t\t\t<\/div>\n\t\t\t\t\t\t<\/div>\n\t\t\t\t\t<\/div>\n\t\t<\/div>\n\t\t\t\t\t\t\t\t<\/div>\n\t\t\t\t\t<\/div>\n\t\t<\/section>\n\t\t\t\t\t\t\t\t\t<\/div>\n\t\t\t<\/div>\n\t\t\t\t\t<\/div>\n\t\t","protected":false},"excerpt":{"rendered":"<p>Nos avocats sp\u00e9cialis\u00e9s fournissent des services de protection et d\u2019enregistrement des droits de propri\u00e9t\u00e9 intellectuelle et industrielle aux entreprises op\u00e9rant dans diff\u00e9rents secteurs, en particulier dans les secteurs de la chimie, de la technologie, de la mode, du textile, des arts, des m\u00e9dias, du divertissement et de la pharmacie, mais aussi aux particuliers d\u00e9tenant des&#8230;<\/p>\n","protected":false},"author":1,"featured_media":8043,"parent":8007,"menu_order":392,"comment_status":"closed","ping_status":"closed","template":"","meta":[],"acf":[],"_links":{"self":[{"href":"https:\/\/hansu.av.tr\/fr\/wp-json\/wp\/v2\/pages\/8041"}],"collection":[{"href":"https:\/\/hansu.av.tr\/fr\/wp-json\/wp\/v2\/pages"}],"about":[{"href":"https:\/\/hansu.av.tr\/fr\/wp-json\/wp\/v2\/types\/page"}],"author":[{"embeddable":true,"href":"https:\/\/hansu.av.tr\/fr\/wp-json\/wp\/v2\/users\/1"}],"replies":[{"embeddable":true,"href":"https:\/\/hansu.av.tr\/fr\/wp-json\/wp\/v2\/comments?post=8041"}],"version-history":[{"count":12,"href":"https:\/\/hansu.av.tr\/fr\/wp-json\/wp\/v2\/pages\/8041\/revisions"}],"predecessor-version":[{"id":9290,"href":"https:\/\/hansu.av.tr\/fr\/wp-json\/wp\/v2\/pages\/8041\/revisions\/9290"}],"up":[{"embeddable":true,"href":"https:\/\/hansu.av.tr\/fr\/wp-json\/wp\/v2\/pages\/8007"}],"wp:featuredmedia":[{"embeddable":true,"href":"https:\/\/hansu.av.tr\/fr\/wp-json\/wp\/v2\/media\/8043"}],"wp:attachment":[{"href":"https:\/\/hansu.av.tr\/fr\/wp-json\/wp\/v2\/media?parent=8041"}],"curies":[{"name":"wp","href":"https:\/\/api.w.org\/{rel}","templated":true}]}}