{"id":8044,"date":"2021-06-22T11:37:34","date_gmt":"2021-06-22T08:37:34","guid":{"rendered":"https:\/\/hansu.av.tr\/nos-domaines-dexpertise\/idare-hukuku\/"},"modified":"2022-07-05T12:02:10","modified_gmt":"2022-07-05T09:02:10","slug":"droit-public","status":"publish","type":"page","link":"https:\/\/hansu.av.tr\/fr\/nos-domaines-dexpertise\/droit-public\/","title":{"rendered":"Droit public"},"content":{"rendered":"<p><span style=\"font-weight: 400;\">Le droit public constitue l\u2019ensemble des r\u00e8gles r\u00e9gissant l\u2019organisation administrative, les activit\u00e9s administratives, le personnel public, les moyens publics, les contrats administratifs, les services publics, la responsabilit\u00e9 fautive, la responsabilit\u00e9 sans faute de l&rsquo;administration instaure le cadre juridique du contr\u00f4le de l&rsquo;administration. Le cabinet d\u2019avocats Hansu fournit des services juridiques \u00e0 guichet unique aux administrations publiques et aux municipalit\u00e9s, ainsi qu&rsquo;aux personnes morales de droit priv\u00e9 et aux particuliers sur une vari\u00e9t\u00e9 de questions relatives au droit administratif n\u00e9cessitant une expertise particuli\u00e8re.<\/span><\/p>\n<p><span style=\"font-weight: 400;\">Dans ce cadre, nous fournissons des services tels que\u00a0:\u00a0<\/span><\/p>\n<ul>\n<li style=\"font-weight: 400;\" aria-level=\"1\"><span style=\"font-weight: 400;\">Pr\u00e9paration des cahiers des charges et des contrats administratifs<\/span><\/li>\n<li style=\"font-weight: 400;\" aria-level=\"1\"><span style=\"font-weight: 400;\">Conseil dans le processus de passation des march\u00e9s publics<\/span><\/li>\n<li style=\"font-weight: 400;\" aria-level=\"1\"><span style=\"font-weight: 400;\">Tous les litiges concernant la loi de zonage tels que les plans de zonage, les op\u00e9rations de parcellisation, la s\u00e9paration, la consolidation, l&rsquo;abandon, les proc\u00e9dures de cr\u00e9ation, les proc\u00e9dures de permis de construire et de permis d&rsquo;utilisation, les op\u00e9rations d&rsquo;arr\u00eat et de d\u00e9molition notamment des b\u00e2timents dangereux<\/span><\/li>\n<li style=\"font-weight: 400;\" aria-level=\"1\"><span style=\"font-weight: 400;\">Conseil en processus d&rsquo;expropriation avec la mise en place de d\u00e9cisions d&rsquo;utilit\u00e9 publique, le d\u00e9veloppement de projets d\u2019int\u00e9r\u00eat public (zone industrielle organis\u00e9e, zone franche, zone industrielle, zone technologique, zone \u00e9nerg\u00e9tique, etc.)<\/span><\/li>\n<li style=\"font-weight: 400;\" aria-level=\"1\"><span style=\"font-weight: 400;\">Conseil dans le processus de d\u00e9veloppement urbain d\u00e8s le stade du d\u00e9p\u00f4t d&rsquo;un recours contre des d\u00e9cisions telles que la d\u00e9termination de la zone de construction de r\u00e9serve, la d\u00e9termination de la structure \u00e0 risque, le d\u00e9veloppement de projets de transformation urbaine, la pr\u00e9paration des contrats et la r\u00e9solution des litiges<\/span><\/li>\n<li style=\"font-weight: 400;\" aria-level=\"1\"><span style=\"font-weight: 400;\">Tout litige relatif aux plans de conservation et aux sites prot\u00e9g\u00e9s<\/span><\/li>\n<li style=\"font-weight: 400;\" aria-level=\"1\"><span style=\"font-weight: 400;\">Tout litige concernant le d\u00e9veloppement de projets d&rsquo;\u00e9lectricit\u00e9, de gaz naturel, d&rsquo;\u00e9nergies renouvelables<\/span><\/li>\n<li style=\"font-weight: 400;\" aria-level=\"1\"><span style=\"font-weight: 400;\">La production, l&rsquo;utilisation, la distribution des ressources naturelles, l\u2019obtention des permis et licences n\u00e9cessaires aupr\u00e8s des institutions publiques<\/span><\/li>\n<li style=\"font-weight: 400;\" aria-level=\"1\"><span style=\"font-weight: 400;\">Obtention de licences et de permis d&rsquo;exploration mini\u00e8re, proc\u00e9dures de transfert de licence<\/span><\/li>\n<li style=\"font-weight: 400;\" aria-level=\"1\"><span style=\"font-weight: 400;\">Litiges relatif au droit de la sant\u00e9<\/span><\/li>\n<\/ul>\n<p>&nbsp;<\/p>\n","protected":false},"excerpt":{"rendered":"<p>Le droit public constitue l\u2019ensemble des r\u00e8gles r\u00e9gissant l\u2019organisation administrative, les activit\u00e9s administratives, le personnel public, les moyens publics, les contrats administratifs, les services publics, la responsabilit\u00e9 fautive, la responsabilit\u00e9 sans faute de l&rsquo;administration instaure le cadre juridique du contr\u00f4le de l&rsquo;administration. Le cabinet d\u2019avocats Hansu fournit des services juridiques \u00e0 guichet unique aux administrations&#8230;<\/p>\n","protected":false},"author":1,"featured_media":0,"parent":8007,"menu_order":112,"comment_status":"closed","ping_status":"closed","template":"","meta":[],"acf":[],"_links":{"self":[{"href":"https:\/\/hansu.av.tr\/fr\/wp-json\/wp\/v2\/pages\/8044"}],"collection":[{"href":"https:\/\/hansu.av.tr\/fr\/wp-json\/wp\/v2\/pages"}],"about":[{"href":"https:\/\/hansu.av.tr\/fr\/wp-json\/wp\/v2\/types\/page"}],"author":[{"embeddable":true,"href":"https:\/\/hansu.av.tr\/fr\/wp-json\/wp\/v2\/users\/1"}],"replies":[{"embeddable":true,"href":"https:\/\/hansu.av.tr\/fr\/wp-json\/wp\/v2\/comments?post=8044"}],"version-history":[{"count":12,"href":"https:\/\/hansu.av.tr\/fr\/wp-json\/wp\/v2\/pages\/8044\/revisions"}],"predecessor-version":[{"id":9286,"href":"https:\/\/hansu.av.tr\/fr\/wp-json\/wp\/v2\/pages\/8044\/revisions\/9286"}],"up":[{"embeddable":true,"href":"https:\/\/hansu.av.tr\/fr\/wp-json\/wp\/v2\/pages\/8007"}],"wp:attachment":[{"href":"https:\/\/hansu.av.tr\/fr\/wp-json\/wp\/v2\/media?parent=8044"}],"curies":[{"name":"wp","href":"https:\/\/api.w.org\/{rel}","templated":true}]}}