{"id":8046,"date":"2021-06-09T15:04:08","date_gmt":"2021-06-09T12:04:08","guid":{"rendered":"https:\/\/hansu.av.tr\/nos-domaines-dexpertise\/vergi-hukuku\/"},"modified":"2022-07-05T12:01:27","modified_gmt":"2022-07-05T09:01:27","slug":"droit-fiscal","status":"publish","type":"page","link":"https:\/\/hansu.av.tr\/fr\/nos-domaines-dexpertise\/droit-fiscal\/","title":{"rendered":"Droit fiscal"},"content":{"rendered":"\t\t<div data-elementor-type=\"wp-page\" data-elementor-id=\"8046\" class=\"elementor elementor-8046 elementor-6850\">\n\t\t\t\t\t\t<div class=\"elementor-inner\">\n\t\t\t\t<div class=\"elementor-section-wrap\">\n\t\t\t\t\t\t\t\t\t<section class=\"elementor-section elementor-top-section elementor-element elementor-element-32ced83 elementor-section-boxed elementor-section-height-default elementor-section-height-default\" data-id=\"32ced83\" data-element_type=\"section\">\n\t\t\t\t\t\t<div class=\"elementor-container elementor-column-gap-default\">\n\t\t\t\t\t\t\t<div class=\"elementor-row\">\n\t\t\t\t\t<div class=\"elementor-column elementor-col-100 elementor-top-column elementor-element elementor-element-179ff36\" data-id=\"179ff36\" data-element_type=\"column\">\n\t\t\t<div class=\"elementor-column-wrap elementor-element-populated\">\n\t\t\t\t\t\t\t<div class=\"elementor-widget-wrap\">\n\t\t\t\t\t\t<div class=\"elementor-element elementor-element-79c3f8a elementor-widget elementor-widget-text-editor\" data-id=\"79c3f8a\" data-element_type=\"widget\" data-widget_type=\"text-editor.default\">\n\t\t\t\t<div class=\"elementor-widget-container\">\n\t\t\t\t\t\t\t\t<div class=\"elementor-text-editor elementor-clearfix\">\n\t\t\t\t<p><span style=\"font-weight: 400;\">Un service de conseil juridique en droit fiscal adapt\u00e9 \u00e0 l\u2019activit\u00e9 et aux besoins sp\u00e9cifiques des entreprises op\u00e9rant au niveau national et international est essentiel dans ce domaine qui est en constante \u00e9volution. Notre cabinet d&rsquo;avocats fournit des services d\u2019assistance et de conseil juridique \u00e0 guichet unique pour toute probl\u00e9matique relative \u00e0 l&rsquo;imp\u00f4t sur les soci\u00e9t\u00e9s, l&rsquo;imp\u00f4t sur le revenu, la taxe sur la valeur ajout\u00e9e, la retenue d&rsquo;imp\u00f4t sur le revenu, l&rsquo;imp\u00f4t foncier, la taxe sp\u00e9ciale sur les transactions, le droit de timbre, la taxe sur les v\u00e9hicules terrestres \u00e0 moteur et d&rsquo;autres imp\u00f4ts directs et indirects. Notre \u00e9quipe exp\u00e9riment\u00e9e, qui poss\u00e8de une connaissance approfondie de la conformit\u00e9 fiscale, peut identifier \u00e0 l&rsquo;avance les \u00e9ventuels contentieux fiscaux de nos clients gr\u00e2ce \u00e0 une approche sectorielle. En analysant les risques fiscaux de tout projet d\u2019investissement et de transactions commerciales de votre entreprise, nous pouvons vous conseiller sur les mesures pr\u00e9ventives \u00e0 prendre.<\/span><\/p><p><span style=\"font-weight: 400;\">En tant que cabinet d\u2019avocats Hansu, nous fournissons des services tels que\u00a0:<\/span><\/p><ul><li style=\"font-weight: 400;\" aria-level=\"1\"><span style=\"font-weight: 400;\">Conseil juridique dans les contr\u00f4les fiscaux, les enqu\u00eates d&rsquo;inspections de la s\u00e9curit\u00e9 sociale et les enqu\u00eates des inspecteurs des douanes initi\u00e9es par les autorit\u00e9s publiques<\/span><\/li><li style=\"font-weight: 400;\" aria-level=\"1\"><span style=\"font-weight: 400;\">Conseil \/ repr\u00e9sentation pour la conciliation<\/span><\/li><li style=\"font-weight: 400;\" aria-level=\"1\"><span style=\"font-weight: 400;\">Recours administratifs pour la correction des erreurs, la r\u00e9duction des p\u00e9nalit\u00e9s, le repentir fiscal et toute autre rectification<\/span><\/li><li style=\"font-weight: 400;\" aria-level=\"1\"><span style=\"font-weight: 400;\">Service de conseil juridique sur les irr\u00e9gularit\u00e9s et amendes inflig\u00e9es par les administrations fiscales, bureaux des imp\u00f4ts, douanes et la s\u00e9curit\u00e9 sociale<\/span><\/li><li style=\"font-weight: 400;\" aria-level=\"1\"><span style=\"font-weight: 400;\">Planification fiscale des transactions et activit\u00e9s commerciales<\/span><\/li><li style=\"font-weight: 400;\" aria-level=\"1\"><span style=\"font-weight: 400;\">Obtention d\u2019avis et d\u00e9cision de l\u2019administration comp\u00e9tente<\/span><\/li><li style=\"font-weight: 400;\" aria-level=\"1\"><span style=\"font-weight: 400;\">Examiner les processus de structuration et de mise en \u0153uvre des incitations fiscales<\/span><\/li><li style=\"font-weight: 400;\" aria-level=\"1\"><span style=\"font-weight: 400;\">Faire des accords pour argent comptant<\/span><\/li><li style=\"font-weight: 400;\" aria-level=\"1\"><span style=\"font-weight: 400;\">Pr\u00e9paration des contrats commerciaux internationaux li\u00e9s \u00e0 l&rsquo;exportation et \u00e0 l&rsquo;importation<\/span><\/li><li style=\"font-weight: 400;\" aria-level=\"1\"><span style=\"font-weight: 400;\">Transactions concernant les zones franches<\/span><\/li><li style=\"font-weight: 400;\" aria-level=\"1\"><span style=\"font-weight: 400;\">Livraison internationale et modes de paiement<\/span><\/li><li style=\"font-weight: 400;\" aria-level=\"1\"><span style=\"font-weight: 400;\">R\u00e9gimes d&rsquo;incitation \u00e0 l&rsquo;investissement<\/span><\/li><li style=\"font-weight: 400;\" aria-level=\"1\"><span style=\"font-weight: 400;\">Convention de non double imposition<\/span><\/li><li style=\"font-weight: 400;\" aria-level=\"1\"><span style=\"font-weight: 400;\">Exon\u00e9rations fiscales<\/span><\/li><li style=\"font-weight: 400;\" aria-level=\"1\"><span style=\"font-weight: 400;\">Enqu\u00eates financi\u00e8res<\/span><\/li><li style=\"font-weight: 400;\" aria-level=\"1\"><span style=\"font-weight: 400;\">Services de conformit\u00e9\u00a0<\/span><\/li><\/ul><p>\u00a0<\/p>\t\t\t\t\t<\/div>\n\t\t\t\t\t\t<\/div>\n\t\t\t\t<\/div>\n\t\t\t\t\t\t<\/div>\n\t\t\t\t\t<\/div>\n\t\t<\/div>\n\t\t\t\t\t\t\t\t<\/div>\n\t\t\t\t\t<\/div>\n\t\t<\/section>\n\t\t\t\t\t\t\t\t\t<\/div>\n\t\t\t<\/div>\n\t\t\t\t\t<\/div>\n\t\t","protected":false},"excerpt":{"rendered":"<p>Un service de conseil juridique en droit fiscal adapt\u00e9 \u00e0 l\u2019activit\u00e9 et aux besoins sp\u00e9cifiques des entreprises op\u00e9rant au niveau national et international est essentiel dans ce domaine qui est en constante \u00e9volution. Notre cabinet d&rsquo;avocats fournit des services d\u2019assistance et de conseil juridique \u00e0 guichet unique pour toute probl\u00e9matique relative \u00e0 l&rsquo;imp\u00f4t sur les&#8230;<\/p>\n","protected":false},"author":1,"featured_media":0,"parent":8007,"menu_order":155,"comment_status":"closed","ping_status":"closed","template":"","meta":[],"acf":[],"_links":{"self":[{"href":"https:\/\/hansu.av.tr\/fr\/wp-json\/wp\/v2\/pages\/8046"}],"collection":[{"href":"https:\/\/hansu.av.tr\/fr\/wp-json\/wp\/v2\/pages"}],"about":[{"href":"https:\/\/hansu.av.tr\/fr\/wp-json\/wp\/v2\/types\/page"}],"author":[{"embeddable":true,"href":"https:\/\/hansu.av.tr\/fr\/wp-json\/wp\/v2\/users\/1"}],"replies":[{"embeddable":true,"href":"https:\/\/hansu.av.tr\/fr\/wp-json\/wp\/v2\/comments?post=8046"}],"version-history":[{"count":12,"href":"https:\/\/hansu.av.tr\/fr\/wp-json\/wp\/v2\/pages\/8046\/revisions"}],"predecessor-version":[{"id":9285,"href":"https:\/\/hansu.av.tr\/fr\/wp-json\/wp\/v2\/pages\/8046\/revisions\/9285"}],"up":[{"embeddable":true,"href":"https:\/\/hansu.av.tr\/fr\/wp-json\/wp\/v2\/pages\/8007"}],"wp:attachment":[{"href":"https:\/\/hansu.av.tr\/fr\/wp-json\/wp\/v2\/media?parent=8046"}],"curies":[{"name":"wp","href":"https:\/\/api.w.org\/{rel}","templated":true}]}}