{"id":8048,"date":"2021-06-09T15:12:19","date_gmt":"2021-06-09T12:12:19","guid":{"rendered":"https:\/\/hansu.av.tr\/nos-domaines-dexpertise\/bilisim-ve-elektronik-ticaret-hukuku\/"},"modified":"2022-07-05T11:59:51","modified_gmt":"2022-07-05T08:59:51","slug":"droit-informatique-et-du-commerce-electronique","status":"publish","type":"page","link":"https:\/\/hansu.av.tr\/fr\/nos-domaines-dexpertise\/droit-informatique-et-du-commerce-electronique\/","title":{"rendered":"Droit informatique et du commerce \u00e9lectronique"},"content":{"rendered":"\t\t<div data-elementor-type=\"wp-page\" data-elementor-id=\"8048\" class=\"elementor elementor-8048 elementor-6854\">\n\t\t\t\t\t\t<div class=\"elementor-inner\">\n\t\t\t\t<div class=\"elementor-section-wrap\">\n\t\t\t\t\t\t\t\t\t<section class=\"elementor-section elementor-top-section elementor-element elementor-element-689d1df elementor-section-boxed elementor-section-height-default elementor-section-height-default\" data-id=\"689d1df\" data-element_type=\"section\">\n\t\t\t\t\t\t<div class=\"elementor-container elementor-column-gap-default\">\n\t\t\t\t\t\t\t<div class=\"elementor-row\">\n\t\t\t\t\t<div class=\"elementor-column elementor-col-100 elementor-top-column elementor-element elementor-element-4d9a018\" data-id=\"4d9a018\" data-element_type=\"column\">\n\t\t\t<div class=\"elementor-column-wrap elementor-element-populated\">\n\t\t\t\t\t\t\t<div class=\"elementor-widget-wrap\">\n\t\t\t\t\t\t<div class=\"elementor-element elementor-element-ec7e898 elementor-widget elementor-widget-text-editor\" data-id=\"ec7e898\" data-element_type=\"widget\" data-widget_type=\"text-editor.default\">\n\t\t\t\t<div class=\"elementor-widget-container\">\n\t\t\t\t\t\t\t\t<div class=\"elementor-text-editor elementor-clearfix\">\n\t\t\t\t<p><span style=\"font-weight: 400;\">Le cabinet d\u2019avocats Hansu, fort de son \u00e9quipe d\u2019avocats maitrisant parfaitement diff\u00e9rentes langues \u00e9trang\u00e8res, suit les d\u00e9veloppements et nouveaut\u00e9s en mati\u00e8re de droit de l\u2019informatique et du commerce \u00e9lectronique dans le monde comme en Turquie afin de fournir un service juridique de haute qualit\u00e9 \u00e0 ses clients. Nos avocats, experts dans diff\u00e9rents domaines du droit, travaillent en \u00e9quipe pour apporter des solutions efficaces aux besoins et demandes de nos clients. Nos avocats fournissent plus particuli\u00e8rement des services de conseil aux entreprises qui souhaitent op\u00e9rer dans le domaine du commerce \u00e9lectronique, notamment aux start-ups et entrepreneurs, dans la mise en place de l&rsquo;infrastructure juridique ad\u00e9quate.\u00a0<\/span><\/p><ul><li style=\"font-weight: 400;\" aria-level=\"1\"><span style=\"font-weight: 400;\">Mise en conformit\u00e9 des projets de commerce \u00e9lectronique<\/span><\/li><li style=\"font-weight: 400;\" aria-level=\"1\"><span style=\"font-weight: 400;\">Conseil en mati\u00e8re de responsabilit\u00e9 du prestataire de service et du prestataire de services interm\u00e9diaire<\/span><\/li><li style=\"font-weight: 400;\" aria-level=\"1\"><span style=\"font-weight: 400;\">Pr\u00e9paration, analyse et suivi des litiges d\u00e9coulant des contrats conclus par voie \u00e9lectronique<\/span><\/li><li style=\"font-weight: 400;\" aria-level=\"1\"><span style=\"font-weight: 400;\">Pr\u00e9paration et analyse des contrats \u00e0 distance et suivi des litiges\u00a0<\/span><\/li><li style=\"font-weight: 400;\" aria-level=\"1\"><span style=\"font-weight: 400;\">Pr\u00e9paration et analyse d\u00e9coulant des conditions d\u2019utilisation, des contrats d\u2019adh\u00e9sion et des contrats de service et suivi des litiges<\/span><\/li><li style=\"font-weight: 400;\" aria-level=\"1\"><span style=\"font-weight: 400;\">Monnaie \u00e9lectronique et syst\u00e8me de paiement<\/span><\/li><li style=\"font-weight: 400;\" aria-level=\"1\"><span style=\"font-weight: 400;\">Protection de la propri\u00e9t\u00e9 intellectuelle et industrielle des entreprises R&amp;D, demandes de soutien, subvention et financement<\/span><\/li><li style=\"font-weight: 400;\" aria-level=\"1\"><span style=\"font-weight: 400;\">Mise en conformit\u00e9 au droit de la protection des donn\u00e9es personnelles, pr\u00e9paration des textes l\u00e9gaux et des contrats, dispense de formations en interne dans une entreprise<\/span><\/li><li style=\"font-weight: 400;\" aria-level=\"1\"><span style=\"font-weight: 400;\">Mise en place de l\u2019infrastructure juridique de diff\u00e9rentes plateformes de contenu num\u00e9rique telles que les plateformes de vid\u00e9o, musique de E-sport et de jeu \u00e9lectronique<\/span><\/li><li style=\"font-weight: 400;\" aria-level=\"1\"><span style=\"font-weight: 400;\">Lutte contre le piratage des syst\u00e8mes personnels ou d\u2019entreprise<\/span><\/li><li style=\"font-weight: 400;\" aria-level=\"1\"><span style=\"font-weight: 400;\">Mise en \u0153uvre ou lutte des d\u00e9cisions de blocage d\u2019acc\u00e8s<\/span><\/li><li style=\"font-weight: 400;\" aria-level=\"1\"><span style=\"font-weight: 400;\">Acquisition des noms de domaine et litiges y aff\u00e9rents<\/span><\/li><li style=\"font-weight: 400;\" aria-level=\"1\"><span style=\"font-weight: 400;\">Violation des droits personnels sur internet et les r\u00e9seaux sociaux<\/span><\/li><li style=\"font-weight: 400;\" aria-level=\"1\"><span style=\"font-weight: 400;\">Violation du droit des marques et des droits d\u2019auteur sur internet<\/span><\/li><li style=\"font-weight: 400;\" aria-level=\"1\"><span style=\"font-weight: 400;\">Litiges d\u00e9coulant de la cybercriminalit\u00e9<\/span><\/li><\/ul><p>\u00a0<\/p>\t\t\t\t\t<\/div>\n\t\t\t\t\t\t<\/div>\n\t\t\t\t<\/div>\n\t\t\t\t\t\t<\/div>\n\t\t\t\t\t<\/div>\n\t\t<\/div>\n\t\t\t\t\t\t\t\t<\/div>\n\t\t\t\t\t<\/div>\n\t\t<\/section>\n\t\t\t\t\t\t\t\t\t<\/div>\n\t\t\t<\/div>\n\t\t\t\t\t<\/div>\n\t\t","protected":false},"excerpt":{"rendered":"<p>Le cabinet d\u2019avocats Hansu, fort de son \u00e9quipe d\u2019avocats maitrisant parfaitement diff\u00e9rentes langues \u00e9trang\u00e8res, suit les d\u00e9veloppements et nouveaut\u00e9s en mati\u00e8re de droit de l\u2019informatique et du commerce \u00e9lectronique dans le monde comme en Turquie afin de fournir un service juridique de haute qualit\u00e9 \u00e0 ses clients. Nos avocats, experts dans diff\u00e9rents domaines du droit,&#8230;<\/p>\n","protected":false},"author":1,"featured_media":0,"parent":8007,"menu_order":152,"comment_status":"closed","ping_status":"closed","template":"","meta":[],"acf":[],"_links":{"self":[{"href":"https:\/\/hansu.av.tr\/fr\/wp-json\/wp\/v2\/pages\/8048"}],"collection":[{"href":"https:\/\/hansu.av.tr\/fr\/wp-json\/wp\/v2\/pages"}],"about":[{"href":"https:\/\/hansu.av.tr\/fr\/wp-json\/wp\/v2\/types\/page"}],"author":[{"embeddable":true,"href":"https:\/\/hansu.av.tr\/fr\/wp-json\/wp\/v2\/users\/1"}],"replies":[{"embeddable":true,"href":"https:\/\/hansu.av.tr\/fr\/wp-json\/wp\/v2\/comments?post=8048"}],"version-history":[{"count":15,"href":"https:\/\/hansu.av.tr\/fr\/wp-json\/wp\/v2\/pages\/8048\/revisions"}],"predecessor-version":[{"id":9282,"href":"https:\/\/hansu.av.tr\/fr\/wp-json\/wp\/v2\/pages\/8048\/revisions\/9282"}],"up":[{"embeddable":true,"href":"https:\/\/hansu.av.tr\/fr\/wp-json\/wp\/v2\/pages\/8007"}],"wp:attachment":[{"href":"https:\/\/hansu.av.tr\/fr\/wp-json\/wp\/v2\/media?parent=8048"}],"curies":[{"name":"wp","href":"https:\/\/api.w.org\/{rel}","templated":true}]}}