{"id":8050,"date":"2021-06-09T15:17:03","date_gmt":"2021-06-09T12:17:03","guid":{"rendered":"https:\/\/hansu.av.tr\/nos-domaines-dexpertise\/uyusmazlik-cozum-yontemleri\/"},"modified":"2022-07-05T11:51:11","modified_gmt":"2022-07-05T08:51:11","slug":"les-modes-de-reglements-des-conflits","status":"publish","type":"page","link":"https:\/\/hansu.av.tr\/fr\/nos-domaines-dexpertise\/les-modes-de-reglements-des-conflits\/","title":{"rendered":"Les modes de r\u00e8glements des conflits"},"content":{"rendered":"\t\t<div data-elementor-type=\"wp-page\" data-elementor-id=\"8050\" class=\"elementor elementor-8050 elementor-6858\">\n\t\t\t\t\t\t<div class=\"elementor-inner\">\n\t\t\t\t<div class=\"elementor-section-wrap\">\n\t\t\t\t\t\t\t\t\t<section class=\"elementor-section elementor-top-section elementor-element elementor-element-bf16dc5 elementor-section-boxed elementor-section-height-default elementor-section-height-default\" data-id=\"bf16dc5\" data-element_type=\"section\">\n\t\t\t\t\t\t<div class=\"elementor-container elementor-column-gap-default\">\n\t\t\t\t\t\t\t<div class=\"elementor-row\">\n\t\t\t\t\t<div class=\"elementor-column elementor-col-100 elementor-top-column elementor-element elementor-element-c7f6962\" data-id=\"c7f6962\" data-element_type=\"column\">\n\t\t\t<div class=\"elementor-column-wrap elementor-element-populated\">\n\t\t\t\t\t\t\t<div class=\"elementor-widget-wrap\">\n\t\t\t\t\t\t<div class=\"elementor-element elementor-element-1efa4cb elementor-widget elementor-widget-text-editor\" data-id=\"1efa4cb\" data-element_type=\"widget\" data-widget_type=\"text-editor.default\">\n\t\t\t\t<div class=\"elementor-widget-container\">\n\t\t\t\t\t\t\t\t<div class=\"elementor-text-editor elementor-clearfix\">\n\t\t\t\t<p><span style=\"font-weight: 400;\">Le cabinet d\u2019avocats Hansu analyse, d\u00e9termine et met en \u0153uvre la m\u00e9thode appropri\u00e9e aux diff\u00e9rents litiges de ses clients op\u00e9rant notamment dans les secteurs de l&rsquo;\u00e9nergie, des mines, des produits chimiques et p\u00e9troliers, de la sant\u00e9 et de la m\u00e9decine, des investissements dans l&rsquo;\u00e9ducation et le tourisme, l&rsquo;agriculture et l&rsquo;alimentation, les t\u00e9l\u00e9communications et le commerce \u00e9lectronique, le transport et la logistique, l&rsquo;entrepreneuriat et les start-up, les finances et escrow.<\/span><\/p><p><span style=\"font-weight: 400;\">Fort de nos longues ann\u00e9es de pratiques et nos connaissances techniques dans les domaines du droit commercial, du droit des soci\u00e9t\u00e9s, du droit de la propri\u00e9t\u00e9 intellectuelle, du droit de l&rsquo;information, du commerce \u00e9lectronique, du droit immobilier, du droit de la construction, du droit administratif, du droit fiscal, nous sommes comp\u00e9tents pour repr\u00e9senter nos clients pour tout litige notamment par l\u2019arbitrage et d\u2019autres modes alternatifs de r\u00e8glements des conflits. De plus notre cabinet d&rsquo;avocats est membre du Centre d&rsquo;arbitrage d&rsquo;Istanbul (ISTAC).<\/span><\/p><p><span style=\"font-weight: 400;\">Nous fournissons les services suivants \u00e0 guichet unique\u00a0:\u00a0<\/span><\/p><ul><li style=\"font-weight: 400;\" aria-level=\"1\"><span style=\"font-weight: 400;\">Services de droit pr\u00e9ventif (Conseil juridique)<\/span><\/li><li style=\"font-weight: 400;\" aria-level=\"1\"><span style=\"font-weight: 400;\">Recours administratif<\/span><\/li><li style=\"font-weight: 400;\" aria-level=\"1\"><span style=\"font-weight: 400;\">Suivi contentieux<\/span><\/li><li style=\"font-weight: 400;\" aria-level=\"1\"><span style=\"font-weight: 400;\">Reconnaissance et ex\u00e9cution des jugements \u00e9trangers et sentences arbitrales<\/span><\/li><li style=\"font-weight: 400;\" aria-level=\"1\"><span style=\"font-weight: 400;\">M\u00e9diation\u00a0<\/span><\/li><li style=\"font-weight: 400;\" aria-level=\"1\"><span style=\"font-weight: 400;\">Arbitrage national et international<\/span><\/li><\/ul><p>\u00a0<\/p>\t\t\t\t\t<\/div>\n\t\t\t\t\t\t<\/div>\n\t\t\t\t<\/div>\n\t\t\t\t\t\t<\/div>\n\t\t\t\t\t<\/div>\n\t\t<\/div>\n\t\t\t\t\t\t\t\t<\/div>\n\t\t\t\t\t<\/div>\n\t\t<\/section>\n\t\t\t\t\t\t\t\t\t<\/div>\n\t\t\t<\/div>\n\t\t\t\t\t<\/div>\n\t\t","protected":false},"excerpt":{"rendered":"<p>Le cabinet d\u2019avocats Hansu analyse, d\u00e9termine et met en \u0153uvre la m\u00e9thode appropri\u00e9e aux diff\u00e9rents litiges de ses clients op\u00e9rant notamment dans les secteurs de l&rsquo;\u00e9nergie, des mines, des produits chimiques et p\u00e9troliers, de la sant\u00e9 et de la m\u00e9decine, des investissements dans l&rsquo;\u00e9ducation et le tourisme, l&rsquo;agriculture et l&rsquo;alimentation, les t\u00e9l\u00e9communications et le commerce&#8230;<\/p>\n","protected":false},"author":1,"featured_media":0,"parent":8007,"menu_order":149,"comment_status":"closed","ping_status":"closed","template":"","meta":[],"acf":[],"_links":{"self":[{"href":"https:\/\/hansu.av.tr\/fr\/wp-json\/wp\/v2\/pages\/8050"}],"collection":[{"href":"https:\/\/hansu.av.tr\/fr\/wp-json\/wp\/v2\/pages"}],"about":[{"href":"https:\/\/hansu.av.tr\/fr\/wp-json\/wp\/v2\/types\/page"}],"author":[{"embeddable":true,"href":"https:\/\/hansu.av.tr\/fr\/wp-json\/wp\/v2\/users\/1"}],"replies":[{"embeddable":true,"href":"https:\/\/hansu.av.tr\/fr\/wp-json\/wp\/v2\/comments?post=8050"}],"version-history":[{"count":15,"href":"https:\/\/hansu.av.tr\/fr\/wp-json\/wp\/v2\/pages\/8050\/revisions"}],"predecessor-version":[{"id":9276,"href":"https:\/\/hansu.av.tr\/fr\/wp-json\/wp\/v2\/pages\/8050\/revisions\/9276"}],"up":[{"embeddable":true,"href":"https:\/\/hansu.av.tr\/fr\/wp-json\/wp\/v2\/pages\/8007"}],"wp:attachment":[{"href":"https:\/\/hansu.av.tr\/fr\/wp-json\/wp\/v2\/media?parent=8050"}],"curies":[{"name":"wp","href":"https:\/\/api.w.org\/{rel}","templated":true}]}}