{"id":8056,"date":"2021-06-24T00:33:19","date_gmt":"2021-06-23T21:33:19","guid":{"rendered":"https:\/\/hansu.av.tr\/secteurs\/girisimcilik-ve-start-up\/"},"modified":"2022-07-04T17:14:04","modified_gmt":"2022-07-04T14:14:04","slug":"entreprenauriat-et-strat-up","status":"publish","type":"page","link":"https:\/\/hansu.av.tr\/fr\/secteurs\/entreprenauriat-et-strat-up\/","title":{"rendered":"ENTREPRENAURIAT ET STRAT-UP"},"content":{"rendered":"<p><span style=\"font-weight: 400;\">En raison de l\u2019augmentation de la production et du nombre d\u2019emploi gr\u00e2ce \u00e0 l\u2019apparition des nouvelles entreprises, il a \u00e9t\u00e9 introduit ces derni\u00e8res ann\u00e9es d\u2019importantes dispositions visant \u00e0 enlever les obstacles \u00e0 l\u2019entrepreneuriat et \u00e0 augmenter le nombre d\u2019entreprises.<\/span><\/p>\n<p><span style=\"font-weight: 400;\">Vous pouvez b\u00e9n\u00e9ficier de l\u2019expertise sectorielle de nos avocats dans le cadre de vos activit\u00e9s d\u2019entrepreneur et des op\u00e9rations li\u00e9es \u00e0 votre start-up pour garantir que celles-ci sont effectu\u00e9es conform\u00e9ment au droit applicable mais aussi afin d\u2019\u00e9viter certains litiges, de prot\u00e9ger votre investissement, de choisir le type d\u2019entreprise ad\u00e9quat et de mener des relations contractuelles de mani\u00e8re \u00e9quilibr\u00e9e.\u00a0 Notre cabinet d\u2019avocats fournit une assistance juridique compl\u00e8te \u00e0 toutes les entreprises, en particulier du secteur technologique, de la phase de d\u00e9veloppement du projet \u00e0 son initiation dans le cadre du droit de l&rsquo;entrepreneuriat et de la cr\u00e9ation d&rsquo;entreprise.<\/span><\/p>\n<p><span style=\"font-weight: 400;\">L&rsquo;industrie du jeu est l&rsquo;un des principaux secteurs de l&rsquo;\u00e9cosyst\u00e8me entrepreneurial de la Turquie. Notre cabinet d&rsquo;avocats fournit des services de conseil juridique \u00e0 guichet unique \u00e0 tous les acteurs de l&rsquo;industrie du jeu et de l&rsquo;e-sport afin de pr\u00e9venir d&rsquo;\u00e9ventuels conflits et risques notamment la protection des produits du jeu et du monde num\u00e9rique, la pr\u00e9paration des contrats n\u00e9cessaires et la r\u00e9glementation des droits et des responsabilit\u00e9s dans le cadre des dispositions applicables.\u00a0<\/span><\/p>\n<p>&nbsp;<\/p>\n","protected":false},"excerpt":{"rendered":"<p>En raison de l\u2019augmentation de la production et du nombre d\u2019emploi gr\u00e2ce \u00e0 l\u2019apparition des nouvelles entreprises, il a \u00e9t\u00e9 introduit ces derni\u00e8res ann\u00e9es d\u2019importantes dispositions visant \u00e0 enlever les obstacles \u00e0 l\u2019entrepreneuriat et \u00e0 augmenter le nombre d\u2019entreprises. Vous pouvez b\u00e9n\u00e9ficier de l\u2019expertise sectorielle de nos avocats dans le cadre de vos activit\u00e9s d\u2019entrepreneur&#8230;<\/p>\n","protected":false},"author":1,"featured_media":0,"parent":7982,"menu_order":4,"comment_status":"closed","ping_status":"closed","template":"","meta":[],"acf":[],"_links":{"self":[{"href":"https:\/\/hansu.av.tr\/fr\/wp-json\/wp\/v2\/pages\/8056"}],"collection":[{"href":"https:\/\/hansu.av.tr\/fr\/wp-json\/wp\/v2\/pages"}],"about":[{"href":"https:\/\/hansu.av.tr\/fr\/wp-json\/wp\/v2\/types\/page"}],"author":[{"embeddable":true,"href":"https:\/\/hansu.av.tr\/fr\/wp-json\/wp\/v2\/users\/1"}],"replies":[{"embeddable":true,"href":"https:\/\/hansu.av.tr\/fr\/wp-json\/wp\/v2\/comments?post=8056"}],"version-history":[{"count":5,"href":"https:\/\/hansu.av.tr\/fr\/wp-json\/wp\/v2\/pages\/8056\/revisions"}],"predecessor-version":[{"id":9261,"href":"https:\/\/hansu.av.tr\/fr\/wp-json\/wp\/v2\/pages\/8056\/revisions\/9261"}],"up":[{"embeddable":true,"href":"https:\/\/hansu.av.tr\/fr\/wp-json\/wp\/v2\/pages\/7982"}],"wp:attachment":[{"href":"https:\/\/hansu.av.tr\/fr\/wp-json\/wp\/v2\/media?parent=8056"}],"curies":[{"name":"wp","href":"https:\/\/api.w.org\/{rel}","templated":true}]}}