{"id":8058,"date":"2021-06-24T00:30:28","date_gmt":"2021-06-23T21:30:28","guid":{"rendered":"https:\/\/hansu.av.tr\/secteurs\/egitim-ve-turizm-yatirimlari\/"},"modified":"2022-07-04T17:18:28","modified_gmt":"2022-07-04T14:18:28","slug":"investissements-dans-leducation-et-le-tourisme","status":"publish","type":"page","link":"https:\/\/hansu.av.tr\/fr\/secteurs\/investissements-dans-leducation-et-le-tourisme\/","title":{"rendered":"INVESTISSEMENTS DANS L&rsquo;EDUCATION ET LE TOURISME"},"content":{"rendered":"<p><span style=\"font-weight: 400;\">Le secteur du tourisme est l\u2019un des principaux secteurs en Turquie en raison de sa contribution \u00e0 l\u2019emploi et des revenus en devises qu\u2019il apporte. Bien qu&rsquo;il y ait eu une croissance remarquable des investissements dans le secteur du tourisme et de l&rsquo;h\u00f4tellerie ces derni\u00e8res ann\u00e9es, il existe toujours d&rsquo;importantes opportunit\u00e9s pour les investisseurs gr\u00e2ce aux nouvelles incitations \u00e0 l\u2019investissement. Dans ce contexte, nos avocats experts conseillent les h\u00f4tels, les agences de voyages et toutes les autres entreprises op\u00e9rant dans le secteur du tourisme et les assistent pour la pr\u00e9paration des contrats. Notre cabinet d&rsquo;avocats propose des \u00e9valuations juridiques des investissements afin de minimiser les risques de votre projet d&rsquo;investissement.\u00a0<\/span><\/p>\n<p><span style=\"font-weight: 400;\">Dans le domaine de l&rsquo;\u00e9ducation, les investissements dans de nouvelles \u00e9coles et universit\u00e9s, les investissements dans l&rsquo;augmentation de la capacit\u00e9 des \u00e9coles existantes ou dans leur modernisation se poursuivent. En travaillant avec nos avocats experts en mati\u00e8re de droit sp\u00e9cial et des incitations \u00e0 l\u2019investissement, vous pouvez obtenir des solutions strat\u00e9giques correspondant \u00e0 vos objectifs.\u00a0<\/span><\/p>\n<p>&nbsp;<\/p>\n","protected":false},"excerpt":{"rendered":"<p>Le secteur du tourisme est l\u2019un des principaux secteurs en Turquie en raison de sa contribution \u00e0 l\u2019emploi et des revenus en devises qu\u2019il apporte. Bien qu&rsquo;il y ait eu une croissance remarquable des investissements dans le secteur du tourisme et de l&rsquo;h\u00f4tellerie ces derni\u00e8res ann\u00e9es, il existe toujours d&rsquo;importantes opportunit\u00e9s pour les investisseurs gr\u00e2ce&#8230;<\/p>\n","protected":false},"author":1,"featured_media":0,"parent":7982,"menu_order":6,"comment_status":"closed","ping_status":"closed","template":"","meta":[],"acf":[],"_links":{"self":[{"href":"https:\/\/hansu.av.tr\/fr\/wp-json\/wp\/v2\/pages\/8058"}],"collection":[{"href":"https:\/\/hansu.av.tr\/fr\/wp-json\/wp\/v2\/pages"}],"about":[{"href":"https:\/\/hansu.av.tr\/fr\/wp-json\/wp\/v2\/types\/page"}],"author":[{"embeddable":true,"href":"https:\/\/hansu.av.tr\/fr\/wp-json\/wp\/v2\/users\/1"}],"replies":[{"embeddable":true,"href":"https:\/\/hansu.av.tr\/fr\/wp-json\/wp\/v2\/comments?post=8058"}],"version-history":[{"count":5,"href":"https:\/\/hansu.av.tr\/fr\/wp-json\/wp\/v2\/pages\/8058\/revisions"}],"predecessor-version":[{"id":9262,"href":"https:\/\/hansu.av.tr\/fr\/wp-json\/wp\/v2\/pages\/8058\/revisions\/9262"}],"up":[{"embeddable":true,"href":"https:\/\/hansu.av.tr\/fr\/wp-json\/wp\/v2\/pages\/7982"}],"wp:attachment":[{"href":"https:\/\/hansu.av.tr\/fr\/wp-json\/wp\/v2\/media?parent=8058"}],"curies":[{"name":"wp","href":"https:\/\/api.w.org\/{rel}","templated":true}]}}