{"id":8059,"date":"2021-06-24T00:28:51","date_gmt":"2021-06-23T21:28:51","guid":{"rendered":"https:\/\/hansu.av.tr\/secteurs\/telekomunikasyon-ve-e-ticaret\/"},"modified":"2022-07-04T17:19:32","modified_gmt":"2022-07-04T14:19:32","slug":"telecommunication-et-e-commerce","status":"publish","type":"page","link":"https:\/\/hansu.av.tr\/fr\/secteurs\/telecommunication-et-e-commerce\/","title":{"rendered":"TELECOMMUNICATION ET E-COMMERCE"},"content":{"rendered":"<p><span style=\"font-weight: 400;\">La technologie et le commerce \u00e9lectronique font partie des secteurs \u00e0 la croissance la plus rapide au monde. Les nouvelles r\u00e8glementations introduites dans ce secteur et l\u2019environnement concurrentiel affectent la rentabilit\u00e9 des entreprises. Gr\u00e2ce \u00e0 son expertise sectorielle et son r\u00e9seau international, notre cabinet d\u2019avocats fournit des services de conseil \u00e0 guichet unique \u00e0 des soci\u00e9t\u00e9s de t\u00e9l\u00e9communications et de commerce \u00e9lectronique de renomm\u00e9e mondiale. Notre \u00e9quipe d&rsquo;experts suit de tr\u00e8s pr\u00e8s les changements dans ce secteur afin de fournir des services de conseil sur-mesure en mati\u00e8re notamment de protection des donn\u00e9es personnelles et de compliance des op\u00e9rations technologiques aux entreprises de t\u00e9l\u00e9communications, de m\u00e9dias et de nouvelle technologie leurs permettant d\u2019avoir une longueur d\u2019avance sur la concurrence.\u00a0 \u00a0 <\/span><\/p>\n<p>&nbsp;<\/p>\n","protected":false},"excerpt":{"rendered":"<p>La technologie et le commerce \u00e9lectronique font partie des secteurs \u00e0 la croissance la plus rapide au monde. Les nouvelles r\u00e8glementations introduites dans ce secteur et l\u2019environnement concurrentiel affectent la rentabilit\u00e9 des entreprises. Gr\u00e2ce \u00e0 son expertise sectorielle et son r\u00e9seau international, notre cabinet d\u2019avocats fournit des services de conseil \u00e0 guichet unique \u00e0 des&#8230;<\/p>\n","protected":false},"author":1,"featured_media":0,"parent":7982,"menu_order":8,"comment_status":"closed","ping_status":"closed","template":"","meta":[],"acf":[],"_links":{"self":[{"href":"https:\/\/hansu.av.tr\/fr\/wp-json\/wp\/v2\/pages\/8059"}],"collection":[{"href":"https:\/\/hansu.av.tr\/fr\/wp-json\/wp\/v2\/pages"}],"about":[{"href":"https:\/\/hansu.av.tr\/fr\/wp-json\/wp\/v2\/types\/page"}],"author":[{"embeddable":true,"href":"https:\/\/hansu.av.tr\/fr\/wp-json\/wp\/v2\/users\/1"}],"replies":[{"embeddable":true,"href":"https:\/\/hansu.av.tr\/fr\/wp-json\/wp\/v2\/comments?post=8059"}],"version-history":[{"count":5,"href":"https:\/\/hansu.av.tr\/fr\/wp-json\/wp\/v2\/pages\/8059\/revisions"}],"predecessor-version":[{"id":9263,"href":"https:\/\/hansu.av.tr\/fr\/wp-json\/wp\/v2\/pages\/8059\/revisions\/9263"}],"up":[{"embeddable":true,"href":"https:\/\/hansu.av.tr\/fr\/wp-json\/wp\/v2\/pages\/7982"}],"wp:attachment":[{"href":"https:\/\/hansu.av.tr\/fr\/wp-json\/wp\/v2\/media?parent=8059"}],"curies":[{"name":"wp","href":"https:\/\/api.w.org\/{rel}","templated":true}]}}