{"id":8061,"date":"2021-06-24T00:16:29","date_gmt":"2021-06-23T21:16:29","guid":{"rendered":"https:\/\/hansu.av.tr\/secteurs\/saglik-ve-ilac\/"},"modified":"2022-07-04T17:20:17","modified_gmt":"2022-07-04T14:20:17","slug":"sante-et-pharmaceutique","status":"publish","type":"page","link":"https:\/\/hansu.av.tr\/fr\/secteurs\/sante-et-pharmaceutique\/","title":{"rendered":"SANTE ET PHARMACEUTIQUE"},"content":{"rendered":"<p><span style=\"font-weight: 400;\">L&rsquo;industrie de la sant\u00e9 \u2013 pharmaceutique qui est un secteur tr\u00e8s r\u00e9glement\u00e9, a atteint une position importante en termes de volume commercial en Turquie et dans le monde, notamment en raison de la crise sanitaire.<\/span> <span style=\"font-weight: 400;\">La Turquie a pour ambition de devenir l&rsquo;un des principaux acteurs de l&rsquo;industrie mondiale des produits pharmaceutiques et des dispositifs m\u00e9dicaux dans les ann\u00e9es \u00e0 venir. C&rsquo;est pourquoi les fabricants investissent s\u00e9rieusement dans les activit\u00e9s de R&amp;D en profitant des avantages incitatifs offerts par l&rsquo;\u00c9tat turc. Avec le soutien de notre \u00e9quipe d&rsquo;experts, vous pouvez vous conformer \u00e0 la loi et aux conditions \u00e9volutives du secteur. Notre cabinet d\u2019avocats est sp\u00e9cialis\u00e9 dans le conseil en mati\u00e8re de d\u00e9veloppement de projets dans les domaines de la m\u00e9decine, des produits de sant\u00e9, dans la cr\u00e9ation d&rsquo;h\u00f4pitaux et fournit \u00e9galement des services \u00e0 guichet unique aux entreprises op\u00e9rant dans l&rsquo;industrie pharmaceutique et biotechnologique.\u00a0<\/span><\/p>\n<p>&nbsp;<\/p>\n","protected":false},"excerpt":{"rendered":"<p>L&rsquo;industrie de la sant\u00e9 \u2013 pharmaceutique qui est un secteur tr\u00e8s r\u00e9glement\u00e9, a atteint une position importante en termes de volume commercial en Turquie et dans le monde, notamment en raison de la crise sanitaire. La Turquie a pour ambition de devenir l&rsquo;un des principaux acteurs de l&rsquo;industrie mondiale des produits pharmaceutiques et des dispositifs&#8230;<\/p>\n","protected":false},"author":1,"featured_media":0,"parent":7982,"menu_order":12,"comment_status":"closed","ping_status":"closed","template":"","meta":[],"acf":[],"_links":{"self":[{"href":"https:\/\/hansu.av.tr\/fr\/wp-json\/wp\/v2\/pages\/8061"}],"collection":[{"href":"https:\/\/hansu.av.tr\/fr\/wp-json\/wp\/v2\/pages"}],"about":[{"href":"https:\/\/hansu.av.tr\/fr\/wp-json\/wp\/v2\/types\/page"}],"author":[{"embeddable":true,"href":"https:\/\/hansu.av.tr\/fr\/wp-json\/wp\/v2\/users\/1"}],"replies":[{"embeddable":true,"href":"https:\/\/hansu.av.tr\/fr\/wp-json\/wp\/v2\/comments?post=8061"}],"version-history":[{"count":5,"href":"https:\/\/hansu.av.tr\/fr\/wp-json\/wp\/v2\/pages\/8061\/revisions"}],"predecessor-version":[{"id":9264,"href":"https:\/\/hansu.av.tr\/fr\/wp-json\/wp\/v2\/pages\/8061\/revisions\/9264"}],"up":[{"embeddable":true,"href":"https:\/\/hansu.av.tr\/fr\/wp-json\/wp\/v2\/pages\/7982"}],"wp:attachment":[{"href":"https:\/\/hansu.av.tr\/fr\/wp-json\/wp\/v2\/media?parent=8061"}],"curies":[{"name":"wp","href":"https:\/\/api.w.org\/{rel}","templated":true}]}}