{"id":8062,"date":"2021-06-24T00:15:08","date_gmt":"2021-06-23T21:15:08","guid":{"rendered":"https:\/\/hansu.av.tr\/secteurs\/tarim-gida-ve-perakende\/"},"modified":"2022-07-04T17:22:20","modified_gmt":"2022-07-04T14:22:20","slug":"agriculture-alimentation-et-commerce-de-detail","status":"publish","type":"page","link":"https:\/\/hansu.av.tr\/fr\/secteurs\/agriculture-alimentation-et-commerce-de-detail\/","title":{"rendered":"AGRICULTURE, ALIMENTATION ET COMMERCE DE DETAIL"},"content":{"rendered":"<p><span style=\"font-weight: 400;\">En Turquie, o\u00f9 la population est la plus jeune et la plus dynamique d&rsquo;Europe, le secteur de l&rsquo;agriculture, de l&rsquo;alimentation et de la vente au d\u00e9tail se d\u00e9veloppe chaque ann\u00e9e en raison des avanc\u00e9es technologiques et des changements \u00e9conomiques dans le monde. La Turquie vise \u00e0 \u00eatre un important centre de production et d&rsquo;approvisionnement de la r\u00e9gion en raison de ses conditions climatiques favorables et ses vastes terres agricoles.<\/span> <span style=\"font-weight: 400;\">Diff\u00e9rents programmes d\u2019incitations sont \u00e9galement propos\u00e9es pour accro\u00eetre les investissements dans l&rsquo;agriculture et l&rsquo;alimentation. Notre \u00e9quipe d\u2019avocats sp\u00e9cialis\u00e9s fournit l\u2019assistance juridique n\u00e9cessaire et des solutions pragmatiques dont vous avez besoin pour d\u00e9velopper votre entreprise dans ce secteur. En tant que cabinet d&rsquo;avocats Hansu, nous offrons la plus large gamme de services \u00e0 nos clients op\u00e9rant tout au long de la cha\u00eene d&rsquo;approvisionnement, des fournisseurs aux consommateurs, gr\u00e2ce \u00e0 notre exp\u00e9rience approfondie du secteur.<\/span><\/p>\n<p>&nbsp;<\/p>\n","protected":false},"excerpt":{"rendered":"<p>En Turquie, o\u00f9 la population est la plus jeune et la plus dynamique d&rsquo;Europe, le secteur de l&rsquo;agriculture, de l&rsquo;alimentation et de la vente au d\u00e9tail se d\u00e9veloppe chaque ann\u00e9e en raison des avanc\u00e9es technologiques et des changements \u00e9conomiques dans le monde. La Turquie vise \u00e0 \u00eatre un important centre de production et d&rsquo;approvisionnement de&#8230;<\/p>\n","protected":false},"author":1,"featured_media":0,"parent":7982,"menu_order":10,"comment_status":"closed","ping_status":"closed","template":"","meta":[],"acf":[],"_links":{"self":[{"href":"https:\/\/hansu.av.tr\/fr\/wp-json\/wp\/v2\/pages\/8062"}],"collection":[{"href":"https:\/\/hansu.av.tr\/fr\/wp-json\/wp\/v2\/pages"}],"about":[{"href":"https:\/\/hansu.av.tr\/fr\/wp-json\/wp\/v2\/types\/page"}],"author":[{"embeddable":true,"href":"https:\/\/hansu.av.tr\/fr\/wp-json\/wp\/v2\/users\/1"}],"replies":[{"embeddable":true,"href":"https:\/\/hansu.av.tr\/fr\/wp-json\/wp\/v2\/comments?post=8062"}],"version-history":[{"count":3,"href":"https:\/\/hansu.av.tr\/fr\/wp-json\/wp\/v2\/pages\/8062\/revisions"}],"predecessor-version":[{"id":9265,"href":"https:\/\/hansu.av.tr\/fr\/wp-json\/wp\/v2\/pages\/8062\/revisions\/9265"}],"up":[{"embeddable":true,"href":"https:\/\/hansu.av.tr\/fr\/wp-json\/wp\/v2\/pages\/7982"}],"wp:attachment":[{"href":"https:\/\/hansu.av.tr\/fr\/wp-json\/wp\/v2\/media?parent=8062"}],"curies":[{"name":"wp","href":"https:\/\/api.w.org\/{rel}","templated":true}]}}