{"id":8064,"date":"2021-06-24T00:11:09","date_gmt":"2021-06-23T21:11:09","guid":{"rendered":"https:\/\/hansu.av.tr\/secteurs\/kimya-ve-petrol-urunleri-2\/"},"modified":"2022-07-04T17:23:49","modified_gmt":"2022-07-04T14:23:49","slug":"chimie-et-produits-petroliers","status":"publish","type":"page","link":"https:\/\/hansu.av.tr\/fr\/secteurs\/chimie-et-produits-petroliers\/","title":{"rendered":"CHIMIE ET PRODUITS PETROLIERS"},"content":{"rendered":"<p>L\u2019industrie de la chimie contribue de mani\u00e8re significative \u00e0 l&rsquo;\u00e9conomie turque en fournissant des biens interm\u00e9diaires et des mati\u00e8res premi\u00e8res dans de nombreux domaines industriels tels que les produits de nettoyage, les cosm\u00e9tiques et les produits pharmaceutiques. Ainsi, la croissance rapide des march\u00e9s \u00e9mergents et le nombre croissant de fusions et d&rsquo;acquisitions cr\u00e9ent des opportunit\u00e9s int\u00e9ressantes pour les soci\u00e9t\u00e9s chimiques et p\u00e9troli\u00e8res. Les entreprises manufacturi\u00e8res qui souhaitent accro\u00eetre leur comp\u00e9titivit\u00e9 attachent de l&rsquo;importance aux activit\u00e9s de R&amp;D. Notre cabinet\u00a0d&rsquo;avocats\u00a0compos\u00e9 de\u00a0sp\u00e9cialistes conseil r\u00e9guli\u00e8rement ses clients dans les domaines de l\u2019\u00e9lectrochimie, du mazout et des produits p\u00e9troliers pour diff\u00e9rentes op\u00e9rations de fusion, d\u2019acquisition et de scission. Dans ce contexte, fort de sa connaissance du secteur et du march\u00e9, notre cabinet d&rsquo;avocats fournit des services juridiques \u00e0 guichet unique aux entreprises et aux investisseurs.<\/p>\n<p>&nbsp;<\/p>\n","protected":false},"excerpt":{"rendered":"<p>L\u2019industrie de la chimie contribue de mani\u00e8re significative \u00e0 l&rsquo;\u00e9conomie turque en fournissant des biens interm\u00e9diaires et des mati\u00e8res premi\u00e8res dans de nombreux domaines industriels tels que les produits de nettoyage, les cosm\u00e9tiques et les produits pharmaceutiques. Ainsi, la croissance rapide des march\u00e9s \u00e9mergents et le nombre croissant de fusions et d&rsquo;acquisitions cr\u00e9ent des opportunit\u00e9s&#8230;<\/p>\n","protected":false},"author":1,"featured_media":0,"parent":7982,"menu_order":16,"comment_status":"closed","ping_status":"closed","template":"","meta":[],"acf":[],"_links":{"self":[{"href":"https:\/\/hansu.av.tr\/fr\/wp-json\/wp\/v2\/pages\/8064"}],"collection":[{"href":"https:\/\/hansu.av.tr\/fr\/wp-json\/wp\/v2\/pages"}],"about":[{"href":"https:\/\/hansu.av.tr\/fr\/wp-json\/wp\/v2\/types\/page"}],"author":[{"embeddable":true,"href":"https:\/\/hansu.av.tr\/fr\/wp-json\/wp\/v2\/users\/1"}],"replies":[{"embeddable":true,"href":"https:\/\/hansu.av.tr\/fr\/wp-json\/wp\/v2\/comments?post=8064"}],"version-history":[{"count":4,"href":"https:\/\/hansu.av.tr\/fr\/wp-json\/wp\/v2\/pages\/8064\/revisions"}],"predecessor-version":[{"id":9266,"href":"https:\/\/hansu.av.tr\/fr\/wp-json\/wp\/v2\/pages\/8064\/revisions\/9266"}],"up":[{"embeddable":true,"href":"https:\/\/hansu.av.tr\/fr\/wp-json\/wp\/v2\/pages\/7982"}],"wp:attachment":[{"href":"https:\/\/hansu.av.tr\/fr\/wp-json\/wp\/v2\/media?parent=8064"}],"curies":[{"name":"wp","href":"https:\/\/api.w.org\/{rel}","templated":true}]}}