{"id":8066,"date":"2021-06-24T00:07:18","date_gmt":"2021-06-23T21:07:18","guid":{"rendered":"https:\/\/hansu.av.tr\/secteurs\/ulasim-ve-lojistik\/"},"modified":"2022-07-04T17:24:57","modified_gmt":"2022-07-04T14:24:57","slug":"transport-et-logistique","status":"publish","type":"page","link":"https:\/\/hansu.av.tr\/fr\/secteurs\/transport-et-logistique\/","title":{"rendered":"TRANSPORT ET LOGISTIQUE"},"content":{"rendered":"<p><span style=\"font-weight: 400;\">Le secteur du transport et de la logistique est un secteur strat\u00e9giquement important pour la Turquie en raison de sa position g\u00e9ographique unique et sa population jeune. Les investissements d&rsquo;infrastructure publics et priv\u00e9s ont consid\u00e9rablement am\u00e9lior\u00e9 les services logistiques dans notre pays.\u00a0 Notre cabinet d\u2019avocats offre une large gamme de services juridiques aux entreprises de transport et de logistique nationale et internationale ainsi que toutes les entreprises op\u00e9rant dans la chaine d\u2019approvisionnement. Nous proposons des solutions pragmatiques \u00e0 diff\u00e9rentes probl\u00e9matiques du domaine du transport de la logistique tout en prot\u00e9geant vos int\u00e9r\u00eats commerciaux.<\/span><\/p>\n<p>&nbsp;<\/p>\n","protected":false},"excerpt":{"rendered":"<p>Le secteur du transport et de la logistique est un secteur strat\u00e9giquement important pour la Turquie en raison de sa position g\u00e9ographique unique et sa population jeune. Les investissements d&rsquo;infrastructure publics et priv\u00e9s ont consid\u00e9rablement am\u00e9lior\u00e9 les services logistiques dans notre pays.\u00a0 Notre cabinet d\u2019avocats offre une large gamme de services juridiques aux entreprises de&#8230;<\/p>\n","protected":false},"author":1,"featured_media":0,"parent":7982,"menu_order":14,"comment_status":"closed","ping_status":"closed","template":"","meta":[],"acf":[],"_links":{"self":[{"href":"https:\/\/hansu.av.tr\/fr\/wp-json\/wp\/v2\/pages\/8066"}],"collection":[{"href":"https:\/\/hansu.av.tr\/fr\/wp-json\/wp\/v2\/pages"}],"about":[{"href":"https:\/\/hansu.av.tr\/fr\/wp-json\/wp\/v2\/types\/page"}],"author":[{"embeddable":true,"href":"https:\/\/hansu.av.tr\/fr\/wp-json\/wp\/v2\/users\/1"}],"replies":[{"embeddable":true,"href":"https:\/\/hansu.av.tr\/fr\/wp-json\/wp\/v2\/comments?post=8066"}],"version-history":[{"count":4,"href":"https:\/\/hansu.av.tr\/fr\/wp-json\/wp\/v2\/pages\/8066\/revisions"}],"predecessor-version":[{"id":9267,"href":"https:\/\/hansu.av.tr\/fr\/wp-json\/wp\/v2\/pages\/8066\/revisions\/9267"}],"up":[{"embeddable":true,"href":"https:\/\/hansu.av.tr\/fr\/wp-json\/wp\/v2\/pages\/7982"}],"wp:attachment":[{"href":"https:\/\/hansu.av.tr\/fr\/wp-json\/wp\/v2\/media?parent=8066"}],"curies":[{"name":"wp","href":"https:\/\/api.w.org\/{rel}","templated":true}]}}