{"id":8068,"date":"2021-06-24T00:03:35","date_gmt":"2021-06-23T21:03:35","guid":{"rendered":"https:\/\/hansu.av.tr\/secteurs\/enerji-ve-dogal-kaynaklar\/"},"modified":"2022-07-04T17:26:04","modified_gmt":"2022-07-04T14:26:04","slug":"energie-et-ressources-naturelles","status":"publish","type":"page","link":"https:\/\/hansu.av.tr\/fr\/secteurs\/energie-et-ressources-naturelles\/","title":{"rendered":"ENERGIE ET RESSOURCES NATURELLES"},"content":{"rendered":"<p><span style=\"font-weight: 400;\">Ces derni\u00e8res ann\u00e9es, le secteur de l\u2019\u00e9nergie et des ressources naturelles,<\/span> <span style=\"font-weight: 400;\">qui constitue l&rsquo;un des secteurs les plus dynamiques et les plus convoit\u00e9s par les investisseurs, a connu une \u00e9volution tr\u00e8s importante en Turquie.<\/span> <span style=\"font-weight: 400;\">Les entreprises op\u00e9rant dans ce secteur sont soumises \u00e0 des r\u00e9glementations l\u00e9gales et \u00e9rig\u00e9es par l&rsquo;Autorit\u00e9 de r\u00e9gulation du march\u00e9 de l&rsquo;\u00e9nergie (EMRA). Les entreprises op\u00e9rant dans ce domaine sont soumises \u00e0 des r\u00e8gles juridiques et soumises \u00e0 un audit de l&rsquo;Autorit\u00e9 de r\u00e9gulation du march\u00e9 de l&rsquo;\u00e9nergie (EMRA). La n\u00e9cessit\u00e9 d\u2019obtenir des services juridiques par des avocats experts et disposant de l\u2019exp\u00e9rience n\u00e9cessaire est d\u2019autant plus importante en raison de la croissance de l\u2019environnement concurrentiel et des exigences r\u00e8glementaires du secteur. Notre cabinet d\u2019avocats offre des services juridiques aux entreprises et investisseurs op\u00e9rant dans les march\u00e9s de l\u2019\u00e9lectricit\u00e9, du gaz, du petrol et du LPG notamment pour les op\u00e9rations devant le minist\u00e8re de l\u2019\u00e9nergie, de l\u2019 l&rsquo;Autorit\u00e9 de r\u00e9gulation du march\u00e9 de l&rsquo;\u00e9nergie (EMRA) et des autres institutions d\u00e9di\u00e9es \u00e0 l\u2019\u00e9nergie. Par ailleurs nous apportons des solutions rapides et efficaces \u00e0 tous les probl\u00e8mes juridiques pouvant survenir lors du d\u00e9veloppement des projets, lors de l\u2019obtention des licences et lors de leurs exploitations dans le domaine des \u00e9nergies renouvelables. De plus, nous disposons de nombreuses ann\u00e9es d&rsquo;exp\u00e9rience dans l&rsquo;industrie mini\u00e8re, en ce qui concerne l\u2019assistance dans l&rsquo;obtention des permis et des licences, la pr\u00e9paration des contrats et \u00e9galement dans le conseil sur la l\u00e9gislation relative \u00e0 l&rsquo;exploitation des mines.<\/span><\/p>\n<p>&nbsp;<\/p>\n","protected":false},"excerpt":{"rendered":"<p>Ces derni\u00e8res ann\u00e9es, le secteur de l\u2019\u00e9nergie et des ressources naturelles, qui constitue l&rsquo;un des secteurs les plus dynamiques et les plus convoit\u00e9s par les investisseurs, a connu une \u00e9volution tr\u00e8s importante en Turquie. Les entreprises op\u00e9rant dans ce secteur sont soumises \u00e0 des r\u00e9glementations l\u00e9gales et \u00e9rig\u00e9es par l&rsquo;Autorit\u00e9 de r\u00e9gulation du march\u00e9 de&#8230;<\/p>\n","protected":false},"author":1,"featured_media":0,"parent":7982,"menu_order":18,"comment_status":"closed","ping_status":"closed","template":"","meta":[],"acf":[],"_links":{"self":[{"href":"https:\/\/hansu.av.tr\/fr\/wp-json\/wp\/v2\/pages\/8068"}],"collection":[{"href":"https:\/\/hansu.av.tr\/fr\/wp-json\/wp\/v2\/pages"}],"about":[{"href":"https:\/\/hansu.av.tr\/fr\/wp-json\/wp\/v2\/types\/page"}],"author":[{"embeddable":true,"href":"https:\/\/hansu.av.tr\/fr\/wp-json\/wp\/v2\/users\/1"}],"replies":[{"embeddable":true,"href":"https:\/\/hansu.av.tr\/fr\/wp-json\/wp\/v2\/comments?post=8068"}],"version-history":[{"count":4,"href":"https:\/\/hansu.av.tr\/fr\/wp-json\/wp\/v2\/pages\/8068\/revisions"}],"predecessor-version":[{"id":9268,"href":"https:\/\/hansu.av.tr\/fr\/wp-json\/wp\/v2\/pages\/8068\/revisions\/9268"}],"up":[{"embeddable":true,"href":"https:\/\/hansu.av.tr\/fr\/wp-json\/wp\/v2\/pages\/7982"}],"wp:attachment":[{"href":"https:\/\/hansu.av.tr\/fr\/wp-json\/wp\/v2\/media?parent=8068"}],"curies":[{"name":"wp","href":"https:\/\/api.w.org\/{rel}","templated":true}]}}