{"id":8070,"date":"2021-06-23T11:01:23","date_gmt":"2021-06-23T08:01:23","guid":{"rendered":"https:\/\/hansu.av.tr\/secteurs\/gayrimenkul-ve-yatirim\/"},"modified":"2022-07-04T17:31:40","modified_gmt":"2022-07-04T14:31:40","slug":"immobilier-et-investissement","status":"publish","type":"page","link":"https:\/\/hansu.av.tr\/fr\/secteurs\/immobilier-et-investissement\/","title":{"rendered":"IMMOBILIER ET INVESTISSEMENT"},"content":{"rendered":"<p><span style=\"font-weight: 400;\">Le secteur de l\u2019immobilier et de la construction est l\u2019un des principaux secteurs qui contribue fortement \u00e0 l\u2019\u00e9conomie du pays et repr\u00e9sentent une importante opportunit\u00e9 pour les investisseurs avec le d\u00e9veloppement du secteur dans les ann\u00e9es \u00e0 venir. Si vous souhaitez d\u00e9velopper votre projet immobilier en conformit\u00e9 avec les dispositions en vigueur, il serait pr\u00e9f\u00e9rable de travailler avec un cabinet d\u2019avocats disposant des connaissances sectorielles n\u00e9cessaires. En tant que cabinet d&rsquo;avocats Hansu, nous repr\u00e9sentons des banques d&rsquo;investissement et d&rsquo;autres institutions de cr\u00e9dit-bail, des fonds de capital-investissement, des fonds de pension et des fonds publics, des fonds d&rsquo;investissement immobilier, des exploitants d&rsquo;h\u00f4tels et de centres commerciaux dans les processus de d\u00e9veloppement, de construction, de location et d&rsquo;exploitation de projets immobiliers, ce qui repr\u00e9sentent la principale activit\u00e9 de notre cabinet.<\/span><\/p>\n","protected":false},"excerpt":{"rendered":"<p>Le secteur de l\u2019immobilier et de la construction est l\u2019un des principaux secteurs qui contribue fortement \u00e0 l\u2019\u00e9conomie du pays et repr\u00e9sentent une importante opportunit\u00e9 pour les investisseurs avec le d\u00e9veloppement du secteur dans les ann\u00e9es \u00e0 venir. Si vous souhaitez d\u00e9velopper votre projet immobilier en conformit\u00e9 avec les dispositions en vigueur, il serait pr\u00e9f\u00e9rable&#8230;<\/p>\n","protected":false},"author":1,"featured_media":0,"parent":7982,"menu_order":98,"comment_status":"closed","ping_status":"closed","template":"","meta":[],"acf":[],"_links":{"self":[{"href":"https:\/\/hansu.av.tr\/fr\/wp-json\/wp\/v2\/pages\/8070"}],"collection":[{"href":"https:\/\/hansu.av.tr\/fr\/wp-json\/wp\/v2\/pages"}],"about":[{"href":"https:\/\/hansu.av.tr\/fr\/wp-json\/wp\/v2\/types\/page"}],"author":[{"embeddable":true,"href":"https:\/\/hansu.av.tr\/fr\/wp-json\/wp\/v2\/users\/1"}],"replies":[{"embeddable":true,"href":"https:\/\/hansu.av.tr\/fr\/wp-json\/wp\/v2\/comments?post=8070"}],"version-history":[{"count":6,"href":"https:\/\/hansu.av.tr\/fr\/wp-json\/wp\/v2\/pages\/8070\/revisions"}],"predecessor-version":[{"id":9270,"href":"https:\/\/hansu.av.tr\/fr\/wp-json\/wp\/v2\/pages\/8070\/revisions\/9270"}],"up":[{"embeddable":true,"href":"https:\/\/hansu.av.tr\/fr\/wp-json\/wp\/v2\/pages\/7982"}],"wp:attachment":[{"href":"https:\/\/hansu.av.tr\/fr\/wp-json\/wp\/v2\/media?parent=8070"}],"curies":[{"name":"wp","href":"https:\/\/api.w.org\/{rel}","templated":true}]}}