{"id":8212,"date":"2021-09-10T12:03:38","date_gmt":"2021-09-10T09:03:38","guid":{"rendered":"https:\/\/hansu.av.tr\/notre-equipe\/omer-faruk-hansu\/"},"modified":"2021-10-05T11:51:16","modified_gmt":"2021-10-05T08:51:16","slug":"omer-faruk-hansu","status":"publish","type":"page","link":"https:\/\/hansu.av.tr\/fr\/notre-equipe\/omer-faruk-hansu\/","title":{"rendered":"\u00d6mer Faruk HANSU"},"content":{"rendered":"\t\t<div data-elementor-type=\"wp-post\" data-elementor-id=\"8212\" class=\"elementor elementor-8212 elementor-1882\">\n\t\t\t\t\t\t<div class=\"elementor-inner\">\n\t\t\t\t<div class=\"elementor-section-wrap\">\n\t\t\t\t\t\t\t\t\t<section class=\"elementor-section elementor-top-section elementor-element elementor-element-699fee88 elementor-section-stretched elementor-section-full_width elementor-reverse-tablet elementor-reverse-mobile elementor-section-height-default elementor-section-height-default\" data-id=\"699fee88\" data-element_type=\"section\" data-settings=\"{&quot;stretch_section&quot;:&quot;section-stretched&quot;}\">\n\t\t\t\t\t\t<div class=\"elementor-container elementor-column-gap-default\">\n\t\t\t\t\t\t\t<div class=\"elementor-row\">\n\t\t\t\t\t<div class=\"elementor-column elementor-col-50 elementor-top-column elementor-element elementor-element-2dfe2030\" data-id=\"2dfe2030\" data-element_type=\"column\" data-settings=\"{&quot;background_background&quot;:&quot;classic&quot;}\">\n\t\t\t<div class=\"elementor-column-wrap elementor-element-populated\">\n\t\t\t\t\t<div class=\"elementor-background-overlay\"><\/div>\n\t\t\t\t\t\t\t<div class=\"elementor-widget-wrap\">\n\t\t\t\t\t\t<div class=\"elementor-element elementor-element-7272bc96 elementor-widget elementor-widget-heading\" data-id=\"7272bc96\" data-element_type=\"widget\" data-widget_type=\"heading.default\">\n\t\t\t\t<div class=\"elementor-widget-container\">\n\t\t\t<h2 class=\"elementor-heading-title elementor-size-default\">\u00d6mer Faruk Hansu<\/h2>\t\t<\/div>\n\t\t\t\t<\/div>\n\t\t\t\t<div class=\"elementor-element elementor-element-6eea0037 elementor-widget elementor-widget-heading\" data-id=\"6eea0037\" data-element_type=\"widget\" data-widget_type=\"heading.default\">\n\t\t\t\t<div class=\"elementor-widget-container\">\n\t\t\t<h6 class=\"elementor-heading-title elementor-size-default\">Associ\u00e9 fondateur et g\u00e9rant<\/h6>\t\t<\/div>\n\t\t\t\t<\/div>\n\t\t\t\t<div class=\"elementor-element elementor-element-268e1c64 elementor-widget elementor-widget-text-editor\" data-id=\"268e1c64\" data-element_type=\"widget\" data-widget_type=\"text-editor.default\">\n\t\t\t\t<div class=\"elementor-widget-container\">\n\t\t\t\t\t\t\t\t<div class=\"elementor-text-editor elementor-clearfix\">\n\t\t\t\t<p><b>E\u011fitim<\/b><b>:\u00a0<\/b>\u0130stanbul \u00dcniversitesi Hukuk Fak\u00fcltesi<\/p>\n\t\t\t\t\t<\/div>\n\t\t\t\t\t\t<\/div>\n\t\t\t\t<\/div>\n\t\t\t\t<div class=\"elementor-element elementor-element-ba6295f elementor-widget elementor-widget-text-editor\" data-id=\"ba6295f\" data-element_type=\"widget\" data-widget_type=\"text-editor.default\">\n\t\t\t\t<div class=\"elementor-widget-container\">\n\t\t\t\t\t\t\t\t<div class=\"elementor-text-editor elementor-clearfix\">\n\t\t\t\t<p><strong>Uzman Oldu\u011fu Alanlar:<\/strong> Gayrimenkul ve \u0130mar Hukuku, Ticaret ve \u015eirketler Hukuku, Ekonomik Ceza Hukuku, Vergi Hukuku, \u0130cra \u0130flas Hukuku, Sigorta ve Tazminat Hukuku, \u015eirket Birle\u015fme ve Devralmalar\u0131\/\u00d6zelle\u015ftirme Hukuku, Enerji ve Do\u011fal Kaynaklar Hukuku, Sanayi B\u00f6lgeleri Hukuku, D\u0131\u015f Ticaret ve G\u00fcmr\u00fck Hukuku alan\u0131nda uzmanla\u015fm\u0131\u015ft\u0131r.<\/p>\n\t\t\t\t\t<\/div>\n\t\t\t\t\t\t<\/div>\n\t\t\t\t<\/div>\n\t\t\t\t<div class=\"elementor-element elementor-element-a5ea0aa elementor-widget elementor-widget-text-editor\" data-id=\"a5ea0aa\" data-element_type=\"widget\" data-widget_type=\"text-editor.default\">\n\t\t\t\t<div class=\"elementor-widget-container\">\n\t\t\t\t\t\t\t\t<div class=\"elementor-text-editor elementor-clearfix\">\n\t\t\t\t<p><b>\u00dcyelikler<\/b><b>\u00a0:\u00a0<\/b><\/p>\n<ul>\n<li>\u0130stanbul Barosu<\/li>\n<li>Uluslararas\u0131 Barolar Birli\u011fi<\/li>\n<li>GYODER [Gayrimenkul Yat\u0131r\u0131m Ortakl\u0131klar\u0131 Derne\u011fi]<\/li>\n<li>LEGAL 500<\/li>\n<li>T\u00fcrk Bel\u00e7ika L\u00fcksemburg Ticaret Derne\u011fi<\/li>\n<li>T\u00fcrk \u0130ngiliz Ticaret Derne\u011fi<\/li>\n<\/ul>\n<p>\u0130stanbul Barosu \u00fcyesidir. \u0130stanbul \u00dcniversitesi Hukuk Fak\u00fcltesi\u2019nden mezun olan Av. \u00d6mer Faruk Hansu, Hansu Avukatl\u0131k B\u00fcrosunun kurucusu ve y\u00f6neticisidir.<\/p>\n<p>Ticaret ve \u015firketler hukuku, birle\u015fme ve devralmalar hukuku, gayrimenkul hukuku, enerji ve do\u011fal kaynaklar hukuku ve s\u0131na\u00ee m\u00fclkiyet hukuku alanlar\u0131nda gerek ulusal ve gerekse de uluslararas\u0131 giri\u015fimcilerin yer ald\u0131\u011f\u0131 bir\u00e7ok b\u00fcy\u00fck \u00f6l\u00e7ekli projede; projenin tasar\u0131m\u0131, finansman\u0131, uygulanmas\u0131 ve sonras\u0131ndaki s\u00fcre\u00e7lerde hukuki dan\u0131\u015fmanl\u0131k hizmeti sa\u011flam\u0131\u015f, \u00f6zellikle de \u00e7ok tarafl\u0131 ve b\u00fcy\u00fck \u00e7apl\u0131 projelerde ihtiya\u00e7 duyulan ortak giri\u015fim, konsorsiyum, projeye m\u00fcnhas\u0131r \u015firket gibi yap\u0131lanmalar\u0131n hukuki altyap\u0131lar\u0131n\u0131n olu\u015fturulmas\u0131nda ve bu yap\u0131lar\u0131n y\u00fcr\u00fct\u00fclmesinde hukuki dan\u0131\u015fmanl\u0131k hizmeti sunmu\u015ftur.<\/p>\n<p>Gayrimenkul ve imar hukuku alan\u0131nda bilhassa kamu [hazine\/belediye] ve vak\u0131f arazilerinin proje odakl\u0131 geli\u015ftirilmesi [sat\u0131\u015f\/kiralama vb.] alan\u0131nda hem kamu otoritelerine hem de proje geli\u015ftiricisi \u00f6zel giri\u015fimcilere ihale, geli\u015ftirme, yap\u0131m ve i\u015fletme a\u015famalar\u0131n\u0131n tamam\u0131nda hukuki dan\u0131\u015fmanl\u0131k ve avukatl\u0131k hizmeti vermi\u015f ve ayr\u0131ca bug\u00fcne kadar al\u0131\u015fveri\u015f merkezi, otel, hastane ve di\u011fer geni\u015f \u00e7apl\u0131 ve \u00e7ok ama\u00e7l\u0131 gayrimenkul yat\u0131r\u0131mlar\u0131n\u0131n hukuki zemininin olu\u015fturulmas\u0131, intifa\/irtifak haklar\u0131 ile di\u011fer t\u00fcm \u00fcst haklar\u0131n\u0131n tesisi ve hukuki uygulamas\u0131, y\u00f6netim planlar\u0131n\u0131n olu\u015fturulmas\u0131, kat kar\u015f\u0131l\u0131\u011f\u0131 ve has\u0131lat payla\u015f\u0131ml\u0131 in\u015faat s\u00f6zle\u015fmelerinin d\u00fczenlenmesi ve kentsel d\u00f6n\u00fc\u015f\u00fcm projelerinin geli\u015ftirilmesi konusunda dan\u0131\u015fmanl\u0131k hizmeti vermi\u015f ve vermeye devam etmektedir.<\/p>\n<p>Gayrimenkul hukuku alan\u0131nda kar\u015f\u0131la\u015f\u0131lan ve imar hukukunu ilgilendiren imar planlar\u0131 ve tadilatlar\u0131, imar uygulamas\u0131 [parselasyon] i\u015flemlerinin iptali, kamula\u015ft\u0131rma ve ecri misil davalar\u0131, ka\u00e7ak yap\u0131 ve y\u0131k\u0131m davalar\u0131, eski eser ve sit alanlar\u0131 konusunda do\u011fan uyu\u015fmazl\u0131klar ve imar uygulamalar\u0131n\u0131n iptali davalar\u0131 konusunda uzmanla\u015fm\u0131\u015ft\u0131r. Enerji hukuku, do\u011fal kaynaklar [su ve jeotermal kaynak] hukuku, petrol hukuku, maden hukuku alanlar\u0131nda uzmanla\u015fm\u0131\u015f olup bu alanlardaki d\u00fczenlemeler ile EPDK, Maden \u0130\u015fleri Genel M\u00fcd\u00fcrl\u00fc\u011f\u00fc, MTA gibi d\u00fczenleyici ve denetleyici kurumlara yap\u0131lan ruhsatland\u0131rma ba\u015fvurular\u0131, idari yapt\u0131r\u0131mlar\u0131n\u0131n iptali konular\u0131ndaki i\u015f ve i\u015flemlerde m\u00fcvekkillerini temsil etmi\u015ftir. Yine enerji alan\u0131nda yap\u0131lan \u00f6zelle\u015ftirme ihalelerinde uluslararas\u0131 faaliyet y\u00fcr\u00fcten m\u00fcvekkillerine hukuki de\u011ferleme [due diligence] raporu haz\u0131rlanmas\u0131 ve ihale s\u00fcrecinde hukuki hizmetler sunmu\u015ftur.<\/p>\n<p>Organize sanayi b\u00f6lgeleri hukuku, kamula\u015ft\u0131rma hukuku, liman hukuku, sanayi hukuku, \u00e7evre hukuku alanlar\u0131n\u0131 ilgilendiren b\u00f6lgelerin ve yap\u0131lar\u0131n kurulu\u015f a\u015famalar\u0131nda hem \u00f6zel giri\u015fimcileri hem de kamu kurum\/kurulu\u015flar\u0131na hukuki dan\u0131\u015fmanl\u0131k hizmetleri vermi\u015ftir. \u00dclkemizde kurulmu\u015f olan bir\u00e7ok organize sanayi ve teknoloji b\u00f6lgesinin kurulu\u015fundan i\u015fletmeye al\u0131nmas\u0131na kadar aradaki t\u00fcm a\u015famalarda ba\u015fvuru, izin alma, ruhsat vb. di\u011fer s\u00fcre\u00e7lerin takip edilmesi ve ger\u00e7ekle\u015ftirilmesine ili\u015fkin i\u015f ve i\u015flemlerde hukuki dan\u0131\u015fmanl\u0131k hizmeti vermi\u015ftir. Yine hem organize sanayi ve teknoloji b\u00f6lgelerinin ilk kurulu\u015f a\u015famas\u0131nda kamula\u015ft\u0131rma hukukuna ili\u015fkin hem kamu idareleri hem de daval\u0131 ger\u00e7ek ki\u015filere avukatl\u0131 hizmeti sa\u011flam\u0131\u015ft\u0131r.<\/p>\n<p>Hansu Avukatl\u0131k B\u00fcrosunun kurulu\u015fundan bu yana \u00fclkemizde hukuk firmalar\u0131n\u0131n pek y\u00f6nelmedi\u011fi gerek vergi hukuku ve gerekse de d\u0131\u015f ticaret ve g\u00fcmr\u00fck hukuku alanlar\u0131nda ulusal ve uluslararas\u0131 m\u00fcvekkillerine vergi incelemeleri, vergi davalar\u0131n\u0131n y\u00fcr\u00fct\u00fclmesi ve ithalat-ihracat i\u015flemleri esnas\u0131nda ortaya \u00e7\u0131kan karma\u015f\u0131k hukuki problemlerin \u00e7\u00f6z\u00fcm\u00fc gibi hukukun spesifik alanlar\u0131nda dan\u0131\u015fmanl\u0131k ve avukatl\u0131k hizmeti vermi\u015ftir.<\/p>\n<p>Av. \u00d6mer Faruk Hansu; Uluslararas\u0131 Barolar Birli\u011fi, Gayrimenkul ve Yat\u0131r\u0131m Ortakl\u0131\u011f\u0131 Derne\u011fi (GYODER),T\u00fcrkiye \u0130ngiliz Ticaret Odas\u0131 Derne\u011fi (BCCT), T\u00fcrk Bel\u00e7ika L\u00fcksemburg Ticaret Derne\u011fi ve \u0130stanbul \u00dcniversitesi Hukuk Fak\u00fcltesi Mezunlar\u0131 Derne\u011fi \u00fcyesidir.<\/p>\n\t\t\t\t\t<\/div>\n\t\t\t\t\t\t<\/div>\n\t\t\t\t<\/div>\n\t\t\t\t<div class=\"elementor-element elementor-element-4a70f508 elementor-widget elementor-widget-heading\" data-id=\"4a70f508\" data-element_type=\"widget\" data-widget_type=\"heading.default\">\n\t\t\t\t<div class=\"elementor-widget-container\">\n\t\t\t<h2 class=\"elementor-heading-title elementor-size-default\">Contact <\/h2>\t\t<\/div>\n\t\t\t\t<\/div>\n\t\t\t\t<section class=\"elementor-section elementor-inner-section elementor-element elementor-element-536fb02e elementor-section-boxed elementor-section-height-default elementor-section-height-default\" data-id=\"536fb02e\" data-element_type=\"section\" data-settings=\"{&quot;background_background&quot;:&quot;classic&quot;}\">\n\t\t\t\t\t\t<div class=\"elementor-container elementor-column-gap-default\">\n\t\t\t\t\t\t\t<div class=\"elementor-row\">\n\t\t\t\t\t<div class=\"elementor-column elementor-col-50 elementor-inner-column elementor-element elementor-element-54f89974\" data-id=\"54f89974\" data-element_type=\"column\" data-settings=\"{&quot;background_background&quot;:&quot;classic&quot;}\">\n\t\t\t<div class=\"elementor-column-wrap elementor-element-populated\">\n\t\t\t\t\t\t\t<div class=\"elementor-widget-wrap\">\n\t\t\t\t\t\t<div class=\"elementor-element elementor-element-4e920a71 elementor-widget elementor-widget-image\" data-id=\"4e920a71\" data-element_type=\"widget\" data-widget_type=\"image.default\">\n\t\t\t\t<div class=\"elementor-widget-container\">\n\t\t\t\t\t\t\t\t<div class=\"elementor-image\">\n\t\t\t\t\t\t\t\t\t\t\t\t<img width=\"32\" height=\"32\" src=\"https:\/\/hansu.av.tr\/wp-content\/uploads\/2018\/12\/icon.png\" class=\"attachment-full size-full\" alt=\"\" loading=\"lazy\" \/>\t\t\t\t\t\t\t\t\t\t\t\t\t\t<\/div>\n\t\t\t\t\t\t<\/div>\n\t\t\t\t<\/div>\n\t\t\t\t\t\t<\/div>\n\t\t\t\t\t<\/div>\n\t\t<\/div>\n\t\t\t\t<div class=\"elementor-column elementor-col-50 elementor-inner-column elementor-element elementor-element-6bd2a861\" data-id=\"6bd2a861\" data-element_type=\"column\">\n\t\t\t<div class=\"elementor-column-wrap elementor-element-populated\">\n\t\t\t\t\t\t\t<div class=\"elementor-widget-wrap\">\n\t\t\t\t\t\t<div class=\"elementor-element elementor-element-65e032fe elementor-widget elementor-widget-text-editor\" data-id=\"65e032fe\" data-element_type=\"widget\" data-widget_type=\"text-editor.default\">\n\t\t\t\t<div class=\"elementor-widget-container\">\n\t\t\t\t\t\t\t\t<div class=\"elementor-text-editor elementor-clearfix\">\n\t\t\t\t<p>0 (216) 464 12 12<\/p>\n\t\t\t\t\t<\/div>\n\t\t\t\t\t\t<\/div>\n\t\t\t\t<\/div>\n\t\t\t\t\t\t<\/div>\n\t\t\t\t\t<\/div>\n\t\t<\/div>\n\t\t\t\t\t\t\t\t<\/div>\n\t\t\t\t\t<\/div>\n\t\t<\/section>\n\t\t\t\t<section class=\"elementor-section elementor-inner-section elementor-element elementor-element-182c1312 elementor-section-boxed elementor-section-height-default elementor-section-height-default\" data-id=\"182c1312\" data-element_type=\"section\" data-settings=\"{&quot;background_background&quot;:&quot;classic&quot;}\">\n\t\t\t\t\t\t<div class=\"elementor-container elementor-column-gap-default\">\n\t\t\t\t\t\t\t<div class=\"elementor-row\">\n\t\t\t\t\t<div class=\"elementor-column elementor-col-50 elementor-inner-column elementor-element elementor-element-6a066934\" data-id=\"6a066934\" data-element_type=\"column\" data-settings=\"{&quot;background_background&quot;:&quot;classic&quot;}\">\n\t\t\t<div class=\"elementor-column-wrap elementor-element-populated\">\n\t\t\t\t\t\t\t<div class=\"elementor-widget-wrap\">\n\t\t\t\t\t\t<div class=\"elementor-element elementor-element-3fed78bd elementor-widget elementor-widget-image\" data-id=\"3fed78bd\" data-element_type=\"widget\" data-widget_type=\"image.default\">\n\t\t\t\t<div class=\"elementor-widget-container\">\n\t\t\t\t\t\t\t\t<div class=\"elementor-image\">\n\t\t\t\t\t\t\t\t\t\t\t\t<img width=\"32\" height=\"32\" src=\"https:\/\/hansu.av.tr\/wp-content\/uploads\/2018\/12\/envelope.png\" class=\"attachment-full size-full\" alt=\"\" loading=\"lazy\" \/>\t\t\t\t\t\t\t\t\t\t\t\t\t\t<\/div>\n\t\t\t\t\t\t<\/div>\n\t\t\t\t<\/div>\n\t\t\t\t\t\t<\/div>\n\t\t\t\t\t<\/div>\n\t\t<\/div>\n\t\t\t\t<div class=\"elementor-column elementor-col-50 elementor-inner-column elementor-element elementor-element-68f1f9d8\" data-id=\"68f1f9d8\" data-element_type=\"column\">\n\t\t\t<div class=\"elementor-column-wrap elementor-element-populated\">\n\t\t\t\t\t\t\t<div class=\"elementor-widget-wrap\">\n\t\t\t\t\t\t<div class=\"elementor-element elementor-element-675f6e7f elementor-widget elementor-widget-text-editor\" data-id=\"675f6e7f\" data-element_type=\"widget\" data-widget_type=\"text-editor.default\">\n\t\t\t\t<div class=\"elementor-widget-container\">\n\t\t\t\t\t\t\t\t<div class=\"elementor-text-editor elementor-clearfix\">\n\t\t\t\t<p><a href=\"mailto:omer.hansu@hansu.av.tr\">omer.hansu@hansu.av.tr<\/a><\/p>\n\t\t\t\t\t<\/div>\n\t\t\t\t\t\t<\/div>\n\t\t\t\t<\/div>\n\t\t\t\t\t\t<\/div>\n\t\t\t\t\t<\/div>\n\t\t<\/div>\n\t\t\t\t\t\t\t\t<\/div>\n\t\t\t\t\t<\/div>\n\t\t<\/section>\n\t\t\t\t\t\t<\/div>\n\t\t\t\t\t<\/div>\n\t\t<\/div>\n\t\t\t\t<div class=\"elementor-column elementor-col-50 elementor-top-column elementor-element elementor-element-12218807\" data-id=\"12218807\" data-element_type=\"column\" data-settings=\"{&quot;background_background&quot;:&quot;classic&quot;}\">\n\t\t\t<div class=\"elementor-column-wrap elementor-element-populated\">\n\t\t\t\t\t<div class=\"elementor-background-overlay\"><\/div>\n\t\t\t\t\t\t\t<div class=\"elementor-widget-wrap\">\n\t\t\t\t\t\t<div class=\"elementor-element elementor-element-eb76fba elementor-widget elementor-widget-image\" data-id=\"eb76fba\" data-element_type=\"widget\" data-widget_type=\"image.default\">\n\t\t\t\t<div class=\"elementor-widget-container\">\n\t\t\t\t\t\t\t\t<div class=\"elementor-image\">\n\t\t\t\t\t\t\t\t\t\t\t\t<img width=\"600\" height=\"900\" src=\"https:\/\/hansu.av.tr\/wp-content\/uploads\/2019\/01\/omerfaruk.jpg\" class=\"attachment-full size-full\" alt=\"\" loading=\"lazy\" srcset=\"https:\/\/hansu.av.tr\/wp-content\/uploads\/2019\/01\/omerfaruk.jpg 600w, https:\/\/hansu.av.tr\/wp-content\/uploads\/2019\/01\/omerfaruk-200x300.jpg 200w\" sizes=\"(max-width: 600px) 100vw, 600px\" \/>\t\t\t\t\t\t\t\t\t\t\t\t\t\t<\/div>\n\t\t\t\t\t\t<\/div>\n\t\t\t\t<\/div>\n\t\t\t\t\t\t<\/div>\n\t\t\t\t\t<\/div>\n\t\t<\/div>\n\t\t\t\t\t\t\t\t<\/div>\n\t\t\t\t\t<\/div>\n\t\t<\/section>\n\t\t\t\t\t\t\t\t\t<\/div>\n\t\t\t<\/div>\n\t\t\t\t\t<\/div>\n\t\t","protected":false},"excerpt":{"rendered":"<p>\u00d6mer Faruk Hansu Associ\u00e9 fondateur et g\u00e9rant E\u011fitim:\u00a0\u0130stanbul \u00dcniversitesi Hukuk Fak\u00fcltesi Uzman Oldu\u011fu Alanlar: Gayrimenkul ve \u0130mar Hukuku, Ticaret ve \u015eirketler Hukuku, Ekonomik Ceza Hukuku, Vergi Hukuku, \u0130cra \u0130flas Hukuku, Sigorta ve Tazminat Hukuku, \u015eirket Birle\u015fme ve Devralmalar\u0131\/\u00d6zelle\u015ftirme Hukuku, Enerji ve Do\u011fal Kaynaklar Hukuku, Sanayi B\u00f6lgeleri Hukuku, D\u0131\u015f Ticaret ve G\u00fcmr\u00fck Hukuku alan\u0131nda uzmanla\u015fm\u0131\u015ft\u0131r. \u00dcyelikler\u00a0:\u00a0&#8230;<\/p>\n","protected":false},"author":1,"featured_media":8217,"parent":8206,"menu_order":22,"comment_status":"closed","ping_status":"closed","template":"","meta":[],"acf":[],"_links":{"self":[{"href":"https:\/\/hansu.av.tr\/fr\/wp-json\/wp\/v2\/pages\/8212"}],"collection":[{"href":"https:\/\/hansu.av.tr\/fr\/wp-json\/wp\/v2\/pages"}],"about":[{"href":"https:\/\/hansu.av.tr\/fr\/wp-json\/wp\/v2\/types\/page"}],"author":[{"embeddable":true,"href":"https:\/\/hansu.av.tr\/fr\/wp-json\/wp\/v2\/users\/1"}],"replies":[{"embeddable":true,"href":"https:\/\/hansu.av.tr\/fr\/wp-json\/wp\/v2\/comments?post=8212"}],"version-history":[{"count":3,"href":"https:\/\/hansu.av.tr\/fr\/wp-json\/wp\/v2\/pages\/8212\/revisions"}],"predecessor-version":[{"id":8850,"href":"https:\/\/hansu.av.tr\/fr\/wp-json\/wp\/v2\/pages\/8212\/revisions\/8850"}],"up":[{"embeddable":true,"href":"https:\/\/hansu.av.tr\/fr\/wp-json\/wp\/v2\/pages\/8206"}],"wp:featuredmedia":[{"embeddable":true,"href":"https:\/\/hansu.av.tr\/fr\/wp-json\/wp\/v2\/media\/8217"}],"wp:attachment":[{"href":"https:\/\/hansu.av.tr\/fr\/wp-json\/wp\/v2\/media?parent=8212"}],"curies":[{"name":"wp","href":"https:\/\/api.w.org\/{rel}","templated":true}]}}