{"id":8251,"date":"2020-05-08T00:11:27","date_gmt":"2020-05-07T21:11:27","guid":{"rendered":"https:\/\/hansu.av.tr\/notre-equipe\/berfin-golcuk\/"},"modified":"2021-10-05T14:10:40","modified_gmt":"2021-10-05T11:10:40","slug":"berfin-golcuk","status":"publish","type":"page","link":"https:\/\/hansu.av.tr\/fr\/notre-equipe\/berfin-golcuk\/","title":{"rendered":"Berfin G\u00d6LC\u00dcK"},"content":{"rendered":"\t\t<div data-elementor-type=\"wp-post\" data-elementor-id=\"8251\" class=\"elementor elementor-8251 elementor-1334\">\n\t\t\t\t\t\t<div class=\"elementor-inner\">\n\t\t\t\t<div class=\"elementor-section-wrap\">\n\t\t\t\t\t\t\t\t\t<section class=\"elementor-section elementor-top-section elementor-element elementor-element-9b372d7 elementor-section-stretched elementor-section-full_width elementor-section-height-min-height elementor-section-items-bottom elementor-section-height-default\" data-id=\"9b372d7\" data-element_type=\"section\" id=\"slider\" data-settings=\"{&quot;stretch_section&quot;:&quot;section-stretched&quot;,&quot;background_background&quot;:&quot;classic&quot;,&quot;shape_divider_bottom&quot;:&quot;arrow&quot;}\">\n\t\t\t\t\t\t\t<div class=\"elementor-background-overlay\"><\/div>\n\t\t\t\t\t\t<div class=\"elementor-shape elementor-shape-bottom\" data-negative=\"false\">\n\t\t\t<svg xmlns=\"http:\/\/www.w3.org\/2000\/svg\" viewBox=\"0 0 700 10\" preserveAspectRatio=\"none\">\n\t<path class=\"elementor-shape-fill\" d=\"M350,10L340,0h20L350,10z\"\/>\n<\/svg>\t\t<\/div>\n\t\t\t\t\t<div class=\"elementor-container elementor-column-gap-default\">\n\t\t\t\t\t\t\t<div class=\"elementor-row\">\n\t\t\t\t\t<div class=\"elementor-column elementor-col-100 elementor-top-column elementor-element elementor-element-3ce9e204\" data-id=\"3ce9e204\" data-element_type=\"column\">\n\t\t\t<div class=\"elementor-column-wrap elementor-element-populated\">\n\t\t\t\t\t\t\t<div class=\"elementor-widget-wrap\">\n\t\t\t\t\t\t\t\t<\/div>\n\t\t\t\t\t<\/div>\n\t\t<\/div>\n\t\t\t\t\t\t\t\t<\/div>\n\t\t\t\t\t<\/div>\n\t\t<\/section>\n\t\t\t\t<section class=\"elementor-section elementor-top-section elementor-element elementor-element-1c85cd83 elementor-section-stretched elementor-section-full_width elementor-reverse-tablet elementor-reverse-mobile elementor-section-height-default elementor-section-height-default\" data-id=\"1c85cd83\" data-element_type=\"section\" data-settings=\"{&quot;stretch_section&quot;:&quot;section-stretched&quot;}\">\n\t\t\t\t\t\t<div class=\"elementor-container elementor-column-gap-default\">\n\t\t\t\t\t\t\t<div class=\"elementor-row\">\n\t\t\t\t\t<div class=\"elementor-column elementor-col-50 elementor-top-column elementor-element elementor-element-7e7123a\" data-id=\"7e7123a\" data-element_type=\"column\" data-settings=\"{&quot;background_background&quot;:&quot;classic&quot;}\">\n\t\t\t<div class=\"elementor-column-wrap elementor-element-populated\">\n\t\t\t\t\t<div class=\"elementor-background-overlay\"><\/div>\n\t\t\t\t\t\t\t<div class=\"elementor-widget-wrap\">\n\t\t\t\t\t\t<div class=\"elementor-element elementor-element-5cabed8f elementor-widget elementor-widget-heading\" data-id=\"5cabed8f\" data-element_type=\"widget\" data-widget_type=\"heading.default\">\n\t\t\t\t<div class=\"elementor-widget-container\">\n\t\t\t<h2 class=\"elementor-heading-title elementor-size-default\">Berfin G\u00d6LC\u00dcK<\/h2>\t\t<\/div>\n\t\t\t\t<\/div>\n\t\t\t\t<div class=\"elementor-element elementor-element-752fcb42 elementor-widget elementor-widget-heading\" data-id=\"752fcb42\" data-element_type=\"widget\" data-widget_type=\"heading.default\">\n\t\t\t\t<div class=\"elementor-widget-container\">\n\t\t\t<h6 class=\"elementor-heading-title elementor-size-default\">STAJYER AVUKAT<\/h6>\t\t<\/div>\n\t\t\t\t<\/div>\n\t\t\t\t<div class=\"elementor-element elementor-element-4715e0ad elementor-widget elementor-widget-text-editor\" data-id=\"4715e0ad\" data-element_type=\"widget\" data-widget_type=\"text-editor.default\">\n\t\t\t\t<div class=\"elementor-widget-container\">\n\t\t\t\t\t\t\t\t<div class=\"elementor-text-editor elementor-clearfix\">\n\t\t\t\t<p><strong>BERF\u0130N G\u00d6LC\u00dcK<\/strong>, Yeditepe \u00dcniversitesi Hukuk Fak\u00fcltesi\u2019nde e\u011fitimine ba\u015flam\u0131\u015f ve 2019 y\u0131l\u0131n\u0131n haziran ay\u0131nda mezun olmu\u015ftur. Yasal staj\u0131na \u00f6ncelikle \u0130cra ve \u0130flas Hukuku alan\u0131nda yo\u011funla\u015fan bir b\u00fcroda ba\u015flam\u0131\u015f ve akabinde Hansu Avukatl\u0131k B\u00fcrosu b\u00fcnyesine kat\u0131lm\u0131\u015f olup, halen yasal staj\u0131na devam etmektedir. \u00dcniversite e\u011fitimi boyunca \u00e7e\u015fitli seminer programlar\u0131na kat\u0131lm\u0131\u015f, sosyal sorumluluk projelerinde yer alm\u0131\u015f ve kurgusal dava yar\u0131\u015fmalar\u0131nda g\u00f6rev alm\u0131\u015ft\u0131r. Elsa Yaz Hukuk Okulu ile birlikte Diplomasi Hukuku \u00fczerine H\u0131rvatistan\u2019da alan\u0131nda uzman hocalar taraf\u0131ndan verilen teorik e\u011fitimini tamamlam\u0131\u015ft\u0131r.<\/p>\n<p>&nbsp;<\/p>\n<p>Yasal Staj D\u00f6neminde \u0130cra \u0130flas Hukuku\u2019ndan Kaynaklanan Uyu\u015fmazl\u0131klar \u0130le S\u00f6zle\u015fmeler Hukuku, Deniz Ticaret Hukuku, Ticaret ve K\u0131ymetli Evrak Hukuku, \u015eirketler Hukuku, \u0130\u015f Hukuku ile ilgili uyu\u015fmazl\u0131klar ve davalar\u0131n takibi, s\u00fcre\u00e7lerin y\u00fcr\u00fct\u00fclmesi ile dilek\u00e7e yaz\u0131m\u0131 hususlar\u0131nda tecr\u00fcbe kazanmaktad\u0131r.<\/p>\n\t\t\t\t\t<\/div>\n\t\t\t\t\t\t<\/div>\n\t\t\t\t<\/div>\n\t\t\t\t<div class=\"elementor-element elementor-element-1b7e5138 elementor-widget elementor-widget-heading\" data-id=\"1b7e5138\" data-element_type=\"widget\" data-widget_type=\"heading.default\">\n\t\t\t\t<div class=\"elementor-widget-container\">\n\t\t\t<h2 class=\"elementor-heading-title elementor-size-default\">\u0130leti\u015fim<\/h2>\t\t<\/div>\n\t\t\t\t<\/div>\n\t\t\t\t<section class=\"elementor-section elementor-inner-section elementor-element elementor-element-240c682a elementor-section-boxed elementor-section-height-default elementor-section-height-default\" data-id=\"240c682a\" data-element_type=\"section\" data-settings=\"{&quot;background_background&quot;:&quot;classic&quot;}\">\n\t\t\t\t\t\t<div class=\"elementor-container elementor-column-gap-default\">\n\t\t\t\t\t\t\t<div class=\"elementor-row\">\n\t\t\t\t\t<div class=\"elementor-column elementor-col-50 elementor-inner-column elementor-element elementor-element-3bd3bba5\" data-id=\"3bd3bba5\" data-element_type=\"column\" data-settings=\"{&quot;background_background&quot;:&quot;classic&quot;}\">\n\t\t\t<div class=\"elementor-column-wrap elementor-element-populated\">\n\t\t\t\t\t\t\t<div class=\"elementor-widget-wrap\">\n\t\t\t\t\t\t<div class=\"elementor-element elementor-element-81b7845 elementor-widget elementor-widget-image\" data-id=\"81b7845\" data-element_type=\"widget\" data-widget_type=\"image.default\">\n\t\t\t\t<div class=\"elementor-widget-container\">\n\t\t\t\t\t\t\t\t<div class=\"elementor-image\">\n\t\t\t\t\t\t\t\t\t\t\t\t<img width=\"32\" height=\"32\" src=\"https:\/\/hansu.av.tr\/wp-content\/uploads\/2018\/12\/icon.png\" class=\"attachment-full size-full\" alt=\"\" loading=\"lazy\" \/>\t\t\t\t\t\t\t\t\t\t\t\t\t\t<\/div>\n\t\t\t\t\t\t<\/div>\n\t\t\t\t<\/div>\n\t\t\t\t\t\t<\/div>\n\t\t\t\t\t<\/div>\n\t\t<\/div>\n\t\t\t\t<div class=\"elementor-column elementor-col-50 elementor-inner-column elementor-element elementor-element-45f876e4\" data-id=\"45f876e4\" data-element_type=\"column\">\n\t\t\t<div class=\"elementor-column-wrap elementor-element-populated\">\n\t\t\t\t\t\t\t<div class=\"elementor-widget-wrap\">\n\t\t\t\t\t\t<div class=\"elementor-element elementor-element-17bcf343 elementor-widget elementor-widget-text-editor\" data-id=\"17bcf343\" data-element_type=\"widget\" data-widget_type=\"text-editor.default\">\n\t\t\t\t<div class=\"elementor-widget-container\">\n\t\t\t\t\t\t\t\t<div class=\"elementor-text-editor elementor-clearfix\">\n\t\t\t\t<p>0 (216) 464 12 12<\/p>\n\t\t\t\t\t<\/div>\n\t\t\t\t\t\t<\/div>\n\t\t\t\t<\/div>\n\t\t\t\t\t\t<\/div>\n\t\t\t\t\t<\/div>\n\t\t<\/div>\n\t\t\t\t\t\t\t\t<\/div>\n\t\t\t\t\t<\/div>\n\t\t<\/section>\n\t\t\t\t<section class=\"elementor-section elementor-inner-section elementor-element elementor-element-2e4dba74 elementor-section-boxed elementor-section-height-default elementor-section-height-default\" data-id=\"2e4dba74\" data-element_type=\"section\" data-settings=\"{&quot;background_background&quot;:&quot;classic&quot;}\">\n\t\t\t\t\t\t<div class=\"elementor-container elementor-column-gap-default\">\n\t\t\t\t\t\t\t<div class=\"elementor-row\">\n\t\t\t\t\t<div class=\"elementor-column elementor-col-50 elementor-inner-column elementor-element elementor-element-23353ba1\" data-id=\"23353ba1\" data-element_type=\"column\" data-settings=\"{&quot;background_background&quot;:&quot;classic&quot;}\">\n\t\t\t<div class=\"elementor-column-wrap elementor-element-populated\">\n\t\t\t\t\t\t\t<div class=\"elementor-widget-wrap\">\n\t\t\t\t\t\t<div class=\"elementor-element elementor-element-533043e3 elementor-widget elementor-widget-image\" data-id=\"533043e3\" data-element_type=\"widget\" data-widget_type=\"image.default\">\n\t\t\t\t<div class=\"elementor-widget-container\">\n\t\t\t\t\t\t\t\t<div class=\"elementor-image\">\n\t\t\t\t\t\t\t\t\t\t\t\t<img width=\"32\" height=\"32\" src=\"https:\/\/hansu.av.tr\/wp-content\/uploads\/2018\/12\/envelope.png\" class=\"attachment-full size-full\" alt=\"\" loading=\"lazy\" \/>\t\t\t\t\t\t\t\t\t\t\t\t\t\t<\/div>\n\t\t\t\t\t\t<\/div>\n\t\t\t\t<\/div>\n\t\t\t\t\t\t<\/div>\n\t\t\t\t\t<\/div>\n\t\t<\/div>\n\t\t\t\t<div class=\"elementor-column elementor-col-50 elementor-inner-column elementor-element elementor-element-643e594f\" data-id=\"643e594f\" data-element_type=\"column\">\n\t\t\t<div class=\"elementor-column-wrap elementor-element-populated\">\n\t\t\t\t\t\t\t<div class=\"elementor-widget-wrap\">\n\t\t\t\t\t\t<div class=\"elementor-element elementor-element-52daa3cd elementor-widget elementor-widget-text-editor\" data-id=\"52daa3cd\" data-element_type=\"widget\" data-widget_type=\"text-editor.default\">\n\t\t\t\t<div class=\"elementor-widget-container\">\n\t\t\t\t\t\t\t\t<div class=\"elementor-text-editor elementor-clearfix\">\n\t\t\t\t<p><a href=\"mailto:berfingolcuk@hansu.av.tr\"><span style=\"vertical-align: inherit;\"><span style=\"vertical-align: inherit;\">berfingolcuk@hansu.av.tr<\/span><\/span><\/a><\/p>\n\t\t\t\t\t<\/div>\n\t\t\t\t\t\t<\/div>\n\t\t\t\t<\/div>\n\t\t\t\t\t\t<\/div>\n\t\t\t\t\t<\/div>\n\t\t<\/div>\n\t\t\t\t\t\t\t\t<\/div>\n\t\t\t\t\t<\/div>\n\t\t<\/section>\n\t\t\t\t\t\t<\/div>\n\t\t\t\t\t<\/div>\n\t\t<\/div>\n\t\t\t\t<div class=\"elementor-column elementor-col-50 elementor-top-column elementor-element elementor-element-1a041350\" data-id=\"1a041350\" data-element_type=\"column\" data-settings=\"{&quot;background_background&quot;:&quot;classic&quot;}\">\n\t\t\t<div class=\"elementor-column-wrap elementor-element-populated\">\n\t\t\t\t\t<div class=\"elementor-background-overlay\"><\/div>\n\t\t\t\t\t\t\t<div class=\"elementor-widget-wrap\">\n\t\t\t\t\t\t<div class=\"elementor-element elementor-element-2f1d59e elementor-widget elementor-widget-image\" data-id=\"2f1d59e\" data-element_type=\"widget\" data-widget_type=\"image.default\">\n\t\t\t\t<div class=\"elementor-widget-container\">\n\t\t\t\t\t\t\t\t<div class=\"elementor-image\">\n\t\t\t\t\t\t\t\t\t\t\t\t<img width=\"300\" height=\"450\" src=\"https:\/\/hansu.av.tr\/wp-content\/uploads\/2019\/01\/profile.jpg\" class=\"attachment-full size-full\" alt=\"\" loading=\"lazy\" srcset=\"https:\/\/hansu.av.tr\/wp-content\/uploads\/2019\/01\/profile.jpg 300w, https:\/\/hansu.av.tr\/wp-content\/uploads\/2019\/01\/profile-200x300.jpg 200w\" sizes=\"(max-width: 300px) 100vw, 300px\" \/>\t\t\t\t\t\t\t\t\t\t\t\t\t\t<\/div>\n\t\t\t\t\t\t<\/div>\n\t\t\t\t<\/div>\n\t\t\t\t\t\t<\/div>\n\t\t\t\t\t<\/div>\n\t\t<\/div>\n\t\t\t\t\t\t\t\t<\/div>\n\t\t\t\t\t<\/div>\n\t\t<\/section>\n\t\t\t\t\t\t\t\t\t<\/div>\n\t\t\t<\/div>\n\t\t\t\t\t<\/div>\n\t\t","protected":false},"excerpt":{"rendered":"<p>Berfin G\u00d6LC\u00dcK STAJYER AVUKAT BERF\u0130N G\u00d6LC\u00dcK, Yeditepe \u00dcniversitesi Hukuk Fak\u00fcltesi\u2019nde e\u011fitimine ba\u015flam\u0131\u015f ve 2019 y\u0131l\u0131n\u0131n haziran ay\u0131nda mezun olmu\u015ftur. Yasal staj\u0131na \u00f6ncelikle \u0130cra ve \u0130flas Hukuku alan\u0131nda yo\u011funla\u015fan bir b\u00fcroda ba\u015flam\u0131\u015f ve akabinde Hansu Avukatl\u0131k B\u00fcrosu b\u00fcnyesine kat\u0131lm\u0131\u015f olup, halen yasal staj\u0131na devam etmektedir. \u00dcniversite e\u011fitimi boyunca \u00e7e\u015fitli seminer programlar\u0131na kat\u0131lm\u0131\u015f, sosyal sorumluluk projelerinde yer&#8230;<\/p>\n","protected":false},"author":1,"featured_media":8253,"parent":8206,"menu_order":181,"comment_status":"closed","ping_status":"closed","template":"","meta":[],"acf":[],"_links":{"self":[{"href":"https:\/\/hansu.av.tr\/fr\/wp-json\/wp\/v2\/pages\/8251"}],"collection":[{"href":"https:\/\/hansu.av.tr\/fr\/wp-json\/wp\/v2\/pages"}],"about":[{"href":"https:\/\/hansu.av.tr\/fr\/wp-json\/wp\/v2\/types\/page"}],"author":[{"embeddable":true,"href":"https:\/\/hansu.av.tr\/fr\/wp-json\/wp\/v2\/users\/1"}],"replies":[{"embeddable":true,"href":"https:\/\/hansu.av.tr\/fr\/wp-json\/wp\/v2\/comments?post=8251"}],"version-history":[{"count":3,"href":"https:\/\/hansu.av.tr\/fr\/wp-json\/wp\/v2\/pages\/8251\/revisions"}],"predecessor-version":[{"id":8862,"href":"https:\/\/hansu.av.tr\/fr\/wp-json\/wp\/v2\/pages\/8251\/revisions\/8862"}],"up":[{"embeddable":true,"href":"https:\/\/hansu.av.tr\/fr\/wp-json\/wp\/v2\/pages\/8206"}],"wp:featuredmedia":[{"embeddable":true,"href":"https:\/\/hansu.av.tr\/fr\/wp-json\/wp\/v2\/media\/8253"}],"wp:attachment":[{"href":"https:\/\/hansu.av.tr\/fr\/wp-json\/wp\/v2\/media?parent=8251"}],"curies":[{"name":"wp","href":"https:\/\/api.w.org\/{rel}","templated":true}]}}