{"id":8309,"date":"2020-05-07T16:21:35","date_gmt":"2020-05-07T13:21:35","guid":{"rendered":"https:\/\/hansu.av.tr\/nos-domaines-dexpertise\/birlesme-ve-devralmalar\/"},"modified":"2021-10-05T16:10:51","modified_gmt":"2021-10-05T13:10:51","slug":"fusion-et-acquisition","status":"publish","type":"page","link":"https:\/\/hansu.av.tr\/fr\/nos-domaines-dexpertise\/fusion-et-acquisition\/","title":{"rendered":"Fusions et acquisitions"},"content":{"rendered":"\t\t<div data-elementor-type=\"wp-post\" data-elementor-id=\"8309\" class=\"elementor elementor-8309 elementor-614\">\n\t\t\t\t\t\t<div class=\"elementor-inner\">\n\t\t\t\t<div class=\"elementor-section-wrap\">\n\t\t\t\t\t\t\t\t\t<section class=\"elementor-section elementor-top-section elementor-element elementor-element-10a4706 elementor-section-boxed elementor-section-height-default elementor-section-height-default\" data-id=\"10a4706\" data-element_type=\"section\">\n\t\t\t\t\t\t<div class=\"elementor-container elementor-column-gap-default\">\n\t\t\t\t\t\t\t<div class=\"elementor-row\">\n\t\t\t\t\t<div class=\"elementor-column elementor-col-100 elementor-top-column elementor-element elementor-element-37cb9bc\" data-id=\"37cb9bc\" data-element_type=\"column\">\n\t\t\t<div class=\"elementor-column-wrap elementor-element-populated\">\n\t\t\t\t\t\t\t<div class=\"elementor-widget-wrap\">\n\t\t\t\t\t\t<div class=\"elementor-element elementor-element-8cc4a83 elementor-widget elementor-widget-text-editor\" data-id=\"8cc4a83\" data-element_type=\"widget\" data-widget_type=\"text-editor.default\">\n\t\t\t\t<div class=\"elementor-widget-container\">\n\t\t\t\t\t\t\t\t<div class=\"elementor-text-editor elementor-clearfix\">\n\t\t\t\t<p>Birle\u015fme ve Devralmalar gibi b\u00fcy\u00fck ticari i\u015flemlerin karma\u015f\u0131kl\u0131\u011f\u0131 tart\u0131\u015fmas\u0131zd\u0131r. \u015eirket birle\u015fme ve devralma alma i\u015flemleri, herhangi bir \u015firketin, belirli pazarlara girmesi veya bu pazarlardan \u00e7\u0131kmas\u0131 ile olabilece\u011fi gibi \u015firketlerin ve di\u011fer sat\u0131n alma s\u00f6zle\u015fmelerinin aktar\u0131lmas\u0131 yolu ile de olabilmektedir. G\u00f6r\u00fcld\u00fc\u011f\u00fc \u00fczere bile\u015fme ve devralmalar, \u015firketler i\u00e7in genellikle karl\u0131l\u0131\u011f\u0131 artt\u0131ran, faaliyet alanlar\u0131n\u0131 etkileyen, efektif i\u015flemlerdir. G\u00fcn\u00fcm\u00fcz d\u00fcnyas\u0131 da k\u00fcreselle\u015fmeyi gerektirdi\u011finden, \u015firketler k\u00e2rl\u0131 kalabilmek i\u00e7in i\u015flemlerini s\u00fcrd\u00fcrecek ve s\u00fcrd\u00fcrmeye devam edeceklerdir ancak bu noktada ekonomik dalgalanmalardan etkilenmenin de \u00f6n\u00fcne ge\u00e7mek i\u00e7in ad\u0131mlar atmak da bir zorunluluktur. S\u00f6z konusu noktalarda ise s\u00fcrekli bir yasal deste\u011fin varl\u0131\u011f\u0131 elzem olup, Avukatl\u0131k B\u00fcromuz sekt\u00f6r odakl\u0131 olarak ve normal g\u00fcnl\u00fck faaliyetlerinin de ilgilendirdi\u011fi her alanda hukuki hizmet vermektedir.<\/p><p><strong><u>Nas\u0131l Yard\u0131mc\u0131 Olabiliriz?<\/u><\/strong><\/p><p>Avukatl\u0131k B\u00fcromuz hisse devir i\u015flemleri, \u015firket devir ve birle\u015fmeleri, ortakl\u0131k s\u00f6zle\u015fmeleri, risk sermayesi, sermaye piyasalar\u0131, kredi s\u00f6zle\u015fmeleri leasing s\u00f6zle\u015fmeleri, i\u015f\u00e7i haklar\u0131 ile \u015firket y\u00f6netici tazminatlar\u0131 ile i\u015f hukukundan kaynaklanan ihtilaflarda, iflas ve yeniden yap\u0131land\u0131rma i\u015flemlerinde, iflas planlamas\u0131 ve iflas davalar\u0131nda, yasal d\u00fczenlemelere uyum ve uygunluk dahil olmak \u00fczere \u015firketlerin g\u00fcnl\u00fck faaliyetlerini ilgilendiren her safhada m\u00fcvekkillerimize hukuki hizmet ve destek vermekteyiz.<\/p><p>Bu kapsamda Avukatl\u0131k B\u00fcromuz, \u015eirketler Hukuku alan\u0131nda \u015firket ve ortak giri\u015fim kurulmas\u0131, genel kurul toplant\u0131lar\u0131, az\u0131nl\u0131k ve imtiyazl\u0131 haklar\u0131n\u0131n korunmas\u0131 ve bu i\u015flemlere ili\u015fkin \u00f6n ara\u015ft\u0131rmalar\u0131n (due diligence) yap\u0131lmas\u0131, kurumsal y\u00f6netim ve y\u00f6netici sorumlulu\u011fu, \u00f6zel denet\u00e7ilerin, ge\u00e7ici y\u00f6netimin ve kayyumun atanmas\u0131, \u015firketlerin iflas\u0131 ve tasfiyesi, birle\u015fme ve devir alma s\u00f6zle\u015fmelerinin m\u00fczakeresi, incelenmesi ve d\u00fczenlenmesi, Rekabet Kurumu, SPK ve ilgili di\u011fer \u00f6zerk ve kamu kurumlar\u0131na s\u00fcresi i\u00e7erisinde gerekli ba\u015fvurular\u0131n yap\u0131lmas\u0131 ve takibi ve sonu\u00e7land\u0131r\u0131lmas\u0131 alanlar\u0131nda m\u00fcvekkillerine hukuki hizmet sunmaktad\u0131r.<\/p><p><strong><u>Kimlere Yard\u0131mc\u0131 Oluyoruz?<\/u><\/strong><\/p><p>Ticari her karar, \u015firketin b\u00fcy\u00fckl\u00fc\u011f\u00fcne veya k\u00fc\u00e7\u00fckl\u00fc\u011f\u00fcne ya da yerli veya yabanc\u0131 olmas\u0131na bak\u0131lmaks\u0131z\u0131n Avukatl\u0131k B\u00fcromuz taraf\u0131ndan titizlikle ele al\u0131nmaktad\u0131r. Dolay\u0131s\u0131yla ticari i\u015flemin de\u011ferinden veya faaliyet alan\u0131ndan ba\u011f\u0131ms\u0131z olarak t\u00fcm \u015firketlerin Avukatl\u0131k B\u00fcromuzdan hukuki hizmet almas\u0131 m\u00fcmk\u00fcnd\u00fcr.<\/p><p>\u00a0<\/p>\t\t\t\t\t<\/div>\n\t\t\t\t\t\t<\/div>\n\t\t\t\t<\/div>\n\t\t\t\t\t\t<\/div>\n\t\t\t\t\t<\/div>\n\t\t<\/div>\n\t\t\t\t\t\t\t\t<\/div>\n\t\t\t\t\t<\/div>\n\t\t<\/section>\n\t\t\t\t\t\t\t\t\t<\/div>\n\t\t\t<\/div>\n\t\t\t\t\t<\/div>\n\t\t","protected":false},"excerpt":{"rendered":"<p>Birle\u015fme ve Devralmalar gibi b\u00fcy\u00fck ticari i\u015flemlerin karma\u015f\u0131kl\u0131\u011f\u0131 tart\u0131\u015fmas\u0131zd\u0131r. \u015eirket birle\u015fme ve devralma alma i\u015flemleri, herhangi bir \u015firketin, belirli pazarlara girmesi veya bu pazarlardan \u00e7\u0131kmas\u0131 ile olabilece\u011fi gibi \u015firketlerin ve di\u011fer sat\u0131n alma s\u00f6zle\u015fmelerinin aktar\u0131lmas\u0131 yolu ile de olabilmektedir. G\u00f6r\u00fcld\u00fc\u011f\u00fc \u00fczere bile\u015fme ve devralmalar, \u015firketler i\u00e7in genellikle karl\u0131l\u0131\u011f\u0131 artt\u0131ran, faaliyet alanlar\u0131n\u0131 etkileyen, efektif i\u015flemlerdir. G\u00fcn\u00fcm\u00fcz&#8230;<\/p>\n","protected":false},"author":1,"featured_media":8311,"parent":8007,"menu_order":290,"comment_status":"closed","ping_status":"closed","template":"","meta":[],"acf":[],"_links":{"self":[{"href":"https:\/\/hansu.av.tr\/fr\/wp-json\/wp\/v2\/pages\/8309"}],"collection":[{"href":"https:\/\/hansu.av.tr\/fr\/wp-json\/wp\/v2\/pages"}],"about":[{"href":"https:\/\/hansu.av.tr\/fr\/wp-json\/wp\/v2\/types\/page"}],"author":[{"embeddable":true,"href":"https:\/\/hansu.av.tr\/fr\/wp-json\/wp\/v2\/users\/1"}],"replies":[{"embeddable":true,"href":"https:\/\/hansu.av.tr\/fr\/wp-json\/wp\/v2\/comments?post=8309"}],"version-history":[{"count":5,"href":"https:\/\/hansu.av.tr\/fr\/wp-json\/wp\/v2\/pages\/8309\/revisions"}],"predecessor-version":[{"id":8888,"href":"https:\/\/hansu.av.tr\/fr\/wp-json\/wp\/v2\/pages\/8309\/revisions\/8888"}],"up":[{"embeddable":true,"href":"https:\/\/hansu.av.tr\/fr\/wp-json\/wp\/v2\/pages\/8007"}],"wp:featuredmedia":[{"embeddable":true,"href":"https:\/\/hansu.av.tr\/fr\/wp-json\/wp\/v2\/media\/8311"}],"wp:attachment":[{"href":"https:\/\/hansu.av.tr\/fr\/wp-json\/wp\/v2\/media?parent=8309"}],"curies":[{"name":"wp","href":"https:\/\/api.w.org\/{rel}","templated":true}]}}