{"id":8323,"date":"2020-05-08T01:14:25","date_gmt":"2020-05-07T22:14:25","guid":{"rendered":"https:\/\/hansu.av.tr\/hansu-uluslararasi\/"},"modified":"2021-10-05T15:57:23","modified_gmt":"2021-10-05T12:57:23","slug":"international","status":"publish","type":"page","link":"https:\/\/hansu.av.tr\/fr\/international\/","title":{"rendered":"International"},"content":{"rendered":"\t\t<div data-elementor-type=\"wp-page\" data-elementor-id=\"8323\" class=\"elementor elementor-8323 elementor-1723\">\n\t\t\t\t\t\t<div class=\"elementor-inner\">\n\t\t\t\t<div class=\"elementor-section-wrap\">\n\t\t\t\t\t\t\t\t\t<section class=\"elementor-section elementor-top-section elementor-element elementor-element-40b9c9c7 elementor-section-boxed elementor-section-height-default elementor-section-height-default\" data-id=\"40b9c9c7\" data-element_type=\"section\">\n\t\t\t\t\t\t<div class=\"elementor-container elementor-column-gap-default\">\n\t\t\t\t\t\t\t<div class=\"elementor-row\">\n\t\t\t\t\t<div class=\"elementor-column elementor-col-100 elementor-top-column elementor-element elementor-element-12b04631\" data-id=\"12b04631\" data-element_type=\"column\">\n\t\t\t<div class=\"elementor-column-wrap elementor-element-populated\">\n\t\t\t\t\t\t\t<div class=\"elementor-widget-wrap\">\n\t\t\t\t\t\t<div class=\"elementor-element elementor-element-1af35c62 elementor-widget elementor-widget-text-editor\" data-id=\"1af35c62\" data-element_type=\"widget\" data-widget_type=\"text-editor.default\">\n\t\t\t\t<div class=\"elementor-widget-container\">\n\t\t\t\t\t\t\t\t<div class=\"elementor-text-editor elementor-clearfix\">\n\t\t\t\t<p><span style=\"font-weight: 400;\">Le cabinet d\u2019avocats Hansu est un cabinet de r\u00e9f\u00e9rence qui accompagne ses clients dans diverses activit\u00e9s commerciales au niveau international. Nous consid\u00e9rons qu&rsquo;il est important d&rsquo;offrir \u00e0 nos clients un service \u00e0 guichet unique (one-stop-shop service) afin de les aider \u00e0 concr\u00e9tiser des projets dans le monde entier. Nous sommes en mesure de fournir une assistance juridique compl\u00e8te aux investisseurs, aux soci\u00e9t\u00e9s, aux institutions et aux autres cabinets d&rsquo;avocats \u00e9trangers sur tous les investissements et transactions strat\u00e9giques et techniques, y compris les projets de fusions-acquisitions et de coentreprises (Joint Venture), les acquisitions immobili\u00e8res et les questions de conformit\u00e9 ainsi que les proc\u00e9dures judiciaires et d&rsquo;arbitrage, ceci gr\u00e2ce \u00e0 notre \u00e9quipe d\u2019avocats parfaitement polyglottes qui ont d\u00e9velopp\u00e9 un r\u00e9seaux \u00e9tendu et qui ont acquis une exp\u00e9rience approfondie des cultures d&rsquo;entreprise et des syst\u00e8mes juridiques \u00e9trangers.\u00a0<\/span><\/p><p><span style=\"font-weight: 400;\">Notre savoir-faire dans tous les grands secteurs d&rsquo;activit\u00e9 fait de nous un fournisseur unique en Turquie et nous permet de couvrir tous les domaines du droit commercial, notamment\u00a0:<\/span><\/p><ul><li style=\"font-weight: 400;\" aria-level=\"1\"><span style=\"font-weight: 400;\">Conseils sur les proc\u00e9dures de recouvrement international de cr\u00e9ances<\/span><\/li><li style=\"font-weight: 400;\" aria-level=\"1\"><span style=\"font-weight: 400;\">Traitement des proc\u00e9dures d&rsquo;arbitrage et des contentieux\u00a0<\/span><\/li><li style=\"font-weight: 400;\" aria-level=\"1\"><span style=\"font-weight: 400;\">R\u00e9daction de diff\u00e9rents contrats, notamment les contrats de vente et de services internationaux, les contrats de distribution et d&rsquo;agence, les contrats de location ainsi que les conditions g\u00e9n\u00e9rales des contrats<\/span><\/li><li style=\"font-weight: 400;\" aria-level=\"1\"><span style=\"font-weight: 400;\">Cr\u00e9ation de soci\u00e9t\u00e9s, de succursales et de bureaux de repr\u00e9sentation, et assistance dans le processus de cr\u00e9ation n\u00e9cessaire et typique tel que la r\u00e9daction des statuts, la demande d&rsquo;inscription au registre du commerce, l&rsquo;ouverture d&rsquo;un compte bancaire, la demande de permis en Turquie\u00a0<\/span><\/li><li style=\"font-weight: 400;\" aria-level=\"1\"><span style=\"font-weight: 400;\">Projets de fusions-acquisitions et de coentreprises (Joint Venture)<\/span><\/li><li style=\"font-weight: 400;\" aria-level=\"1\"><span style=\"font-weight: 400;\">R\u00e9alisation des audits juridiques (due diligence)<\/span><\/li><li style=\"font-weight: 400;\" aria-level=\"1\"><span style=\"font-weight: 400;\">Adaptation des organisations internationales d&rsquo;entreprises (y compris les r\u00e8gles internes) \u00e0 la l\u00e9gislation locale et au march\u00e9 local, et assistance \u00e0 la mise en conformit\u00e9 aux r\u00e8gles nationales<\/span><\/li><li style=\"font-weight: 400;\" aria-level=\"1\"><span style=\"font-weight: 400;\">Assistance sur les transactions immobili\u00e8res, y compris l&rsquo;acquisition et le financement de biens immobiliers en Turquie<\/span><\/li><li style=\"font-weight: 400;\" aria-level=\"1\"><span style=\"font-weight: 400;\">R\u00e9daction de bilans sur la situation juridique<\/span><\/li><li style=\"font-weight: 400;\" aria-level=\"1\"><span style=\"font-weight: 400;\">Questions relatives au droit du travail<\/span><\/li><li style=\"font-weight: 400;\" aria-level=\"1\"><span style=\"font-weight: 400;\">Protection de la propri\u00e9t\u00e9 intellectuelle, notamment des marques et des brevets<\/span><\/li><li style=\"font-weight: 400;\" aria-level=\"1\"><span style=\"font-weight: 400;\">\u00c9tablissement des droits r\u00e9els sur les biens immobiliers<\/span><\/li><li style=\"font-weight: 400;\" aria-level=\"1\"><span style=\"font-weight: 400;\">\u00c9tablissement des gages sur les biens meubles<\/span><\/li><li style=\"font-weight: 400;\" aria-level=\"1\"><span style=\"font-weight: 400;\">Conduite des proc\u00e9dures d&rsquo;appel d&rsquo;offres<\/span><\/li><li style=\"font-weight: 400;\" aria-level=\"1\"><span style=\"font-weight: 400;\">Assistance sur l\u2019obtention de la nationalit\u00e9 turque par investissement immobilier<\/span><\/li><\/ul><p><span style=\"font-weight: 400;\">En outre, le cabinet juridique Hansu assiste les entreprises turques quant \u00e0 leurs activit\u00e9s commerciales \u00e0 l&rsquo;international. Gr\u00e2ce \u00e0 son r\u00e9seau national et international, le cabinet assiste ses clients turcs pour leurs affaires et op\u00e9rations en Europe et ailleurs.<\/span> <span style=\"font-weight: 400;\">Nous nous engageons \u00e0 cr\u00e9er et travailler avec des \u00e9quipes d\u2019experts afin d\u2019assurer une\u00a0 assistance sur-mesure et adapt\u00e9e aux besoins particuliers de nos clients.\u00a0<\/span><\/p><p><span style=\"font-weight: 400;\">Gr\u00e2ce \u00e0 notre \u00e9quipe d&rsquo;experts polyglottes et \u00e0 notre r\u00e9seau international de prestataires de services juridiques, nous sommes en mesure de vous assister dans les pays suivants :<\/span><\/p><ul><li><span style=\"font-weight: 400;\">German Desk\u00a0: <\/span><a href=\"mailto:ata.torun@hansu.av.tr\"><span style=\"font-weight: 400;\">ata.torun@hansu.av.tr<\/span><\/a>\u00a0<\/li><li><span style=\"font-weight: 400;\">UK Desk\u00a0: <\/span><a href=\"mailto:fuldensenocak@hansu.av.tr\"><span style=\"font-weight: 400;\">fuldensenocak@hansu.av.tr<\/span><\/a>\u00a0<\/li><li><span style=\"font-weight: 400;\">French Desk : <\/span><a href=\"mailto:kubilaygultekin@hansu.av.tr\"><span style=\"font-weight: 400;\">kubilaygultekin@hansu.av.tr<\/span><\/a>\u00a0<\/li><\/ul>\t\t\t\t\t<\/div>\n\t\t\t\t\t\t<\/div>\n\t\t\t\t<\/div>\n\t\t\t\t\t\t<\/div>\n\t\t\t\t\t<\/div>\n\t\t<\/div>\n\t\t\t\t\t\t\t\t<\/div>\n\t\t\t\t\t<\/div>\n\t\t<\/section>\n\t\t\t\t\t\t\t\t\t<\/div>\n\t\t\t<\/div>\n\t\t\t\t\t<\/div>\n\t\t","protected":false},"excerpt":{"rendered":"<p>Le cabinet d\u2019avocats Hansu est un cabinet de r\u00e9f\u00e9rence qui accompagne ses clients dans diverses activit\u00e9s commerciales au niveau international. Nous consid\u00e9rons qu&rsquo;il est important d&rsquo;offrir \u00e0 nos clients un service \u00e0 guichet unique (one-stop-shop service) afin de les aider \u00e0 concr\u00e9tiser des projets dans le monde entier. Nous sommes en mesure de fournir une&#8230;<\/p>\n","protected":false},"author":1,"featured_media":0,"parent":0,"menu_order":376,"comment_status":"closed","ping_status":"closed","template":"","meta":[],"acf":[],"_links":{"self":[{"href":"https:\/\/hansu.av.tr\/fr\/wp-json\/wp\/v2\/pages\/8323"}],"collection":[{"href":"https:\/\/hansu.av.tr\/fr\/wp-json\/wp\/v2\/pages"}],"about":[{"href":"https:\/\/hansu.av.tr\/fr\/wp-json\/wp\/v2\/types\/page"}],"author":[{"embeddable":true,"href":"https:\/\/hansu.av.tr\/fr\/wp-json\/wp\/v2\/users\/1"}],"replies":[{"embeddable":true,"href":"https:\/\/hansu.av.tr\/fr\/wp-json\/wp\/v2\/comments?post=8323"}],"version-history":[{"count":9,"href":"https:\/\/hansu.av.tr\/fr\/wp-json\/wp\/v2\/pages\/8323\/revisions"}],"predecessor-version":[{"id":8872,"href":"https:\/\/hansu.av.tr\/fr\/wp-json\/wp\/v2\/pages\/8323\/revisions\/8872"}],"wp:attachment":[{"href":"https:\/\/hansu.av.tr\/fr\/wp-json\/wp\/v2\/media?parent=8323"}],"curies":[{"name":"wp","href":"https:\/\/api.w.org\/{rel}","templated":true}]}}