{"id":8345,"date":"2020-06-04T14:49:40","date_gmt":"2020-06-04T11:49:40","guid":{"rendered":"https:\/\/hansu.av.tr\/bireysel\/"},"modified":"2021-10-05T16:00:45","modified_gmt":"2021-10-05T13:00:45","slug":"particulier","status":"publish","type":"page","link":"https:\/\/hansu.av.tr\/fr\/particulier\/","title":{"rendered":"Particulier"},"content":{"rendered":"\t\t<div data-elementor-type=\"wp-page\" data-elementor-id=\"8345\" class=\"elementor elementor-8345 elementor-3131\">\n\t\t\t\t\t\t<div class=\"elementor-inner\">\n\t\t\t\t<div class=\"elementor-section-wrap\">\n\t\t\t\t\t\t\t\t\t<section class=\"elementor-section elementor-top-section elementor-element elementor-element-40b9c9c7 elementor-section-boxed elementor-section-height-default elementor-section-height-default\" data-id=\"40b9c9c7\" data-element_type=\"section\">\n\t\t\t\t\t\t<div class=\"elementor-container elementor-column-gap-default\">\n\t\t\t\t\t\t\t<div class=\"elementor-row\">\n\t\t\t\t\t<div class=\"elementor-column elementor-col-100 elementor-top-column elementor-element elementor-element-12b04631\" data-id=\"12b04631\" data-element_type=\"column\">\n\t\t\t<div class=\"elementor-column-wrap elementor-element-populated\">\n\t\t\t\t\t\t\t<div class=\"elementor-widget-wrap\">\n\t\t\t\t\t\t<div class=\"elementor-element elementor-element-1af35c62 elementor-widget elementor-widget-text-editor\" data-id=\"1af35c62\" data-element_type=\"widget\" data-widget_type=\"text-editor.default\">\n\t\t\t\t<div class=\"elementor-widget-container\">\n\t\t\t\t\t\t\t\t<div class=\"elementor-text-editor elementor-clearfix\">\n\t\t\t\t<p><span style=\"font-weight: 400;\">Le cabinet d\u2019avocats Hansu est un cabinet de r\u00e9f\u00e9rence offrant un service complet et \u00e0 guichet unique \u00e0 ses clients r\u00e9sidant en Turquie ou \u00e0 l&rsquo;\u00e9tranger ainsi que son portefeuille de clients comprenant des investisseurs, des soci\u00e9t\u00e9s, des organisations et des cabinets d&rsquo;avocats \u00e9trangers. Dot\u00e9 d\u2019un important r\u00e9seau, notre cabinet d\u2019avocats accompagne les particuliers qui ont besoin de services juridiques et d&rsquo;une assistance juridique en Turquie et \u00e0 l&rsquo;\u00e9tranger. Gr\u00e2ce \u00e0 notre \u00e9quipe d\u2019avocats polyglottes qui ont d\u00e9velopp\u00e9 un r\u00e9seau \u00e9tendu et qui ont acquis une exp\u00e9rience approfondie des cultures d&rsquo;entreprise et des syst\u00e8mes juridiques \u00e9trangers, nous sommes en mesure de fournir une assistance juridique compl\u00e8te aux particuliers turcs et \u00e9trangers, en Turquie comme \u00e0 l\u2019\u00e9tranger en mati\u00e8re de permis de s\u00e9jour, de cr\u00e9ation d&rsquo;entreprises, d&rsquo;achat de biens immobilier, d&rsquo;obtention de la nationalit\u00e9 par investissement immobilier, de participation aux appels d&rsquo;offres et de conseil en investissements \u00e9trangers.<\/span><\/p><p><span style=\"font-weight: 400;\">Notre savoir-faire \u00e9tendu dans les principaux secteurs d&rsquo;activit\u00e9 fait de nous un fournisseur unique en Turquie et nous permet de couvrir tous les domaines du droit, y compris les questions juridiques suivantes :<\/span><\/p><ul><li><span style=\"font-weight: 400;\">L\u2019assistance juridique aux personnes physiques pour la cr\u00e9ation d\u2019entreprise ou de soci\u00e9t\u00e9s, de succursales, de bureaux de repr\u00e9sentation, et un soutien dans le processus de cr\u00e9ation n\u00e9cessaire et typique tel que la r\u00e9daction des statuts, la demande d&rsquo;inscription au registre du commerce, l&rsquo;ouverture d&rsquo;un compte bancaire, la demande de permis en Turquie<\/span><\/li><li><span style=\"font-weight: 400;\">L\u2019achat de biens immobiliers en Turquie<\/span><\/li><li><span style=\"font-weight: 400;\">L\u2019obtention de la nationalit\u00e9 turque par investissement immobilier<\/span><\/li><li><span style=\"font-weight: 400;\">L\u2019assistance juridique pour l\u2019obtention de la nationalit\u00e9 et des permis de s\u00e9jour<\/span><\/li><li><span style=\"font-weight: 400;\">L\u2019assistance juridique aux \u00e9trangers souhaitant choisir la Turquie comme leur march\u00e9 commercial et l\u2019accompagnement en mati\u00e8re de cr\u00e9ation d\u2019entreprise start-up<\/span><\/li><li><span style=\"font-weight: 400;\">L\u2019accompagnement juridique sur les appels d\u2019offres en Turquie<\/span><\/li><li><span style=\"font-weight: 400;\">Obtention des permis de travail<\/span><\/li><li><span style=\"font-weight: 400;\">L\u2019accompagnement juridique en mati\u00e8re d\u2019investissement \u00e9tranger<\/span><\/li><\/ul><p><span style=\"font-weight: 400;\">En outre, le cabinet d\u2019avocats Hansu accompagne ses clients particuliers dans toutes leurs activit\u00e9s en Turquie avec le soutien de son vaste r\u00e9seau de partenaires. Notre excellent r\u00e9seau de contacts nous permet de fournir une assistance juridique adapt\u00e9e \u00e0 nos clients \u00e9trangers que ces derniers se trouvent en Turquie, dans la r\u00e9gion EMEA ou ailleurs dans le monde. Lorsque nous collaborons avec nos coll\u00e8gues des autres pays, nous assurons g\u00e9n\u00e9ralement la gestion des projets et la coordination des services juridiques en tant que principal point de contact entre notre client et les \u00e9quipes d&rsquo;avocats \u00e0 l&rsquo;\u00e9tranger.<\/span> <span style=\"font-weight: 400;\">Nous nous engageons toujours \u00e0 former des \u00e9quipes de sp\u00e9cialistes en fonction des juridictions \u00e9trang\u00e8res respectives et des exigences particuli\u00e8res de notre client.\u00a0<\/span><\/p><p><span style=\"font-weight: 400;\">Gr\u00e2ce \u00e0 notre \u00e9quipe d&rsquo;experts polyglottes et \u00e0 notre r\u00e9seau international de prestataires de services juridiques, nous sommes en mesure de vous assister dans les pays suivants :<\/span><\/p><ul><li style=\"font-weight: 400;\" aria-level=\"1\"><span style=\"font-weight: 400;\">German Desk\u00a0: <\/span><a href=\"mailto:ata.torun@hansu.av.tr\"><span style=\"font-weight: 400;\">ata.torun@hansu.av.tr<\/span><\/a>\u00a0<\/li><li style=\"font-weight: 400;\" aria-level=\"1\"><span style=\"font-weight: 400;\">UK Desk\u00a0: <\/span><a href=\"mailto:fuldensenocak@hansu.av.tr\"><span style=\"font-weight: 400;\">fuldensenocak@hansu.av.tr<\/span><\/a>\u00a0<\/li><li style=\"font-weight: 400;\" aria-level=\"1\"><span style=\"font-weight: 400;\">French Desk : <\/span><a href=\"mailto:kubilaygultekin@hansu.av.tr\"><span style=\"font-weight: 400;\">kubilaygultekin@hansu.av.tr<\/span><\/a>\u00a0<\/li><\/ul><p>\u00a0<\/p>\t\t\t\t\t<\/div>\n\t\t\t\t\t\t<\/div>\n\t\t\t\t<\/div>\n\t\t\t\t\t\t<\/div>\n\t\t\t\t\t<\/div>\n\t\t<\/div>\n\t\t\t\t\t\t\t\t<\/div>\n\t\t\t\t\t<\/div>\n\t\t<\/section>\n\t\t\t\t\t\t\t\t\t<\/div>\n\t\t\t<\/div>\n\t\t\t\t\t<\/div>\n\t\t","protected":false},"excerpt":{"rendered":"<p>Le cabinet d\u2019avocats Hansu est un cabinet de r\u00e9f\u00e9rence offrant un service complet et \u00e0 guichet unique \u00e0 ses clients r\u00e9sidant en Turquie ou \u00e0 l&rsquo;\u00e9tranger ainsi que son portefeuille de clients comprenant des investisseurs, des soci\u00e9t\u00e9s, des organisations et des cabinets d&rsquo;avocats \u00e9trangers. Dot\u00e9 d\u2019un important r\u00e9seau, notre cabinet d\u2019avocats accompagne les particuliers qui&#8230;<\/p>\n","protected":false},"author":1,"featured_media":0,"parent":0,"menu_order":311,"comment_status":"closed","ping_status":"closed","template":"","meta":[],"acf":[],"_links":{"self":[{"href":"https:\/\/hansu.av.tr\/fr\/wp-json\/wp\/v2\/pages\/8345"}],"collection":[{"href":"https:\/\/hansu.av.tr\/fr\/wp-json\/wp\/v2\/pages"}],"about":[{"href":"https:\/\/hansu.av.tr\/fr\/wp-json\/wp\/v2\/types\/page"}],"author":[{"embeddable":true,"href":"https:\/\/hansu.av.tr\/fr\/wp-json\/wp\/v2\/users\/1"}],"replies":[{"embeddable":true,"href":"https:\/\/hansu.av.tr\/fr\/wp-json\/wp\/v2\/comments?post=8345"}],"version-history":[{"count":12,"href":"https:\/\/hansu.av.tr\/fr\/wp-json\/wp\/v2\/pages\/8345\/revisions"}],"predecessor-version":[{"id":8887,"href":"https:\/\/hansu.av.tr\/fr\/wp-json\/wp\/v2\/pages\/8345\/revisions\/8887"}],"wp:attachment":[{"href":"https:\/\/hansu.av.tr\/fr\/wp-json\/wp\/v2\/media?parent=8345"}],"curies":[{"name":"wp","href":"https:\/\/api.w.org\/{rel}","templated":true}]}}