{"id":8398,"date":"2021-06-22T10:39:14","date_gmt":"2021-06-22T07:39:14","guid":{"rendered":"https:\/\/hansu.av.tr\/nos-domaines-dexpertise\/ticari-suclar-ve-yolsuzlukla-mucadele\/"},"modified":"2021-10-05T16:13:29","modified_gmt":"2021-10-05T13:13:29","slug":"criminalite-des-affaires-et-lutte-anti-corruption","status":"publish","type":"page","link":"https:\/\/hansu.av.tr\/fr\/nos-domaines-dexpertise\/criminalite-des-affaires-et-lutte-anti-corruption\/","title":{"rendered":"Crimes commerciaux, \u00e9conomiques et en col blanc\u2019"},"content":{"rendered":"<p>Hansu Avukatl\u0131k B\u00fcrosu, \u00fcst d\u00fczey y\u00f6netici ve y\u00f6netim kurulu \u00fcyesi olan m\u00fcvekkillerinin, g\u00f6revlerini hukuka uygun bir \u015fekilde yerine getirerek, ticari, ekonomik, beyaz yaka su\u00e7lar\u0131 bak\u0131m\u0131ndan \u00f6ncelikle herhangi bir ceza soru\u015fturmas\u0131na maruz kalmamalar\u0131 i\u00e7in dan\u0131\u015fmanl\u0131k hizmeti vermektedir. S\u00f6z konusu su\u00e7lara ili\u015fkin olarak ba\u015flat\u0131lan ceza soru\u015fturmalar\u0131 ile birlikte t\u00fcm ceza yarg\u0131lamas\u0131n\u0131n her a\u015famas\u0131nda ihtiya\u00e7 duyulabilecek hukuki avukatl\u0131k hizmeti ise teknik konularda akademik \u00e7al\u0131\u015fmalar\u0131 ile tan\u0131nan dan\u0131\u015fmanlar\u0131n deste\u011fiyle uzman ekibimiz taraf\u0131ndan sa\u011flanmaktad\u0131r. Bu su\u00e7 tiplerinin kendilerine \u00f6zg\u00fc teknik bilgi gerektiren yap\u0131s\u0131, mahkumiyet halinde kar\u015f\u0131 kar\u015f\u0131ya kal\u0131nacak cezai yapt\u0131r\u0131m\u0131n a\u011f\u0131rl\u0131\u011f\u0131 ve muhtemel hukuk yarg\u0131lamas\u0131, tecr\u00fcbeli bir hukuk b\u00fcrosundan al\u0131nacak y\u00fcksek kalitede hukuki hizmetin \u00f6nemini ortaya koymaktad\u0131r.<\/p>\n<p>Hansu Avukatl\u0131k B\u00fcrosu olarak, m\u00fcvekkillerimize verdi\u011fimiz ba\u015fl\u0131ca hizmetlerimiz;<\/p>\n<ul>\n<li>Ticari su\u00e7lar ve yolsuzlukla m\u00fccadele kapsam\u0131nda uygunluk denetimi<\/li>\n<li>Hukuka uyum politikalar\u0131n\u0131n haz\u0131rlanmas\u0131<\/li>\n<li>\u015eirket sahipleri ve \u00fcst d\u00fczey y\u00f6neticilere e\u011fitimler<\/li>\n<li>Cezai, idari ve adli soru\u015fturma ve incelemelerde temsil<\/li>\n<li>Dava takibi<\/li>\n<\/ul>\n","protected":false},"excerpt":{"rendered":"<p>Hansu Avukatl\u0131k B\u00fcrosu, \u00fcst d\u00fczey y\u00f6netici ve y\u00f6netim kurulu \u00fcyesi olan m\u00fcvekkillerinin, g\u00f6revlerini hukuka uygun bir \u015fekilde yerine getirerek, ticari, ekonomik, beyaz yaka su\u00e7lar\u0131 bak\u0131m\u0131ndan \u00f6ncelikle herhangi bir ceza soru\u015fturmas\u0131na maruz kalmamalar\u0131 i\u00e7in dan\u0131\u015fmanl\u0131k hizmeti vermektedir. S\u00f6z konusu su\u00e7lara ili\u015fkin olarak ba\u015flat\u0131lan ceza soru\u015fturmalar\u0131 ile birlikte t\u00fcm ceza yarg\u0131lamas\u0131n\u0131n her a\u015famas\u0131nda ihtiya\u00e7 duyulabilecek hukuki avukatl\u0131k&#8230;<\/p>\n","protected":false},"author":1,"featured_media":0,"parent":8007,"menu_order":127,"comment_status":"closed","ping_status":"closed","template":"","meta":[],"acf":[],"_links":{"self":[{"href":"https:\/\/hansu.av.tr\/fr\/wp-json\/wp\/v2\/pages\/8398"}],"collection":[{"href":"https:\/\/hansu.av.tr\/fr\/wp-json\/wp\/v2\/pages"}],"about":[{"href":"https:\/\/hansu.av.tr\/fr\/wp-json\/wp\/v2\/types\/page"}],"author":[{"embeddable":true,"href":"https:\/\/hansu.av.tr\/fr\/wp-json\/wp\/v2\/users\/1"}],"replies":[{"embeddable":true,"href":"https:\/\/hansu.av.tr\/fr\/wp-json\/wp\/v2\/comments?post=8398"}],"version-history":[{"count":4,"href":"https:\/\/hansu.av.tr\/fr\/wp-json\/wp\/v2\/pages\/8398\/revisions"}],"predecessor-version":[{"id":8893,"href":"https:\/\/hansu.av.tr\/fr\/wp-json\/wp\/v2\/pages\/8398\/revisions\/8893"}],"up":[{"embeddable":true,"href":"https:\/\/hansu.av.tr\/fr\/wp-json\/wp\/v2\/pages\/8007"}],"wp:attachment":[{"href":"https:\/\/hansu.av.tr\/fr\/wp-json\/wp\/v2\/media?parent=8398"}],"curies":[{"name":"wp","href":"https:\/\/api.w.org\/{rel}","templated":true}]}}