{"id":8559,"date":"2021-06-23T21:38:14","date_gmt":"2021-06-23T18:38:14","guid":{"rendered":"https:\/\/hansu.av.tr\/nos-domaines-dexpertise\/enerji-madencilik-ve-altyapi\/"},"modified":"2021-10-05T17:04:01","modified_gmt":"2021-10-05T14:04:01","slug":"energie-mines-et-infrastructures","status":"publish","type":"page","link":"https:\/\/hansu.av.tr\/fr\/nos-domaines-dexpertise\/energie-mines-et-infrastructures\/","title":{"rendered":"\u00c9nergie, mines et infrastructures"},"content":{"rendered":"<p>Hansu Avukatl\u0131k B\u00fcrosu, enerji projeleri geli\u015ftirmesi alan\u0131nda geni\u015f tecr\u00fcbe ve sekt\u00f6rel bilgi birikimine sahip ekibiyle, elektrik, yenilenebilir enerji, do\u011falgaz, petrol ve LPG piyasas\u0131nda faaliyet g\u00f6steren yerel ve uluslararas\u0131 \u015firketlere hukuki dan\u0131\u015fmanl\u0131k hizmeti vermektedir.<\/p>\n<p>Enerji hukuku alan\u0131nda uzman ekibimiz;<\/p>\n<ul>\n<li>EPDK d\u00fczenlemeleri ve piyasaya kat\u0131l\u0131m \u015fartlar\u0131<\/li>\n<li>Proje geli\u015ftirme ve finansman\u0131<\/li>\n<li>Enerji santrali projeleri, kurumsal i\u015flemler ve yat\u0131r\u0131mlar i\u00e7in hukuki durum tespiti raporlar\u0131<\/li>\n<li>Mevzuat, reg\u00fclasyon ve ihale dok\u00fcman\u0131 analizlerinin yap\u0131lmas\u0131,<\/li>\n<li>EPC kontratlar\u0131n haz\u0131rlanmas\u0131, analizi ve m\u00fczakeresi,<\/li>\n<li>\u0130zin ve lisans ba\u015fvurular\u0131<\/li>\n<li>Enerji \u015firketlerinin kurulu\u015fu<\/li>\n<li>Enerji projelerinin &amp; \u015firketlerinin devral\u0131nmas\u0131<\/li>\n<li>Su, r\u00fczgar, g\u00fcne\u015f gibi yenilenebilir enerji kaynakl\u0131 elektrik \u00fcretimi santrallerinin kurulumuna ili\u015fkin ba\u015fvurular<\/li>\n<li>\u00d6zelle\u015ftirme yolu ile hidroelektrik santrallerinin sat\u0131n al\u0131nmas\u0131<\/li>\n<li>\u00d6zelle\u015ftirme ihaleleri<\/li>\n<li>Yenilebilir enerji ve te\u015fvikler<\/li>\n<li>Stratejik ortakl\u0131k, i\u015fbirli\u011fi, i\u015f ortakl\u0131\u011f\u0131 ve konsorsiyum s\u00f6zle\u015fmeleri<\/li>\n<li>Alt s\u00f6zle\u015fmeler, bayilik s\u00f6zle\u015fmeleri ve m\u00fcnhas\u0131r da\u011f\u0131t\u0131m s\u00f6zle\u015fmeleri<\/li>\n<li>Sondaj ve rehabilitasyon s\u00f6zle\u015fmeleri<\/li>\n<li>Due Diligence raporlar\u0131<\/li>\n<li>Enerji Piyasas\u0131 D\u00fczenleme Kurumu (EPDK) nezdinde temsil<\/li>\n<li>\u00c7ED raporunun al\u0131nmas\u0131 ve \u00c7ED raporuna kar\u015f\u0131 a\u00e7\u0131lan davalar<\/li>\n<li>\u00d6zelle\u015ftirme, kamula\u015ft\u0131rma ve kamula\u015ft\u0131rma bedeline ili\u015fkin s\u00fcre\u00e7lerde tazminattan kaynaklanan uyu\u015fmazl\u0131klar\u0131n \u00e7\u00f6z\u00fcm\u00fc<\/li>\n<li>Elektrik ve do\u011falgaz perakende da\u011f\u0131t\u0131m \u015firketlerinin alacaklar\u0131n\u0131n kurumsal olarak tahsili<\/li>\n<\/ul>\n<p>konular\u0131nda hukuki destek sa\u011flamaktad\u0131r.<\/p>\n<p>Avukatl\u0131k B\u00fcromuz ayr\u0131ca, yerel ve uluslararas\u0131 maden ve do\u011fal kaynak \u015firketlerine, do\u011fal kaynaklar\u0131n kullan\u0131lmas\u0131, \u00fcretimi ve da\u011f\u0131t\u0131m\u0131 ile kamu kurulu\u015flar\u0131ndan gerekli izin ve lisanslar\u0131n al\u0131nmas\u0131 s\u00fcre\u00e7leri dahil kapsaml\u0131 \u015fekilde hukuki hizmet vermektedir.<\/p>\n<ul>\n<li>Maden aramaya ili\u015fkin ruhsat ve izinlerin al\u0131nmas\u0131, ruhsat devri i\u015flemleri<\/li>\n<li>Durum tespiti, arazi tahsisi, arazi al\u0131m\u0131 ve birle\u015ftirme, imtiyaz kazan\u0131m\u0131, lisanslama, intifa ve irtifak tesisi,<\/li>\n<li>Maden oca\u011f\u0131 i\u015fletme kira s\u00f6zle\u015fmeleri<\/li>\n<li>\u00c7evre etkisi de\u011ferlendirme hizmetleri<\/li>\n<li>Madencilik faaliyetlerinin finansman ve g\u00fcvenlile\u015ftirme \u00e7al\u0131\u015fmalar\u0131,<\/li>\n<li>\u00d6\u011f\u00fctme, \u00fccret kar\u015f\u0131l\u0131\u011f\u0131 i\u015fleme ve ar\u0131tma s\u00f6zle\u015fmelerinin de\u011ferlendirilmesi, tasla\u011f\u0131n\u0131n haz\u0131rlanmas\u0131 ve uygulamaya konmas\u0131<\/li>\n<li>Madenler ve maden ruhsatlar\u0131 \u00fczerine rehin, haciz, ipotek ve ihtiyati tedbir konulmas\u0131<\/li>\n<li>Maden oca\u011f\u0131 kazalar\u0131 davalar\u0131<\/li>\n<li>Maden devlet haklar\u0131 ve teminat iratlar\u0131 konusunda olu\u015fan ihtilaflar<\/li>\n<li>Maden ruhsatlar\u0131 ile su havzalar\u0131, milli parklar, yaban hayat\u0131 alanlar\u0131, sit alanlar\u0131, tar\u0131m alanlar\u0131 aras\u0131nda do\u011fan uyu\u015fmazl\u0131klar<\/li>\n<li>Madencilik faaliyetlerinin, \u00f6zel m\u00fclkiyet, imar alanlar\u0131 i\u00e7erisinde kalmas\u0131 ve \u00e7evre d\u00fczeni planlar\u0131 ile ili\u015fkisinden do\u011fan uyu\u015fmazl\u0131klar<\/li>\n<li>Maden ihaleleri ile ilgili usul ve esastan kaynaklanan davalar<\/li>\n<\/ul>\n","protected":false},"excerpt":{"rendered":"<p>Hansu Avukatl\u0131k B\u00fcrosu, enerji projeleri geli\u015ftirmesi alan\u0131nda geni\u015f tecr\u00fcbe ve sekt\u00f6rel bilgi birikimine sahip ekibiyle, elektrik, yenilenebilir enerji, do\u011falgaz, petrol ve LPG piyasas\u0131nda faaliyet g\u00f6steren yerel ve uluslararas\u0131 \u015firketlere hukuki dan\u0131\u015fmanl\u0131k hizmeti vermektedir. Enerji hukuku alan\u0131nda uzman ekibimiz; EPDK d\u00fczenlemeleri ve piyasaya kat\u0131l\u0131m \u015fartlar\u0131 Proje geli\u015ftirme ve finansman\u0131 Enerji santrali projeleri, kurumsal i\u015flemler ve yat\u0131r\u0131mlar&#8230;<\/p>\n","protected":false},"author":1,"featured_media":0,"parent":8007,"menu_order":67,"comment_status":"closed","ping_status":"closed","template":"","meta":[],"acf":[],"_links":{"self":[{"href":"https:\/\/hansu.av.tr\/fr\/wp-json\/wp\/v2\/pages\/8559"}],"collection":[{"href":"https:\/\/hansu.av.tr\/fr\/wp-json\/wp\/v2\/pages"}],"about":[{"href":"https:\/\/hansu.av.tr\/fr\/wp-json\/wp\/v2\/types\/page"}],"author":[{"embeddable":true,"href":"https:\/\/hansu.av.tr\/fr\/wp-json\/wp\/v2\/users\/1"}],"replies":[{"embeddable":true,"href":"https:\/\/hansu.av.tr\/fr\/wp-json\/wp\/v2\/comments?post=8559"}],"version-history":[{"count":5,"href":"https:\/\/hansu.av.tr\/fr\/wp-json\/wp\/v2\/pages\/8559\/revisions"}],"predecessor-version":[{"id":8919,"href":"https:\/\/hansu.av.tr\/fr\/wp-json\/wp\/v2\/pages\/8559\/revisions\/8919"}],"up":[{"embeddable":true,"href":"https:\/\/hansu.av.tr\/fr\/wp-json\/wp\/v2\/pages\/8007"}],"wp:attachment":[{"href":"https:\/\/hansu.av.tr\/fr\/wp-json\/wp\/v2\/media?parent=8559"}],"curies":[{"name":"wp","href":"https:\/\/api.w.org\/{rel}","templated":true}]}}