{"id":8680,"date":"2020-06-01T11:55:09","date_gmt":"2020-06-01T08:55:09","guid":{"rendered":"https:\/\/hansu.av.tr\/hansu-avukatlik-burosu-cerez-politikasi\/"},"modified":"2021-09-16T17:58:23","modified_gmt":"2021-09-16T14:58:23","slug":"politique-relative-aux-cookies-du-cabinet-davocats-hansu","status":"publish","type":"page","link":"https:\/\/hansu.av.tr\/fr\/politique-relative-aux-cookies-du-cabinet-davocats-hansu\/","title":{"rendered":"POLITIQUE RELAT\u0130VE AUX COOKIES DU CABINET D\u2019AVOCATS HANSU"},"content":{"rendered":"<p><span style=\"font-weight: 400;\">Nous utilisons les cookies afin de fournir les services et fonctionnalit\u00e9s propos\u00e9s sur notre site et afin d\u2019am\u00e9liorer l\u2019exp\u00e9rience de nos utilisateurs. Cette politique relatives aux cookies (\u00ab\u00a0Politique\u00a0\u00bb) est pr\u00e9par\u00e9e pour informer nos estim\u00e9s visiteurs sur les cookies utilis\u00e9s par le site web du cabinet d&rsquo;avocats HANSU, sur la mani\u00e8re dont il est g\u00e9r\u00e9 et maintenu par nous et sur la mani\u00e8re dont vous pouvez g\u00e9rer les pr\u00e9f\u00e9rences relatives aux cookies.<\/span><\/p>\n<p><span style=\"font-weight: 400;\">La pr\u00e9sente politique relatives aux cookies est valable pour les cookies utilis\u00e9s sur le site web pr\u00e9par\u00e9 et ex\u00e9cut\u00e9 par le cabinet d\u2019avocat HANSU et explique les principes de l&rsquo;utilisation des cookies par le cabinet d\u2019avocats HANSU<\/span><\/p>\n<p class=\"p3\"><b>QUE SONT DES COOKIES\u00a0?<\/b><\/p>\n<p class=\"p1\"><span style=\"font-weight: 400;\">Les cookies sont de petits fichiers texte qui sont envoy\u00e9s sur le disque dur de votre ordinateur par un site Internet. Chaque fois que vous retournez sur le site Internet en question, votre navigateur retrouve et envoie le(s) cookie(s) concern\u00e9(s) au serveur du site internet. Les utilisateurs, s\u2019ils le souhaitent, peuvent supprimer les cookies consentis \u00e0 tout moment.<\/span><\/p>\n<p class=\"p1\"><b>QUELS SONT LES TYPES DE COOKIES ?<\/b><\/p>\n<p class=\"p4\"><span class=\"s1\"><b>&#8211; Les cookies de sessions (Cookies temporaires)<\/b><\/span><\/p>\n<p class=\"p1\"><span style=\"font-weight: 400;\">Les cookies de session sont cr\u00e9\u00e9s de mani\u00e8re temporaire dans le sous-dossier de votre navigateur au moment o\u00f9 vous visitez un site web. Une fois que vous quittez le site, le cookie de session est supprim\u00e9.<\/span><\/p>\n<p class=\"p1\"><span class=\"s1\">&#8211;<b> Les cookies obligatoires<\/b><\/span><\/p>\n<p class=\"p1\"><span style=\"font-weight: 400;\">Les cookies obligatoires sont des cookies techniques anonymes qui permettent \u00e0 notre site web de fonctionner correctement et permettent le bon fonctionnement du site, permettent aux utilisateurs de surfer sur le site et d&rsquo;utiliser ses fonctionnalit\u00e9s. Ils font partie de la cat\u00e9gorie des cookies obligatoires. La d\u00e9sactivation de ces cookies entra\u00eenera des difficult\u00e9s d&rsquo;utilisation des fonctionnalit\u00e9s de notre site web. L\u2019utilisation de ces cookies obligatoires n\u2019est pas subordonn\u00e9e au consentement de nos estim\u00e9s visiteurs.<\/span><\/p>\n<p class=\"p4\"><span class=\"s1\"><b>&#8211; Les cookies permanents<\/b><\/span><\/p>\n<p><span style=\"font-weight: 400;\">Nous utilisons des cookies persistants pour m\u00e9moriser les pr\u00e9f\u00e9rences de nos visiteurs sur notre site web. Les fichiers du cookie persistant restent dans le sous-dossier de votre navigateur et ils sont r\u00e9activ\u00e9s une fois que vous consultez le site web qui a cr\u00e9\u00e9 ce cookie sp\u00e9cifique. Un cookie persistant demeure dans le sous-dossier du navigateur pour la dur\u00e9e d\u00e9finie dans le fichier du cookie ou jusqu&rsquo;\u00e0 que vous les supprimiez.\u00a0\u00a0<\/span><\/p>\n<p><span style=\"font-weight: 400;\">Les cookies permanents sont utilis\u00e9s sur notre site web pour analyser le comportement de nos visiteurs et pour am\u00e9liorer la fonctionnalit\u00e9 de notre site web, tant pour vous que pour les autres utilisateurs qui visitent notre site web.<\/span><\/p>\n<p class=\"p1\"><span class=\"s1\"><b>&#8211; Les cookies de premi\u00e8re partie et de tierce partie<\/b><\/span><\/p>\n<p><span style=\"font-weight: 400;\">Nous utilisons les cookies de premi\u00e8re partie ainsi que de tierce partie afin de vous garantir la meilleure efficacit\u00e9 possible de notre site web. En utilisant des cookies de premi\u00e8re partie, nous poursuivons des finalit\u00e9s telles que la d\u00e9termination de vos pr\u00e9f\u00e9rences en mati\u00e8re de langue et de lieu et\/ou la garantie de la fonctionnalit\u00e9 de notre site web.<\/span><\/p>\n<p><span style=\"font-weight: 400;\">D&rsquo;autre part, les cookies de tierce partie sont d\u00e9tenus et g\u00e9r\u00e9s par des propri\u00e9taires de site web autre que le cabinet d\u2019avocats HANSU. Ces cookies peuvent \u00eatre n\u00e9cessaires pour transmettre certains formulaires de demandes que vous avez faites par l&rsquo;interm\u00e9diaire de notre site web et aussi d\u2019autoriser certaines publicit\u00e9s en dehors de notre site web.<\/span><\/p>\n<p class=\"p1\"><span class=\"s1\"><b>&#8211; Les cookies de performance et d\u2019analyse<\/b><\/span><\/p>\n<p class=\"p1\"><span style=\"font-weight: 400;\">Les cookies de performance et d\u2019analyse sont utilis\u00e9s afin de mesurer et d&rsquo;am\u00e9liorer les performances de notre site Web en fonction des demandes et des usages de nos visiteurs\u00a0; de recueillir des informations sur la mani\u00e8re dont nos visiteurs utilisent notre site web et les applications sur notre site (pages regard\u00e9es, dur\u00e9e moyenne de la visite, etc.).<\/span><\/p>\n<p class=\"p1\"><span class=\"s1\"><b>&#8211; Les cookies de suivi <\/b><\/span><\/p>\n<p class=\"p1\"><span style=\"font-weight: 400;\">Les cookies de suivi sont utilis\u00e9s pour surveiller le comportement de nos visiteurs en mati\u00e8re de navigation sur Internet et pour collecter des donn\u00e9es et des informations sur les diff\u00e9rents sites web qu&rsquo;ils visitent.<\/span><\/p>\n<p class=\"p1\"><b>QUEL TYPE DE COOKIES UTILISONS-NOUS SUR LE SITE WEB DU CABINET D&rsquo;AVOCATS HANSU ?<\/b><\/p>\n<p class=\"p1\"><span style=\"font-weight: 400;\">Le cabinet d\u2019avocats <strong>HANSU<\/strong> utilise diff\u00e9rents types de cookies conform\u00e9ment \u00e0 la loi n\u00b0 6698 sur la protection des donn\u00e9es personnelles et aux lois connexes. Les cookies utilis\u00e9s par le site web du cabinet d&rsquo;avocats <strong>HANSU<\/strong> et les raisons de leur utilisation sont les suivants ;<\/span><\/p>\n<p class=\"p5\"><strong><span class=\"s1\">&#8211; Utilisation des cookies \u00e0 des fins d&rsquo;analyse et de performance<\/span><\/strong><\/p>\n<p><span style=\"font-weight: 400;\">Afin de faciliter l&rsquo;utilisation des syst\u00e8mes de notre site web et de fournir des fonctionnalit\u00e9s d&rsquo;utilisation adapt\u00e9es aux utilisateurs, les cookies peuvent \u00eatre utilis\u00e9s pour rappeler les informations et les s\u00e9lections pass\u00e9es des utilisateurs. Sur la base de ces informations, notre site web peut afficher du contenu adapt\u00e9 \u00e0 nos visiteurs tel que la langue choisie durant la premi\u00e8re visite, de la police utilis\u00e9e pour la lecture d\u2019un texte sur notre site internet. Si l\u2019utilisation de ces cookies est d\u00e9sactiv\u00e9e, certaines fonctionnalit\u00e9s du site ne fonctionneront pas correctement et vous ne pourrez pas acc\u00e9der \u00e0 tout ou partie de notre site web, la d\u00e9sactivation de ces cookies peut r\u00e9duire le niveau d\u2019assistance que notre site web peut fournir \u00e0 ses visiteurs. En outre, si les pr\u00e9f\u00e9rences de nos visiteurs ne sont pas m\u00e9moris\u00e9es par notre site web, il se peut qu&rsquo;une fonction ne soit pas utilis\u00e9e ou montr\u00e9e.<\/span><\/p>\n<p><span style=\"font-weight: 400;\">Nous utilisons \u00e9galement les outils analytiques et fonctionnels suivants pour analyser les performances de notre site et la fa\u00e7on dont nos visiteurs utilisent notre site :<\/span><\/p>\n<p class=\"p7\"><span class=\"s4\">&#8211;<\/span><b> Google Remarketing <\/b><\/p>\n<p><span style=\"font-weight: 400;\">Apr\u00e8s votre visite sur notre site, c\u2019est lorsque vous voyez des produits et des contenus similaires dans la sph\u00e8re internet aux pages visit\u00e9es sur notre site et\/ou aux articles et autres contenus consult\u00e9s.\u00a0<\/span><\/p>\n<p><span style=\"font-weight: 400;\">La remarketing consiste \u00e0 r\u00e9tablir le contact avec nos visiteurs et \u00e0 leur montrer des produits susceptibles de les int\u00e9resser et d&rsquo;interagir avec eux en fonction de la visite de notre site web.<\/span><\/p>\n<p class=\"p9\"><span class=\"s1\"><b>&#8211; Facebook Pixel<\/b><\/span><\/p>\n<p class=\"p4\"><span style=\"font-weight: 400;\">Nous utilisons le pixel Facebook pour comprendre via quelle plateforme et\/ou contenu nos visiteurs ont \u00e9t\u00e9 dirig\u00e9s vers notre site et les actions de ces derniers sur notre site afin de mesurer les r\u00e9sultats de ces actions pour cr\u00e9er des groupes de cibles sp\u00e9ciaux et les atteindre. Pour en savoir plus, reportez-vous \u00e0 l\u2019adresse <\/span><a href=\"https:\/\/www.facebook.com\/business\/help\/651294705016616\" target=\"_blank\" rel=\"noopener\"><span style=\"font-weight: 400;\">https:\/\/www.facebook.com\/business\/help\/651294705016616<\/span><\/a><span style=\"font-weight: 400;\">. Vous pouvez \u00e9galement consulter vos pr\u00e9f\u00e9rences en mati\u00e8re d&rsquo;annonces pour d\u00e9sactiver les annonces personnalis\u00e9es sur l&rsquo;ensemble du compte.<\/span><\/p>\n<p class=\"p10\"><b>COMMENT DESACTIVER LES COOK\u0130ES\u00a0?<\/b><\/p>\n<p><span style=\"font-weight: 400;\">Vous pouvez exercer votre droit d&rsquo;autoriser ou de refuser les cookies utilis\u00e9s par le cabinet d&rsquo;avocats HANSU en suivant les \u00e9tapes ci-dessous, selon le type de votre navigateur internet utilis\u00e9 :<\/span><\/p>\n<p><span style=\"font-weight: 400;\">Chrome (ordinateur, Android, Iphone, Ipad):\u00a0<\/span><\/p>\n<p><a href=\"https:\/\/support.google.com\/chrome\/answer\/95647?hl=fr&amp;hlrm=en\" target=\"_blank\" rel=\"noopener\"><span style=\"font-weight: 400;\">https:\/\/support.google.com\/chrome\/answer\/95647?hl=fr&amp;hlrm=en<\/span><\/a><span style=\"font-weight: 400;\">\u00a0<\/span><\/p>\n<p><span style=\"font-weight: 400;\">Mozilla Firefox :<\/span><\/p>\n<p><span style=\"font-weight: 400;\">\u00a0<\/span><a href=\"https:\/\/support.mozilla.org\/fr\/kb\/protection-renforcee-contre-pistage-firefox-ordinateur?redirectlocale=fr&amp;redirectslug=activer-desactiver-cookies-preferences\" target=\"_blank\" rel=\"noopener\"><span style=\"font-weight: 400;\">https:\/\/support.mozilla.org\/fr\/kb\/protection-renforcee-contre-pistage-firefox-ordinateur?redirectlocale=fr&amp;redirectslug=activer-desactiver-cookies-preferences<\/span><\/a><span style=\"font-weight: 400;\">\u00a0<\/span><\/p>\n<p><span style=\"font-weight: 400;\">Internet Explorer:\u00a0<\/span><\/p>\n<p><a href=\"https:\/\/support.microsoft.com\/fr-fr\/help\/17442\/windows-internet-explorer-delete-manage-cookies\" target=\"_blank\" rel=\"noopener\"><span style=\"font-weight: 400;\">https:\/\/support.microsoft.com\/fr-fr\/help\/17442\/windows-internet-explorer-delete-manage-cookies<\/span><\/a><span style=\"font-weight: 400;\">\u00a0<\/span><\/p>\n<p><span style=\"font-weight: 400;\">Safari (ordinateur) :<\/span><\/p>\n<p><span style=\"font-weight: 400;\">\u00a0<\/span><a href=\"https:\/\/support.apple.com\/fr-fr\/guide\/safari\/sfri11471\/mac\" target=\"_blank\" rel=\"noopener\"><span style=\"font-weight: 400;\">https:\/\/support.apple.com\/fr-fr\/guide\/safari\/sfri11471\/mac<\/span><\/a><\/p>\n<p><span style=\"font-weight: 400;\">Yandex :\u00a0<\/span><\/p>\n<p><a href=\"https:\/\/yandex.com.tr\/support\/browser-classic\/personal-data-protection\/cookies.xml\" target=\"_blank\" rel=\"noopener\"><span style=\"font-weight: 400;\">https:\/\/yandex.com.tr\/support\/browser-classic\/personal-data-protection\/cookies.xml<\/span><\/a><\/p>\n<p><span style=\"font-weight: 400;\">Safari (mobile) :<\/span><\/p>\n<p><span style=\"font-weight: 400;\">Vous pouvez s\u00e9lectionner l&rsquo;onglet \u00ab\u00a0Safari\u00a0\u00bb dans la section R\u00e9glages\u00a0\u00bb de votre t\u00e9l\u00e9phone et contr\u00f4ler toute la gestion des cookies depuis la section \u00ab\u00a0Confidentialit\u00e9 et s\u00e9curit\u00e9\u00a0\u00bb.<\/span><\/p>\n<p><span style=\"font-weight: 400;\">Pour les autres navigateurs (tels qu&rsquo;Opera, Microsoft edge, etc.), vous pouvez consulter les pages d&rsquo;aide ou de support des navigateurs concern\u00e9s.<\/span><\/p>\n","protected":false},"excerpt":{"rendered":"<p>Nous utilisons les cookies afin de fournir les services et fonctionnalit\u00e9s propos\u00e9s sur notre site et afin d\u2019am\u00e9liorer l\u2019exp\u00e9rience de nos utilisateurs. Cette politique relatives aux cookies (\u00ab\u00a0Politique\u00a0\u00bb) est pr\u00e9par\u00e9e pour informer nos estim\u00e9s visiteurs sur les cookies utilis\u00e9s par le site web du cabinet d&rsquo;avocats HANSU, sur la mani\u00e8re dont il est g\u00e9r\u00e9 et&#8230;<\/p>\n","protected":false},"author":1,"featured_media":0,"parent":0,"menu_order":335,"comment_status":"closed","ping_status":"closed","template":"","meta":[],"acf":[],"_links":{"self":[{"href":"https:\/\/hansu.av.tr\/fr\/wp-json\/wp\/v2\/pages\/8680"}],"collection":[{"href":"https:\/\/hansu.av.tr\/fr\/wp-json\/wp\/v2\/pages"}],"about":[{"href":"https:\/\/hansu.av.tr\/fr\/wp-json\/wp\/v2\/types\/page"}],"author":[{"embeddable":true,"href":"https:\/\/hansu.av.tr\/fr\/wp-json\/wp\/v2\/users\/1"}],"replies":[{"embeddable":true,"href":"https:\/\/hansu.av.tr\/fr\/wp-json\/wp\/v2\/comments?post=8680"}],"version-history":[{"count":3,"href":"https:\/\/hansu.av.tr\/fr\/wp-json\/wp\/v2\/pages\/8680\/revisions"}],"predecessor-version":[{"id":8684,"href":"https:\/\/hansu.av.tr\/fr\/wp-json\/wp\/v2\/pages\/8680\/revisions\/8684"}],"wp:attachment":[{"href":"https:\/\/hansu.av.tr\/fr\/wp-json\/wp\/v2\/media?parent=8680"}],"curies":[{"name":"wp","href":"https:\/\/api.w.org\/{rel}","templated":true}]}}