{"id":1821,"date":"2020-01-01T02:27:10","date_gmt":"2019-12-31T23:27:10","guid":{"rendered":"https:\/\/hansu.av.tr\/uzmanlik-alanlarimiz\/yabanci-yatirim-ve-proje-gelistirme-hukuku\/"},"modified":"2020-07-17T18:17:24","modified_gmt":"2020-07-17T15:17:24","slug":"yabanci-yatirim-ve-proje-gelistirme-hukuku","status":"publish","type":"page","link":"https:\/\/hansu.av.tr\/tr\/uzmanlik-alanlarimiz\/yabanci-yatirim-ve-proje-gelistirme-hukuku\/","title":{"rendered":"Yabanc\u0131 Yat\u0131r\u0131m ve Proje Geli\u015ftirme Hukuku"},"content":{"rendered":"\t\t<div data-elementor-type=\"wp-post\" data-elementor-id=\"1821\" class=\"elementor elementor-1821 elementor-643\">\n\t\t\t\t\t\t<div class=\"elementor-inner\">\n\t\t\t\t<div class=\"elementor-section-wrap\">\n\t\t\t\t\t\t\t\t\t<section class=\"elementor-section elementor-top-section elementor-element elementor-element-51f62da elementor-section-boxed elementor-section-height-default elementor-section-height-default\" data-id=\"51f62da\" data-element_type=\"section\">\n\t\t\t\t\t\t<div class=\"elementor-container elementor-column-gap-default\">\n\t\t\t\t\t\t\t<div class=\"elementor-row\">\n\t\t\t\t\t<div class=\"elementor-column elementor-col-100 elementor-top-column elementor-element elementor-element-eca9afd\" data-id=\"eca9afd\" data-element_type=\"column\">\n\t\t\t<div class=\"elementor-column-wrap elementor-element-populated\">\n\t\t\t\t\t\t\t<div class=\"elementor-widget-wrap\">\n\t\t\t\t\t\t<div class=\"elementor-element elementor-element-018efb5 elementor-widget elementor-widget-text-editor\" data-id=\"018efb5\" data-element_type=\"widget\" data-widget_type=\"text-editor.default\">\n\t\t\t\t<div class=\"elementor-widget-container\">\n\t\t\t\t\t\t\t\t<div class=\"elementor-text-editor elementor-clearfix\">\n\t\t\t\t<p><strong><u>Nas\u0131l Yard\u0131mc\u0131 Olabiliriz?<\/u><\/strong><\/p>\n<p>Avukatl\u0131k B\u00fcromuz, yabanc\u0131 yat\u0131r\u0131mc\u0131 m\u00fcvekkillerine T\u00fcrkiye\u2019de yat\u0131r\u0131m yapmak i\u00e7in ara\u015ft\u0131rma yap\u0131lmaya ba\u015flanmas\u0131ndan, bir yat\u0131r\u0131m projesinin ba\u015far\u0131yla hayata ge\u00e7irilmesine kadar olan s\u00fcre\u00e7 boyunca gerekli olan her t\u00fcrl\u00fc yasal ruhsat ve izni almak, proje bilgi ve belgelerini haz\u0131rlamak, hukuki durum raporlar\u0131 haz\u0131rlamak, m\u00fczakerelerde bulunmak, devralma sonras\u0131 hizmetleri sunmak, m\u00fcvekkilin yat\u0131r\u0131m\u0131n\u0131 olumlu ve olumsuz y\u00f6nde etkileyebilecek hukuki konularda m\u00fcvekkillerini bilgilendirmek konular\u0131nda hukuki dan\u0131\u015fmanl\u0131k hizmeti vermektedir.<\/p>\n<p><strong><u>Nas\u0131l Yard\u0131mc\u0131 Olabiliriz?<\/u><\/strong><\/p>\n<p>Avukatl\u0131k B\u00fcromuz, yabanc\u0131 yat\u0131r\u0131mc\u0131 m\u00fcvekkillerine T\u00fcrkiye\u2019de yat\u0131r\u0131m yapmak i\u00e7in ara\u015ft\u0131rma yap\u0131lmaya ba\u015flanmas\u0131ndan, bir yat\u0131r\u0131m projesinin ba\u015far\u0131yla hayata ge\u00e7irilmesine kadar olan s\u00fcre\u00e7 boyunca gerekli olan her t\u00fcrl\u00fc yasal ruhsat ve izni almak, proje bilgi ve belgelerini haz\u0131rlamak, hukuki durum raporlar\u0131 haz\u0131rlamak, m\u00fczakerelerde bulunmak, devralma sonras\u0131 hizmetleri sunmak, m\u00fcvekkilin yat\u0131r\u0131m\u0131n\u0131 olumlu ve olumsuz y\u00f6nde etkileyebilecek hukuki konularda m\u00fcvekkillerini bilgilendirmek konular\u0131nda hukuki dan\u0131\u015fmanl\u0131k hizmeti vermektedir.<\/p>\n<p>Bu ba\u011flamda Avukatl\u0131k B\u00fcromuz, gerek Do\u011frudan Yabanc\u0131 Yat\u0131r\u0131mlar Kanunu gerek T\u00fcrk Vatanda\u015fl\u0131\u011f\u0131 Kanunu ve ilgili y\u00f6netmeli\u011fi gerekse di\u011fer ilgili mevzuat h\u00fck\u00fcmleri gere\u011fince T\u00fcrkiye\u2019de yat\u0131r\u0131m yapmak isteyen yabanc\u0131 yat\u0131r\u0131mc\u0131 m\u00fcvekkillerine mevzuattaki de\u011fi\u015fim ve geli\u015fmeleri yak\u0131ndan takip ederek bug\u00fcne kadar edinmi\u015f oldu\u011fu tecr\u00fcbesi ile tam ve yetkin bir hukuki hizmet vermektedir.<\/p>\n<p>Yabac\u0131lar\u0131n T\u00fcrkiye\u2019de gayrimenkul al\u0131m sat\u0131m i\u015flemlerinde Avukatl\u0131k B\u00fcromuz, Tapu Kanunu ve Kadastro Kanunu uyar\u0131nca m\u00fcvekkillerine hukuki dan\u0131\u015fmanl\u0131k hizmet sunmaktad\u0131r. Bu ba\u011flamda m\u00fcvekkillerimize al\u0131m sat\u0131m i\u015flemlerinin yap\u0131lmas\u0131 i\u00e7in gerekli evraklar\u0131n haz\u0131rlanmas\u0131 ve kontrol\u00fc, al\u0131m sat\u0131m s\u00f6zle\u015fmelerinin kaleme al\u0131nmas\u0131 ve m\u00fczakeresi, Belediyeler ile Tapu ve Kadastro M\u00fcd\u00fcrl\u00fckleri nezdinde yap\u0131lacak ba\u015fvurular\u0131n takibi ve sonu\u00e7land\u0131r\u0131lmas\u0131 konular\u0131nda tecr\u00fcbe sahibidir.<\/p>\n<p>Ayr\u0131ca Avukatl\u0131k B\u00fcromuz, Yabac\u0131lar ve Uluslararas\u0131 Koruma Kanunu ve M\u00fcltecilerin Hukuki Durumuna Dair 1967 Protokol\u00fcyle de\u011fi\u015fik 28\/7\/1951 tarihli M\u00fcltecilerin Hukuki Durumuna Dair S\u00f6zle\u015fme ile di\u011fer uluslararas\u0131 s\u00f6zle\u015fmeler kapsam\u0131nda M\u00fclteci Hukuku alan\u0131nda m\u00fcltecilerin s\u0131\u011f\u0131nma hakk\u0131 ile m\u00fcltecilerin Emniyet M\u00fcd\u00fcrl\u00fc\u011f\u00fc Yabanc\u0131lar \u0130ltica S\u0131\u011f\u0131nma Daire Ba\u015fkanl\u0131\u011f\u0131\u2019na ba\u015fvuru yap\u0131lmas\u0131, m\u00fclteci adayl\u0131\u011f\u0131 kart\u0131n\u0131n al\u0131nmas\u0131, m\u00fclteci, \u015fartl\u0131 m\u00fclteci ve ikincil koruma stat\u00fclerini elde etme gibi konularda yabanc\u0131 m\u00fcvekkillerine hukuki hizmet sunmaktad\u0131r.<\/p>\n<p>Bununla birlikte, Avukatl\u0131k B\u00fcromuz ba\u015fta Devlet \u0130hale Kanunu ve di\u011fer mevzuat h\u00fck\u00fcmleri kapsam\u0131nda genel b\u00fct\u00e7eye dahil dairelerle katma b\u00fct\u00e7eli idarelerin, \u00f6zel idare ve belediyelerin al\u0131m, sat\u0131m, hizmet, yap\u0131m, kira, trampa, m\u00fclkiyetin gayri ayni hak tesisi ve ta\u015f\u0131ma i\u015fleri ile ilgili olarak kamu arazilerinde ve ayr\u0131ca turizm, sanayi b\u00f6lgeler, enerji ve e\u011fitim yat\u0131r\u0131mlar\u0131nda m\u00fcvekkillerine arazi temini, imar, ruhsat, iskan al\u0131nmas\u0131, in\u015fa etme ve i\u015fletme konular\u0131nda m\u00fcvekkillerine hukuki hizmet sunmaktad\u0131r.<\/p>\n<p>Bu kapsamda Bizler, projelerin finansman ve yat\u0131r\u0131mc\u0131 ortakl\u0131klar\u0131n\u0131n kurulmas\u0131 konular\u0131nda gerekli m\u00fcracaatlar\u0131n yap\u0131lmas\u0131, takip edilmesi ve sonu\u00e7land\u0131r\u0131lmas\u0131, proje faaliyetlerinin mevzuata uygun \u015fekilde ba\u015flat\u0131lmas\u0131, y\u00fcr\u00fct\u00fclmesi ve sonu\u00e7land\u0131r\u0131lmas\u0131, arazi temini, imar, ruhsat, iskan al\u0131nmas\u0131, in\u015faa etme ve i\u015fletme, gerekli s\u00f6zle\u015fmelerin kaleme al\u0131nmas\u0131 ve m\u00fczakeresi, projenin hayata ge\u00e7irilece\u011fi alandaki hukuki risklerin tespit edilerek bertaraf edilmesi, destek ile te\u015fvik al\u0131nmas\u0131 konular\u0131nda m\u00fcvekkillerimize hukuki destek sa\u011flamaktay\u0131z.<\/p>\n<p>Ayr\u0131ca Avukatl\u0131k B\u00fcromuz, Organize Sanayi B\u00f6lgeleri Hukuku, Kamula\u015ft\u0131rma Hukuku, Liman Hukuku, Sanayi Hukuku, \u00c7evre Hukuku alanlar\u0131n\u0131 ilgilendiren b\u00f6lgelerin ve yap\u0131lar\u0131n kurulu\u015f a\u015famalar\u0131nda hem \u00f6zel giri\u015fimcileri hem de kamu kurum\/kurulu\u015flar\u0131na hukuki dan\u0131\u015fmanl\u0131k hizmetleri vermi\u015ftir. \u00dclkemizde kurulmu\u015f olan bir\u00e7ok organize sanayi ve teknoloji b\u00f6lgesinin kurulu\u015fundan i\u015fletmeye al\u0131nmas\u0131na kadar aradaki t\u00fcm a\u015famalarda ba\u015fvuru, izin alma, ruhsat vb. di\u011fer s\u00fcre\u00e7lerin takip edilmesi ve ger\u00e7ekle\u015ftirilmesine ili\u015fkin i\u015f ve i\u015flemlerde hukuki dan\u0131\u015fmanl\u0131k hizmeti vermi\u015ftir ve vermeye de devam etmektedir. Yine hem organize sanayi ve teknoloji b\u00f6lgelerinin ilk kurulu\u015f a\u015famas\u0131nda kamula\u015ft\u0131rma hukukuna ili\u015fkin hem kamu idareleri hem de daval\u0131 ger\u00e7ek ki\u015filere avukatl\u0131k hizmeti sa\u011flam\u0131\u015ft\u0131r.<\/p>\n<p><strong><u>Kimlere Yard\u0131mc\u0131 Oluyoruz?<\/u><\/strong><\/p>\n<p>Avukatl\u0131k B\u00fcromuz, yabanc\u0131 yat\u0131r\u0131mc\u0131 m\u00fcvekkillerine T\u00fcrkiye\u2019de yat\u0131r\u0131m f\u0131rsatlar\u0131 arama noktas\u0131 ile ba\u015flayarak yat\u0131r\u0131m projesini her t\u00fcrl\u00fc gerekli yasal lisans ve izinlerini almak, proje bilgilerini haz\u0131rlamak, s\u00f6z konusu projeyi ba\u015far\u0131l\u0131 bir \u015fekilde uygulamaya koymak ile birlikte yat\u0131r\u0131m projesinin t\u00fcm a\u015famalar\u0131nda hukuki dan\u0131\u015fmanl\u0131k hizmeti vermektedir. Bu kapsamda Avukatl\u0131k B\u00fcromuz ilgili yat\u0131r\u0131m projesinin belgelerinin ve yasal durum raporlar\u0131n\u0131n haz\u0131rlanmas\u0131 ile m\u00fczakere s\u00fcre\u00e7lerini de y\u00fcr\u00fctmekledir.<\/p>\n<p><strong><u>Dan\u0131\u015fmanl\u0131k verilmesi dahil olmak \u00fczere \u00f6nemli ticari \u00e7al\u0131\u015fmalar\u0131m\u0131z:<\/u><\/strong><\/p>\n<p><em>Avukatl\u0131k B\u00fcromuz,<\/em><\/p>\n<p><em>\u2013 Organize sanayi b\u00f6lgelerinin t\u00fcm ilgili yasal s\u00fcre\u00e7lerinin i\u015fletilmesi ve y\u00fcr\u00fct\u00fclmesi noktas\u0131nda hukuki dan\u0131\u015fman olarak hareket etmi\u015ftir.<\/em><\/p>\n<p><em>\u2013 Yurti\u00e7inde ve yurtd\u0131\u015f\u0131nda kamp\u00fcs ve \u00fcniversite in\u015fas\u0131 gibi e\u011fitim projelerinde hukuki dan\u0131\u015fmanl\u0131k vermi\u015ftir.<\/em><\/p>\n<p><em>\u2013 Kentsel d\u00f6n\u00fc\u015f\u00fcm alanlar\u0131ndaki ofisleri, daireleri, al\u0131\u015fveri\u015f merkezlerini ve otelleri i\u00e7eren T\u00fcrkiye\u2019nin en b\u00fcy\u00fck kompleks in\u015faat projesini geli\u015ftirmenin ana hukuk dan\u0131\u015fman\u0131 olarak g\u00f6rev alm\u0131\u015ft\u0131r.<\/em><\/p>\n<p><em>\u2013 Ceyhan \/ T\u00fcrkiye\u2019de bulunan T\u00fcrkiye\u2019nin en b\u00fcy\u00fck enerji projelerinden birine projenin ba\u015f\u0131ndan sonuna kadar ana hukuk m\u00fc\u015faviri olarak g\u00f6rev yapm\u0131\u015ft\u0131r.<\/em><\/p><p><em><br><\/em><\/p>\t\t\t\t\t<\/div>\n\t\t\t\t\t\t<\/div>\n\t\t\t\t<\/div>\n\t\t\t\t\t\t<\/div>\n\t\t\t\t\t<\/div>\n\t\t<\/div>\n\t\t\t\t\t\t\t\t<\/div>\n\t\t\t\t\t<\/div>\n\t\t<\/section>\n\t\t\t\t\t\t\t\t\t<\/div>\n\t\t\t<\/div>\n\t\t\t\t\t<\/div>\n\t\t","protected":false},"excerpt":{"rendered":"<p>Nas\u0131l Yard\u0131mc\u0131 Olabiliriz? Avukatl\u0131k B\u00fcromuz, yabanc\u0131 yat\u0131r\u0131mc\u0131 m\u00fcvekkillerine T\u00fcrkiye\u2019de yat\u0131r\u0131m yapmak i\u00e7in ara\u015ft\u0131rma yap\u0131lmaya ba\u015flanmas\u0131ndan, bir yat\u0131r\u0131m projesinin ba\u015far\u0131yla hayata ge\u00e7irilmesine kadar olan s\u00fcre\u00e7 boyunca gerekli olan her t\u00fcrl\u00fc yasal ruhsat ve izni almak, proje bilgi ve belgelerini haz\u0131rlamak, hukuki durum raporlar\u0131 haz\u0131rlamak, m\u00fczakerelerde bulunmak, devralma sonras\u0131 hizmetleri sunmak, m\u00fcvekkilin yat\u0131r\u0131m\u0131n\u0131 olumlu ve olumsuz y\u00f6nde&#8230;<\/p>\n","protected":false},"author":1,"featured_media":5124,"parent":1820,"menu_order":421,"comment_status":"closed","ping_status":"closed","template":"","meta":[],"acf":[],"_links":{"self":[{"href":"https:\/\/hansu.av.tr\/tr\/wp-json\/wp\/v2\/pages\/1821"}],"collection":[{"href":"https:\/\/hansu.av.tr\/tr\/wp-json\/wp\/v2\/pages"}],"about":[{"href":"https:\/\/hansu.av.tr\/tr\/wp-json\/wp\/v2\/types\/page"}],"author":[{"embeddable":true,"href":"https:\/\/hansu.av.tr\/tr\/wp-json\/wp\/v2\/users\/1"}],"replies":[{"embeddable":true,"href":"https:\/\/hansu.av.tr\/tr\/wp-json\/wp\/v2\/comments?post=1821"}],"version-history":[{"count":2,"href":"https:\/\/hansu.av.tr\/tr\/wp-json\/wp\/v2\/pages\/1821\/revisions"}],"predecessor-version":[{"id":5915,"href":"https:\/\/hansu.av.tr\/tr\/wp-json\/wp\/v2\/pages\/1821\/revisions\/5915"}],"up":[{"embeddable":true,"href":"https:\/\/hansu.av.tr\/tr\/wp-json\/wp\/v2\/pages\/1820"}],"wp:featuredmedia":[{"embeddable":true,"href":"https:\/\/hansu.av.tr\/tr\/wp-json\/wp\/v2\/media\/5124"}],"wp:attachment":[{"href":"https:\/\/hansu.av.tr\/tr\/wp-json\/wp\/v2\/media?parent=1821"}],"curies":[{"name":"wp","href":"https:\/\/api.w.org\/{rel}","templated":true}]}}