{"id":1825,"date":"2020-01-02T15:53:26","date_gmt":"2020-01-02T12:53:26","guid":{"rendered":"https:\/\/hansu.av.tr\/enerji-projeleri-hukuku\/"},"modified":"2020-07-17T18:23:27","modified_gmt":"2020-07-17T15:23:27","slug":"enerji-projeleri-hukuku","status":"publish","type":"page","link":"https:\/\/hansu.av.tr\/tr\/uzmanlik-alanlarimiz\/enerji-projeleri-hukuku\/","title":{"rendered":"Enerji Projeleri Hukuku"},"content":{"rendered":"\t\t<div data-elementor-type=\"wp-post\" data-elementor-id=\"1825\" class=\"elementor elementor-1825 elementor-610\">\n\t\t\t\t\t\t<div class=\"elementor-inner\">\n\t\t\t\t<div class=\"elementor-section-wrap\">\n\t\t\t\t\t\t\t\t\t<section class=\"elementor-section elementor-top-section elementor-element elementor-element-bd52439 elementor-section-boxed elementor-section-height-default elementor-section-height-default\" data-id=\"bd52439\" data-element_type=\"section\">\n\t\t\t\t\t\t<div class=\"elementor-container elementor-column-gap-default\">\n\t\t\t\t\t\t\t<div class=\"elementor-row\">\n\t\t\t\t\t<div class=\"elementor-column elementor-col-100 elementor-top-column elementor-element elementor-element-5aedfd3\" data-id=\"5aedfd3\" data-element_type=\"column\">\n\t\t\t<div class=\"elementor-column-wrap elementor-element-populated\">\n\t\t\t\t\t\t\t<div class=\"elementor-widget-wrap\">\n\t\t\t\t\t\t<div class=\"elementor-element elementor-element-604fa69 elementor-widget elementor-widget-text-editor\" data-id=\"604fa69\" data-element_type=\"widget\" data-widget_type=\"text-editor.default\">\n\t\t\t\t<div class=\"elementor-widget-container\">\n\t\t\t\t\t\t\t\t<div class=\"elementor-text-editor elementor-clearfix\">\n\t\t\t\t<p><strong>Nas\u0131l yard\u0131mc\u0131 olabiliriz?<\/strong><\/p><p>Her t\u00fcrl\u00fc enerji ihalesiyle ilgili kapsaml\u0131 hukuki yard\u0131m sa\u011fl\u0131yoruz ve m\u00fc\u015fterilerimize enerji piyasas\u0131ndaki \u00f6zelle\u015ftirme ihalelerine ili\u015fkin durum tespiti raporlar\u0131 haz\u0131rl\u0131yoruz. Hizmetlerimiz aras\u0131nda rafineri, i\u015fleme, petrol, depolama, iletim ve da\u011f\u0131t\u0131m lisanslar\u0131, ba\u015fvuru belgelerinin yasal olarak incelenmesi, ba\u015fvuru s\u00fcrecinin desteklenmesi ve sonu\u00e7land\u0131r\u0131lmas\u0131, \u015firketler ve yat\u0131r\u0131mc\u0131lar i\u00e7in ilgili mevzuat ve d\u00fczenlemeler hakk\u0131nda genel yasal tavsiye gibi lisanslar\u0131n al\u0131nmas\u0131 bulunmaktad\u0131r. enerji sekt\u00f6r\u00fcnde. Buna ek olarak, lisans sahipleri (\u00f6rn. Da\u011f\u0131t\u0131m lisans\u0131, bayi lisans\u0131), alt s\u00f6zle\u015fmeler, bayi s\u00f6zle\u015fmeleri ve m\u00fcnhas\u0131r da\u011f\u0131t\u0131m s\u00f6zle\u015fmeleri aras\u0131nda s\u00f6zle\u015fme haz\u0131rlanmas\u0131 ve m\u00fczakere edilmesini tavsiye ederiz. Hukuk firmam\u0131z\u0131n bir di\u011fer odak noktas\u0131 ise bir yanda m\u00fc\u015fterilerimiz ve di\u011fer yanda Enerji Piyasas\u0131 D\u00fczenleme Kurumu (EPDK), Maden \u0130\u015fleri Genel M\u00fcd\u00fcrl\u00fc\u011f\u00fc ve Maden Tetkik ve Arama Genel M\u00fcd\u00fcrl\u00fc\u011f\u00fc aras\u0131ndaki yasal koordinasyonun y\u00f6netimi ve uygulanmas\u0131d\u0131r.<\/p><p><strong>Tavsiye dahil \u00f6nemli ticari uygulamalar:<\/strong><\/p><p>&#8211; Ba\u015f\u0131ndan sonuna kadar Ceyhan \/ T\u00fcrkiye&#8217;de bulunan T\u00fcrkiye&#8217;nin en b\u00fcy\u00fck enerji projelerinden birine ana hukuk m\u00fc\u015favirli\u011fi yapm\u0131\u015ft\u0131r.<\/p><p>&#8211; Uluslararas\u0131 kurulu\u015flarla yap\u0131lan \u00f6zelle\u015ftirme ihalesi konusunda T\u00fcrkiye&#8217;nin en b\u00fcy\u00fck elektrik da\u011f\u0131t\u0131m kurulu\u015funun temsilcisi olarak g\u00f6rev yapm\u0131\u015ft\u0131r.<\/p><p>&#8211; Yerel makamlardan ilgili izinlerin al\u0131nmas\u0131, uygun m\u00fclk\u00fcn se\u00e7imi, s\u00f6zle\u015fmelerin haz\u0131rlanmas\u0131, yap\u0131m s\u00fcreci ve i\u015fletme de dahil olmak \u00fczere g\u00fcne\u015f enerjisi santralleri projeleri konusunda m\u00fc\u015fterilere say\u0131s\u0131z yard\u0131mda bulunuldu.<\/p><p>\u00a0<\/p>\t\t\t\t\t<\/div>\n\t\t\t\t\t\t<\/div>\n\t\t\t\t<\/div>\n\t\t\t\t\t\t<\/div>\n\t\t\t\t\t<\/div>\n\t\t<\/div>\n\t\t\t\t\t\t\t\t<\/div>\n\t\t\t\t\t<\/div>\n\t\t<\/section>\n\t\t\t\t\t\t\t\t\t<\/div>\n\t\t\t<\/div>\n\t\t\t\t\t<\/div>\n\t\t","protected":false},"excerpt":{"rendered":"<p>Nas\u0131l yard\u0131mc\u0131 olabiliriz? Her t\u00fcrl\u00fc enerji ihalesiyle ilgili kapsaml\u0131 hukuki yard\u0131m sa\u011fl\u0131yoruz ve m\u00fc\u015fterilerimize enerji piyasas\u0131ndaki \u00f6zelle\u015ftirme ihalelerine ili\u015fkin durum tespiti raporlar\u0131 haz\u0131rl\u0131yoruz. Hizmetlerimiz aras\u0131nda rafineri, i\u015fleme, petrol, depolama, iletim ve da\u011f\u0131t\u0131m lisanslar\u0131, ba\u015fvuru belgelerinin yasal olarak incelenmesi, ba\u015fvuru s\u00fcrecinin desteklenmesi ve sonu\u00e7land\u0131r\u0131lmas\u0131, \u015firketler ve yat\u0131r\u0131mc\u0131lar i\u00e7in ilgili mevzuat ve d\u00fczenlemeler hakk\u0131nda genel yasal tavsiye&#8230;<\/p>\n","protected":false},"author":1,"featured_media":5155,"parent":1820,"menu_order":323,"comment_status":"closed","ping_status":"closed","template":"","meta":[],"acf":[],"_links":{"self":[{"href":"https:\/\/hansu.av.tr\/tr\/wp-json\/wp\/v2\/pages\/1825"}],"collection":[{"href":"https:\/\/hansu.av.tr\/tr\/wp-json\/wp\/v2\/pages"}],"about":[{"href":"https:\/\/hansu.av.tr\/tr\/wp-json\/wp\/v2\/types\/page"}],"author":[{"embeddable":true,"href":"https:\/\/hansu.av.tr\/tr\/wp-json\/wp\/v2\/users\/1"}],"replies":[{"embeddable":true,"href":"https:\/\/hansu.av.tr\/tr\/wp-json\/wp\/v2\/comments?post=1825"}],"version-history":[{"count":6,"href":"https:\/\/hansu.av.tr\/tr\/wp-json\/wp\/v2\/pages\/1825\/revisions"}],"predecessor-version":[{"id":5919,"href":"https:\/\/hansu.av.tr\/tr\/wp-json\/wp\/v2\/pages\/1825\/revisions\/5919"}],"up":[{"embeddable":true,"href":"https:\/\/hansu.av.tr\/tr\/wp-json\/wp\/v2\/pages\/1820"}],"wp:featuredmedia":[{"embeddable":true,"href":"https:\/\/hansu.av.tr\/tr\/wp-json\/wp\/v2\/media\/5155"}],"wp:attachment":[{"href":"https:\/\/hansu.av.tr\/tr\/wp-json\/wp\/v2\/media?parent=1825"}],"curies":[{"name":"wp","href":"https:\/\/api.w.org\/{rel}","templated":true}]}}