{"id":1827,"date":"2020-05-07T16:01:41","date_gmt":"2020-05-07T13:01:41","guid":{"rendered":"https:\/\/hansu.av.tr\/uzmanlik-alanlarimiz\/tarim-ve-dogal-kaynak-su-maden-hukuku\/"},"modified":"2020-07-17T18:28:20","modified_gmt":"2020-07-17T15:28:20","slug":"tarim-ve-dogal-kaynak-su-maden-hukuku","status":"publish","type":"page","link":"https:\/\/hansu.av.tr\/tr\/uzmanlik-alanlarimiz\/tarim-ve-dogal-kaynak-su-maden-hukuku\/","title":{"rendered":"Tar\u0131m ve Do\u011fal Kaynak (Su\/Maden) Hukuku"},"content":{"rendered":"\t\t<div data-elementor-type=\"wp-post\" data-elementor-id=\"1827\" class=\"elementor elementor-1827 elementor-667\">\n\t\t\t\t\t\t<div class=\"elementor-inner\">\n\t\t\t\t<div class=\"elementor-section-wrap\">\n\t\t\t\t\t\t\t\t\t<section class=\"elementor-section elementor-top-section elementor-element elementor-element-3be0890 elementor-section-boxed elementor-section-height-default elementor-section-height-default\" data-id=\"3be0890\" data-element_type=\"section\">\n\t\t\t\t\t\t<div class=\"elementor-container elementor-column-gap-default\">\n\t\t\t\t\t\t\t<div class=\"elementor-row\">\n\t\t\t\t\t<div class=\"elementor-column elementor-col-100 elementor-top-column elementor-element elementor-element-3da93e0\" data-id=\"3da93e0\" data-element_type=\"column\">\n\t\t\t<div class=\"elementor-column-wrap elementor-element-populated\">\n\t\t\t\t\t\t\t<div class=\"elementor-widget-wrap\">\n\t\t\t\t\t\t<div class=\"elementor-element elementor-element-b9d3db8 elementor-widget elementor-widget-text-editor\" data-id=\"b9d3db8\" data-element_type=\"widget\" data-widget_type=\"text-editor.default\">\n\t\t\t\t<div class=\"elementor-widget-container\">\n\t\t\t\t\t\t\t\t<div class=\"elementor-text-editor elementor-clearfix\">\n\t\t\t\t<p>Tar\u0131m ve Do\u011fal Kaynaklar Hukuku, tar\u0131m ve toprak m\u00fclkiyeti, do\u011fal kaynak potansiyelinin y\u00f6netimi ve geli\u015ftirilmesi i\u015flerini destekleyen kaynaklarla ilgili her t\u00fcrl\u00fc yasal konu i\u00e7in kullan\u0131lan bir terimdir. Tar\u0131m Hukuku genel olarak her t\u00fcrl\u00fc tar\u0131msal g\u0131da ve lif \u00fcr\u00fcnlerinin \u00fcretimi, sat\u0131\u015f\u0131, ta\u015f\u0131nmas\u0131 ve i\u015flenmesi ile ilgili yerel yasalar\u0131, vergileri ve d\u00fczenlemeleri tan\u0131mlamakta iken Do\u011fal Kaynak Hukuku ise genellikle suyun kaynak olarak m\u00fclkiyeti, kontrol\u00fc ve kullan\u0131m\u0131 ile ilgili bir disiplini ifade eder.<\/p><p><strong><u>Nas\u0131l Yard\u0131mc\u0131 Olabiliriz?<\/u><\/strong><\/p><p>Avukatl\u0131k B\u00fcromuz,\u00a0 ba\u015fta su ve maden olmak \u00fczere, T\u00fcrkiye\u2019nin ve d\u00fcnyan\u0131n \u00f6nde gelen enerji ve do\u011fal kaynak \u015firketlerine, do\u011fal kaynaklar\u0131n kullan\u0131lmas\u0131 ve \u00fcretimi, da\u011f\u0131t\u0131m\u0131 ve t\u00fcketiciye ula\u015ft\u0131r\u0131lmas\u0131, kamu kurulu\u015flar\u0131ndan gerekli izin ve lisanslar\u0131n al\u0131nmas\u0131 hususlar\u0131nda hukuki hizmet vermektedir.<\/p><p>Bir di\u011fer yandan Avukatl\u0131k B\u00fcromuz organize tar\u0131m faaliyetlerine y\u00f6nelik, bilhassa organik tar\u0131m yap\u0131lmas\u0131na ve bu konuda gerekli mevzuat\u0131n \u00f6ng\u00f6rd\u00fc\u011f\u00fc yasal belgelendirme s\u00fcrecinin tamamlanmas\u0131 bak\u0131m\u0131ndan da hukuki dan\u0131\u015fmanl\u0131k ve avukatl\u0131k hizmeti vermektedir.<\/p><p><strong><u>Kimlere Yard\u0131mc\u0131 Oluyoruz?<\/u><\/strong><\/p><p>Avukatl\u0131k B\u00fcromuzun kapsaml\u0131 m\u00fcvekkil portf\u00f6y\u00fc dahilinde T\u00fcrkiye\u2019nin \u00f6nde gelen do\u011fal kaynak su \u015firketleri, maden \u015firketleri ve tar\u0131m \u015firketleri bulunmakta olup do\u011fal kaynak potansiyelinin y\u00f6netimi ve geli\u015ftirilmesi i\u015flerini faaliyet alan\u0131 kapsam\u0131na eklemi\u015f t\u00fcm \u015firketler, hukuki dan\u0131\u015fmanl\u0131k hizmetimizden yararlanabilirler.<\/p><p>\u00a0<\/p>\t\t\t\t\t<\/div>\n\t\t\t\t\t\t<\/div>\n\t\t\t\t<\/div>\n\t\t\t\t\t\t<\/div>\n\t\t\t\t\t<\/div>\n\t\t<\/div>\n\t\t\t\t\t\t\t\t<\/div>\n\t\t\t\t\t<\/div>\n\t\t<\/section>\n\t\t\t\t\t\t\t\t\t<\/div>\n\t\t\t<\/div>\n\t\t\t\t\t<\/div>\n\t\t","protected":false},"excerpt":{"rendered":"<p>Tar\u0131m ve Do\u011fal Kaynaklar Hukuku, tar\u0131m ve toprak m\u00fclkiyeti, do\u011fal kaynak potansiyelinin y\u00f6netimi ve geli\u015ftirilmesi i\u015flerini destekleyen kaynaklarla ilgili her t\u00fcrl\u00fc yasal konu i\u00e7in kullan\u0131lan bir terimdir. Tar\u0131m Hukuku genel olarak her t\u00fcrl\u00fc tar\u0131msal g\u0131da ve lif \u00fcr\u00fcnlerinin \u00fcretimi, sat\u0131\u015f\u0131, ta\u015f\u0131nmas\u0131 ve i\u015flenmesi ile ilgili yerel yasalar\u0131, vergileri ve d\u00fczenlemeleri tan\u0131mlamakta iken Do\u011fal Kaynak Hukuku&#8230;<\/p>\n","protected":false},"author":1,"featured_media":5161,"parent":1820,"menu_order":299,"comment_status":"closed","ping_status":"closed","template":"","meta":[],"acf":[],"_links":{"self":[{"href":"https:\/\/hansu.av.tr\/tr\/wp-json\/wp\/v2\/pages\/1827"}],"collection":[{"href":"https:\/\/hansu.av.tr\/tr\/wp-json\/wp\/v2\/pages"}],"about":[{"href":"https:\/\/hansu.av.tr\/tr\/wp-json\/wp\/v2\/types\/page"}],"author":[{"embeddable":true,"href":"https:\/\/hansu.av.tr\/tr\/wp-json\/wp\/v2\/users\/1"}],"replies":[{"embeddable":true,"href":"https:\/\/hansu.av.tr\/tr\/wp-json\/wp\/v2\/comments?post=1827"}],"version-history":[{"count":3,"href":"https:\/\/hansu.av.tr\/tr\/wp-json\/wp\/v2\/pages\/1827\/revisions"}],"predecessor-version":[{"id":5921,"href":"https:\/\/hansu.av.tr\/tr\/wp-json\/wp\/v2\/pages\/1827\/revisions\/5921"}],"up":[{"embeddable":true,"href":"https:\/\/hansu.av.tr\/tr\/wp-json\/wp\/v2\/pages\/1820"}],"wp:featuredmedia":[{"embeddable":true,"href":"https:\/\/hansu.av.tr\/tr\/wp-json\/wp\/v2\/media\/5161"}],"wp:attachment":[{"href":"https:\/\/hansu.av.tr\/tr\/wp-json\/wp\/v2\/media?parent=1827"}],"curies":[{"name":"wp","href":"https:\/\/api.w.org\/{rel}","templated":true}]}}