{"id":1829,"date":"2020-05-07T16:05:33","date_gmt":"2020-05-07T13:05:33","guid":{"rendered":"https:\/\/hansu.av.tr\/uzmanlik-alanlarimiz\/yabancilar-ve-vatandaslik-hukuku\/"},"modified":"2020-07-17T18:31:00","modified_gmt":"2020-07-17T15:31:00","slug":"yabancilar-ve-vatandaslik-hukuku","status":"publish","type":"page","link":"https:\/\/hansu.av.tr\/tr\/uzmanlik-alanlarimiz\/yabancilar-ve-vatandaslik-hukuku\/","title":{"rendered":"Yabanc\u0131lar ve Vatanda\u015fl\u0131k Hukuku"},"content":{"rendered":"\t\t<div data-elementor-type=\"wp-post\" data-elementor-id=\"1829\" class=\"elementor elementor-1829 elementor-770\">\n\t\t\t\t\t\t<div class=\"elementor-inner\">\n\t\t\t\t<div class=\"elementor-section-wrap\">\n\t\t\t\t\t\t\t\t\t<section class=\"elementor-section elementor-top-section elementor-element elementor-element-9ec97e8 elementor-section-boxed elementor-section-height-default elementor-section-height-default\" data-id=\"9ec97e8\" data-element_type=\"section\">\n\t\t\t\t\t\t<div class=\"elementor-container elementor-column-gap-default\">\n\t\t\t\t\t\t\t<div class=\"elementor-row\">\n\t\t\t\t\t<div class=\"elementor-column elementor-col-100 elementor-top-column elementor-element elementor-element-2a17f4d\" data-id=\"2a17f4d\" data-element_type=\"column\">\n\t\t\t<div class=\"elementor-column-wrap elementor-element-populated\">\n\t\t\t\t\t\t\t<div class=\"elementor-widget-wrap\">\n\t\t\t\t\t\t<div class=\"elementor-element elementor-element-1804331 elementor-widget elementor-widget-text-editor\" data-id=\"1804331\" data-element_type=\"widget\" data-widget_type=\"text-editor.default\">\n\t\t\t\t<div class=\"elementor-widget-container\">\n\t\t\t\t\t\t\t\t<div class=\"elementor-text-editor elementor-clearfix\">\n\t\t\t\t<p>T\u00fcrkiye\u2019nin, Avrupa\u2019n\u0131n en umut vaat eden emlak pazarlar\u0131ndan birine sahip oldu\u011fu bir ger\u00e7ektir. Bu kapsamda \u00fclkemiz; Avrupa, Asya ve Orta Do\u011fu aras\u0131ndaki stratejik konumunun yan\u0131 s\u0131ra g\u00fc\u00e7l\u00fc in\u015faat sekt\u00f6r\u00fcn\u00fc ve b\u00fcy\u00fcyen end\u00fcstriyel ve ticari \u00fcretimini ba\u011flayarak gayrimenkul yat\u0131r\u0131mc\u0131lar\u0131na \u00f6nemli f\u0131rsatlar sunmaktad\u0131r.<\/p><p><b>Nas\u0131l Yard\u0131mc\u0131 Olabiliriz?<\/b><\/p><p>T\u00fcrkiye\u2019nin gayrimenkul alan\u0131nda sundu\u011fu f\u0131rsatlardan biri de T\u00fcrk Vatanda\u015fl\u0131\u011f\u0131 Kanunu madde 12\/1-b uyar\u0131nca, cumhurba\u015fkan\u0131nca belirlenen kapsam ve tutarda yat\u0131r\u0131m yaparak 6458 say\u0131l\u0131 Kanunun 31\/1-J bendi uyar\u0131nca ikamet izni alanlar, milli g\u00fcvenlik ve kamu d\u00fczeni bak\u0131m\u0131ndan engel te\u015fkil edecek bir hali bulunmamak \u015fart\u0131yla cumhurba\u015fkan\u0131 karar\u0131 ile T\u00fcrk Vatanda\u015fl\u0131\u011f\u0131n\u0131n kazan\u0131labilmesidir.<\/p><p>Bu kapsamda yay\u0131nlanan 18 Eyl\u00fcl 2018 tarihli T\u00fcrk Vatanda\u015fl\u0131\u011f\u0131 Kanununun Uygulanmas\u0131na \u0130li\u015fkin Y\u00f6netmelikte De\u011fi\u015fiklik Yap\u0131lmas\u0131na Dair Y\u00f6netmelik ile birlikte, en az 250.000 Amerikan Dolar\u0131 veya kar\u015f\u0131l\u0131\u011f\u0131 d\u00f6viz ya da kar\u015f\u0131l\u0131\u011f\u0131 T\u00fcrk Liras\u0131 tutar\u0131nda ta\u015f\u0131nmaz\u0131, tapu kay\u0131tlar\u0131nda \u00fc\u00e7 y\u0131l s\u00fcre ile sat\u0131lmamas\u0131 \u015ferhi konulmak sureti ile sat\u0131n alan yabanc\u0131 yat\u0131r\u0131mc\u0131, T\u00fcrk Vatanda\u015fl\u0131\u011f\u0131n\u0131 istisnai yoldan kazanmak i\u00e7in ba\u015fvuru yapabilir duruma gelmi\u015ftir.<\/p><p><b>Kimlere Yard\u0131mc\u0131 Oluyoruz?<\/b><\/p><p>Avukatl\u0131k B\u00fcromuz gayrimenkul yat\u0131r\u0131m\u0131 ile T\u00fcrk Vatanda\u015fl\u0131\u011f\u0131\u2019n\u0131n kazan\u0131lmas\u0131 hususunda uzmanla\u015fm\u0131\u015f kadrosu ile yabanc\u0131 yat\u0131r\u0131mc\u0131lara hukuki destek ve hizmet sa\u011flamaktad\u0131r.<br \/>Bununla beraber Avukatl\u0131k B\u00fcromuz, Vatanda\u015fl\u0131k Hukuku\u2019ndan ve Yabanc\u0131lar Hukuku\u2019undan do\u011fan her t\u00fcrl\u00fc uyu\u015fmazl\u0131\u011f\u0131n belirlenmesi, uyu\u015fmazl\u0131\u011f\u0131n halli ve her t\u00fcrl\u00fc dava ve i\u015flemin takibi konusunda da, alan\u0131nda uzman kadrosu ile m\u00fcvekkillerine hukuki hizmet sa\u011flamaktad\u0131r.<\/p><p>\u00a0<\/p>\t\t\t\t\t<\/div>\n\t\t\t\t\t\t<\/div>\n\t\t\t\t<\/div>\n\t\t\t\t\t\t<\/div>\n\t\t\t\t\t<\/div>\n\t\t<\/div>\n\t\t\t\t\t\t\t\t<\/div>\n\t\t\t\t\t<\/div>\n\t\t<\/section>\n\t\t\t\t\t\t\t\t\t<\/div>\n\t\t\t<\/div>\n\t\t\t\t\t<\/div>\n\t\t","protected":false},"excerpt":{"rendered":"<p>T\u00fcrkiye\u2019nin, Avrupa\u2019n\u0131n en umut vaat eden emlak pazarlar\u0131ndan birine sahip oldu\u011fu bir ger\u00e7ektir. Bu kapsamda \u00fclkemiz; Avrupa, Asya ve Orta Do\u011fu aras\u0131ndaki stratejik konumunun yan\u0131 s\u0131ra g\u00fc\u00e7l\u00fc in\u015faat sekt\u00f6r\u00fcn\u00fc ve b\u00fcy\u00fcyen end\u00fcstriyel ve ticari \u00fcretimini ba\u011flayarak gayrimenkul yat\u0131r\u0131mc\u0131lar\u0131na \u00f6nemli f\u0131rsatlar sunmaktad\u0131r. Nas\u0131l Yard\u0131mc\u0131 Olabiliriz? T\u00fcrkiye\u2019nin gayrimenkul alan\u0131nda sundu\u011fu f\u0131rsatlardan biri de T\u00fcrk Vatanda\u015fl\u0131\u011f\u0131 Kanunu madde&#8230;<\/p>\n","protected":false},"author":1,"featured_media":5166,"parent":1820,"menu_order":302,"comment_status":"closed","ping_status":"closed","template":"","meta":[],"acf":[],"_links":{"self":[{"href":"https:\/\/hansu.av.tr\/tr\/wp-json\/wp\/v2\/pages\/1829"}],"collection":[{"href":"https:\/\/hansu.av.tr\/tr\/wp-json\/wp\/v2\/pages"}],"about":[{"href":"https:\/\/hansu.av.tr\/tr\/wp-json\/wp\/v2\/types\/page"}],"author":[{"embeddable":true,"href":"https:\/\/hansu.av.tr\/tr\/wp-json\/wp\/v2\/users\/1"}],"replies":[{"embeddable":true,"href":"https:\/\/hansu.av.tr\/tr\/wp-json\/wp\/v2\/comments?post=1829"}],"version-history":[{"count":4,"href":"https:\/\/hansu.av.tr\/tr\/wp-json\/wp\/v2\/pages\/1829\/revisions"}],"predecessor-version":[{"id":5924,"href":"https:\/\/hansu.av.tr\/tr\/wp-json\/wp\/v2\/pages\/1829\/revisions\/5924"}],"up":[{"embeddable":true,"href":"https:\/\/hansu.av.tr\/tr\/wp-json\/wp\/v2\/pages\/1820"}],"wp:featuredmedia":[{"embeddable":true,"href":"https:\/\/hansu.av.tr\/tr\/wp-json\/wp\/v2\/media\/5166"}],"wp:attachment":[{"href":"https:\/\/hansu.av.tr\/tr\/wp-json\/wp\/v2\/media?parent=1829"}],"curies":[{"name":"wp","href":"https:\/\/api.w.org\/{rel}","templated":true}]}}