{"id":1831,"date":"2020-05-07T16:08:14","date_gmt":"2020-05-07T13:08:14","guid":{"rendered":"https:\/\/hansu.av.tr\/uzmanlik-alanlarimiz\/ticaret-ve-sozlesmeler-hukuku\/"},"modified":"2020-07-17T18:40:27","modified_gmt":"2020-07-17T15:40:27","slug":"ticaret-ve-sozlesmeler-hukuku","status":"publish","type":"page","link":"https:\/\/hansu.av.tr\/tr\/uzmanlik-alanlarimiz\/ticaret-ve-sozlesmeler-hukuku\/","title":{"rendered":"Ticaret ve S\u00f6zle\u015fmeler Hukuku"},"content":{"rendered":"\t\t<div data-elementor-type=\"wp-post\" data-elementor-id=\"1831\" class=\"elementor elementor-1831 elementor-619\">\n\t\t\t\t\t\t<div class=\"elementor-inner\">\n\t\t\t\t<div class=\"elementor-section-wrap\">\n\t\t\t\t\t\t\t\t\t<section class=\"elementor-section elementor-top-section elementor-element elementor-element-b640451 elementor-section-boxed elementor-section-height-default elementor-section-height-default\" data-id=\"b640451\" data-element_type=\"section\">\n\t\t\t\t\t\t<div class=\"elementor-container elementor-column-gap-default\">\n\t\t\t\t\t\t\t<div class=\"elementor-row\">\n\t\t\t\t\t<div class=\"elementor-column elementor-col-100 elementor-top-column elementor-element elementor-element-f44910a\" data-id=\"f44910a\" data-element_type=\"column\">\n\t\t\t<div class=\"elementor-column-wrap elementor-element-populated\">\n\t\t\t\t\t\t\t<div class=\"elementor-widget-wrap\">\n\t\t\t\t\t\t<div class=\"elementor-element elementor-element-36c7167 elementor-widget elementor-widget-text-editor\" data-id=\"36c7167\" data-element_type=\"widget\" data-widget_type=\"text-editor.default\">\n\t\t\t\t<div class=\"elementor-widget-container\">\n\t\t\t\t\t\t\t\t<div class=\"elementor-text-editor elementor-clearfix\">\n\t\t\t\t<p><strong><u>Nas\u0131l Yard\u0131mc\u0131 Olabiliriz?<\/u><\/strong><\/p><p>\u00d6zellikle in\u015faat, enerji, sa\u011fl\u0131k, e\u011fitim ve turizm sekt\u00f6rlerinde faaliyet g\u00f6steren yerli ve yabanc\u0131 m\u00fcvekkillerine haks\u0131z rekabet, \u015firket y\u00f6netimi, uluslararas\u0131 distrib\u00fct\u00f6rl\u00fck, al\u0131m ve sat\u0131m, franchise, imtiyaz, ta\u015f\u0131ma, bayilik, acentelik ve kredi s\u00f6zle\u015fmeleri, t\u00fcketicinin korunmas\u0131, sermaye art\u0131r\u0131mlar\u0131 ve azalt\u0131lmas\u0131 i\u015flemleri, hisse senetleri ve tahvilleri ile ilgili i\u015flemler, yurtd\u0131\u015f\u0131 alacak takibi ve yurtd\u0131\u015f\u0131 yat\u0131r\u0131m dan\u0131\u015fmanl\u0131\u011f\u0131, g\u00fcmr\u00fck i\u015flemlerinin yap\u0131lmas\u0131, ihracat tahsillerinin denetimi ile ithalat i\u015flemlerinin yap\u0131lmas\u0131, transit ticaret ve standardizasyon hakk\u0131nda denetimler ve d\u00fczenlemeler, serbest b\u00f6lgelerde kar\u015f\u0131la\u015f\u0131lan ihtilaflar\u0131n \u00e7\u00f6z\u00fcm\u00fcnde kapsaml\u0131 ve etkin bir hukuki dan\u0131\u015fmanl\u0131k hizmeti vermekteyiz.<\/p><p>Ayr\u0131ca Avukatl\u0131k B\u00fcromuzun Ticaret Hukuku alan\u0131nda; cari hesap ve s\u00f6zle\u015fme ili\u015fkisinden kaynakl\u0131 her t\u00fcrl\u00fc alaca\u011f\u0131n tespiti, tahsili, icraya konulmas\u0131, sigorta ve tazminat, marka ve patent gibi her t\u00fcrl\u00fc s\u0131nai veya fikri hakk\u0131n ihlalinden kaynakl\u0131 tazminat ve alacak uyu\u015fmazl\u0131klar\u0131nda hukuki hizmet verilmesi, g\u00fcmr\u00fck tarifeleri, ithalat ve ihracatta k\u0131ymetlendirme, faaliyetlere ili\u015fkin risklerin sigortalanmas\u0131 ve bunlardan kaynaklanan ihtilaflar, k\u0131ymetli evrak hukukundan kaynaklanan ihtilaflar ile banka hukukundan kaynaklanan ihtilaflar\u0131n \u00e7\u00f6z\u00fcm\u00fcnde hukuki hizmet verilmesinde tecr\u00fcbesi bulunmaktad\u0131r.<\/p><p>Bununla beraber Avukatl\u0131k B\u00fcromuz, gerek T\u00fcrkiye\u2019de gerekse de yurtd\u0131\u015f\u0131nda mukim \u015firketlere distrib\u00fct\u00f6rl\u00fck s\u00f6zle\u015fmesi, eser s\u00f6zle\u015fmesi, hizmet s\u00f6zle\u015fmesi, al\u0131m-sat\u0131m s\u00f6zle\u015fmeleri, arac\u0131l\u0131k hizmeti s\u00f6zle\u015fmesi ve benzeri s\u00f6zle\u015fmelerin haz\u0131rlanmas\u0131, kurulmas\u0131, incelenmesi ve g\u00f6r\u00fc\u015f verilmesi alanlar\u0131nda da hukuki hizmet vermektedir.<\/p><p><strong><u>Kimlere Yard\u0131mc\u0131 Oluyoruz?<\/u><\/strong><\/p><p>M\u00fc\u015fterilerimizin T\u00fcrk veya yabanc\u0131 olmas\u0131 fark etmeksizin her t\u00fcrl\u00fc ticari i\u015fe avukatl\u0131k b\u00fcromuz taraf\u0131ndan ayn\u0131 titizlikle yakla\u015f\u0131lmaktad\u0131r. S\u00f6zle\u015fmenin konusu veya de\u011feri ne olursa olsun, t\u00fcm \u015firketler hukuki destek ihtiya\u00e7lar\u0131 konusunda avukatl\u0131k b\u00fcromuzun uzmanl\u0131\u011f\u0131m\u0131zdan yararlanabilir.<\/p><p>\u00a0<\/p>\t\t\t\t\t<\/div>\n\t\t\t\t\t\t<\/div>\n\t\t\t\t<\/div>\n\t\t\t\t\t\t<\/div>\n\t\t\t\t\t<\/div>\n\t\t<\/div>\n\t\t\t\t\t\t\t\t<\/div>\n\t\t\t\t\t<\/div>\n\t\t<\/section>\n\t\t\t\t\t\t\t\t\t<\/div>\n\t\t\t<\/div>\n\t\t\t\t\t<\/div>\n\t\t","protected":false},"excerpt":{"rendered":"<p>Nas\u0131l Yard\u0131mc\u0131 Olabiliriz? \u00d6zellikle in\u015faat, enerji, sa\u011fl\u0131k, e\u011fitim ve turizm sekt\u00f6rlerinde faaliyet g\u00f6steren yerli ve yabanc\u0131 m\u00fcvekkillerine haks\u0131z rekabet, \u015firket y\u00f6netimi, uluslararas\u0131 distrib\u00fct\u00f6rl\u00fck, al\u0131m ve sat\u0131m, franchise, imtiyaz, ta\u015f\u0131ma, bayilik, acentelik ve kredi s\u00f6zle\u015fmeleri, t\u00fcketicinin korunmas\u0131, sermaye art\u0131r\u0131mlar\u0131 ve azalt\u0131lmas\u0131 i\u015flemleri, hisse senetleri ve tahvilleri ile ilgili i\u015flemler, yurtd\u0131\u015f\u0131 alacak takibi ve yurtd\u0131\u015f\u0131 yat\u0131r\u0131m dan\u0131\u015fmanl\u0131\u011f\u0131,&#8230;<\/p>\n","protected":false},"author":1,"featured_media":5174,"parent":1820,"menu_order":481,"comment_status":"closed","ping_status":"closed","template":"","meta":[],"acf":[],"_links":{"self":[{"href":"https:\/\/hansu.av.tr\/tr\/wp-json\/wp\/v2\/pages\/1831"}],"collection":[{"href":"https:\/\/hansu.av.tr\/tr\/wp-json\/wp\/v2\/pages"}],"about":[{"href":"https:\/\/hansu.av.tr\/tr\/wp-json\/wp\/v2\/types\/page"}],"author":[{"embeddable":true,"href":"https:\/\/hansu.av.tr\/tr\/wp-json\/wp\/v2\/users\/1"}],"replies":[{"embeddable":true,"href":"https:\/\/hansu.av.tr\/tr\/wp-json\/wp\/v2\/comments?post=1831"}],"version-history":[{"count":3,"href":"https:\/\/hansu.av.tr\/tr\/wp-json\/wp\/v2\/pages\/1831\/revisions"}],"predecessor-version":[{"id":5926,"href":"https:\/\/hansu.av.tr\/tr\/wp-json\/wp\/v2\/pages\/1831\/revisions\/5926"}],"up":[{"embeddable":true,"href":"https:\/\/hansu.av.tr\/tr\/wp-json\/wp\/v2\/pages\/1820"}],"wp:featuredmedia":[{"embeddable":true,"href":"https:\/\/hansu.av.tr\/tr\/wp-json\/wp\/v2\/media\/5174"}],"wp:attachment":[{"href":"https:\/\/hansu.av.tr\/tr\/wp-json\/wp\/v2\/media?parent=1831"}],"curies":[{"name":"wp","href":"https:\/\/api.w.org\/{rel}","templated":true}]}}