{"id":1833,"date":"2020-05-07T16:19:12","date_gmt":"2020-05-07T13:19:12","guid":{"rendered":"https:\/\/hansu.av.tr\/uzmanlik-alanlarimiz\/tuketici-ve-urun-hizmet-guvenligi-hukuku\/"},"modified":"2020-07-18T14:09:46","modified_gmt":"2020-07-18T11:09:46","slug":"tuketici-ve-urun-hizmet-guvenligi-hukuku","status":"publish","type":"page","link":"https:\/\/hansu.av.tr\/tr\/uzmanlik-alanlarimiz\/tuketici-ve-urun-hizmet-guvenligi-hukuku\/","title":{"rendered":"T\u00fcketici ve \u00dcr\u00fcn\/Hizmet G\u00fcvenli\u011fi Hukuku"},"content":{"rendered":"\t\t<div data-elementor-type=\"wp-post\" data-elementor-id=\"1833\" class=\"elementor elementor-1833 elementor-672\">\n\t\t\t\t\t\t<div class=\"elementor-inner\">\n\t\t\t\t<div class=\"elementor-section-wrap\">\n\t\t\t\t\t\t\t\t\t<section class=\"elementor-section elementor-top-section elementor-element elementor-element-6947d51 elementor-section-boxed elementor-section-height-default elementor-section-height-default\" data-id=\"6947d51\" data-element_type=\"section\">\n\t\t\t\t\t\t<div class=\"elementor-container elementor-column-gap-default\">\n\t\t\t\t\t\t\t<div class=\"elementor-row\">\n\t\t\t\t\t<div class=\"elementor-column elementor-col-100 elementor-top-column elementor-element elementor-element-6f27eff\" data-id=\"6f27eff\" data-element_type=\"column\">\n\t\t\t<div class=\"elementor-column-wrap elementor-element-populated\">\n\t\t\t\t\t\t\t<div class=\"elementor-widget-wrap\">\n\t\t\t\t\t\t<div class=\"elementor-element elementor-element-59af7dd elementor-widget elementor-widget-text-editor\" data-id=\"59af7dd\" data-element_type=\"widget\" data-widget_type=\"text-editor.default\">\n\t\t\t\t<div class=\"elementor-widget-container\">\n\t\t\t\t\t\t\t\t<div class=\"elementor-text-editor elementor-clearfix\">\n\t\t\t\t<p dir=\"ltr\"><b>Nas\u0131l Yard\u0131mc\u0131 Olabiliriz?<\/b><\/p><p dir=\"ltr\">Avukatl\u0131k B\u00fcromuz, T\u00fcrkiye\u2019de alan\u0131nda \u00f6nc\u00fc \u015firketlere, gerek T\u00fcrk yasalar\u0131na gerekse yurtd\u0131\u015f\u0131nda, \u00e7o\u011funlukla Avrupa olmak \u00fczere, k\u00fcresel d\u00fczenlemelere uygun \u00fcr\u00fcn ve hizmet g\u00fcvenli\u011fi d\u00fczenlemeleri konusunda hukuki dan\u0131\u015fmanl\u0131k ve hukuki hizmet vermektedir. Deneyimli ekibimiz yeni y\u00f6netmeliklere uygunlu\u011fun denetlenmesi ve \u015firketlerin m\u00fc\u015fterilerine g\u00fcvenli ve kaliteli \u00fcr\u00fcnlerle hizmet vermeleri noktas\u0131nda gerekli t\u00fcm yasal deste\u011fi sa\u011flamaktad\u0131r. Bu kapsamda Avukatl\u0131k B\u00fcromuz ek olarak kusurlu \u00fcr\u00fcnlerde d\u00fczeltici \u00f6nlemlerin al\u0131nmas\u0131, \u00fcreticilerin ve distrib\u00fct\u00f6rlerin y\u00fck\u00fcml\u00fcl\u00fckleri, kusurlu \u00fcr\u00fcnlerin geri \u00e7a\u011fr\u0131lmas\u0131 ve yetkili kurumlar ile kurulu\u015flara bildirimlerin yap\u0131lmas\u0131 konusunda da deneyim sahibidir.<\/p><p dir=\"ltr\">Ayr\u0131ca Avukatl\u0131k B\u00fcromuz, \u00fcr\u00fcn ve hizmet g\u00fcvenli\u011fi ile ekonomik cezai yapt\u0131r\u0131mlardan kaynaklanan \u00f6zel ve ceza davalar\u0131 i\u00e7in m\u00fcvekkillerine gereken t\u00fcm hukuki dan\u0131\u015fmanl\u0131k hizmetlerini sunmaktad\u0131r.<\/p><p dir=\"ltr\"><b>Kimlere Yard\u0131mc\u0131 Oluyoruz?<\/b><\/p><p dir=\"ltr\">\u00dcr\u00fcn\u00fcn \u00fcreticisi, \u00fcr\u00fcn\u00fcn ad\u0131n\u0131, ticari markas\u0131n\u0131 veya di\u011fer ay\u0131rt edici i\u015faretini ili\u015ftirerek kendisini \u00fcretici olarak sunan herhangi bir ki\u015fi veya \u00fcr\u00fcn\u00fc yeniden ko\u015fulland\u0131ran ki\u015fi, \u00fcretici temsilcileri, \u00fcr\u00fcn\u00fcn ithalat\u00e7\u0131lar\u0131 ve di\u011fer profesyonel tedarik zinciri \u00f6geleri, Avukatl\u0131k B\u00fcromuzun bu ba\u015fl\u0131k alt\u0131nda say\u0131lan t\u00fcm yasal hizmetlerinden yararlanabilirler.<\/p><p dir=\"ltr\">\u00a0<\/p>\t\t\t\t\t<\/div>\n\t\t\t\t\t\t<\/div>\n\t\t\t\t<\/div>\n\t\t\t\t\t\t<\/div>\n\t\t\t\t\t<\/div>\n\t\t<\/div>\n\t\t\t\t\t\t\t\t<\/div>\n\t\t\t\t\t<\/div>\n\t\t<\/section>\n\t\t\t\t\t\t\t\t\t<\/div>\n\t\t\t<\/div>\n\t\t\t\t\t<\/div>\n\t\t","protected":false},"excerpt":{"rendered":"<p>Nas\u0131l Yard\u0131mc\u0131 Olabiliriz? Avukatl\u0131k B\u00fcromuz, T\u00fcrkiye\u2019de alan\u0131nda \u00f6nc\u00fc \u015firketlere, gerek T\u00fcrk yasalar\u0131na gerekse yurtd\u0131\u015f\u0131nda, \u00e7o\u011funlukla Avrupa olmak \u00fczere, k\u00fcresel d\u00fczenlemelere uygun \u00fcr\u00fcn ve hizmet g\u00fcvenli\u011fi d\u00fczenlemeleri konusunda hukuki dan\u0131\u015fmanl\u0131k ve hukuki hizmet vermektedir. Deneyimli ekibimiz yeni y\u00f6netmeliklere uygunlu\u011fun denetlenmesi ve \u015firketlerin m\u00fc\u015fterilerine g\u00fcvenli ve kaliteli \u00fcr\u00fcnlerle hizmet vermeleri noktas\u0131nda gerekli t\u00fcm yasal deste\u011fi sa\u011flamaktad\u0131r. Bu&#8230;<\/p>\n","protected":false},"author":1,"featured_media":5220,"parent":1820,"menu_order":314,"comment_status":"closed","ping_status":"closed","template":"","meta":[],"acf":[],"_links":{"self":[{"href":"https:\/\/hansu.av.tr\/tr\/wp-json\/wp\/v2\/pages\/1833"}],"collection":[{"href":"https:\/\/hansu.av.tr\/tr\/wp-json\/wp\/v2\/pages"}],"about":[{"href":"https:\/\/hansu.av.tr\/tr\/wp-json\/wp\/v2\/types\/page"}],"author":[{"embeddable":true,"href":"https:\/\/hansu.av.tr\/tr\/wp-json\/wp\/v2\/users\/1"}],"replies":[{"embeddable":true,"href":"https:\/\/hansu.av.tr\/tr\/wp-json\/wp\/v2\/comments?post=1833"}],"version-history":[{"count":6,"href":"https:\/\/hansu.av.tr\/tr\/wp-json\/wp\/v2\/pages\/1833\/revisions"}],"predecessor-version":[{"id":6066,"href":"https:\/\/hansu.av.tr\/tr\/wp-json\/wp\/v2\/pages\/1833\/revisions\/6066"}],"up":[{"embeddable":true,"href":"https:\/\/hansu.av.tr\/tr\/wp-json\/wp\/v2\/pages\/1820"}],"wp:featuredmedia":[{"embeddable":true,"href":"https:\/\/hansu.av.tr\/tr\/wp-json\/wp\/v2\/media\/5220"}],"wp:attachment":[{"href":"https:\/\/hansu.av.tr\/tr\/wp-json\/wp\/v2\/media?parent=1833"}],"curies":[{"name":"wp","href":"https:\/\/api.w.org\/{rel}","templated":true}]}}