{"id":1837,"date":"2020-05-07T16:40:16","date_gmt":"2020-05-07T13:40:16","guid":{"rendered":"https:\/\/hansu.av.tr\/uzmanlik-alanlarimiz\/e-ticaret-hukuku-elektronik-para-ve-odeme-hizmetleri\/"},"modified":"2020-07-18T14:17:16","modified_gmt":"2020-07-18T11:17:16","slug":"e-ticaret-hukuku-elektronik-para-ve-odeme-hizmetleri","status":"publish","type":"page","link":"https:\/\/hansu.av.tr\/tr\/uzmanlik-alanlarimiz\/e-ticaret-hukuku-elektronik-para-ve-odeme-hizmetleri\/","title":{"rendered":"E-Ticaret Hukuku \/ Elektronik Para ve \u00d6deme Hizmetleri"},"content":{"rendered":"\t\t<div data-elementor-type=\"wp-post\" data-elementor-id=\"1837\" class=\"elementor elementor-1837 elementor-688\">\n\t\t\t\t\t\t<div class=\"elementor-inner\">\n\t\t\t\t<div class=\"elementor-section-wrap\">\n\t\t\t\t\t\t\t\t\t<section class=\"elementor-section elementor-top-section elementor-element elementor-element-2e39f0b elementor-section-boxed elementor-section-height-default elementor-section-height-default\" data-id=\"2e39f0b\" data-element_type=\"section\">\n\t\t\t\t\t\t<div class=\"elementor-container elementor-column-gap-default\">\n\t\t\t\t\t\t\t<div class=\"elementor-row\">\n\t\t\t\t\t<div class=\"elementor-column elementor-col-100 elementor-top-column elementor-element elementor-element-b0de974\" data-id=\"b0de974\" data-element_type=\"column\">\n\t\t\t<div class=\"elementor-column-wrap elementor-element-populated\">\n\t\t\t\t\t\t\t<div class=\"elementor-widget-wrap\">\n\t\t\t\t\t\t<div class=\"elementor-element elementor-element-376a084 elementor-widget elementor-widget-text-editor\" data-id=\"376a084\" data-element_type=\"widget\" data-widget_type=\"text-editor.default\">\n\t\t\t\t<div class=\"elementor-widget-container\">\n\t\t\t\t\t\t\t\t<div class=\"elementor-text-editor elementor-clearfix\">\n\t\t\t\t<p dir=\"ltr\"><strong>Nas\u0131l Yard\u0131mc\u0131 Olabiliriz?<\/strong><\/p><p dir=\"ltr\">\u00c7ok uluslu bir \u015firket veya bir giri\u015fim, \u201cstart-up\u201d fark etmeksizin; \u015firketin faaliyet alan\u0131 ne kadar karma\u015f\u0131k veya \u015firketin maddi varl\u0131\u011f\u0131 ne olursa olsun, \u201cinternet\u201d ve \u201c\u00f6deme\u201d kavramlar\u0131n\u0131n birbirinden ayr\u0131lmas\u0131 m\u00fcmk\u00fcn de\u011fildir. Yine ayn\u0131 \u015fekilde e-ticaret, elektronik para ve elektronik \u00f6deme y\u00f6ntemlerinde her g\u00fcn yeni bir geli\u015fmenin ya\u015fand\u0131\u011f\u0131 g\u00f6z \u00f6n\u00fcne al\u0131nd\u0131\u011f\u0131nda s\u00f6z konusu kavramlar\u0131n hukuk d\u00fcnyas\u0131ndan ba\u011f\u0131ms\u0131z olarak d\u00fc\u015f\u00fcn\u00fclemeyece\u011fi de ortadad\u0131r. Bu kapsamda Avukatl\u0131k B\u00fcromuz, e-ticaret, elektronik para ve elektronik \u00f6deme alanlar\u0131nda yeni d\u00fczenlemeleri takip etmek ve E-Ticaret T\u00fcketici Hukuku, E-Ticaret S\u00f6zle\u015fme Hukuku, E-Ticaret Veri Korumas\u0131, E-Ticaret Bankac\u0131l\u0131k Hukuku E-Ticaret Fikri M\u00fclkiyet Hukuku ve E-Ticaret Rekabet Hukuku alanlar\u0131nda m\u00fcvekkillerine hukuki hizmet sunma noktas\u0131nda deneyimli bir ekibe sahiptir.<\/p><p dir=\"ltr\"><strong>Kimlere Yard\u0131m Ediyoruz?<\/strong><\/p><p dir=\"ltr\">M\u00fcvekkillerimizin bir t\u00fcketici, start-up \u015firketi veya \u00e7ok uluslu bir \u015firket olmas\u0131 fark etmeksizin; t\u00fcm m\u00fcvekkillerimize yukar\u0131da bahsi ge\u00e7en kapsamlarda E-Ticaret Hukuku\u2019nun her alan\u0131nda hukuki destek vermekte olup m\u00fcvekkillerimiz ad\u0131na olu\u015fabilecek zararlar\u0131 minimuma indirmek i\u00e7in titizlikle \u00e7al\u0131\u015fmalar\u0131m\u0131z\u0131 s\u00fcrd\u00fcr\u00fcyoruz.<\/p>\t\t\t\t\t<\/div>\n\t\t\t\t\t\t<\/div>\n\t\t\t\t<\/div>\n\t\t\t\t\t\t<\/div>\n\t\t\t\t\t<\/div>\n\t\t<\/div>\n\t\t\t\t\t\t\t\t<\/div>\n\t\t\t\t\t<\/div>\n\t\t<\/section>\n\t\t\t\t\t\t\t\t\t<\/div>\n\t\t\t<\/div>\n\t\t\t\t\t<\/div>\n\t\t","protected":false},"excerpt":{"rendered":"<p>Nas\u0131l Yard\u0131mc\u0131 Olabiliriz? \u00c7ok uluslu bir \u015firket veya bir giri\u015fim, \u201cstart-up\u201d fark etmeksizin; \u015firketin faaliyet alan\u0131 ne kadar karma\u015f\u0131k veya \u015firketin maddi varl\u0131\u011f\u0131 ne olursa olsun, \u201cinternet\u201d ve \u201c\u00f6deme\u201d kavramlar\u0131n\u0131n birbirinden ayr\u0131lmas\u0131 m\u00fcmk\u00fcn de\u011fildir. Yine ayn\u0131 \u015fekilde e-ticaret, elektronik para ve elektronik \u00f6deme y\u00f6ntemlerinde her g\u00fcn yeni bir geli\u015fmenin ya\u015fand\u0131\u011f\u0131 g\u00f6z \u00f6n\u00fcne al\u0131nd\u0131\u011f\u0131nda s\u00f6z konusu&#8230;<\/p>\n","protected":false},"author":1,"featured_media":5360,"parent":1820,"menu_order":293,"comment_status":"closed","ping_status":"closed","template":"","meta":[],"acf":[],"_links":{"self":[{"href":"https:\/\/hansu.av.tr\/tr\/wp-json\/wp\/v2\/pages\/1837"}],"collection":[{"href":"https:\/\/hansu.av.tr\/tr\/wp-json\/wp\/v2\/pages"}],"about":[{"href":"https:\/\/hansu.av.tr\/tr\/wp-json\/wp\/v2\/types\/page"}],"author":[{"embeddable":true,"href":"https:\/\/hansu.av.tr\/tr\/wp-json\/wp\/v2\/users\/1"}],"replies":[{"embeddable":true,"href":"https:\/\/hansu.av.tr\/tr\/wp-json\/wp\/v2\/comments?post=1837"}],"version-history":[{"count":4,"href":"https:\/\/hansu.av.tr\/tr\/wp-json\/wp\/v2\/pages\/1837\/revisions"}],"predecessor-version":[{"id":6073,"href":"https:\/\/hansu.av.tr\/tr\/wp-json\/wp\/v2\/pages\/1837\/revisions\/6073"}],"up":[{"embeddable":true,"href":"https:\/\/hansu.av.tr\/tr\/wp-json\/wp\/v2\/pages\/1820"}],"wp:featuredmedia":[{"embeddable":true,"href":"https:\/\/hansu.av.tr\/tr\/wp-json\/wp\/v2\/media\/5360"}],"wp:attachment":[{"href":"https:\/\/hansu.av.tr\/tr\/wp-json\/wp\/v2\/media?parent=1837"}],"curies":[{"name":"wp","href":"https:\/\/api.w.org\/{rel}","templated":true}]}}