{"id":1839,"date":"2020-05-07T17:00:02","date_gmt":"2020-05-07T14:00:02","guid":{"rendered":"https:\/\/hansu.av.tr\/uzmanlik-alanlarimiz\/e-ticaret-hukuku-elektronik-para-ve-odeme-hizmetleri-2\/"},"modified":"2020-07-17T18:58:18","modified_gmt":"2020-07-17T15:58:18","slug":"girisimcilik-hukuku-ve-start-up-sirketleri-hukuku","status":"publish","type":"page","link":"https:\/\/hansu.av.tr\/tr\/uzmanlik-alanlarimiz\/girisimcilik-hukuku-ve-start-up-sirketleri-hukuku\/","title":{"rendered":"Giri\u015fimcilik Hukuku ve Start-Up \u015eirketleri Hukuku"},"content":{"rendered":"\t\t<div data-elementor-type=\"wp-post\" data-elementor-id=\"1839\" class=\"elementor elementor-1839 elementor-684\">\n\t\t\t\t\t\t<div class=\"elementor-inner\">\n\t\t\t\t<div class=\"elementor-section-wrap\">\n\t\t\t\t\t\t\t\t\t<section class=\"elementor-section elementor-top-section elementor-element elementor-element-1974cf6 elementor-section-boxed elementor-section-height-default elementor-section-height-default\" data-id=\"1974cf6\" data-element_type=\"section\">\n\t\t\t\t\t\t<div class=\"elementor-container elementor-column-gap-default\">\n\t\t\t\t\t\t\t<div class=\"elementor-row\">\n\t\t\t\t\t<div class=\"elementor-column elementor-col-100 elementor-top-column elementor-element elementor-element-87ac073\" data-id=\"87ac073\" data-element_type=\"column\">\n\t\t\t<div class=\"elementor-column-wrap elementor-element-populated\">\n\t\t\t\t\t\t\t<div class=\"elementor-widget-wrap\">\n\t\t\t\t\t\t<div class=\"elementor-element elementor-element-d520821 elementor-widget elementor-widget-text-editor\" data-id=\"d520821\" data-element_type=\"widget\" data-widget_type=\"text-editor.default\">\n\t\t\t\t<div class=\"elementor-widget-container\">\n\t\t\t\t\t\t\t\t<div class=\"elementor-text-editor elementor-clearfix\">\n\t\t\t\t<p>Giri\u015fimcilik ve start-up hukuku, giri\u015fimcilerin faaliyetlerinin kanuna uygun bir \u015fekilde ilerlemesi amac\u0131 ile ortaya \u00e7\u0131km\u0131\u015f olup ticari hayat\u0131 \u015fekillendiren pek \u00e7ok hukuksal d\u00fczenleme ile yak\u0131n ili\u015fkisi bulunmaktad\u0131r. Bu kapsamda giri\u015fimciler ile yat\u0131r\u0131mc\u0131lar aras\u0131ndaki hukuk d\u00fczeni g\u00fcn ge\u00e7tik\u00e7e \u00f6nem kazanmakta olup giri\u015fimcilerin de faaliyetlerini hukuka uygun y\u00fcr\u00fctmesini sa\u011flamak, hukuki ihtilaflar\u0131 engellemek, giri\u015fimleri korumak, do\u011fru \u015firket t\u00fcr\u00fcn\u00fc se\u00e7mek ve s\u00f6zle\u015fmesel ili\u015fkilerini sa\u011fl\u0131kl\u0131 bir \u015fekilde y\u00fcr\u00fctmek i\u00e7in hukuki destek almalar\u0131 gerekmektedir.<\/p><p><strong>Nas\u0131l Yard\u0131mc\u0131 Olabiliriz?<\/strong><\/p><p>Avukatl\u0131k B\u00fcromuz, yeni kurulan\/kurulacak giri\u015fimlere ve meslek yat\u0131r\u0131mc\u0131lar\u0131na sonu\u00e7 odakl\u0131 stratejiler belirlemek hususunda hukuki destek sa\u011flamakta olup, yeni bir giri\u015fimin kar\u015f\u0131la\u015fabilece\u011fi sorunlar ile ilgili her t\u00fcrl\u00fc konuda hukuki hizmet vermektedir.<\/p><p>Bunun yan\u0131 s\u0131ra Avukatl\u0131k B\u00fcromuz, kurulan\/kurulacak olan giri\u015fimlerin faaliyet alan\u0131 kapsam\u0131nda, bu alanda kar\u015f\u0131la\u015f\u0131labilecekleri hukuki sorunlar\u0131n belirlenmesi ve \u00e7\u00f6z\u00fcm\u00fc hususunda, alan\u0131nda uzmanla\u015fm\u0131\u015f avukat ve dan\u0131\u015fman kadrosu ile birlikte, giri\u015fimlere hukuki hizmet ve destek sa\u011flamaktad\u0131r.<\/p><p><strong>Kimlere Yard\u0131mc\u0131 Oluyoruz?<\/strong><\/p><p>Avukatl\u0131k B\u00fcromuz giri\u015fimcilik ve start-up hukuku kapsam\u0131nda ba\u015fta teknoloji \u015firketleri olmak \u00fczere t\u00fcm giri\u015fim \u015firketlerine, faaliyetlerine ba\u015flad\u0131klar\u0131 andan itibaren hukuki destek sunmaktad\u0131r. Gerek \u015firketlerin kurucular\u0131 gerekse de yat\u0131r\u0131mc\u0131lar ile \u00e7al\u0131\u015fma hususlar\u0131nda deneyime sahip avukatlar\u0131m\u0131z ile \u015firketlerin ve yat\u0131r\u0131mc\u0131lar\u0131n t\u00fcm faaliyet ve yat\u0131r\u0131m s\u00fcre\u00e7leri ile bu s\u00fcre\u00e7lerin ba\u015far\u0131l\u0131 bir \u015fekilde y\u00f6netilmesine dair avukatl\u0131k hizmeti sunmakta olup, giri\u015fimlerin ve yat\u0131r\u0131mlar\u0131n ba\u015far\u0131l\u0131 bir \u015fekilde sonu\u00e7lanmas\u0131 hedeflenmektedir.<\/p><p>\u00a0<\/p>\t\t\t\t\t<\/div>\n\t\t\t\t\t\t<\/div>\n\t\t\t\t<\/div>\n\t\t\t\t\t\t<\/div>\n\t\t\t\t\t<\/div>\n\t\t<\/div>\n\t\t\t\t\t\t\t\t<\/div>\n\t\t\t\t\t<\/div>\n\t\t<\/section>\n\t\t\t\t\t\t\t\t\t<\/div>\n\t\t\t<\/div>\n\t\t\t\t\t<\/div>\n\t\t","protected":false},"excerpt":{"rendered":"<p>Giri\u015fimcilik ve start-up hukuku, giri\u015fimcilerin faaliyetlerinin kanuna uygun bir \u015fekilde ilerlemesi amac\u0131 ile ortaya \u00e7\u0131km\u0131\u015f olup ticari hayat\u0131 \u015fekillendiren pek \u00e7ok hukuksal d\u00fczenleme ile yak\u0131n ili\u015fkisi bulunmaktad\u0131r. Bu kapsamda giri\u015fimciler ile yat\u0131r\u0131mc\u0131lar aras\u0131ndaki hukuk d\u00fczeni g\u00fcn ge\u00e7tik\u00e7e \u00f6nem kazanmakta olup giri\u015fimcilerin de faaliyetlerini hukuka uygun y\u00fcr\u00fctmesini sa\u011flamak, hukuki ihtilaflar\u0131 engellemek, giri\u015fimleri korumak, do\u011fru \u015firket t\u00fcr\u00fcn\u00fc&#8230;<\/p>\n","protected":false},"author":1,"featured_media":5377,"parent":1820,"menu_order":349,"comment_status":"closed","ping_status":"closed","template":"","meta":[],"acf":[],"_links":{"self":[{"href":"https:\/\/hansu.av.tr\/tr\/wp-json\/wp\/v2\/pages\/1839"}],"collection":[{"href":"https:\/\/hansu.av.tr\/tr\/wp-json\/wp\/v2\/pages"}],"about":[{"href":"https:\/\/hansu.av.tr\/tr\/wp-json\/wp\/v2\/types\/page"}],"author":[{"embeddable":true,"href":"https:\/\/hansu.av.tr\/tr\/wp-json\/wp\/v2\/users\/1"}],"replies":[{"embeddable":true,"href":"https:\/\/hansu.av.tr\/tr\/wp-json\/wp\/v2\/comments?post=1839"}],"version-history":[{"count":5,"href":"https:\/\/hansu.av.tr\/tr\/wp-json\/wp\/v2\/pages\/1839\/revisions"}],"predecessor-version":[{"id":5937,"href":"https:\/\/hansu.av.tr\/tr\/wp-json\/wp\/v2\/pages\/1839\/revisions\/5937"}],"up":[{"embeddable":true,"href":"https:\/\/hansu.av.tr\/tr\/wp-json\/wp\/v2\/pages\/1820"}],"wp:featuredmedia":[{"embeddable":true,"href":"https:\/\/hansu.av.tr\/tr\/wp-json\/wp\/v2\/media\/5377"}],"wp:attachment":[{"href":"https:\/\/hansu.av.tr\/tr\/wp-json\/wp\/v2\/media?parent=1839"}],"curies":[{"name":"wp","href":"https:\/\/api.w.org\/{rel}","templated":true}]}}