{"id":1843,"date":"2020-05-07T17:08:31","date_gmt":"2020-05-07T14:08:31","guid":{"rendered":"https:\/\/hansu.av.tr\/uzmanlik-alanlarimiz\/sigorta-ve-tazminat-hukuku\/"},"modified":"2020-07-18T14:36:34","modified_gmt":"2020-07-18T11:36:34","slug":"sigorta-ve-tazminat-hukuku","status":"publish","type":"page","link":"https:\/\/hansu.av.tr\/tr\/uzmanlik-alanlarimiz\/sigorta-ve-tazminat-hukuku\/","title":{"rendered":"Sigorta ve Tazminat Hukuku"},"content":{"rendered":"\t\t<div data-elementor-type=\"wp-post\" data-elementor-id=\"1843\" class=\"elementor elementor-1843 elementor-676\">\n\t\t\t\t\t\t<div class=\"elementor-inner\">\n\t\t\t\t<div class=\"elementor-section-wrap\">\n\t\t\t\t\t\t\t\t\t<section class=\"elementor-section elementor-top-section elementor-element elementor-element-8f349d3 elementor-section-boxed elementor-section-height-default elementor-section-height-default\" data-id=\"8f349d3\" data-element_type=\"section\">\n\t\t\t\t\t\t<div class=\"elementor-container elementor-column-gap-default\">\n\t\t\t\t\t\t\t<div class=\"elementor-row\">\n\t\t\t\t\t<div class=\"elementor-column elementor-col-100 elementor-top-column elementor-element elementor-element-78905c4\" data-id=\"78905c4\" data-element_type=\"column\">\n\t\t\t<div class=\"elementor-column-wrap elementor-element-populated\">\n\t\t\t\t\t\t\t<div class=\"elementor-widget-wrap\">\n\t\t\t\t\t\t<div class=\"elementor-element elementor-element-795ba3d elementor-widget elementor-widget-text-editor\" data-id=\"795ba3d\" data-element_type=\"widget\" data-widget_type=\"text-editor.default\">\n\t\t\t\t<div class=\"elementor-widget-container\">\n\t\t\t\t\t\t\t\t<div class=\"elementor-text-editor elementor-clearfix\">\n\t\t\t\t<p dir=\"ltr\">Sigorta hukuku, sigorta poli\u00e7eleri ve i\u015fbu sigorta poli\u00e7elerine dayal\u0131 talepleri kapsamakta iken tazminat hukuku, \u00e7e\u015fitli durumlardan kaynaklanan yaralanma, hasar ve\/veya kay\u0131p durumlar\u0131nda \u015fah\u0131slar\u0131n s\u00f6z konusu zararlar\u0131n\u0131 tazmin etmeye y\u00f6nelik bir disiplindir. G\u00fcn\u00fcm\u00fcz d\u00fcnyas\u0131nda sigorta s\u00f6zle\u015fmelerinin ve dolay\u0131s\u0131yla sigorta hukuku ile tazminat hukukunun konular\u0131 olduk\u00e7a \u00e7e\u015fitli oldu\u011fundan, hukuki destek al\u0131nmas\u0131 zorunlu hale gelmi\u015ftir.<\/p>\n<p dir=\"ltr\"><strong>Nas\u0131l Yard\u0131mc\u0131 Olabiliriz?<\/strong><\/p>\n<p dir=\"ltr\">Avukatl\u0131k B\u00fcromuz sigorta s\u00f6zle\u015fmeleri kapsam\u0131nda ortaya \u00e7\u0131kan uyu\u015fmazl\u0131klara ili\u015fkin olarak rizikonun meydana gelmesi durumunda olu\u015fan maddi ve manevi zararlar\u0131n tazmini konusunda yerli ve yabanc\u0131 m\u00fcvekkillerine hukuki hizmet vermekle birlikte hasar s\u00fcre\u00e7lerinin verimli y\u00fcr\u00fct\u00fclmesi ad\u0131na hasar y\u00f6netimine ili\u015fkin ve ayr\u0131ca risk tespiti, poli\u00e7e olu\u015fturulmas\u0131 konular\u0131n\u0131n her a\u015famas\u0131nda sigorta \u015firketlerine dan\u0131\u015fmanl\u0131k ve avukatl\u0131k hizmetleri de vermektedir.<\/p>\n<p>Bu kapsamda Avukatl\u0131k B\u00fcromuzun \u00fc\u00e7\u00fcnc\u00fc \u015fah\u0131s mali sorumluluk sigortalar\u0131, ferdi kazalar\u0131 sigortalar\u0131, i\u015fveren sorumluluk sigortalar\u0131 ba\u015fta olmak \u00fczere sorumluluk sigortalar\u0131, sorumlu trafik sigortas\u0131, kasko gibi ara\u00e7 sigortalar\u0131, hayat ve maluliyet sigortalar\u0131, yang\u0131n sigortalar\u0131, deniz sigortalar\u0131 ve \u00f6zel sa\u011fl\u0131k sigortalar\u0131ndan do\u011fan alacak ve tazminat taleplerinin \u00e7\u00f6z\u00fcm\u00fcnde ve davalar\u0131n\u0131n takibinde engin bir tecr\u00fcbesi bulunmaktad\u0131r.<\/p>\n<p dir=\"ltr\"><strong>Kimlere Yard\u0131mc\u0131 Oluyoruz?<\/strong><\/p>\n<p dir=\"ltr\">Avukatl\u0131k B\u00fcromuz, yerli ve yabanc\u0131 m\u00fcvekkillerine, sigorta s\u00f6zle\u015fmeleri kapsam\u0131nda ortaya \u00e7\u0131kan uyu\u015fmazl\u0131klarda rizikonun ger\u00e7ekle\u015fmesi hallerinde maddi ve manevi zararlar\u0131n tazmini ile ilgili konular da dahil olmak \u00fczere sigorta \u015firketlerine y\u00f6nelik dan\u0131\u015fmanl\u0131k ve avukatl\u0131k hizmetleri de vermektedir. Bu kapsamda Avukatl\u0131k B\u00fcromuz, hasar s\u00fcre\u00e7lerinin etkin bir \u015fekilde y\u00fcr\u00fct\u00fclmesi, sigorta poli\u00e7elerinin haz\u0131rlanmas\u0131, risk de\u011ferlendirmesi yap\u0131lmas\u0131 noktas\u0131nda deneyim sahibi olup m\u00fcvekkillerine bu hususlarda etkili \u00e7\u00f6z\u00fcm y\u00f6ntemleri sunmaktad\u0131r.<\/p>\n\t\t\t\t\t<\/div>\n\t\t\t\t\t\t<\/div>\n\t\t\t\t<\/div>\n\t\t\t\t\t\t<\/div>\n\t\t\t\t\t<\/div>\n\t\t<\/div>\n\t\t\t\t\t\t\t\t<\/div>\n\t\t\t\t\t<\/div>\n\t\t<\/section>\n\t\t\t\t\t\t\t\t\t<\/div>\n\t\t\t<\/div>\n\t\t\t\t\t<\/div>\n\t\t","protected":false},"excerpt":{"rendered":"<p>Sigorta hukuku, sigorta poli\u00e7eleri ve i\u015fbu sigorta poli\u00e7elerine dayal\u0131 talepleri kapsamakta iken tazminat hukuku, \u00e7e\u015fitli durumlardan kaynaklanan yaralanma, hasar ve\/veya kay\u0131p durumlar\u0131nda \u015fah\u0131slar\u0131n s\u00f6z konusu zararlar\u0131n\u0131 tazmin etmeye y\u00f6nelik bir disiplindir. G\u00fcn\u00fcm\u00fcz d\u00fcnyas\u0131nda sigorta s\u00f6zle\u015fmelerinin ve dolay\u0131s\u0131yla sigorta hukuku ile tazminat hukukunun konular\u0131 olduk\u00e7a \u00e7e\u015fitli oldu\u011fundan, hukuki destek al\u0131nmas\u0131 zorunlu hale gelmi\u015ftir. Nas\u0131l Yard\u0131mc\u0131 Olabiliriz?&#8230;<\/p>\n","protected":false},"author":1,"featured_media":5465,"parent":1820,"menu_order":283,"comment_status":"closed","ping_status":"closed","template":"","meta":[],"acf":[],"_links":{"self":[{"href":"https:\/\/hansu.av.tr\/tr\/wp-json\/wp\/v2\/pages\/1843"}],"collection":[{"href":"https:\/\/hansu.av.tr\/tr\/wp-json\/wp\/v2\/pages"}],"about":[{"href":"https:\/\/hansu.av.tr\/tr\/wp-json\/wp\/v2\/types\/page"}],"author":[{"embeddable":true,"href":"https:\/\/hansu.av.tr\/tr\/wp-json\/wp\/v2\/users\/1"}],"replies":[{"embeddable":true,"href":"https:\/\/hansu.av.tr\/tr\/wp-json\/wp\/v2\/comments?post=1843"}],"version-history":[{"count":5,"href":"https:\/\/hansu.av.tr\/tr\/wp-json\/wp\/v2\/pages\/1843\/revisions"}],"predecessor-version":[{"id":6083,"href":"https:\/\/hansu.av.tr\/tr\/wp-json\/wp\/v2\/pages\/1843\/revisions\/6083"}],"up":[{"embeddable":true,"href":"https:\/\/hansu.av.tr\/tr\/wp-json\/wp\/v2\/pages\/1820"}],"wp:featuredmedia":[{"embeddable":true,"href":"https:\/\/hansu.av.tr\/tr\/wp-json\/wp\/v2\/media\/5465"}],"wp:attachment":[{"href":"https:\/\/hansu.av.tr\/tr\/wp-json\/wp\/v2\/media?parent=1843"}],"curies":[{"name":"wp","href":"https:\/\/api.w.org\/{rel}","templated":true}]}}