{"id":1845,"date":"2020-05-07T17:27:25","date_gmt":"2020-05-07T14:27:25","guid":{"rendered":"https:\/\/hansu.av.tr\/uzmanlik-alanlarimiz\/kisisel-veri-koruma-hukuku\/"},"modified":"2020-07-17T19:05:40","modified_gmt":"2020-07-17T16:05:40","slug":"kisisel-veri-koruma-hukuku","status":"publish","type":"page","link":"https:\/\/hansu.av.tr\/tr\/uzmanlik-alanlarimiz\/kisisel-veri-koruma-hukuku\/","title":{"rendered":"Ki\u015fisel Veri Koruma Hukuku"},"content":{"rendered":"\t\t<div data-elementor-type=\"wp-post\" data-elementor-id=\"1845\" class=\"elementor elementor-1845 elementor-692\">\n\t\t\t\t\t\t<div class=\"elementor-inner\">\n\t\t\t\t<div class=\"elementor-section-wrap\">\n\t\t\t\t\t\t\t\t\t<section class=\"elementor-section elementor-top-section elementor-element elementor-element-4adfd8a elementor-section-boxed elementor-section-height-default elementor-section-height-default\" data-id=\"4adfd8a\" data-element_type=\"section\">\n\t\t\t\t\t\t<div class=\"elementor-container elementor-column-gap-default\">\n\t\t\t\t\t\t\t<div class=\"elementor-row\">\n\t\t\t\t\t<div class=\"elementor-column elementor-col-100 elementor-top-column elementor-element elementor-element-878c864\" data-id=\"878c864\" data-element_type=\"column\">\n\t\t\t<div class=\"elementor-column-wrap elementor-element-populated\">\n\t\t\t\t\t\t\t<div class=\"elementor-widget-wrap\">\n\t\t\t\t\t\t<div class=\"elementor-element elementor-element-a105243 elementor-widget elementor-widget-text-editor\" data-id=\"a105243\" data-element_type=\"widget\" data-widget_type=\"text-editor.default\">\n\t\t\t\t<div class=\"elementor-widget-container\">\n\t\t\t\t\t\t\t\t<div class=\"elementor-text-editor elementor-clearfix\">\n\t\t\t\t<p dir=\"ltr\"><strong>Nas\u0131l Yard\u0131mc\u0131 Olabiliriz?<\/strong><\/p><p dir=\"ltr\">Avukatl\u0131k B\u00fcromuz, m\u00fcvekkilleri i\u00e7in veri gizlili\u011fi hizmetleri vermekte, mevcut s\u00fcre\u00e7leri ve prosed\u00fcrleri g\u00f6zden ge\u00e7irmekte, m\u00fcvekkilleri i\u00e7in gizlilik stratejileri belirlemekte ve ki\u015fisel verilerin i\u015flenmesi noktas\u0131nda hukuki dan\u0131\u015fmanl\u0131k sunmaktad\u0131r. Ek olarak ki\u015fisel verilerin kaydedilmesi, havale edilmesi, payla\u015f\u0131lmas\u0131ndan kaynaklanan uyu\u015fmazl\u0131klar\u0131n tespiti, \u00f6nlenmesi ve bu uyu\u015fmazl\u0131klar\u0131n yarg\u0131 organlar\u0131 \u00f6n\u00fcnde \u00e7\u00f6z\u00fclmesi konusunda deneyim sahibi olan geni\u015f avukat kadromuz ile m\u00fcvekkillerine \u00fcst d\u00fczeyde yasal hizmetler sunmaktad\u0131r. Yine ayn\u0131 \u015fekilde veri gizlili\u011fi s\u00f6zle\u015fmeleri konusunda olduk\u00e7a deneyimli olan Avukatl\u0131k B\u00fcromuz m\u00fcvekkillerine veri toplama ve onay\u0131 ile s\u0131n\u0131r \u00f6tesi veri aktar\u0131mlar\u0131, s\u00f6z konusu i\u015flemlerden do\u011facak sorumluluklar ve kar\u015f\u0131la\u015f\u0131lmas\u0131 muhtemel cezai yapt\u0131r\u0131mlar konusunda da destek olmaktad\u0131r.<\/p><p dir=\"ltr\"><strong>Kimlere Yard\u0131mc\u0131 Oluyoruz?<\/strong><\/p><p dir=\"ltr\">Avukatl\u0131k B\u00fcromzu, i\u015fletmelerinin do\u011fas\u0131 gere\u011fi veri toplayan ve payla\u015fan her t\u00fcrl\u00fc \u015fah\u0131s ve t\u00fczel ki\u015fili\u011fe yasal hizmet sunmaktad\u0131r. Ek olarak, m\u00fcvekkillerimize bilgi \u00f6zg\u00fcrl\u00fc\u011f\u00fc mevzuat\u0131n\u0131n etkileri, riskin nas\u0131l azalt\u0131laca\u011f\u0131 ve mevzuat\u0131n rekabet avantaj\u0131 i\u00e7in kullan\u0131lmas\u0131 potansiyeli hakk\u0131nda tavsiyelerde bulunarak olas\u0131 yapt\u0131r\u0131mlar\u0131n \u00f6n\u00fcne ge\u00e7iyor ve m\u00fcvekkillerimizin ticari faaliyetlerine katk\u0131da bulunuyoruz.<\/p><p dir=\"ltr\">\u00a0<\/p>\t\t\t\t\t<\/div>\n\t\t\t\t\t\t<\/div>\n\t\t\t\t<\/div>\n\t\t\t\t\t\t<\/div>\n\t\t\t\t\t<\/div>\n\t\t<\/div>\n\t\t\t\t\t\t\t\t<\/div>\n\t\t\t\t\t<\/div>\n\t\t<\/section>\n\t\t\t\t\t\t\t\t\t<\/div>\n\t\t\t<\/div>\n\t\t\t\t\t<\/div>\n\t\t","protected":false},"excerpt":{"rendered":"<p>Nas\u0131l Yard\u0131mc\u0131 Olabiliriz? Avukatl\u0131k B\u00fcromuz, m\u00fcvekkilleri i\u00e7in veri gizlili\u011fi hizmetleri vermekte, mevcut s\u00fcre\u00e7leri ve prosed\u00fcrleri g\u00f6zden ge\u00e7irmekte, m\u00fcvekkilleri i\u00e7in gizlilik stratejileri belirlemekte ve ki\u015fisel verilerin i\u015flenmesi noktas\u0131nda hukuki dan\u0131\u015fmanl\u0131k sunmaktad\u0131r. Ek olarak ki\u015fisel verilerin kaydedilmesi, havale edilmesi, payla\u015f\u0131lmas\u0131ndan kaynaklanan uyu\u015fmazl\u0131klar\u0131n tespiti, \u00f6nlenmesi ve bu uyu\u015fmazl\u0131klar\u0131n yarg\u0131 organlar\u0131 \u00f6n\u00fcnde \u00e7\u00f6z\u00fclmesi konusunda deneyim sahibi olan geni\u015f avukat&#8230;<\/p>\n","protected":false},"author":1,"featured_media":5608,"parent":1820,"menu_order":397,"comment_status":"closed","ping_status":"closed","template":"","meta":[],"acf":[],"_links":{"self":[{"href":"https:\/\/hansu.av.tr\/tr\/wp-json\/wp\/v2\/pages\/1845"}],"collection":[{"href":"https:\/\/hansu.av.tr\/tr\/wp-json\/wp\/v2\/pages"}],"about":[{"href":"https:\/\/hansu.av.tr\/tr\/wp-json\/wp\/v2\/types\/page"}],"author":[{"embeddable":true,"href":"https:\/\/hansu.av.tr\/tr\/wp-json\/wp\/v2\/users\/1"}],"replies":[{"embeddable":true,"href":"https:\/\/hansu.av.tr\/tr\/wp-json\/wp\/v2\/comments?post=1845"}],"version-history":[{"count":3,"href":"https:\/\/hansu.av.tr\/tr\/wp-json\/wp\/v2\/pages\/1845\/revisions"}],"predecessor-version":[{"id":5942,"href":"https:\/\/hansu.av.tr\/tr\/wp-json\/wp\/v2\/pages\/1845\/revisions\/5942"}],"up":[{"embeddable":true,"href":"https:\/\/hansu.av.tr\/tr\/wp-json\/wp\/v2\/pages\/1820"}],"wp:featuredmedia":[{"embeddable":true,"href":"https:\/\/hansu.av.tr\/tr\/wp-json\/wp\/v2\/media\/5608"}],"wp:attachment":[{"href":"https:\/\/hansu.av.tr\/tr\/wp-json\/wp\/v2\/media?parent=1845"}],"curies":[{"name":"wp","href":"https:\/\/api.w.org\/{rel}","templated":true}]}}