{"id":1847,"date":"2020-05-07T22:50:59","date_gmt":"2020-05-07T19:50:59","guid":{"rendered":"https:\/\/hansu.av.tr\/uzmanlik-alanlarimiz\/gayrimenkul-ve-kira-hukuku\/"},"modified":"2020-07-18T15:13:37","modified_gmt":"2020-07-18T12:13:37","slug":"gayrimenkul-ve-kira-hukuku","status":"publish","type":"page","link":"https:\/\/hansu.av.tr\/tr\/uzmanlik-alanlarimiz\/gayrimenkul-ve-kira-hukuku\/","title":{"rendered":"Gayrimenkul ve Kira Hukuku"},"content":{"rendered":"\t\t<div data-elementor-type=\"wp-post\" data-elementor-id=\"1847\" class=\"elementor elementor-1847 elementor-625\">\n\t\t\t\t\t\t<div class=\"elementor-inner\">\n\t\t\t\t<div class=\"elementor-section-wrap\">\n\t\t\t\t\t\t\t\t\t<section class=\"elementor-section elementor-top-section elementor-element elementor-element-8039cec elementor-section-boxed elementor-section-height-default elementor-section-height-default\" data-id=\"8039cec\" data-element_type=\"section\">\n\t\t\t\t\t\t<div class=\"elementor-container elementor-column-gap-default\">\n\t\t\t\t\t\t\t<div class=\"elementor-row\">\n\t\t\t\t\t<div class=\"elementor-column elementor-col-100 elementor-top-column elementor-element elementor-element-8d7233a\" data-id=\"8d7233a\" data-element_type=\"column\">\n\t\t\t<div class=\"elementor-column-wrap elementor-element-populated\">\n\t\t\t\t\t\t\t<div class=\"elementor-widget-wrap\">\n\t\t\t\t\t\t<div class=\"elementor-element elementor-element-bc0bfef elementor-widget elementor-widget-text-editor\" data-id=\"bc0bfef\" data-element_type=\"widget\" data-widget_type=\"text-editor.default\">\n\t\t\t\t<div class=\"elementor-widget-container\">\n\t\t\t\t\t\t\t\t<div class=\"elementor-text-editor elementor-clearfix\">\n\t\t\t\t<p dir=\"ltr\"><strong>Nas\u0131l yard\u0131mc\u0131 olabiliriz?<\/strong><\/p><p dir=\"ltr\">Avukatl\u0131k B\u00fcromuz, Gayrimenkul ve Kira Hukuku alan\u0131nda bilhassa kamu [hazine\/belediye] ve vak\u0131f arazilerinin proje odakl\u0131 geli\u015ftirilmesi alan\u0131nda hem kamu otoritelerine hem de proje geli\u015ftiricisi \u00f6zel giri\u015fimcilere ihale, geli\u015ftirme, yap\u0131m ve i\u015fletme a\u015famalar\u0131n\u0131n tamam\u0131nda hukuki dan\u0131\u015fmanl\u0131k ve avukatl\u0131k hizmeti vermi\u015f, ayr\u0131ca bug\u00fcne kadar al\u0131\u015fveri\u015f merkezi, otel, hastane ve di\u011fer geni\u015f \u00e7apl\u0131 ve \u00e7ok ama\u00e7l\u0131 gayrimenkul yat\u0131r\u0131mlar\u0131n\u0131n hukuki zemininin olu\u015fturulmas\u0131, intifa\/irtifak haklar\u0131 ile di\u011fer t\u00fcm \u00fcst haklar\u0131n\u0131n tesisi ve hukuki uygulamas\u0131, y\u00f6netim planlar\u0131n\u0131n olu\u015fturulmas\u0131, kat kar\u015f\u0131l\u0131\u011f\u0131 ve has\u0131lat payla\u015f\u0131ml\u0131 in\u015faat s\u00f6zle\u015fmelerinin d\u00fczenlenmesi ve kentsel d\u00f6n\u00fc\u015f\u00fcm projelerinin geli\u015ftirilmesi konusunda dan\u0131\u015fmanl\u0131k hizmeti vermi\u015f ve vermeye de devam etmektedir.<\/p><p>Lojistik, meskun, otel, altyap\u0131, yenilenebilir enerji, perakende veya ofis alanlar\u0131ndan hangisinde olursan\u0131z olun, Avukatl\u0131k B\u00fcromuz\u2019un yard\u0131ma haz\u0131r tecr\u00fcbeli bir ekibi bulunmaktad\u0131r.<\/p><p dir=\"ltr\">Avukatl\u0131k B\u00fcromuz ayr\u0131ca, m\u00fcdahalenin men-i davalar\u0131, irtifak haklar\u0131n\u0131n kurulmas\u0131na ili\u015fkin davalar, istihkak davalar\u0131, ortakl\u0131\u011f\u0131n giderilmesi davalar\u0131, ipotek davalar\u0131, kamula\u015ft\u0131rma davalar\u0131, tapu iptal ve tescil davalar\u0131, kira bedeli tespit davalar\u0131, tahliye davalar\u0131, \u015fufa davalar\u0131, kat m\u00fclkiyeti uyu\u015fmazl\u0131klar\u0131, tapu kay\u0131t hatalar\u0131n\u0131n d\u00fczeltilmesi davalar\u0131nda da tecr\u00fcbeye sahiptir.<\/p><p dir=\"ltr\"><strong>Kimlere yard\u0131m ediyoruz?<\/strong><\/p><p dir=\"ltr\">Bizler ayr\u0131ca, m\u00fcvekkil portf\u00f6y\u00fcm\u00fcz i\u00e7erisinde yer alan ve farkl\u0131 sekt\u00f6rlerde faaliyet g\u00f6steren yerli ve \u00f6zellikle Avrupa, Orta Do\u011fu ve Afrikada\u2019dan yabanc\u0131 m\u00fcvekkillerimize ta\u015f\u0131nmazlar\u0131n al\u0131m ve sat\u0131m muameleleri, ta\u015f\u0131nmazlar \u00fczerinde ayni ve \u015fahsi hak tesisi ve terkini, ticari kira s\u00f6zle\u015fmeleri ile sat\u0131\u015f vaadi, ipotek ve rehin tesisi, projelerin \u00e7evre mevzuat\u0131na uygunlu\u011funun denetlenmesi, imtiyazl\u0131 tahsisler, ortak kalk\u0131nma anla\u015fmalar\u0131, alt y\u00fcklenici, m\u00fchendislik ve al\u0131m s\u00f6zle\u015fmeleri ile y\u00f6netim s\u00f6zle\u015fmelerinin haz\u0131rlanmas\u0131 ve m\u00fczakeresi, tapu kayd\u0131n\u0131n iptali veya d\u00fczeltilmesi gibi gayrimenkul\u00fcn m\u00fclkiyetine ili\u015fkin olarak hukuki davalar\u0131n takibi ile meydana gelen uyu\u015fmazl\u0131klar\u0131n \u00e7\u00f6z\u00fcm\u00fcnde hukuki hizmet sunmaktay\u0131z.<\/p><p dir=\"ltr\"><strong>Dan\u0131\u015fmanl\u0131k verilmesi dahil olmak \u00fczere \u00f6nemli ticari \u00e7al\u0131\u015fmalar\u0131m\u0131z<\/strong><\/p><p dir=\"ltr\"><em>Avukatl\u0131k B\u00fcromuz,<\/em><\/p><p dir=\"ltr\"><em>\u2013 Al\u0131\u015fveri\u015f merkezleri, hastaneler, daire, m\u00fcze ve sa\u011fl\u0131k hizmet merkezleri gibi karma\u015f\u0131k in\u015fa projelerinin geli\u015ftirilmesi ve bu kapsamda Uygun ta\u015f\u0131nmaz\u0131n se\u00e7ilmesiyle ba\u015flayarak, yerel yetkililerden gerekli izinlerin al\u0131nma\u0131, m\u00fclk sahibi ile s\u00f6zle\u015fmelerin d\u00fczenlenmesi ve tesisin i\u015fletilmesi noktalar\u0131nda ba\u015f hukuk dan\u0131\u015fman\u0131 olarak g\u00f6rev yapm\u0131\u015ft\u0131r.<\/em><\/p><p dir=\"ltr\"><em>\u2013 \u0130mar planlar\u0131n\u0131 d\u00fczenlenmesi ve m\u00fcvekkillere sa\u011fl\u0131k hizmelteri, enerji, turizm ve e\u011fitim gibi alanlardaki porjelerde gerekli evraklar\u0131n toplanmas\u0131nda hukuki dan\u0131\u015fmanl\u0131k vermi\u015ftir.<\/em><\/p><p dir=\"ltr\"><em>\u2013 M\u00fcvekilere imar mevzuat\u0131na ili\u015fkin olarak hukuki dan\u0131\u015fmanl\u0131k vermi\u015f ve imar mevzuat\u0131 ile uyumlu projelerin hayata ge\u00e7irilmesi noktas\u0131nda hukuki hizmet sa\u011flam\u0131\u015ft\u0131r.\u00a0\u00a0<\/em><\/p>\t\t\t\t\t<\/div>\n\t\t\t\t\t\t<\/div>\n\t\t\t\t<\/div>\n\t\t\t\t\t\t<\/div>\n\t\t\t\t\t<\/div>\n\t\t<\/div>\n\t\t\t\t\t\t\t\t<\/div>\n\t\t\t\t\t<\/div>\n\t\t<\/section>\n\t\t\t\t<section class=\"elementor-section elementor-top-section elementor-element elementor-element-9accc4e elementor-section-boxed elementor-section-height-default elementor-section-height-default\" data-id=\"9accc4e\" data-element_type=\"section\">\n\t\t\t\t\t\t<div class=\"elementor-container elementor-column-gap-default\">\n\t\t\t\t\t\t\t<div class=\"elementor-row\">\n\t\t\t\t\t<div class=\"elementor-column elementor-col-100 elementor-top-column elementor-element elementor-element-5451225\" data-id=\"5451225\" data-element_type=\"column\">\n\t\t\t<div class=\"elementor-column-wrap elementor-element-populated\">\n\t\t\t\t\t\t\t<div class=\"elementor-widget-wrap\">\n\t\t\t\t\t\t<div class=\"elementor-element elementor-element-4962670 elementor-widget elementor-widget-text-editor\" data-id=\"4962670\" data-element_type=\"widget\" data-widget_type=\"text-editor.default\">\n\t\t\t\t<div class=\"elementor-widget-container\">\n\t\t\t\t\t\t\t\t<div class=\"elementor-text-editor elementor-clearfix\">\n\t\t\t\t\t\t\t\t\t<\/div>\n\t\t\t\t\t\t<\/div>\n\t\t\t\t<\/div>\n\t\t\t\t\t\t<\/div>\n\t\t\t\t\t<\/div>\n\t\t<\/div>\n\t\t\t\t\t\t\t\t<\/div>\n\t\t\t\t\t<\/div>\n\t\t<\/section>\n\t\t\t\t\t\t\t\t\t<\/div>\n\t\t\t<\/div>\n\t\t\t\t\t<\/div>\n\t\t","protected":false},"excerpt":{"rendered":"<p>Nas\u0131l yard\u0131mc\u0131 olabiliriz? Avukatl\u0131k B\u00fcromuz, Gayrimenkul ve Kira Hukuku alan\u0131nda bilhassa kamu [hazine\/belediye] ve vak\u0131f arazilerinin proje odakl\u0131 geli\u015ftirilmesi alan\u0131nda hem kamu otoritelerine hem de proje geli\u015ftiricisi \u00f6zel giri\u015fimcilere ihale, geli\u015ftirme, yap\u0131m ve i\u015fletme a\u015famalar\u0131n\u0131n tamam\u0131nda hukuki dan\u0131\u015fmanl\u0131k ve avukatl\u0131k hizmeti vermi\u015f, ayr\u0131ca bug\u00fcne kadar al\u0131\u015fveri\u015f merkezi, otel, hastane ve di\u011fer geni\u015f \u00e7apl\u0131 ve \u00e7ok&#8230;<\/p>\n","protected":false},"author":1,"featured_media":5613,"parent":1820,"menu_order":492,"comment_status":"closed","ping_status":"closed","template":"","meta":[],"acf":[],"_links":{"self":[{"href":"https:\/\/hansu.av.tr\/tr\/wp-json\/wp\/v2\/pages\/1847"}],"collection":[{"href":"https:\/\/hansu.av.tr\/tr\/wp-json\/wp\/v2\/pages"}],"about":[{"href":"https:\/\/hansu.av.tr\/tr\/wp-json\/wp\/v2\/types\/page"}],"author":[{"embeddable":true,"href":"https:\/\/hansu.av.tr\/tr\/wp-json\/wp\/v2\/users\/1"}],"replies":[{"embeddable":true,"href":"https:\/\/hansu.av.tr\/tr\/wp-json\/wp\/v2\/comments?post=1847"}],"version-history":[{"count":3,"href":"https:\/\/hansu.av.tr\/tr\/wp-json\/wp\/v2\/pages\/1847\/revisions"}],"predecessor-version":[{"id":6098,"href":"https:\/\/hansu.av.tr\/tr\/wp-json\/wp\/v2\/pages\/1847\/revisions\/6098"}],"up":[{"embeddable":true,"href":"https:\/\/hansu.av.tr\/tr\/wp-json\/wp\/v2\/pages\/1820"}],"wp:featuredmedia":[{"embeddable":true,"href":"https:\/\/hansu.av.tr\/tr\/wp-json\/wp\/v2\/media\/5613"}],"wp:attachment":[{"href":"https:\/\/hansu.av.tr\/tr\/wp-json\/wp\/v2\/media?parent=1847"}],"curies":[{"name":"wp","href":"https:\/\/api.w.org\/{rel}","templated":true}]}}