{"id":1849,"date":"2020-05-07T22:51:57","date_gmt":"2020-05-07T19:51:57","guid":{"rendered":"https:\/\/hansu.av.tr\/uzmanlik-alanlarimiz\/kentsel-donusum-hukuku\/"},"modified":"2020-07-17T19:11:41","modified_gmt":"2020-07-17T16:11:41","slug":"kentsel-donusum-hukuku","status":"publish","type":"page","link":"https:\/\/hansu.av.tr\/tr\/uzmanlik-alanlarimiz\/kentsel-donusum-hukuku\/","title":{"rendered":"Kentsel D\u00f6n\u00fc\u015f\u00fcm Hukuku"},"content":{"rendered":"\t\t<div data-elementor-type=\"wp-post\" data-elementor-id=\"1849\" class=\"elementor elementor-1849 elementor-630\">\n\t\t\t\t\t\t<div class=\"elementor-inner\">\n\t\t\t\t<div class=\"elementor-section-wrap\">\n\t\t\t\t\t\t\t\t\t<section class=\"elementor-section elementor-top-section elementor-element elementor-element-59bdfc2 elementor-section-boxed elementor-section-height-default elementor-section-height-default\" data-id=\"59bdfc2\" data-element_type=\"section\">\n\t\t\t\t\t\t<div class=\"elementor-container elementor-column-gap-default\">\n\t\t\t\t\t\t\t<div class=\"elementor-row\">\n\t\t\t\t\t<div class=\"elementor-column elementor-col-100 elementor-top-column elementor-element elementor-element-f8da337\" data-id=\"f8da337\" data-element_type=\"column\">\n\t\t\t<div class=\"elementor-column-wrap elementor-element-populated\">\n\t\t\t\t\t\t\t<div class=\"elementor-widget-wrap\">\n\t\t\t\t\t\t<div class=\"elementor-element elementor-element-a52bf36 elementor-widget elementor-widget-text-editor\" data-id=\"a52bf36\" data-element_type=\"widget\" data-widget_type=\"text-editor.default\">\n\t\t\t\t<div class=\"elementor-widget-container\">\n\t\t\t\t\t\t\t\t<div class=\"elementor-text-editor elementor-clearfix\">\n\t\t\t\t<p><strong><u>Nas\u0131l Yard\u0131mc\u0131 Olabiliriz?<\/u><\/strong><\/p><p>Kentsel d\u00f6n\u00fc\u015f\u00fcm\u00fc kentteki sorunlu alanlar\u0131n belirlenip, sa\u011fl\u0131kl\u0131 ve de ya\u015fan\u0131labilir hale getirilmesi amac\u0131 ile yeniden yapma veya sa\u011fl\u0131kl\u0131 hale getirmek i\u00e7in uygulama yap\u0131lmas\u0131 olarak tan\u0131mlamak m\u00fcmk\u00fcnd\u00fcr. Kentsel d\u00f6n\u00fc\u015f\u00fcm uygulamalar\u0131, iyile\u015ftirilecek olan alan\u0131n, ekonomik, fiziksel, sosyal ve \u00e7evresel bak\u0131mdan daha iyi \u015fartlara sahip hale d\u00f6n\u00fc\u015ft\u00fcr\u00fclmesi amac\u0131 ta\u015f\u0131maktad\u0131r. Bu kapsamda Avukatl\u0131k B\u00fcromuz kentsel d\u00f6n\u00fc\u015f\u00fcm\u00fcn uygulanaca\u011f\u0131 alan\u0131n se\u00e7ilmesi, in\u015faat faaliyetlerinin hukuki uyu\u015fmazl\u0131k \u00e7\u0131kmaks\u0131z\u0131n y\u00fcr\u00fct\u00fclmesi, arsa malikleri ile in\u015faat \u015firketleri aras\u0131nda akdedilecek s\u00f6zle\u015fmelerin haz\u0131rlanmas\u0131 ve takibi, kentsel d\u00f6n\u00fc\u015f\u00fcm neticesinde in\u015fa edilen yap\u0131lar\u0131n teslimi ve teslim sonras\u0131 \u00e7\u0131kan hukuki ihtilaflar\u0131n takibi konusunda deneyimli olup b\u00fct\u00fcn faaliyetleri ba\u015f\u0131ndan sonuna kadar takip ederek hukuki destek sunmaktad\u0131r.\u00a0<\/p><p><strong><u>Kimlere Yard\u0131mc\u0131 Oluyoruz?<\/u><\/strong><\/p><p>Bu kapsamda Avukatl\u0131k B\u00fcromuz, kentsel d\u00f6n\u00fc\u015f\u00fcm uygulamalar\u0131 i\u00e7erisinde olu\u015fabilecek hukuki uyu\u015fmazl\u0131klar\u0131n belirlenmesi, \u00f6nlenmesi ve \u00e7\u00f6z\u00fclmesi i\u00e7in arsa sahiplerine, in\u015faat \u015firketlerine ve yat\u0131r\u0131mc\u0131lara hukuki hizmet vermektedir.<\/p><p>Within this scope our Law Office provides legal services to construction companies, landowners and investors for detecting, preventing and resolving the legal conflicts arising from urban transformation practices.<\/p><p>\u00a0<\/p>\t\t\t\t\t<\/div>\n\t\t\t\t\t\t<\/div>\n\t\t\t\t<\/div>\n\t\t\t\t\t\t<\/div>\n\t\t\t\t\t<\/div>\n\t\t<\/div>\n\t\t\t\t\t\t\t\t<\/div>\n\t\t\t\t\t<\/div>\n\t\t<\/section>\n\t\t\t\t\t\t\t\t\t<\/div>\n\t\t\t<\/div>\n\t\t\t\t\t<\/div>\n\t\t","protected":false},"excerpt":{"rendered":"<p>Nas\u0131l Yard\u0131mc\u0131 Olabiliriz? Kentsel d\u00f6n\u00fc\u015f\u00fcm\u00fc kentteki sorunlu alanlar\u0131n belirlenip, sa\u011fl\u0131kl\u0131 ve de ya\u015fan\u0131labilir hale getirilmesi amac\u0131 ile yeniden yapma veya sa\u011fl\u0131kl\u0131 hale getirmek i\u00e7in uygulama yap\u0131lmas\u0131 olarak tan\u0131mlamak m\u00fcmk\u00fcnd\u00fcr. Kentsel d\u00f6n\u00fc\u015f\u00fcm uygulamalar\u0131, iyile\u015ftirilecek olan alan\u0131n, ekonomik, fiziksel, sosyal ve \u00e7evresel bak\u0131mdan daha iyi \u015fartlara sahip hale d\u00f6n\u00fc\u015ft\u00fcr\u00fclmesi amac\u0131 ta\u015f\u0131maktad\u0131r. Bu kapsamda Avukatl\u0131k B\u00fcromuz kentsel d\u00f6n\u00fc\u015f\u00fcm\u00fcn&#8230;<\/p>\n","protected":false},"author":1,"featured_media":5619,"parent":1820,"menu_order":360,"comment_status":"closed","ping_status":"closed","template":"","meta":[],"acf":[],"_links":{"self":[{"href":"https:\/\/hansu.av.tr\/tr\/wp-json\/wp\/v2\/pages\/1849"}],"collection":[{"href":"https:\/\/hansu.av.tr\/tr\/wp-json\/wp\/v2\/pages"}],"about":[{"href":"https:\/\/hansu.av.tr\/tr\/wp-json\/wp\/v2\/types\/page"}],"author":[{"embeddable":true,"href":"https:\/\/hansu.av.tr\/tr\/wp-json\/wp\/v2\/users\/1"}],"replies":[{"embeddable":true,"href":"https:\/\/hansu.av.tr\/tr\/wp-json\/wp\/v2\/comments?post=1849"}],"version-history":[{"count":3,"href":"https:\/\/hansu.av.tr\/tr\/wp-json\/wp\/v2\/pages\/1849\/revisions"}],"predecessor-version":[{"id":5945,"href":"https:\/\/hansu.av.tr\/tr\/wp-json\/wp\/v2\/pages\/1849\/revisions\/5945"}],"up":[{"embeddable":true,"href":"https:\/\/hansu.av.tr\/tr\/wp-json\/wp\/v2\/pages\/1820"}],"wp:featuredmedia":[{"embeddable":true,"href":"https:\/\/hansu.av.tr\/tr\/wp-json\/wp\/v2\/media\/5619"}],"wp:attachment":[{"href":"https:\/\/hansu.av.tr\/tr\/wp-json\/wp\/v2\/media?parent=1849"}],"curies":[{"name":"wp","href":"https:\/\/api.w.org\/{rel}","templated":true}]}}