{"id":1851,"date":"2020-05-07T22:53:50","date_gmt":"2020-05-07T19:53:50","guid":{"rendered":"https:\/\/hansu.av.tr\/uzmanlik-alanlarimiz\/idare-ve-kamulastirma-hukuku\/"},"modified":"2020-07-17T19:16:13","modified_gmt":"2020-07-17T16:16:13","slug":"idare-ve-kamulastirma-hukuku","status":"publish","type":"page","link":"https:\/\/hansu.av.tr\/tr\/uzmanlik-alanlarimiz\/idare-ve-kamulastirma-hukuku\/","title":{"rendered":"\u0130dare ve Kamula\u015ft\u0131rma Hukuku"},"content":{"rendered":"\t\t<div data-elementor-type=\"wp-post\" data-elementor-id=\"1851\" class=\"elementor elementor-1851 elementor-639\">\n\t\t\t\t\t\t<div class=\"elementor-inner\">\n\t\t\t\t<div class=\"elementor-section-wrap\">\n\t\t\t\t\t\t\t\t\t<section class=\"elementor-section elementor-top-section elementor-element elementor-element-44c0df5 elementor-section-boxed elementor-section-height-default elementor-section-height-default\" data-id=\"44c0df5\" data-element_type=\"section\">\n\t\t\t\t\t\t<div class=\"elementor-container elementor-column-gap-default\">\n\t\t\t\t\t\t\t<div class=\"elementor-row\">\n\t\t\t\t\t<div class=\"elementor-column elementor-col-100 elementor-top-column elementor-element elementor-element-144206a\" data-id=\"144206a\" data-element_type=\"column\">\n\t\t\t<div class=\"elementor-column-wrap elementor-element-populated\">\n\t\t\t\t\t\t\t<div class=\"elementor-widget-wrap\">\n\t\t\t\t\t\t<div class=\"elementor-element elementor-element-6527748 elementor-widget elementor-widget-text-editor\" data-id=\"6527748\" data-element_type=\"widget\" data-widget_type=\"text-editor.default\">\n\t\t\t\t<div class=\"elementor-widget-container\">\n\t\t\t\t\t\t\t\t<div class=\"elementor-text-editor elementor-clearfix\">\n\t\t\t\t<p dir=\"ltr\"><strong>Nas\u0131l yard\u0131mc\u0131 olabiliriz?<\/strong><\/p><p dir=\"ltr\">Avukatl\u0131k B\u00fcromuz, ba\u015fta \u00f6zelle\u015ftirme, kamu hizmetleri, imtiyaz ve lisanslama, \u00e7evre ve \u015fehircilik, kamu mallar\u0131 hukuki rejimi konular\u0131nda hukuki dan\u0131\u015fmanl\u0131k hizmeti verilmesi, belediye kararlar\u0131na, K\u0130K karar\u0131na, SPK karar\u0131na, EPDK karar\u0131na, Rekabet Kurulu karar\u0131na, Kurul karar\u0131na itiraz edilmesi ve bu hususlara ili\u015fkin gerek iptal davalar\u0131 gerekse tam yarg\u0131 davalar\u0131nda m\u00fcvekkillerin temsil edilmesi, kamu ihale \u015fartnameleri ve idari s\u00f6zle\u015fmelerin haz\u0131rlanmas\u0131, yorumlanmas\u0131 ve denetlenmesi ile kamu ihalelerine kat\u0131l\u0131m konular\u0131 olmak \u00fczere devlet veya idari kurumlar\u0131n i\u015flemlerinin iptali, idari cezalar\u0131n ve idarenin sebebiyet verdi\u011fi zararlar nedeniyle elde edilen hak taleplerine ili\u015fkin olarak \u00f6zel hukuk ger\u00e7ek ve t\u00fczel ki\u015filerinin devletle ili\u015fki i\u00e7inde oldu\u011fu her konuda m\u00fcvekkillerine hukuki hizmet vermektedir.<\/p><p>Ayr\u0131ca Avukatl\u0131k B\u00fcromuz, kamu yarar\u0131 kararlar\u0131n\u0131n tesisi, kamu yarar\u0131 karar\u0131 do\u011frultusunda proje (organize sanayi b\u00f6lgesi, serbest b\u00f6lge, end\u00fcstri b\u00f6lgesi, teknoloji b\u00f6lgesi, enerji b\u00f6lgesi ve benzeri) geli\u015ftirilmesi a\u015famas\u0131nda gerek kamu idarelerine gerekse de \u00f6zel hukuk t\u00fczel ki\u015filerine ve \u015fah\u0131slara kamula\u015ft\u0131rma s\u00fcre\u00e7lerinin tamam\u0131nda hukuki dan\u0131\u015fmanl\u0131k ve avukatl\u0131k hizmeti verilmesi konusunda uzmanla\u015fm\u0131\u015ft\u0131r.<\/p><p dir=\"ltr\"><strong>Kimlere yard\u0131m ediyoruz?<\/strong><\/p><p dir=\"ltr\">Bu \u00e7er\u00e7evede, kamu ve \u00f6zel t\u00fczel ki\u015filere de\u011ferleme ve uzla\u015fma komisyonu s\u00fcre\u00e7lerine,\u00a0 tapu iptal ve kay\u0131t ile bedel tespitinden kaynaklanan davalara ili\u015fkin olarak hukuki dan\u0131\u015fmanl\u0131k hizmeti veriyoruz.<\/p><p dir=\"ltr\"><strong>Dan\u0131\u015fmanl\u0131k verilmesi dahil olmak \u00fczere \u00f6nemli \u00e7al\u0131\u015fmalar\u0131m\u0131z\u00a0<\/strong><\/p><p dir=\"ltr\"><em>Avukatl\u0131k B\u00fcromuz,<\/em><\/p><p dir=\"ltr\"><em>\u2013 \u00d6zel hukuk ili\u015fkisinden do\u011fan s\u00f6zle\u015fmelerin tanzim edilmesi de dahil olmak \u00fczere ba\u015fta \u0130stanbul olmak \u00fczere T\u00fcrkiye\u2019nin \u00e7e\u015fitli Belediyelerine hukuki dan\u0131\u015fmanl\u0131k hizmeti vermektedir.\u00a0<\/em><\/p><p dir=\"ltr\">\u00a0<\/p>\t\t\t\t\t<\/div>\n\t\t\t\t\t\t<\/div>\n\t\t\t\t<\/div>\n\t\t\t\t\t\t<\/div>\n\t\t\t\t\t<\/div>\n\t\t<\/div>\n\t\t\t\t\t\t\t\t<\/div>\n\t\t\t\t\t<\/div>\n\t\t<\/section>\n\t\t\t\t\t\t\t\t\t<\/div>\n\t\t\t<\/div>\n\t\t\t\t\t<\/div>\n\t\t","protected":false},"excerpt":{"rendered":"<p>Nas\u0131l yard\u0131mc\u0131 olabiliriz? Avukatl\u0131k B\u00fcromuz, ba\u015fta \u00f6zelle\u015ftirme, kamu hizmetleri, imtiyaz ve lisanslama, \u00e7evre ve \u015fehircilik, kamu mallar\u0131 hukuki rejimi konular\u0131nda hukuki dan\u0131\u015fmanl\u0131k hizmeti verilmesi, belediye kararlar\u0131na, K\u0130K karar\u0131na, SPK karar\u0131na, EPDK karar\u0131na, Rekabet Kurulu karar\u0131na, Kurul karar\u0131na itiraz edilmesi ve bu hususlara ili\u015fkin gerek iptal davalar\u0131 gerekse tam yarg\u0131 davalar\u0131nda m\u00fcvekkillerin temsil edilmesi, kamu ihale&#8230;<\/p>\n","protected":false},"author":1,"featured_media":5623,"parent":1820,"menu_order":320,"comment_status":"closed","ping_status":"closed","template":"","meta":[],"acf":[],"_links":{"self":[{"href":"https:\/\/hansu.av.tr\/tr\/wp-json\/wp\/v2\/pages\/1851"}],"collection":[{"href":"https:\/\/hansu.av.tr\/tr\/wp-json\/wp\/v2\/pages"}],"about":[{"href":"https:\/\/hansu.av.tr\/tr\/wp-json\/wp\/v2\/types\/page"}],"author":[{"embeddable":true,"href":"https:\/\/hansu.av.tr\/tr\/wp-json\/wp\/v2\/users\/1"}],"replies":[{"embeddable":true,"href":"https:\/\/hansu.av.tr\/tr\/wp-json\/wp\/v2\/comments?post=1851"}],"version-history":[{"count":5,"href":"https:\/\/hansu.av.tr\/tr\/wp-json\/wp\/v2\/pages\/1851\/revisions"}],"predecessor-version":[{"id":5949,"href":"https:\/\/hansu.av.tr\/tr\/wp-json\/wp\/v2\/pages\/1851\/revisions\/5949"}],"up":[{"embeddable":true,"href":"https:\/\/hansu.av.tr\/tr\/wp-json\/wp\/v2\/pages\/1820"}],"wp:featuredmedia":[{"embeddable":true,"href":"https:\/\/hansu.av.tr\/tr\/wp-json\/wp\/v2\/media\/5623"}],"wp:attachment":[{"href":"https:\/\/hansu.av.tr\/tr\/wp-json\/wp\/v2\/media?parent=1851"}],"curies":[{"name":"wp","href":"https:\/\/api.w.org\/{rel}","templated":true}]}}