{"id":1853,"date":"2020-05-07T22:54:29","date_gmt":"2020-05-07T19:54:29","guid":{"rendered":"https:\/\/hansu.av.tr\/uzmanlik-alanlarimiz\/imar-ve-eski-eser-hukuku\/"},"modified":"2020-07-17T19:20:31","modified_gmt":"2020-07-17T16:20:31","slug":"imar-ve-eski-eser-hukuku","status":"publish","type":"page","link":"https:\/\/hansu.av.tr\/tr\/uzmanlik-alanlarimiz\/imar-ve-eski-eser-hukuku\/","title":{"rendered":"\u0130mar ve Eski Eser Hukuku"},"content":{"rendered":"\t\t<div data-elementor-type=\"wp-post\" data-elementor-id=\"1853\" class=\"elementor elementor-1853 elementor-635\">\n\t\t\t\t\t\t<div class=\"elementor-inner\">\n\t\t\t\t<div class=\"elementor-section-wrap\">\n\t\t\t\t\t\t\t\t\t<section class=\"elementor-section elementor-top-section elementor-element elementor-element-78c6353 elementor-section-boxed elementor-section-height-default elementor-section-height-default\" data-id=\"78c6353\" data-element_type=\"section\">\n\t\t\t\t\t\t<div class=\"elementor-container elementor-column-gap-default\">\n\t\t\t\t\t\t\t<div class=\"elementor-row\">\n\t\t\t\t\t<div class=\"elementor-column elementor-col-100 elementor-top-column elementor-element elementor-element-35b6f6b\" data-id=\"35b6f6b\" data-element_type=\"column\">\n\t\t\t<div class=\"elementor-column-wrap elementor-element-populated\">\n\t\t\t\t\t\t\t<div class=\"elementor-widget-wrap\">\n\t\t\t\t\t\t<div class=\"elementor-element elementor-element-dd2cd65 elementor-widget elementor-widget-text-editor\" data-id=\"dd2cd65\" data-element_type=\"widget\" data-widget_type=\"text-editor.default\">\n\t\t\t\t<div class=\"elementor-widget-container\">\n\t\t\t\t\t\t\t\t<div class=\"elementor-text-editor elementor-clearfix\">\n\t\t\t\t<p><strong><u>Nas\u0131l yard\u0131mc\u0131 olabiliriz?<\/u><\/strong><\/p><p>Avukatl\u0131k B\u00fcromuz, imar planlar\u0131n\u0131n geli\u015ftirilmesi ve de\u011fi\u015ftirilmesi, parselasyon i\u015flemlerinin iptali, kamula\u015ft\u0131rma, kamula\u015ft\u0131rmas\u0131z el atma ve ecri misil davalar\u0131, Belediye imar ve isk\u00e2n i\u015flemleri, ka\u00e7ak yap\u0131 ve y\u0131k\u0131m davalar\u0131, 2b arazileriyle ilgili zilyetli\u011fin tespiti ve di\u011fer davalar\u0131, \u0130n\u015faat projelerinde ay\u0131pl\u0131 i\u015flerden kaynaklanan davalar, ka\u00e7ak yap\u0131 para cezalar\u0131n\u0131n iptali davalar\u0131, y\u0131k\u0131m kararlar\u0131n\u0131n iptali davalar\u0131, eski eser ve sit alanlar\u0131 ile K\u00fclt\u00fcr ve Tabiat Varl\u0131klar\u0131n\u0131 Koruma ve K\u0131y\u0131 Kanunu davalar\u0131 ile imar uygulamalar\u0131n\u0131n iptali davalar\u0131 konusunda uzmanla\u015fm\u0131\u015ft\u0131r. Bizler ayr\u0131ca imar planlar\u0131na ili\u015fkin idari davalar\u0131n takibi, idari izinler ve h\u00fck\u00fcmet izinleri, tapu ve kadastro gereklilikleri ve yap\u0131m izinleri kapsam\u0131nda imar planlar\u0131, arazi ve arsa d\u00fczenlenmesi, in\u015faat ruhsat\u0131, iskan al\u0131nmas\u0131 s\u00fcreci dahil olmak \u00fczere imar hukuku ve uygulamalar\u0131 konular\u0131 ile eski eserlerin yenilenmesi ve sa\u011fl\u0131kl\u0131 bir \u015fekilde kent ya\u015fam\u0131na dahil olmas\u0131 s\u00fcre\u00e7lerinde de tecr\u00fcbe sahibiyiz.<\/p><p><strong><u>Kimlere yard\u0131m ediyoruz?<\/u><\/strong><\/p><p>Bu \u00e7er\u00e7evede, kamu ve \u00f6zel t\u00fczel ki\u015filere imar ve iskan s\u00fcre\u00e7lerine, kamula\u015ft\u0131rma i\u015flemlerine,\u00a0 tapu ve kadastro i\u015flemlerinden do\u011fan uyu\u015fmazl\u0131klara, in\u015faat proje ve yap\u0131m\u0131ndan do\u011fan uyu\u015fmazl\u0131klara, ka\u00e7ak yap\u0131dan do\u011fan uyu\u015fmazl\u0131k ve para cezalar\u0131na, 2b arazi ve ka\u00e7ak yap\u0131dan do\u011fan uyu\u015fmazl\u0131klara,\u00a0 eski eser ve sit alanlar\u0131 ile ilgili uyu\u015fmazl\u0131klara, K\u00fclt\u00fcr ve Tabiat Varl\u0131klar\u0131n\u0131 Koruma Hukuku\u2019ndan do\u011fan uyu\u015fmazl\u0131klara, Sit alanlar\u0131nda m\u00fclkiyeti bulunan dan\u0131\u015fanlar\u0131m\u0131z\u0131n muafiyet ve istisnalardan yararlanma taleplerine, vak\u0131f m\u00fclkiyetinde olan k\u00fclt\u00fcr ve tabiat varl\u0131klar\u0131 ile sit alanlar\u0131n\u0131n kamula\u015ft\u0131r\u0131lmas\u0131ndan kaynaklanan uyu\u015fmazl\u0131klara hukuki dan\u0131\u015fmanl\u0131k hizmeti veriyoruz.<\/p><p><strong><u>Dan\u0131\u015fmanl\u0131k verilmesi dahil olmak \u00fczere \u00f6nemli \u00e7al\u0131\u015fmalar\u0131m\u0131z<\/u><\/strong><\/p><p><em>Avukatl\u0131k B\u00fcromuz,<\/em><\/p><p><em>\u2013 Ba\u015fta \u0130stanbul olmak \u00fczere T\u00fcrkiye\u2019nin \u00e7e\u015fitli Belediyelerine ve b\u00fcy\u00fck \u00e7apl\u0131 \u015firketlerine hukuki dan\u0131\u015fmanl\u0131k hizmeti vermektedir.\u00a0<\/em><\/p><p>\u00a0<\/p>\t\t\t\t\t<\/div>\n\t\t\t\t\t\t<\/div>\n\t\t\t\t<\/div>\n\t\t\t\t\t\t<\/div>\n\t\t\t\t\t<\/div>\n\t\t<\/div>\n\t\t\t\t\t\t\t\t<\/div>\n\t\t\t\t\t<\/div>\n\t\t<\/section>\n\t\t\t\t\t\t\t\t\t<\/div>\n\t\t\t<\/div>\n\t\t\t\t\t<\/div>\n\t\t","protected":false},"excerpt":{"rendered":"<p>Nas\u0131l yard\u0131mc\u0131 olabiliriz? Avukatl\u0131k B\u00fcromuz, imar planlar\u0131n\u0131n geli\u015ftirilmesi ve de\u011fi\u015ftirilmesi, parselasyon i\u015flemlerinin iptali, kamula\u015ft\u0131rma, kamula\u015ft\u0131rmas\u0131z el atma ve ecri misil davalar\u0131, Belediye imar ve isk\u00e2n i\u015flemleri, ka\u00e7ak yap\u0131 ve y\u0131k\u0131m davalar\u0131, 2b arazileriyle ilgili zilyetli\u011fin tespiti ve di\u011fer davalar\u0131, \u0130n\u015faat projelerinde ay\u0131pl\u0131 i\u015flerden kaynaklanan davalar, ka\u00e7ak yap\u0131 para cezalar\u0131n\u0131n iptali davalar\u0131, y\u0131k\u0131m kararlar\u0131n\u0131n iptali davalar\u0131,&#8230;<\/p>\n","protected":false},"author":1,"featured_media":5628,"parent":1820,"menu_order":364,"comment_status":"closed","ping_status":"closed","template":"","meta":[],"acf":[],"_links":{"self":[{"href":"https:\/\/hansu.av.tr\/tr\/wp-json\/wp\/v2\/pages\/1853"}],"collection":[{"href":"https:\/\/hansu.av.tr\/tr\/wp-json\/wp\/v2\/pages"}],"about":[{"href":"https:\/\/hansu.av.tr\/tr\/wp-json\/wp\/v2\/types\/page"}],"author":[{"embeddable":true,"href":"https:\/\/hansu.av.tr\/tr\/wp-json\/wp\/v2\/users\/1"}],"replies":[{"embeddable":true,"href":"https:\/\/hansu.av.tr\/tr\/wp-json\/wp\/v2\/comments?post=1853"}],"version-history":[{"count":5,"href":"https:\/\/hansu.av.tr\/tr\/wp-json\/wp\/v2\/pages\/1853\/revisions"}],"predecessor-version":[{"id":5952,"href":"https:\/\/hansu.av.tr\/tr\/wp-json\/wp\/v2\/pages\/1853\/revisions\/5952"}],"up":[{"embeddable":true,"href":"https:\/\/hansu.av.tr\/tr\/wp-json\/wp\/v2\/pages\/1820"}],"wp:featuredmedia":[{"embeddable":true,"href":"https:\/\/hansu.av.tr\/tr\/wp-json\/wp\/v2\/media\/5628"}],"wp:attachment":[{"href":"https:\/\/hansu.av.tr\/tr\/wp-json\/wp\/v2\/media?parent=1853"}],"curies":[{"name":"wp","href":"https:\/\/api.w.org\/{rel}","templated":true}]}}