{"id":1855,"date":"2020-05-07T22:55:59","date_gmt":"2020-05-07T19:55:59","guid":{"rendered":"https:\/\/hansu.av.tr\/uzmanlik-alanlarimiz\/vergi-hukuku-sosyal-guvenlik-ve-gumruk-inceleme-danismanligi-ve-hukuki-uyusmazliklar\/"},"modified":"2020-07-18T16:16:19","modified_gmt":"2020-07-18T13:16:19","slug":"vergi-hukuku-sosyal-guvenlik-ve-gumruk-inceleme-danismanligi-ve-hukuki-uyusmazliklar","status":"publish","type":"page","link":"https:\/\/hansu.av.tr\/tr\/uzmanlik-alanlarimiz\/vergi-hukuku-sosyal-guvenlik-ve-gumruk-inceleme-danismanligi-ve-hukuki-uyusmazliklar\/","title":{"rendered":"Vergi Hukuku \u2013 Sosyal G\u00fcvenlik ve G\u00fcmr\u00fck \u0130nceleme Dan\u0131\u015fmanl\u0131\u011f\u0131 ve Hukuki Uyu\u015fmazl\u0131klar"},"content":{"rendered":"\t\t<div data-elementor-type=\"wp-post\" data-elementor-id=\"1855\" class=\"elementor elementor-1855 elementor-653\">\n\t\t\t\t\t\t<div class=\"elementor-inner\">\n\t\t\t\t<div class=\"elementor-section-wrap\">\n\t\t\t\t\t\t\t\t\t<section class=\"elementor-section elementor-top-section elementor-element elementor-element-a2e4677 elementor-section-boxed elementor-section-height-default elementor-section-height-default\" data-id=\"a2e4677\" data-element_type=\"section\">\n\t\t\t\t\t\t<div class=\"elementor-container elementor-column-gap-default\">\n\t\t\t\t\t\t\t<div class=\"elementor-row\">\n\t\t\t\t\t<div class=\"elementor-column elementor-col-100 elementor-top-column elementor-element elementor-element-345f9f1\" data-id=\"345f9f1\" data-element_type=\"column\">\n\t\t\t<div class=\"elementor-column-wrap elementor-element-populated\">\n\t\t\t\t\t\t\t<div class=\"elementor-widget-wrap\">\n\t\t\t\t\t\t<div class=\"elementor-element elementor-element-6bf24ca elementor-widget elementor-widget-text-editor\" data-id=\"6bf24ca\" data-element_type=\"widget\" data-widget_type=\"text-editor.default\">\n\t\t\t\t<div class=\"elementor-widget-container\">\n\t\t\t\t\t\t\t\t<div class=\"elementor-text-editor elementor-clearfix\">\n\t\t\t\t<p><strong><u>Nas\u0131l Yard\u0131mc\u0131 Olabiliriz?<\/u><\/strong><\/p><p>HANSU vergi borcunun do\u011fmas\u0131na ve sona ermesine, vergi \u00f6devine ayk\u0131r\u0131l\u0131\u011f\u0131n sonu\u00e7lar\u0131na ve bu alandaki uyu\u015fmazl\u0131klar\u0131 kapsayan\u00a0<strong><em><u>vergi hukuku konusunda<\/u><\/em><\/strong>\u00a0deneyimli avukatlar\u0131yla,<\/p><ul><li>Vergi idaresi taraf\u0131ndan ba\u015flat\u0131lan vergi incelemeleri a\u015famas\u0131nda hukuki dan\u0131\u015fmanl\u0131k<\/li><li>Vergi inceleme s\u00fcreci sonucunda vergi idareleri\u00a0 nezdinde\u00a0mevcut vergisel uyu\u015fmazl\u0131\u011fa dair emsal yarg\u0131 kararlar\u0131n\u0131 da g\u00f6z \u00f6n\u00fcnde bulundurarak olas\u0131 risk ve sonu\u00e7lar\u0131na g\u00f6re\u00a0<a href=\"https:\/\/akkashukuk.com\/vergi-hukukunda-uzlasma\" target=\"_blank\" rel=\"noopener\"><strong>uzla\u015fma<\/strong><\/a>yoluyla \u00e7\u00f6z\u00fclmesi s\u00fcrecinde hukuki dan\u0131\u015fmanl\u0131k,<\/li><li>Vergi idareleri ile uzla\u015fma temin edilememesi halinde vergi dairelerinin tebli\u011f etti\u011fi vergi ve ceza ihbarnamesi, \u00f6deme emri veya vergisel y\u00fck\u00fcml\u00fcl\u00fck tesis eden i\u015flemler hakk\u0131nda vergi mahkemelerinde dava a\u00e7\u0131lmas\u0131 ayn\u0131 \u015fekilde\u00a0<a href=\"https:\/\/akkashukuk.com\/vergi-suclari-nelerdir\" target=\"_blank\" rel=\"noopener\"><strong>vergi su\u00e7lar\u0131<\/strong><\/a>bak\u0131m\u0131ndan da s\u00fcrecin ekonomik ceza boyutu ile takip edilmesi ba\u015fta olmak \u00fczere t\u00fcm vergi hukuku konular\u0131nda dan\u0131\u015fmanl\u0131k ve dava avukatl\u0131\u011f\u0131 hizmeti,<\/li><li>Vergi \/ Sosyal G\u00fcvenlik \/ G\u00fcmr\u00fck Mevzuatlar\u0131 \u00e7er\u00e7evesinde ulusal ve uluslararas\u0131 m\u00fcvekkilleri i\u00e7in Vergi \/ Sosyal G\u00fcvenlik \/ G\u00fcmr\u00fck avantajlar\u0131, te\u015fvikleri ile hukuki sorunlar\u0131n \u00e7\u00f6z\u00fcm\u00fcnde hukuki destek vermektedir.<\/li><\/ul><p>Bunlar\u0131n yan\u0131s\u0131ra Avukatl\u0131k B\u00fcromuz bu \u00e7er\u00e7evede kamu otoriteleri bak\u0131m\u0131ndan ba\u015flat\u0131lan vergi incelemeleri, sosyal g\u00fcvenlik m\u00fcfetti\u015flik soru\u015fturmalar\u0131 ve g\u00fcmr\u00fck m\u00fcfetti\u015fleri incelemelerinin hukuki boyutunda m\u00fcvekkillerine dan\u0131\u015fmanl\u0131k ve hukuki hizmet vermekte ve Vergi \/ Sosyal G\u00fcvenlik \/ G\u00fcmr\u00fck inceleme ve m\u00fcfetti\u015f soru\u015fturmalar\u0131 neticesinde kamu otoriteleri taraf\u0131ndan tarh ve tahakkuk ettirilen vergiler ve tesis edilen har\u00e7 ve primler ile kesilen cezalar\u0131n idare ve vergi mahkemeleri ile di\u011fer yasal merciler nezdinde ulusal ve uluslararas\u0131 m\u00fcvekkillerini temsil etmektedir.<\/p><p><strong><em><u>\u0130dari Ba\u015fvurular\u00a0<\/u><\/em><\/strong><\/p><p>Avukatl\u0131k B\u00fcromuz vergi daireleri veya otoriteleri taraf\u0131ndan ileride ele\u015ftirmesi veya vergi incelemesine konu etmesi muhtemel bir i\u015flem hakk\u0131nda vergi idarelerine yap\u0131lacak \u00f6zelge, pi\u015fmanl\u0131k, d\u00fczeltme ve \u015fik\u00e2yet gibi idari ba\u015fvurular\u0131n haz\u0131rlanmas\u0131, sonu\u00e7lar\u0131n\u0131n analizi ve \u00f6zellikle vergi mevzuat\u0131 dikkate al\u0131narak hukuki a\u00e7\u0131dan de\u011ferlendirilmesi konular\u0131nda ileri derecede deneyim sahibidir.<\/p><p><strong><em><u>Vergi \u0130ncelemeleri ve Uzla\u015fma\u00a0<\/u><\/em><\/strong><\/p><p>Avukatl\u0131k B\u00fcromuz vergi Denetim kurumlar\u0131 taraf\u0131ndan ba\u015flat\u0131lan vergi incelemeleri esnas\u0131nda vergi incelemesine al\u0131nan takvim y\u0131llar\u0131na ili\u015fkin ticari defter ve kay\u0131tlar ile vergiyi do\u011furan ve beyan edilen i\u015flemlere ili\u015fkin bilgi ve belgelerin hukuki a\u00e7\u0131dan de\u011ferlendirilmesi, vergi hukuku disiplini a\u00e7\u0131s\u0131ndan inceleme s\u00fcrecinde ele\u015ftirilen olaylar\u0131n vergi yarg\u0131s\u0131na ta\u015f\u0131nmas\u0131 ihtimaline binaen m\u00fckellefin incelemeye esas ifadesi\/savunmas\u0131n\u0131n vergi hukuku a\u00e7\u0131s\u0131ndan de\u011ferlendirilmesi de \u00f6nem arz etti\u011finden vergi incelemesi akabinde ikame edilecek vergi davalar\u0131nda herhangi bir hak ve savunma stratejisine zarar vermeyecek \u015fekilde vergi inceleme s\u00fcrecinin mali k\u0131sm\u0131 d\u0131\u015f\u0131nda hukuki a\u00e7\u0131dan da de\u011ferlendirilmesi ve neticede Vergi \u0130nceleme Raporu\u2019nda incelenen m\u00fckellef hakk\u0131nda ele\u015ftirilerin bulunmas\u0131 ihtimalinde Tarhiyat \u00d6ncesi\/Sonras\u0131 Uzla\u015fma taleplerinin ileri s\u00fcr\u00fclmesi ve uzla\u015fma s\u00fcre\u00e7lerinin vergi yarg\u0131s\u0131nda emsal kararlar da nazara al\u0131narak olas\u0131 risk ve sonu\u00e7lara g\u00f6re hukuki a\u00e7\u0131dan y\u00f6netilmesi hususlar\u0131nda ileri derece deneyim sahibidir.<\/p><p><strong><em><u>Vergi Davalar\u0131<\/u><\/em><\/strong><\/p><p>Avukatl\u0131k B\u00fcromuz Vergi Davalar\u0131 a\u00e7\u0131s\u0131ndan;<\/p><ul><li>M\u00fckellef hakk\u0131nda inceleme s\u00fcreci sonucunda d\u00fczenlenen Vergi \u0130nceleme Raporu ve Vergi Tekni\u011fi Raporunun hukuki a\u00e7\u0131dan de\u011ferlendirilmesi ve bu raporlarda yer verilen ele\u015ftirilere kar\u015f\u0131 iptale y\u00f6nelik dava sebeplerinin belirlenmesi,<\/li><li>Vergi \u0130ncelemesi s\u00fcrecinin sonucunda Vergi Tekni\u011fi Raporu ve Vergi \u0130nceleme Raporu d\u00fczenlenmekte ve bu i\u015flemlere dayal\u0131 olarak m\u00fckellefin ba\u011fl\u0131 oldu\u011fu vergi dairesi veya ilgili vergi otoritesi taraf\u0131ndan d\u00fczenlenen vergi ceza ihbarnameleri ve \u00f6deme emirleri ile vergi y\u00fck\u00fcml\u00fcl\u00fc\u011f\u00fc yaratan i\u015flemlerin vergi mahkemeleri ve \u00fcst yarg\u0131 mercilerine ta\u015f\u0131nmas\u0131 i\u00e7in iptal davalar\u0131n\u0131n ba\u015fvurusu,<\/li><li>Vergi davalar\u0131na konu uyu\u015fmazl\u0131\u011f\u0131n denetime a\u00e7\u0131k bir \u015fekilde anla\u015f\u0131lmas\u0131na y\u00f6nelik \u00f6zellikle vergi inceleme raporunda ki teknik ele\u015ftirilere y\u00f6nelik hukuki a\u00e7\u0131dan da delil mahiyetinde olacak nitelikte alan\u0131nda \u00f6nde gelen objektif g\u00f6r\u00fc\u015flere yer veren Uzman M\u00fctalaas\u0131 al\u0131nmas\u0131 hususlar\u0131nda ileri derecede deneyim sahibidir.<\/li><\/ul><p><strong><em><u>Vergi Su\u00e7lar\u0131\u00a0<\/u><\/em><\/strong><\/p><p>Vergi \u0130nceleme Raporlar\u0131nda ele\u015ftirilen konulara dayal\u0131 olarak vergi ve ceza ihbarnameleri veya \u00f6deme emirleri d\u00fczenlenerek hakk\u0131nda inceleme yap\u0131lan m\u00fckelleflere tebli\u011f edilirken ayn\u0131 zamanda Vergi Usul Kanunu veya farkl\u0131 yasal d\u00fczenlemelere ayk\u0131r\u0131 oldu\u011fu d\u00fc\u015f\u00fcn\u00fclen ve su\u00e7 te\u015fkil etmesi konusunda makul \u015f\u00fcphe bulunan i\u015flemlerle ilgili de m\u00fckellefler hakk\u0131nda ceza yarg\u0131lamas\u0131 yap\u0131lmas\u0131 i\u00e7in \u00f6zellikle vergi usul kanununa muhalefetten \u00f6t\u00fcr\u00fc a\u00e7\u0131lan ceza soru\u015fturmalar\u0131 ve davalar\u0131nda da hem hukuki savunma stratejisinin belirlenmesi hem de ekonomik ceza hukuku bak\u0131m\u0131ndan ihtilaf ile ilgili m\u00fckelleflerin temsil edilmesi noktas\u0131nda Avukatl\u0131k B\u00fcromuzun olduk\u00e7a istisnai ve \u00f6zelle\u015fmi\u015f deneyimleri bulunmaktad\u0131r.<\/p><p><strong><u>Kimlere Yard\u0131m Ediyoruz?<\/u><\/strong><\/p><p>Vergi hukuku alan\u0131ndaki uzmanl\u0131\u011f\u0131m\u0131z g\u00f6z \u00f6n\u00fcne al\u0131nd\u0131\u011f\u0131nda, geni\u015f m\u00fc\u015fteri portf\u00f6y\u00fcm\u00fcz\u00fc hem \u015firketler hem de bireyler olu\u015fturmaktad\u0131r. Bu kapsamda Avukatl\u0131k B\u00fcromuz gerek \u00e7ok uluslu gerekse de yerel \u015firketlere ve \u015fah\u0131slara g\u00fcn\u00fcm\u00fcz\u00fcn karma\u015f\u0131k vergi meseleleri hakk\u0131nda ola\u011fan\u00fcst\u00fc deneyim ve tecr\u00fcbesi ile destek vermekte, hedeflerine ula\u015ft\u0131rma noktas\u0131nda hukuki yard\u0131mlarda bulunmaktad\u0131r.<\/p>\t\t\t\t\t<\/div>\n\t\t\t\t\t\t<\/div>\n\t\t\t\t<\/div>\n\t\t\t\t\t\t<\/div>\n\t\t\t\t\t<\/div>\n\t\t<\/div>\n\t\t\t\t\t\t\t\t<\/div>\n\t\t\t\t\t<\/div>\n\t\t<\/section>\n\t\t\t\t\t\t\t\t\t<\/div>\n\t\t\t<\/div>\n\t\t\t\t\t<\/div>\n\t\t","protected":false},"excerpt":{"rendered":"<p>Nas\u0131l Yard\u0131mc\u0131 Olabiliriz? HANSU vergi borcunun do\u011fmas\u0131na ve sona ermesine, vergi \u00f6devine ayk\u0131r\u0131l\u0131\u011f\u0131n sonu\u00e7lar\u0131na ve bu alandaki uyu\u015fmazl\u0131klar\u0131 kapsayan\u00a0vergi hukuku konusunda\u00a0deneyimli avukatlar\u0131yla, Vergi idaresi taraf\u0131ndan ba\u015flat\u0131lan vergi incelemeleri a\u015famas\u0131nda hukuki dan\u0131\u015fmanl\u0131k Vergi inceleme s\u00fcreci sonucunda vergi idareleri\u00a0 nezdinde\u00a0mevcut vergisel uyu\u015fmazl\u0131\u011fa dair emsal yarg\u0131 kararlar\u0131n\u0131 da g\u00f6z \u00f6n\u00fcnde bulundurarak olas\u0131 risk ve sonu\u00e7lar\u0131na g\u00f6re\u00a0uzla\u015fmayoluyla \u00e7\u00f6z\u00fclmesi s\u00fcrecinde&#8230;<\/p>\n","protected":false},"author":1,"featured_media":5633,"parent":1820,"menu_order":500,"comment_status":"closed","ping_status":"closed","template":"","meta":[],"acf":[],"_links":{"self":[{"href":"https:\/\/hansu.av.tr\/tr\/wp-json\/wp\/v2\/pages\/1855"}],"collection":[{"href":"https:\/\/hansu.av.tr\/tr\/wp-json\/wp\/v2\/pages"}],"about":[{"href":"https:\/\/hansu.av.tr\/tr\/wp-json\/wp\/v2\/types\/page"}],"author":[{"embeddable":true,"href":"https:\/\/hansu.av.tr\/tr\/wp-json\/wp\/v2\/users\/1"}],"replies":[{"embeddable":true,"href":"https:\/\/hansu.av.tr\/tr\/wp-json\/wp\/v2\/comments?post=1855"}],"version-history":[{"count":4,"href":"https:\/\/hansu.av.tr\/tr\/wp-json\/wp\/v2\/pages\/1855\/revisions"}],"predecessor-version":[{"id":6120,"href":"https:\/\/hansu.av.tr\/tr\/wp-json\/wp\/v2\/pages\/1855\/revisions\/6120"}],"up":[{"embeddable":true,"href":"https:\/\/hansu.av.tr\/tr\/wp-json\/wp\/v2\/pages\/1820"}],"wp:featuredmedia":[{"embeddable":true,"href":"https:\/\/hansu.av.tr\/tr\/wp-json\/wp\/v2\/media\/5633"}],"wp:attachment":[{"href":"https:\/\/hansu.av.tr\/tr\/wp-json\/wp\/v2\/media?parent=1855"}],"curies":[{"name":"wp","href":"https:\/\/api.w.org\/{rel}","templated":true}]}}