{"id":1857,"date":"2020-05-07T22:57:35","date_gmt":"2020-05-07T19:57:35","guid":{"rendered":"https:\/\/hansu.av.tr\/uzmanlik-alanlarimiz\/tasimacilik-ve-lojistik-hukuku\/"},"modified":"2020-07-17T19:36:38","modified_gmt":"2020-07-17T16:36:38","slug":"tasimacilik-ve-lojistik-hukuku","status":"publish","type":"page","link":"https:\/\/hansu.av.tr\/tr\/uzmanlik-alanlarimiz\/tasimacilik-ve-lojistik-hukuku\/","title":{"rendered":"Ta\u015f\u0131mac\u0131l\u0131k ve Lojistik Hukuku"},"content":{"rendered":"\t\t<div data-elementor-type=\"wp-page\" data-elementor-id=\"1857\" class=\"elementor elementor-1857 elementor-1528\">\n\t\t\t\t\t\t<div class=\"elementor-inner\">\n\t\t\t\t<div class=\"elementor-section-wrap\">\n\t\t\t\t\t\t\t\t\t<section class=\"elementor-section elementor-top-section elementor-element elementor-element-e2c92eb elementor-section-boxed elementor-section-height-default elementor-section-height-default\" data-id=\"e2c92eb\" data-element_type=\"section\">\n\t\t\t\t\t\t<div class=\"elementor-container elementor-column-gap-default\">\n\t\t\t\t\t\t\t<div class=\"elementor-row\">\n\t\t\t\t\t<div class=\"elementor-column elementor-col-100 elementor-top-column elementor-element elementor-element-6988eca\" data-id=\"6988eca\" data-element_type=\"column\">\n\t\t\t<div class=\"elementor-column-wrap elementor-element-populated\">\n\t\t\t\t\t\t\t<div class=\"elementor-widget-wrap\">\n\t\t\t\t\t\t<div class=\"elementor-element elementor-element-5b3c39a elementor-widget elementor-widget-text-editor\" data-id=\"5b3c39a\" data-element_type=\"widget\" data-widget_type=\"text-editor.default\">\n\t\t\t\t<div class=\"elementor-widget-container\">\n\t\t\t\t\t\t\t\t<div class=\"elementor-text-editor elementor-clearfix\">\n\t\t\t\t<p><strong><u>Nas\u0131l Yard\u0131mc\u0131 Olabiliriz?<\/u><\/strong><\/p><p>Avukatl\u0131k B\u00fcromuz, ta\u015f\u0131mac\u0131l\u0131k ve lojistik sekt\u00f6r\u00fcn\u00fcn t\u00fcm yasal y\u00f6nleri i\u00e7in hizmet sunmaktad\u0131r. Bu kapsamda Avukatl\u0131k B\u00fcromuz, m\u00fcvekkillerinin nihai hedeflerine ula\u015fmak i\u00e7in m\u00fcvekkillerine \u00f6zel \u00e7\u00f6z\u00fcmler sunmaktad\u0131r. Bu ba\u011flamda bizler, yurti\u00e7i ve yurtd\u0131\u015f\u0131nda kara, hava ve deniz ta\u015f\u0131mac\u0131l\u0131\u011f\u0131 ile ilgili navlun \/ kargo taleplerinin i\u015flenmesi de dahil olmak \u00fczere, ta\u015f\u0131mac\u0131l\u0131k ve lojistik sekt\u00f6r\u00fcne eksiksiz ve yetkin yasal hizmetler sunmaktay\u0131z. Bunlar\u0131n yan\u0131 s\u0131ra \u00e7ok y\u00f6nl\u00fc kargo ta\u015f\u0131mac\u0131l\u0131\u011f\u0131; mahkemelerde veya tahkim kurulu\u015flar\u0131nda tazminat talepleri ile ilgili hukuki s\u00fcre\u00e7lerin takibi; ta\u015f\u0131mac\u0131l\u0131ktan kaynaklanan icrai i\u015flemlerin takibi; ta\u015f\u0131mac\u0131l\u0131k ve lojistik ile ilgili t\u00fcm s\u00f6zle\u015fmelerin haz\u0131rlanmas\u0131, revizesi, uygunluk denetimi de Avukatl\u0131k B\u00fcromuzun sundu\u011fu say\u0131s\u0131z hukuki hizmetten yaln\u0131zca baz\u0131lar\u0131d\u0131r. Buna ek olarak, deneyimli ekibimiz ta\u015f\u0131mac\u0131l\u0131k ve lojistik alanlar\u0131 ile ilgili olarak gerekirse i\u015f, \u015firket, emlak ve veri koruma hukuku ile s\u0131nai m\u00fclkiyet haklar\u0131 gibi ilgili t\u00fcm yasal konularda da hukuki yard\u0131m sa\u011flamaktad\u0131r.<\/p><p><strong><u>Deniz Ticareti Hukuku<\/u><\/strong><\/p><p>Mallar\u0131n deniz yoluyla ta\u015f\u0131nmas\u0131n\u0131n; karayolu, hava veya demiryolu ta\u015f\u0131mac\u0131l\u0131\u011f\u0131n\u0131 da i\u00e7ermesi ve i\u015fbu ta\u015f\u0131mac\u0131l\u0131k t\u00fcrleri ile de birle\u015fmesi nedeni ile uluslararas\u0131 ticaretten ayr\u0131 tutulmas\u0131 m\u00fcmk\u00fcn de\u011fildir. Deniz Ticareti Hukuku, k\u00fcresel anlamda h\u0131zl\u0131 bir \u015fekilde geni\u015fledi\u011finden, her daim deniza\u015f\u0131r\u0131 \u00fclkeleri de i\u00e7erdi\u011finden ve deniz ticareti hukukunun uygulayan \u015fah\u0131slar\u0131n bu deniza\u015f\u0131r\u0131 \u00fclkelerdeki farkl\u0131 hukuk sitemlerine nas\u0131l yakla\u015facaklar\u0131n\u0131 bilmeleri gerekti\u011finden bahisle; en karma\u015f\u0131k ve teknik hukuk alanlar\u0131ndan biri olarak kabul edilmektedir.<\/p><p>Deniz ta\u015f\u0131mac\u0131l\u0131\u011f\u0131 art\u0131k k\u00fcresel, uluslararas\u0131 a\u011f\u0131n bir par\u00e7as\u0131 olan ve nakliyecileri, al\u0131c\u0131lar\u0131, \u00fcr\u00fcnleri, m\u00fc\u015fterileri ve ayr\u0131ca \u00fclkeleri birbirine ba\u011flayan bir ula\u015f\u0131m \u015feklidir. M\u00fcvekkillerimizin faaliyet alan\u0131 gemi operasyonu, sat\u0131n alma, sigorta veya sadece ula\u015f\u0131m olsun; Avukatl\u0131k B\u00fcromuz m\u00fcvekkillerine yard\u0131mc\u0131 olmak i\u00e7in gerekli bilgi ve deneyime sahiptir. Bu kapsamda Avukatl\u0131k B\u00fcromuz, deniz ta\u015f\u0131mac\u0131l\u0131\u011f\u0131nda \u00e7al\u0131\u015fan \u00f6nde gelen \u015firketlerden olu\u015fan bir m\u00fc\u015fteri porf\u00f6y\u00fcne sahip olmakla birlikte, hem yabanc\u0131 dillerde hem de yabanc\u0131 mevzuatta tam yetkinli\u011fe sahip deneyimli avukatlar\u0131 ile Deniz Ticareti Hukuku\u2019ndan kaynaklanan uyu\u015fmazl\u0131klar\u0131 tespit etme, \u00f6nleme ve \u00e7\u00f6zme konusundaki yasal hizmetlerin tamam\u0131n\u0131 eksiksiz bir \u015fekilde sunmakta ve m\u00fcvekkillerinin ticari faaliyetlerine katk\u0131 sa\u011flamaktad\u0131r.<\/p><p>Avukatl\u0131k B\u00fcromuzun kapsaml\u0131 m\u00fc\u015fteri portf\u00f6y\u00fc gemi sahiplerinden, kiralayanlardan, sigortac\u0131lardan, i\u015fletmecilerden, Gemi Maliki Olmayan Ta\u015f\u0131y\u0131c\u0131lardan (NVOCC) ve finans\u00f6rlerden olu\u015fmakta olup deneyimli avukatlar\u0131m\u0131z ile m\u00fcvekkilin hangi akt\u00f6r oldu\u011funa bak\u0131lmaks\u0131z\u0131n hukuki destek sa\u011flanmaktad\u0131r.<\/p><p><strong><u>Kara Ta\u015f\u0131mac\u0131l\u0131\u011f\u0131 Hukuku<\/u><\/strong><\/p><p>Avukatl\u0131k B\u00fcromuz, yurti\u00e7i ve yurtd\u0131\u015f\u0131 karayolu ta\u015f\u0131mac\u0131l\u0131\u011f\u0131 (T\u00fcrk Ula\u015ft\u0131rma Kanunu uyar\u0131nca ve CMR Konvansiyonu\u2019na dayal\u0131 olarak) ile ilgili olarak m\u00fcvekkillere y\u00f6neltilen t\u00fcm zarar, hasar, kay\u0131p, temerr\u00fct iddialar\u0131na kar\u015f\u0131 veya bu iddialar\u0131 ileri s\u00fcrecek \u015fekilde t\u00fcm dava, arabuluculuk ve icrai taleplere ili\u015fkin olarak her t\u00fcrl\u00fc y\u00fck anla\u015fmazl\u0131\u011f\u0131 hakk\u0131nda hukuki dan\u0131\u015fmanl\u0131k sa\u011flamaktad\u0131r.<\/p><p><strong><u>Hava Ta\u015f\u0131mac\u0131l\u0131\u011f\u0131 Hukuku<\/u><\/strong><\/p><p>Uzman ekibimiz T\u00fcrk Hukuku ve Montreal, Var\u015fova Konvansiyonlar\u0131 uyar\u0131nca gerek ulusal gerekse de uluslararas\u0131 hava ta\u015f\u0131mac\u0131l\u0131\u011f\u0131 sekt\u00f6r\u00fcndeki \u015firketleri ve havayolu \u015firketlerini de kay\u0131p, hasar ve gecikmeden kaynaklanan taleplerin bulundu\u011fu t\u00fcm yasal uyu\u015fmazl\u0131klarda temsil etmekte, bu taleplerin davaya veya tahkim yolu ile ileri s\u00fcr\u00fclmesine ili\u015fkin t\u00fcm s\u00fcre\u00e7lerin takibini yapmakta ve hava ta\u015f\u0131mac\u0131l\u0131\u011f\u0131 ile ilgili b\u00fct\u00fcn alanlarda da m\u00fcvekkillerine hukuki destek sunmaktad\u0131r.<\/p><p><strong><u>Kimlere Yard\u0131mc\u0131 Oluyoruz?<\/u><\/strong><\/p><p>Avukatl\u0131k B\u00fcromuz, ulusal ve uluslararas\u0131 lojistik hizmet sa\u011flay\u0131c\u0131lar\u0131, nakliye \u015firketleri, depolama \u015firketleri, hava nakliye \u015firketleri ve havayollar\u0131 ile deniz ta\u015f\u0131mac\u0131l\u0131\u011f\u0131 \u015firketleri dahil olmak \u00fczere tedarik zincirinin t\u00fcm kat\u0131l\u0131mc\u0131lar\u0131na yasal hizmetler sunmaktad\u0131r.<\/p><p>\u00a0<\/p>\t\t\t\t\t<\/div>\n\t\t\t\t\t\t<\/div>\n\t\t\t\t<\/div>\n\t\t\t\t\t\t<\/div>\n\t\t\t\t\t<\/div>\n\t\t<\/div>\n\t\t\t\t\t\t\t\t<\/div>\n\t\t\t\t\t<\/div>\n\t\t<\/section>\n\t\t\t\t\t\t\t\t\t<\/div>\n\t\t\t<\/div>\n\t\t\t\t\t<\/div>\n\t\t","protected":false},"excerpt":{"rendered":"<p>Nas\u0131l Yard\u0131mc\u0131 Olabiliriz? Avukatl\u0131k B\u00fcromuz, ta\u015f\u0131mac\u0131l\u0131k ve lojistik sekt\u00f6r\u00fcn\u00fcn t\u00fcm yasal y\u00f6nleri i\u00e7in hizmet sunmaktad\u0131r. Bu kapsamda Avukatl\u0131k B\u00fcromuz, m\u00fcvekkillerinin nihai hedeflerine ula\u015fmak i\u00e7in m\u00fcvekkillerine \u00f6zel \u00e7\u00f6z\u00fcmler sunmaktad\u0131r. Bu ba\u011flamda bizler, yurti\u00e7i ve yurtd\u0131\u015f\u0131nda kara, hava ve deniz ta\u015f\u0131mac\u0131l\u0131\u011f\u0131 ile ilgili navlun \/ kargo taleplerinin i\u015flenmesi de dahil olmak \u00fczere, ta\u015f\u0131mac\u0131l\u0131k ve lojistik sekt\u00f6r\u00fcne eksiksiz&#8230;<\/p>\n","protected":false},"author":1,"featured_media":5095,"parent":1820,"menu_order":371,"comment_status":"closed","ping_status":"closed","template":"","meta":[],"acf":[],"_links":{"self":[{"href":"https:\/\/hansu.av.tr\/tr\/wp-json\/wp\/v2\/pages\/1857"}],"collection":[{"href":"https:\/\/hansu.av.tr\/tr\/wp-json\/wp\/v2\/pages"}],"about":[{"href":"https:\/\/hansu.av.tr\/tr\/wp-json\/wp\/v2\/types\/page"}],"author":[{"embeddable":true,"href":"https:\/\/hansu.av.tr\/tr\/wp-json\/wp\/v2\/users\/1"}],"replies":[{"embeddable":true,"href":"https:\/\/hansu.av.tr\/tr\/wp-json\/wp\/v2\/comments?post=1857"}],"version-history":[{"count":7,"href":"https:\/\/hansu.av.tr\/tr\/wp-json\/wp\/v2\/pages\/1857\/revisions"}],"predecessor-version":[{"id":5960,"href":"https:\/\/hansu.av.tr\/tr\/wp-json\/wp\/v2\/pages\/1857\/revisions\/5960"}],"up":[{"embeddable":true,"href":"https:\/\/hansu.av.tr\/tr\/wp-json\/wp\/v2\/pages\/1820"}],"wp:featuredmedia":[{"embeddable":true,"href":"https:\/\/hansu.av.tr\/tr\/wp-json\/wp\/v2\/media\/5095"}],"wp:attachment":[{"href":"https:\/\/hansu.av.tr\/tr\/wp-json\/wp\/v2\/media?parent=1857"}],"curies":[{"name":"wp","href":"https:\/\/api.w.org\/{rel}","templated":true}]}}