{"id":1859,"date":"2020-05-07T22:58:31","date_gmt":"2020-05-07T19:58:31","guid":{"rendered":"https:\/\/hansu.av.tr\/uzmanlik-alanlarimiz\/fikri-ve-sinai-mulkiyet-hukuku\/"},"modified":"2021-06-25T12:59:24","modified_gmt":"2021-06-25T09:59:24","slug":"fikri-ve-sinai-mulkiyet-hukuku","status":"publish","type":"page","link":"https:\/\/hansu.av.tr\/tr\/uzmanlik-alanlarimiz\/fikri-ve-sinai-mulkiyet-hukuku\/","title":{"rendered":"Fikri ve S\u0131nai M\u00fclkiyet Hukuku"},"content":{"rendered":"\t\t<div data-elementor-type=\"wp-post\" data-elementor-id=\"1859\" class=\"elementor elementor-1859 elementor-907\">\n\t\t\t\t\t\t<div class=\"elementor-inner\">\n\t\t\t\t<div class=\"elementor-section-wrap\">\n\t\t\t\t\t\t\t\t\t<section class=\"elementor-section elementor-top-section elementor-element elementor-element-0a266d5 elementor-section-boxed elementor-section-height-default elementor-section-height-default\" data-id=\"0a266d5\" data-element_type=\"section\">\n\t\t\t\t\t\t<div class=\"elementor-container elementor-column-gap-default\">\n\t\t\t\t\t\t\t<div class=\"elementor-row\">\n\t\t\t\t\t<div class=\"elementor-column elementor-col-100 elementor-top-column elementor-element elementor-element-a1ab2a9\" data-id=\"a1ab2a9\" data-element_type=\"column\">\n\t\t\t<div class=\"elementor-column-wrap elementor-element-populated\">\n\t\t\t\t\t\t\t<div class=\"elementor-widget-wrap\">\n\t\t\t\t\t\t<div class=\"elementor-element elementor-element-c1d24e4 elementor-widget elementor-widget-text-editor\" data-id=\"c1d24e4\" data-element_type=\"widget\" data-widget_type=\"text-editor.default\">\n\t\t\t\t<div class=\"elementor-widget-container\">\n\t\t\t\t\t\t\t\t<div class=\"elementor-text-editor elementor-clearfix\">\n\t\t\t\t<p><strong><u>Nas\u0131l Yard\u0131mc\u0131 Olabiliriz?<\/u><\/strong><\/p><p>Avukatl\u0131k B\u00fcromuz Fikri ve S\u0131nai M\u00fclkiyet Hukuku alan\u0131nda, fikri ve s\u0131nai m\u00fclkiyet haklar\u0131 konusunda genel hukuki dan\u0131\u015fmanl\u0131k vermekle birlikte, patent\/faydal\u0131 model, marka ve end\u00fcstriyel tasar\u0131mlar\u0131n tescili i\u00e7in \u00f6n ara\u015ft\u0131rman\u0131n yap\u0131lmas\u0131, ba\u015fvuru dosyas\u0131n\u0131n haz\u0131rlanmas\u0131, ba\u015fvurunu s\u00fcrecinin takibi ve ortaya \u00e7\u0131kan sorunlarda hukuki destek verilmesi ile ba\u015fvurunun neticelendirilmesi, fikri ve s\u0131nai m\u00fclkiyet alan\u0131nda lisans ve gizlilik s\u00f6zle\u015fmelerinin haz\u0131rlanmas\u0131, koruma alt\u0131na al\u0131nan marka, yaz\u0131l\u0131m, patent, end\u00fcstriyel tasar\u0131m vb haklar\u0131n ihlali durumunda hak sahibi m\u00fcvekkil ad\u0131na ilgili mercilerde toplatma ve faillerin cezaland\u0131r\u0131lmas\u0131na y\u00f6nelik olarak ihtisas mahkemesi olan Fikri ve S\u0131nai Hukuk Mahkemeleri ile Ceza Mahkemelerinde dava s\u00fcrecinin ba\u015flat\u0131lmas\u0131, takibi ve sonu\u00e7land\u0131r\u0131lmas\u0131 hususlar\u0131nda hukuki dan\u0131\u015fmanl\u0131k ve avukatl\u0131k hizmeti vermektedir.<\/p><p>Avukatl\u0131k B\u00fcromuzun kurucular\u0131ndan Av. \u00d6mer Faruk HANSU bu alanda marka vekili olarak da g\u00f6rev yapmakta olup T\u00dcRKPATENT nezdinde marka, co\u011frafi i\u015faret, geleneksel \u00fcr\u00fcn adlar\u0131 ve tasar\u0131m konular\u0131ndaki i\u015flemler i\u00e7in ba\u015fvuru sahiplerinin temsil edilmesi, ba\u015fvuru sahiplerine dan\u0131\u015fmanl\u0131k yap\u0131lmas\u0131 ve s\u0131nai haklar\u0131n korunmas\u0131 i\u00e7in gerekli t\u00fcm giri\u015fimlerde bulunulmas\u0131 i\u015flemleri Avukatl\u0131k B\u00fcromuz taraf\u0131ndan titizlikle y\u00fcr\u00fct\u00fclmektedir.<\/p><p><strong><u>Kimlere Yard\u0131mc\u0131 Oluyoruz?<\/u><\/strong><\/p><p>Avukatl\u0131k B\u00fcromuz, fikri m\u00fclkiyet iddialar\u0131na ili\u015fkin olarak ilgili haklar\u0131 savunmak veya itiraz ileri s\u00fcrmek s\u00f6z konusu oldu\u011funda k\u00fcresel teknoloji \u015firketleri de dahil olmak \u00fczere yat\u0131r\u0131mc\u0131lar\u0131 ve k\u00fc\u00e7\u00fck \u00e7apl\u0131 \u015firketleri de temsil etmektedir. Bunlara ek olarak Avukatl\u0131k B\u00fcromuz, s\u00f6zle\u015fmeler hukuku alan\u0131ndaki uzmanl\u0131\u011f\u0131 fikri ve s\u0131nai m\u00fclkiyete ili\u015fkin gerekli anla\u015fmalar\u0131 m\u00fczakere etme ve s\u00f6zle\u015fmeleri d\u00fczenleme konusunda da deneyim sahibidir. Bu kapsamda Avukatl\u0131k B\u00fcromuz enerji, emlak, medya, teknoloji gibi alanlarda faaliyet g\u00f6steren t\u00fcm m\u00fcvekkillerine telif haklar\u0131, ticari markalar, patentler, tasar\u0131mlar ve veritabanlar\u0131 da dahil olmak \u00fczere t\u00fcm fikri ve s\u0131nai haklar ile ilgili olarak hukuki destek sa\u011flamaktad\u0131r.<\/p><p>\u00a0<\/p>\t\t\t\t\t<\/div>\n\t\t\t\t\t\t<\/div>\n\t\t\t\t<\/div>\n\t\t\t\t\t\t<\/div>\n\t\t\t\t\t<\/div>\n\t\t<\/div>\n\t\t\t\t\t\t\t\t<\/div>\n\t\t\t\t\t<\/div>\n\t\t<\/section>\n\t\t\t\t\t\t\t\t\t<\/div>\n\t\t\t<\/div>\n\t\t\t\t\t<\/div>\n\t\t","protected":false},"excerpt":{"rendered":"<p>Nas\u0131l Yard\u0131mc\u0131 Olabiliriz? Avukatl\u0131k B\u00fcromuz Fikri ve S\u0131nai M\u00fclkiyet Hukuku alan\u0131nda, fikri ve s\u0131nai m\u00fclkiyet haklar\u0131 konusunda genel hukuki dan\u0131\u015fmanl\u0131k vermekle birlikte, patent\/faydal\u0131 model, marka ve end\u00fcstriyel tasar\u0131mlar\u0131n tescili i\u00e7in \u00f6n ara\u015ft\u0131rman\u0131n yap\u0131lmas\u0131, ba\u015fvuru dosyas\u0131n\u0131n haz\u0131rlanmas\u0131, ba\u015fvurunu s\u00fcrecinin takibi ve ortaya \u00e7\u0131kan sorunlarda hukuki destek verilmesi ile ba\u015fvurunun neticelendirilmesi, fikri ve s\u0131nai m\u00fclkiyet alan\u0131nda lisans&#8230;<\/p>\n","protected":false},"author":1,"featured_media":5104,"parent":1820,"menu_order":391,"comment_status":"closed","ping_status":"closed","template":"","meta":[],"acf":[],"_links":{"self":[{"href":"https:\/\/hansu.av.tr\/tr\/wp-json\/wp\/v2\/pages\/1859"}],"collection":[{"href":"https:\/\/hansu.av.tr\/tr\/wp-json\/wp\/v2\/pages"}],"about":[{"href":"https:\/\/hansu.av.tr\/tr\/wp-json\/wp\/v2\/types\/page"}],"author":[{"embeddable":true,"href":"https:\/\/hansu.av.tr\/tr\/wp-json\/wp\/v2\/users\/1"}],"replies":[{"embeddable":true,"href":"https:\/\/hansu.av.tr\/tr\/wp-json\/wp\/v2\/comments?post=1859"}],"version-history":[{"count":12,"href":"https:\/\/hansu.av.tr\/tr\/wp-json\/wp\/v2\/pages\/1859\/revisions"}],"predecessor-version":[{"id":7755,"href":"https:\/\/hansu.av.tr\/tr\/wp-json\/wp\/v2\/pages\/1859\/revisions\/7755"}],"up":[{"embeddable":true,"href":"https:\/\/hansu.av.tr\/tr\/wp-json\/wp\/v2\/pages\/1820"}],"wp:featuredmedia":[{"embeddable":true,"href":"https:\/\/hansu.av.tr\/tr\/wp-json\/wp\/v2\/media\/5104"}],"wp:attachment":[{"href":"https:\/\/hansu.av.tr\/tr\/wp-json\/wp\/v2\/media?parent=1859"}],"curies":[{"name":"wp","href":"https:\/\/api.w.org\/{rel}","templated":true}]}}