{"id":1861,"date":"2020-05-07T22:59:25","date_gmt":"2020-05-07T19:59:25","guid":{"rendered":"https:\/\/hansu.av.tr\/uzmanlik-alanlarimiz\/art-museum-and-cultural-property-law\/"},"modified":"2020-07-17T19:43:14","modified_gmt":"2020-07-17T16:43:14","slug":"sanat-ve-muze-hukuku","status":"publish","type":"page","link":"https:\/\/hansu.av.tr\/tr\/uzmanlik-alanlarimiz\/sanat-ve-muze-hukuku\/","title":{"rendered":"Sanat ve M\u00fcze Hukuku"},"content":{"rendered":"\t\t<div data-elementor-type=\"wp-page\" data-elementor-id=\"1861\" class=\"elementor elementor-1861 elementor-1468\">\n\t\t\t\t\t\t<div class=\"elementor-inner\">\n\t\t\t\t<div class=\"elementor-section-wrap\">\n\t\t\t\t\t\t\t\t\t<section class=\"elementor-section elementor-top-section elementor-element elementor-element-a3ee7ba elementor-section-boxed elementor-section-height-default elementor-section-height-default\" data-id=\"a3ee7ba\" data-element_type=\"section\">\n\t\t\t\t\t\t<div class=\"elementor-container elementor-column-gap-default\">\n\t\t\t\t\t\t\t<div class=\"elementor-row\">\n\t\t\t\t\t<div class=\"elementor-column elementor-col-100 elementor-top-column elementor-element elementor-element-fcedb21\" data-id=\"fcedb21\" data-element_type=\"column\">\n\t\t\t<div class=\"elementor-column-wrap elementor-element-populated\">\n\t\t\t\t\t\t\t<div class=\"elementor-widget-wrap\">\n\t\t\t\t\t\t<div class=\"elementor-element elementor-element-be648e8 elementor-widget elementor-widget-text-editor\" data-id=\"be648e8\" data-element_type=\"widget\" data-widget_type=\"text-editor.default\">\n\t\t\t\t<div class=\"elementor-widget-container\">\n\t\t\t\t\t\t\t\t<div class=\"elementor-text-editor elementor-clearfix\">\n\t\t\t\t<p><strong><u>Nas\u0131l Yard\u0131mc\u0131 Olabiliriz?<\/u><\/strong><\/p><p>Avukatl\u0131k B\u00fcromuz, deneyimli avukatlar\u0131 ile birlikte m\u00fcze, \u00f6zel ve kurumsal koleksiyonerler, sanat\u00e7\u0131lar ve sat\u0131c\u0131lar\u0131n\u0131n bak\u0131\u015f a\u00e7\u0131lar\u0131na ve \u00f6zel ihtiya\u00e7lar\u0131na kar\u015f\u0131 titizlikle hareket ederek ilgili \u00f6gelerin hukuki ihtiya\u00e7lar\u0131na y\u00f6nelik olarak yasal dan\u0131\u015fmanl\u0131k hizmeti sa\u011flamaktad\u0131r. Bu ba\u011flamda Avukatl\u0131k B\u00fcromuz k\u00fcrat\u00f6rler, sanat\u00e7\u0131lar, galeriler, s\u00f6z konusu sanat eserlerinin sigortalar\u0131, telif hakk\u0131 sorunlar\u0131 ile ilgili t\u00fcm s\u00f6zle\u015fmelerin haz\u0131rlanmas\u0131 konusunda, \u00f6zel vak\u0131f ve m\u00fczelerin kurulumu hususlar\u0131nda ve sanat\u00e7\u0131lar ile koleksiyonerlerin vergi ve sergi planlamalar\u0131 dahil \u00e7e\u015fitli ama\u00e7larla ihtiya\u00e7 duyduklar\u0131 yasal hususlarda deneyim kazanm\u0131\u015ft\u0131r. Ek olarak Avukatl\u0131k B\u00fcromuz sanat eserlerinin al\u0131m sat\u0131m i\u015flemleri, sergi anla\u015fmalar\u0131, m\u00fczeler aras\u0131nda veya m\u00fczeler ile di\u011fer kurulu\u015flar aras\u0131ndaki anla\u015fmalar\u0131n yap\u0131land\u0131r\u0131lmas\u0131; sanat eserlerine ili\u015fkin sigortalar\u0131n yap\u0131lmas\u0131 da dahil olmak \u00fczere sanat eserlerine ili\u015fkin su\u00e7lar, fikri m\u00fclkiyet haklar\u0131, \u00f6zg\u00fcnl\u00fck ve \u00fc\u00e7\u00fcnc\u00fc \u015fah\u0131s iddialar\u0131 da dahil olmak \u00fczere t\u00fcm yasal s\u00fcre\u00e7ler ile ilgili olarak hukuki dan\u0131\u015fmanl\u0131k hizmeti vermede ileri d\u00fczeyde deneyim sahibidir.<\/p><p>B\u00fct\u00fcn bunlar\u0131n yan\u0131 s\u0131ra Avukatl\u0131k B\u00fcromuz, fikri m\u00fclkiyet haklar\u0131na ili\u015fkin her t\u00fcrl\u00fc hukuki hizmeti de m\u00fcvekkillerine sa\u011flamaktad\u0131r. Bu hukuki hizmetler T\u00dcRKPATENT \u00f6n\u00fcnde marka veya patentlere ili\u015fkin ba\u015fvurular\u0131n yap\u0131lmas\u0131, ba\u015fvuru sonu\u00e7lar\u0131na ili\u015fkin olarak davalar\u0131n y\u00fcr\u00fct\u00fclmesi, ticari s\u0131rlar\u0131n ve know-how unsurlar\u0131n\u0131n korunmas\u0131, sinema ve televizyon ile ilgili lisans s\u00f6zle\u015fmelerinin haz\u0131rlanmas\u0131 olarak say\u0131labilece\u011fi gibi Avukatl\u0131k B\u00fcromuzun verdi\u011fi yasal hizmetler bunlar ile s\u0131n\u0131rl\u0131 de\u011fildir.<\/p><p><strong><u>Kimlere Yard\u0131mc\u0131 Oluyoruz?<\/u><\/strong><\/p><p>Avukatl\u0131k B\u00fcromuz deneyimli avukat kadrosu ile sanat hukukunu ilgilendiren hususlarda, yerli veya yabanc\u0131 m\u00fczeler, m\u00fcze m\u00fcd\u00fcrleri, sanat\u00e7\u0131lar, koleksiyonerler, sanat yat\u0131r\u0131mc\u0131lar\u0131, vak\u0131flar, galeriler ve m\u00fczayede evleri ile birebir olarak \u00e7al\u0131\u015fmakta ve hukuki hizmet sa\u011flamaktad\u0131r.<\/p><p>\u00a0<\/p>\t\t\t\t\t<\/div>\n\t\t\t\t\t\t<\/div>\n\t\t\t\t<\/div>\n\t\t\t\t\t\t<\/div>\n\t\t\t\t\t<\/div>\n\t\t<\/div>\n\t\t\t\t\t\t\t\t<\/div>\n\t\t\t\t\t<\/div>\n\t\t<\/section>\n\t\t\t\t\t\t\t\t\t<\/div>\n\t\t\t<\/div>\n\t\t\t\t\t<\/div>\n\t\t","protected":false},"excerpt":{"rendered":"<p>Nas\u0131l Yard\u0131mc\u0131 Olabiliriz? Avukatl\u0131k B\u00fcromuz, deneyimli avukatlar\u0131 ile birlikte m\u00fcze, \u00f6zel ve kurumsal koleksiyonerler, sanat\u00e7\u0131lar ve sat\u0131c\u0131lar\u0131n\u0131n bak\u0131\u015f a\u00e7\u0131lar\u0131na ve \u00f6zel ihtiya\u00e7lar\u0131na kar\u015f\u0131 titizlikle hareket ederek ilgili \u00f6gelerin hukuki ihtiya\u00e7lar\u0131na y\u00f6nelik olarak yasal dan\u0131\u015fmanl\u0131k hizmeti sa\u011flamaktad\u0131r. Bu ba\u011flamda Avukatl\u0131k B\u00fcromuz k\u00fcrat\u00f6rler, sanat\u00e7\u0131lar, galeriler, s\u00f6z konusu sanat eserlerinin sigortalar\u0131, telif hakk\u0131 sorunlar\u0131 ile ilgili t\u00fcm s\u00f6zle\u015fmelerin&#8230;<\/p>\n","protected":false},"author":1,"featured_media":5641,"parent":1820,"menu_order":400,"comment_status":"closed","ping_status":"closed","template":"","meta":[],"acf":[],"_links":{"self":[{"href":"https:\/\/hansu.av.tr\/tr\/wp-json\/wp\/v2\/pages\/1861"}],"collection":[{"href":"https:\/\/hansu.av.tr\/tr\/wp-json\/wp\/v2\/pages"}],"about":[{"href":"https:\/\/hansu.av.tr\/tr\/wp-json\/wp\/v2\/types\/page"}],"author":[{"embeddable":true,"href":"https:\/\/hansu.av.tr\/tr\/wp-json\/wp\/v2\/users\/1"}],"replies":[{"embeddable":true,"href":"https:\/\/hansu.av.tr\/tr\/wp-json\/wp\/v2\/comments?post=1861"}],"version-history":[{"count":4,"href":"https:\/\/hansu.av.tr\/tr\/wp-json\/wp\/v2\/pages\/1861\/revisions"}],"predecessor-version":[{"id":5967,"href":"https:\/\/hansu.av.tr\/tr\/wp-json\/wp\/v2\/pages\/1861\/revisions\/5967"}],"up":[{"embeddable":true,"href":"https:\/\/hansu.av.tr\/tr\/wp-json\/wp\/v2\/pages\/1820"}],"wp:featuredmedia":[{"embeddable":true,"href":"https:\/\/hansu.av.tr\/tr\/wp-json\/wp\/v2\/media\/5641"}],"wp:attachment":[{"href":"https:\/\/hansu.av.tr\/tr\/wp-json\/wp\/v2\/media?parent=1861"}],"curies":[{"name":"wp","href":"https:\/\/api.w.org\/{rel}","templated":true}]}}