{"id":1863,"date":"2020-05-07T23:00:26","date_gmt":"2020-05-07T20:00:26","guid":{"rendered":"https:\/\/hansu.av.tr\/uzmanlik-alanlarimiz\/sosyal-guvenlik-ve-is-hukuku\/"},"modified":"2020-07-17T19:47:02","modified_gmt":"2020-07-17T16:47:02","slug":"sosyal-guvenlik-ve-is-hukuku","status":"publish","type":"page","link":"https:\/\/hansu.av.tr\/tr\/uzmanlik-alanlarimiz\/sosyal-guvenlik-ve-is-hukuku\/","title":{"rendered":"Sosyal G\u00fcvenlik ve \u0130\u015f Hukuku"},"content":{"rendered":"\t\t<div data-elementor-type=\"wp-page\" data-elementor-id=\"1863\" class=\"elementor elementor-1863 elementor-1504\">\n\t\t\t\t\t\t<div class=\"elementor-inner\">\n\t\t\t\t<div class=\"elementor-section-wrap\">\n\t\t\t\t\t\t\t\t\t<section class=\"elementor-section elementor-top-section elementor-element elementor-element-a898ebc elementor-section-boxed elementor-section-height-default elementor-section-height-default\" data-id=\"a898ebc\" data-element_type=\"section\">\n\t\t\t\t\t\t<div class=\"elementor-container elementor-column-gap-default\">\n\t\t\t\t\t\t\t<div class=\"elementor-row\">\n\t\t\t\t\t<div class=\"elementor-column elementor-col-100 elementor-top-column elementor-element elementor-element-13152a8\" data-id=\"13152a8\" data-element_type=\"column\">\n\t\t\t<div class=\"elementor-column-wrap elementor-element-populated\">\n\t\t\t\t\t\t\t<div class=\"elementor-widget-wrap\">\n\t\t\t\t\t\t<div class=\"elementor-element elementor-element-7e302f8 elementor-widget elementor-widget-text-editor\" data-id=\"7e302f8\" data-element_type=\"widget\" data-widget_type=\"text-editor.default\">\n\t\t\t\t<div class=\"elementor-widget-container\">\n\t\t\t\t\t\t\t\t<div class=\"elementor-text-editor elementor-clearfix\">\n\t\t\t\t<p><strong><u>Nas\u0131l Yard\u0131mc\u0131 Olabiliriz?<\/u><\/strong><\/p><p>Avukatl\u0131k B\u00fcromuz, i\u015f s\u00f6zle\u015fmelerinin haz\u0131rlanmas\u0131 ve de\u011ferlendirilmesi, i\u015f s\u00f6zle\u015fmelerinin feshi, ikalesi ve sulh s\u00f6zle\u015fmeleri de dahil olmak \u00fczere kar\u015f\u0131l\u0131kl\u0131 s\u00f6zle\u015fmelerin ve anla\u015fmalar\u0131n haz\u0131rlanmas\u0131 kapsamlar\u0131nda T\u00fcrkiye\u2019de ve d\u00fcnyada \u00f6nde gelen m\u00fcvekkillerine sosyal g\u00fcvenlik ve i\u015f hukuku kapsam\u0131na giren t\u00fcm konularda hukuki dan\u0131\u015fmanl\u0131k hizmeti vermektedir.<\/p><p>Ayr\u0131ca Avukatl\u0131k B\u00fcromuz, \u00f6zellikle enerji, kimya, otomotiv, sa\u011fl\u0131k, e\u011fitim ve turizm sekt\u00f6r\u00fcnde faaliyet g\u00f6steren firmalar\u0131n ilgili b\u00f6l\u00fcmlerini i\u015f hukuku konusunda e\u011fitmekte, hukuki hizmet vermekte ve m\u00fcvekkil firmalara istihdam stratejileri konusunda hukuki yard\u0131m sa\u011flamaktad\u0131r.<\/p><p>Bunun yan\u0131s\u0131ra Avukatl\u0131k B\u00fcromuz, sendikal \u00f6rg\u00fctlenme s\u0131ras\u0131nda i\u015f\u00e7i ve i\u015fverenin haklar\u0131 ve bu haklar\u0131n kullan\u0131m\u0131 s\u0131ras\u0131nda ortaya \u00e7\u0131kan uyu\u015fmazl\u0131klar\u0131n \u00e7\u00f6z\u00fcm\u00fc, gerek duyulmas\u0131 halinde Sendikal Yetki Tespitine itiraz s\u00fcrecinin yerine getirilmesi ve takibi, i\u015f\u00e7i ve i\u015fverenin haklar\u0131 bak\u0131m\u0131ndan a\u00e7\u0131lacak sendikal tazminat talepli davalar\u0131n y\u00fcr\u00fct\u00fclmesi ve takibi, Toplu \u0130\u015f S\u00f6zle\u015fmesinin yorumundan kaynaklanan hukuki ihtilaflar\u0131n \u00e7\u00f6z\u00fcm s\u00fcreci ve bu ihtilaflar\u0131n yarg\u0131ya intikal etmesi halinde s\u00f6z konusu davalar\u0131n takibi ve toplu i\u015f g\u00f6r\u00fc\u015fmelerinin ba\u015flat\u0131lmas\u0131, y\u00fcr\u00fct\u00fclmesi, sa\u011fl\u0131kl\u0131 bir \u015fekilde sonland\u0131r\u0131lmas\u0131 s\u00fcrecinin ba\u015ftan sona y\u00f6netimi ve toplu i\u015f s\u00f6zle\u015fmelerinin i\u015fyeri, i\u015fletme veya grup toplu i\u015f s\u00f6zle\u015fmesi baz\u0131nda haz\u0131rlanmas\u0131 veya revize edilmesi hususlar\u0131nda hukuki dan\u0131\u015fmanl\u0131k ve avukatl\u0131k hizmeti vermektedir.<\/p><p><strong><u>Kimlere Yard\u0131mc\u0131 Oluyoruz ?<\/u><\/strong><\/p><p>T\u00fcrkiye\u2019de de, t\u00fcm yarg\u0131 alanlar\u0131nda oldu\u011fu gibi, i\u015f\u00e7i ile i\u015fverenin ili\u015fkisini d\u00fczenleyen t\u00fcm mevzuatlar, i\u015f\u00e7iler lehine yorumlanmaktad\u0131r. Ne var ki Avukatl\u0131k B\u00fcromuz, i\u015f\u00e7i ve i\u015fverenlerin sa\u011fl\u0131kl\u0131 bir \u00e7al\u0131\u015fma hayat\u0131 s\u00fcrmesini ama\u00e7layarak istihdam sa\u011flayan t\u00fcm \u015firketlere i\u015f\u00e7i-i\u015fveren aras\u0131nda \u00e7\u0131kan uyu\u015fmazl\u0131klar\u0131n \u00f6nlenmesi, ilgili uyu\u015fmazl\u0131klar\u0131n gerek dava gerekse de arabuluculuk yolu ile \u00e7\u00f6z\u00fclmesi ve ilgili uyu\u015fmazl\u0131klar\u0131n \u015firketlerin ticari faaliyetlerine zarar vermesinin \u00f6nlenmesi noktalar\u0131nda hukuki destek sa\u011flamaktad\u0131r.<\/p>\t\t\t\t\t<\/div>\n\t\t\t\t\t\t<\/div>\n\t\t\t\t<\/div>\n\t\t\t\t\t\t<\/div>\n\t\t\t\t\t<\/div>\n\t\t<\/div>\n\t\t\t\t\t\t\t\t<\/div>\n\t\t\t\t\t<\/div>\n\t\t<\/section>\n\t\t\t\t\t\t\t\t\t<\/div>\n\t\t\t<\/div>\n\t\t\t\t\t<\/div>\n\t\t","protected":false},"excerpt":{"rendered":"<p>Nas\u0131l Yard\u0131mc\u0131 Olabiliriz? Avukatl\u0131k B\u00fcromuz, i\u015f s\u00f6zle\u015fmelerinin haz\u0131rlanmas\u0131 ve de\u011ferlendirilmesi, i\u015f s\u00f6zle\u015fmelerinin feshi, ikalesi ve sulh s\u00f6zle\u015fmeleri de dahil olmak \u00fczere kar\u015f\u0131l\u0131kl\u0131 s\u00f6zle\u015fmelerin ve anla\u015fmalar\u0131n haz\u0131rlanmas\u0131 kapsamlar\u0131nda T\u00fcrkiye\u2019de ve d\u00fcnyada \u00f6nde gelen m\u00fcvekkillerine sosyal g\u00fcvenlik ve i\u015f hukuku kapsam\u0131na giren t\u00fcm konularda hukuki dan\u0131\u015fmanl\u0131k hizmeti vermektedir. Ayr\u0131ca Avukatl\u0131k B\u00fcromuz, \u00f6zellikle enerji, kimya, otomotiv, sa\u011fl\u0131k, e\u011fitim&#8230;<\/p>\n","protected":false},"author":1,"featured_media":5647,"parent":1820,"menu_order":296,"comment_status":"closed","ping_status":"closed","template":"","meta":[],"acf":[],"_links":{"self":[{"href":"https:\/\/hansu.av.tr\/tr\/wp-json\/wp\/v2\/pages\/1863"}],"collection":[{"href":"https:\/\/hansu.av.tr\/tr\/wp-json\/wp\/v2\/pages"}],"about":[{"href":"https:\/\/hansu.av.tr\/tr\/wp-json\/wp\/v2\/types\/page"}],"author":[{"embeddable":true,"href":"https:\/\/hansu.av.tr\/tr\/wp-json\/wp\/v2\/users\/1"}],"replies":[{"embeddable":true,"href":"https:\/\/hansu.av.tr\/tr\/wp-json\/wp\/v2\/comments?post=1863"}],"version-history":[{"count":5,"href":"https:\/\/hansu.av.tr\/tr\/wp-json\/wp\/v2\/pages\/1863\/revisions"}],"predecessor-version":[{"id":5971,"href":"https:\/\/hansu.av.tr\/tr\/wp-json\/wp\/v2\/pages\/1863\/revisions\/5971"}],"up":[{"embeddable":true,"href":"https:\/\/hansu.av.tr\/tr\/wp-json\/wp\/v2\/pages\/1820"}],"wp:featuredmedia":[{"embeddable":true,"href":"https:\/\/hansu.av.tr\/tr\/wp-json\/wp\/v2\/media\/5647"}],"wp:attachment":[{"href":"https:\/\/hansu.av.tr\/tr\/wp-json\/wp\/v2\/media?parent=1863"}],"curies":[{"name":"wp","href":"https:\/\/api.w.org\/{rel}","templated":true}]}}