{"id":1865,"date":"2020-05-07T23:01:54","date_gmt":"2020-05-07T20:01:54","guid":{"rendered":"https:\/\/hansu.av.tr\/uzmanlik-alanlarimiz\/vakiflar-ve-dernekler-hukuku\/"},"modified":"2020-07-17T19:49:59","modified_gmt":"2020-07-17T16:49:59","slug":"vakiflar-ve-dernekler-hukuku","status":"publish","type":"page","link":"https:\/\/hansu.av.tr\/tr\/uzmanlik-alanlarimiz\/vakiflar-ve-dernekler-hukuku\/","title":{"rendered":"Vak\u0131flar ve Dernekler Hukuku"},"content":{"rendered":"\t\t<div data-elementor-type=\"wp-page\" data-elementor-id=\"1865\" class=\"elementor elementor-1865 elementor-1508\">\n\t\t\t\t\t\t<div class=\"elementor-inner\">\n\t\t\t\t<div class=\"elementor-section-wrap\">\n\t\t\t\t\t\t\t\t\t<section class=\"elementor-section elementor-top-section elementor-element elementor-element-73c8a2e elementor-section-boxed elementor-section-height-default elementor-section-height-default\" data-id=\"73c8a2e\" data-element_type=\"section\">\n\t\t\t\t\t\t<div class=\"elementor-container elementor-column-gap-default\">\n\t\t\t\t\t\t\t<div class=\"elementor-row\">\n\t\t\t\t\t<div class=\"elementor-column elementor-col-100 elementor-top-column elementor-element elementor-element-e80c017\" data-id=\"e80c017\" data-element_type=\"column\">\n\t\t\t<div class=\"elementor-column-wrap elementor-element-populated\">\n\t\t\t\t\t\t\t<div class=\"elementor-widget-wrap\">\n\t\t\t\t\t\t<div class=\"elementor-element elementor-element-19f97b0 elementor-widget elementor-widget-text-editor\" data-id=\"19f97b0\" data-element_type=\"widget\" data-widget_type=\"text-editor.default\">\n\t\t\t\t<div class=\"elementor-widget-container\">\n\t\t\t\t\t\t\t\t<div class=\"elementor-text-editor elementor-clearfix\">\n\t\t\t\t<p><strong>Nas\u0131l Yard\u0131mc\u0131 Olabiliriz?<\/strong><\/p><p>Avukatl\u0131k B\u00fcromuz, vak\u0131f ve derneklerin kurulmas\u0131 i\u00e7in gerekli olan kanun ve t\u00fcz\u00fcklerin haz\u0131rlanmas\u0131na ili\u015fkin her t\u00fcrl\u00fc hukuki hizmet de dahil olmak \u00fczere, gerekli kurumlar \u00f6n\u00fcnde kurulu\u015flara ili\u015fkin t\u00fcm i\u015flemleri ger\u00e7ekle\u015ftirmekte, faaliyetler dolay\u0131s\u0131 ile gerekli izinleri almada, vak\u0131flar ile derneklerin ama\u00e7lar\u0131na uygun ara\u00e7lar \u00fcreterek genel kurul ve y\u00f6netim kurulu toplant\u0131lar\u0131n\u0131n ger\u00e7ekle\u015ftirilmesinde, dernek ve vak\u0131flar\u0131n gayrimenkul al\u0131m sat\u0131m i\u015flemlerine ili\u015fkin prosed\u00fcrlerin y\u00fcr\u00fct\u00fclmesinde, dernek ve vak\u0131flar\u0131n feshine ili\u015fkin idari ve hukuki davalar\u0131n takibinde, t\u00fczel ki\u015filerin \u00fcyelik haklar\u0131 konular\u0131nda, federasyon ve konfederasyon kurulu\u015flar\u0131 s\u00fcre\u00e7lerinde ve neticede dernek ve vak\u0131f y\u00f6neticilerine kar\u015f\u0131 a\u00e7\u0131lan ceza ve tazminat davalar\u0131nda hukuki destek sa\u011flamaktad\u0131r.<\/p><p><strong>Kimlere Yard\u0131mc\u0131 Oluyoruz?<\/strong><\/p><p>Avukatl\u0131k B\u00fcromuz, Dernekler ve Vak\u0131flar Hukuku alan\u0131ndaki uzman kadrosu ile sosyal ve ekonomik hayat\u0131n pek \u00e7ok alan\u0131nda yer alan dernek ve vak\u0131flara dan\u0131\u015fmanl\u0131k, temsil ve dava hizmeti sunmaktad\u0131r.<\/p><p>\u00a0<\/p>\t\t\t\t\t<\/div>\n\t\t\t\t\t\t<\/div>\n\t\t\t\t<\/div>\n\t\t\t\t\t\t<\/div>\n\t\t\t\t\t<\/div>\n\t\t<\/div>\n\t\t\t\t\t\t\t\t<\/div>\n\t\t\t\t\t<\/div>\n\t\t<\/section>\n\t\t\t\t\t\t\t\t\t<\/div>\n\t\t\t<\/div>\n\t\t\t\t\t<\/div>\n\t\t","protected":false},"excerpt":{"rendered":"<p>Nas\u0131l Yard\u0131mc\u0131 Olabiliriz? Avukatl\u0131k B\u00fcromuz, vak\u0131f ve derneklerin kurulmas\u0131 i\u00e7in gerekli olan kanun ve t\u00fcz\u00fcklerin haz\u0131rlanmas\u0131na ili\u015fkin her t\u00fcrl\u00fc hukuki hizmet de dahil olmak \u00fczere, gerekli kurumlar \u00f6n\u00fcnde kurulu\u015flara ili\u015fkin t\u00fcm i\u015flemleri ger\u00e7ekle\u015ftirmekte, faaliyetler dolay\u0131s\u0131 ile gerekli izinleri almada, vak\u0131flar ile derneklerin ama\u00e7lar\u0131na uygun ara\u00e7lar \u00fcreterek genel kurul ve y\u00f6netim kurulu toplant\u0131lar\u0131n\u0131n ger\u00e7ekle\u015ftirilmesinde, dernek ve&#8230;<\/p>\n","protected":false},"author":1,"featured_media":5651,"parent":1820,"menu_order":305,"comment_status":"closed","ping_status":"closed","template":"","meta":[],"acf":[],"_links":{"self":[{"href":"https:\/\/hansu.av.tr\/tr\/wp-json\/wp\/v2\/pages\/1865"}],"collection":[{"href":"https:\/\/hansu.av.tr\/tr\/wp-json\/wp\/v2\/pages"}],"about":[{"href":"https:\/\/hansu.av.tr\/tr\/wp-json\/wp\/v2\/types\/page"}],"author":[{"embeddable":true,"href":"https:\/\/hansu.av.tr\/tr\/wp-json\/wp\/v2\/users\/1"}],"replies":[{"embeddable":true,"href":"https:\/\/hansu.av.tr\/tr\/wp-json\/wp\/v2\/comments?post=1865"}],"version-history":[{"count":3,"href":"https:\/\/hansu.av.tr\/tr\/wp-json\/wp\/v2\/pages\/1865\/revisions"}],"predecessor-version":[{"id":5973,"href":"https:\/\/hansu.av.tr\/tr\/wp-json\/wp\/v2\/pages\/1865\/revisions\/5973"}],"up":[{"embeddable":true,"href":"https:\/\/hansu.av.tr\/tr\/wp-json\/wp\/v2\/pages\/1820"}],"wp:featuredmedia":[{"embeddable":true,"href":"https:\/\/hansu.av.tr\/tr\/wp-json\/wp\/v2\/media\/5651"}],"wp:attachment":[{"href":"https:\/\/hansu.av.tr\/tr\/wp-json\/wp\/v2\/media?parent=1865"}],"curies":[{"name":"wp","href":"https:\/\/api.w.org\/{rel}","templated":true}]}}