{"id":1869,"date":"2020-05-07T23:05:36","date_gmt":"2020-05-07T20:05:36","guid":{"rendered":"https:\/\/hansu.av.tr\/uzmanlik-alanlarimiz\/kamu-ihaleleri-ve-sozlesmeleri-hukuku\/"},"modified":"2020-07-17T19:53:55","modified_gmt":"2020-07-17T16:53:55","slug":"kamu-ihaleleri-ve-sozlesmeleri-hukuku","status":"publish","type":"page","link":"https:\/\/hansu.av.tr\/tr\/uzmanlik-alanlarimiz\/kamu-ihaleleri-ve-sozlesmeleri-hukuku\/","title":{"rendered":"Kamu \u0130haleleri ve S\u00f6zle\u015fmeleri Hukuku"},"content":{"rendered":"\t\t<div data-elementor-type=\"wp-post\" data-elementor-id=\"1869\" class=\"elementor elementor-1869 elementor-647\">\n\t\t\t\t\t\t<div class=\"elementor-inner\">\n\t\t\t\t<div class=\"elementor-section-wrap\">\n\t\t\t\t\t\t\t\t\t<section class=\"elementor-section elementor-top-section elementor-element elementor-element-cecf3df elementor-section-boxed elementor-section-height-default elementor-section-height-default\" data-id=\"cecf3df\" data-element_type=\"section\">\n\t\t\t\t\t\t<div class=\"elementor-container elementor-column-gap-default\">\n\t\t\t\t\t\t\t<div class=\"elementor-row\">\n\t\t\t\t\t<div class=\"elementor-column elementor-col-100 elementor-top-column elementor-element elementor-element-dc43d0e\" data-id=\"dc43d0e\" data-element_type=\"column\">\n\t\t\t<div class=\"elementor-column-wrap elementor-element-populated\">\n\t\t\t\t\t\t\t<div class=\"elementor-widget-wrap\">\n\t\t\t\t\t\t<div class=\"elementor-element elementor-element-0a107e8 elementor-widget elementor-widget-text-editor\" data-id=\"0a107e8\" data-element_type=\"widget\" data-widget_type=\"text-editor.default\">\n\t\t\t\t<div class=\"elementor-widget-container\">\n\t\t\t\t\t\t\t\t<div class=\"elementor-text-editor elementor-clearfix\">\n\t\t\t\t<p><strong><u>Nas\u0131l Yard\u0131mc\u0131 Olabiliriz?<\/u><\/strong><\/p><p>Avukatl\u0131k B\u00fcromuz, kamu kurum ve kurulu\u015flar\u0131 ile belediyelerin mal ve hizmet al\u0131m\u0131na y\u00f6nelik s\u00fcre\u00e7lerde, ihalelerin ilan\u0131ndan, yap\u0131m ve s\u00f6zle\u015fme a\u015famas\u0131 ile s\u00f6zle\u015fme konusu edimin ifas\u0131 s\u00fcre\u00e7lerinde bir\u00e7ok sekt\u00f6rde \u00f6zel hukuk t\u00fczel ki\u015filerine hukuki dan\u0131\u015fmanl\u0131k ve avukatl\u0131k hizmeti vermektedir.<\/p><p>Kamu ihalesi ve neticesinde akdedilen s\u00f6zle\u015fmelerden kaynakl\u0131 ihtilaflar\u0131n hukuki a\u00e7\u0131dan y\u00f6netimi konusunda da uzman bir ekibe sahip Avukatl\u0131k B\u00fcromuz, kamu kurum ve kurulu\u015flar\u0131n\u0131n 2886 say\u0131l\u0131 Devlet \u0130hale Kanunu mevzuat\u0131na uyumlu \u015fekilde ger\u00e7ekle\u015ftirdi\u011fi ihale ve ihale s\u00fcre\u00e7leri ile bu s\u00fcre\u00e7 neticesinde kamu ve \u00f6zel sekt\u00f6r oyuncusu aras\u0131nda akdedilen s\u00f6zle\u015fmelerden de kaynakl\u0131 hukuki problemler ve s\u00fcre\u00e7lerde de engin bir deneyime sahiptir.<\/p><p><strong><u>Kimlere Yard\u0131mc\u0131 Oluyoruz?<\/u><\/strong><\/p><p>2886 say\u0131l\u0131 Devlet \u0130hale Kanunu, 4734 say\u0131l\u0131 Kamu \u0130hale Kanunu ve di\u011fer kanunlar kapsam\u0131nda mal ve hizmet al\u0131mlar\u0131 ile yap\u0131m i\u015flerine y\u00f6nelik olarak yap\u0131lan ihalelerde yer alan t\u00fcm akt\u00f6rlerin hukuki hizmetlerimizden faydalanmas\u0131 m\u00fcmk\u00fcnd\u00fcr.<\/p><p>\u00a0<\/p>\t\t\t\t\t<\/div>\n\t\t\t\t\t\t<\/div>\n\t\t\t\t<\/div>\n\t\t\t\t\t\t<\/div>\n\t\t\t\t\t<\/div>\n\t\t<\/div>\n\t\t\t\t\t\t\t\t<\/div>\n\t\t\t\t\t<\/div>\n\t\t<\/section>\n\t\t\t\t\t\t\t\t\t<\/div>\n\t\t\t<\/div>\n\t\t\t\t\t<\/div>\n\t\t","protected":false},"excerpt":{"rendered":"<p>Nas\u0131l Yard\u0131mc\u0131 Olabiliriz? Avukatl\u0131k B\u00fcromuz, kamu kurum ve kurulu\u015flar\u0131 ile belediyelerin mal ve hizmet al\u0131m\u0131na y\u00f6nelik s\u00fcre\u00e7lerde, ihalelerin ilan\u0131ndan, yap\u0131m ve s\u00f6zle\u015fme a\u015famas\u0131 ile s\u00f6zle\u015fme konusu edimin ifas\u0131 s\u00fcre\u00e7lerinde bir\u00e7ok sekt\u00f6rde \u00f6zel hukuk t\u00fczel ki\u015filerine hukuki dan\u0131\u015fmanl\u0131k ve avukatl\u0131k hizmeti vermektedir. Kamu ihalesi ve neticesinde akdedilen s\u00f6zle\u015fmelerden kaynakl\u0131 ihtilaflar\u0131n hukuki a\u00e7\u0131dan y\u00f6netimi konusunda da uzman&#8230;<\/p>\n","protected":false},"author":1,"featured_media":5661,"parent":1820,"menu_order":286,"comment_status":"closed","ping_status":"closed","template":"","meta":[],"acf":[],"_links":{"self":[{"href":"https:\/\/hansu.av.tr\/tr\/wp-json\/wp\/v2\/pages\/1869"}],"collection":[{"href":"https:\/\/hansu.av.tr\/tr\/wp-json\/wp\/v2\/pages"}],"about":[{"href":"https:\/\/hansu.av.tr\/tr\/wp-json\/wp\/v2\/types\/page"}],"author":[{"embeddable":true,"href":"https:\/\/hansu.av.tr\/tr\/wp-json\/wp\/v2\/users\/1"}],"replies":[{"embeddable":true,"href":"https:\/\/hansu.av.tr\/tr\/wp-json\/wp\/v2\/comments?post=1869"}],"version-history":[{"count":4,"href":"https:\/\/hansu.av.tr\/tr\/wp-json\/wp\/v2\/pages\/1869\/revisions"}],"predecessor-version":[{"id":5979,"href":"https:\/\/hansu.av.tr\/tr\/wp-json\/wp\/v2\/pages\/1869\/revisions\/5979"}],"up":[{"embeddable":true,"href":"https:\/\/hansu.av.tr\/tr\/wp-json\/wp\/v2\/pages\/1820"}],"wp:featuredmedia":[{"embeddable":true,"href":"https:\/\/hansu.av.tr\/tr\/wp-json\/wp\/v2\/media\/5661"}],"wp:attachment":[{"href":"https:\/\/hansu.av.tr\/tr\/wp-json\/wp\/v2\/media?parent=1869"}],"curies":[{"name":"wp","href":"https:\/\/api.w.org\/{rel}","templated":true}]}}