{"id":1871,"date":"2020-05-07T23:09:59","date_gmt":"2020-05-07T20:09:59","guid":{"rendered":"https:\/\/hansu.av.tr\/uzmanlik-alanlarimiz\/konkordato-ve-yeniden-yapilanma\/"},"modified":"2020-07-17T19:55:09","modified_gmt":"2020-07-17T16:55:09","slug":"konkordato-ve-yeniden-yapilanma","status":"publish","type":"page","link":"https:\/\/hansu.av.tr\/tr\/uzmanlik-alanlarimiz\/konkordato-ve-yeniden-yapilanma\/","title":{"rendered":"Konkordato ve Yeniden Yap\u0131lanma"},"content":{"rendered":"\t\t<div data-elementor-type=\"wp-post\" data-elementor-id=\"1871\" class=\"elementor elementor-1871 elementor-794\">\n\t\t\t\t\t\t<div class=\"elementor-inner\">\n\t\t\t\t<div class=\"elementor-section-wrap\">\n\t\t\t\t\t\t\t\t\t<section class=\"elementor-section elementor-top-section elementor-element elementor-element-aec8887 elementor-section-boxed elementor-section-height-default elementor-section-height-default\" data-id=\"aec8887\" data-element_type=\"section\">\n\t\t\t\t\t\t<div class=\"elementor-container elementor-column-gap-default\">\n\t\t\t\t\t\t\t<div class=\"elementor-row\">\n\t\t\t\t\t<div class=\"elementor-column elementor-col-100 elementor-top-column elementor-element elementor-element-e069acd\" data-id=\"e069acd\" data-element_type=\"column\">\n\t\t\t<div class=\"elementor-column-wrap elementor-element-populated\">\n\t\t\t\t\t\t\t<div class=\"elementor-widget-wrap\">\n\t\t\t\t\t\t<div class=\"elementor-element elementor-element-2921db2 elementor-widget elementor-widget-text-editor\" data-id=\"2921db2\" data-element_type=\"widget\" data-widget_type=\"text-editor.default\">\n\t\t\t\t<div class=\"elementor-widget-container\">\n\t\t\t\t\t\t\t\t<div class=\"elementor-text-editor elementor-clearfix\">\n\t\t\t\t<p><strong><u>Nas\u0131l Yard\u0131mc\u0131 Olabiliriz?<\/u><\/strong><\/p><p>Yukar\u0131da anlat\u0131lanlar kapsam\u0131nda avukatl\u0131k b\u00fcromuz, m\u00fcvekkillerinin ihtiya\u00e7lar\u0131n\u0131 g\u00f6z \u00f6n\u00fcnde bulundurarak, mali ve finansal tablolar\u0131n\u0131n uzmanlarca de\u011ferlendirilmesi, uygulanabilir ve etkili konkordato projelerinin haz\u0131rlanmas\u0131, alacakl\u0131 konumundaki \u015firketlerle m\u00fczakerelerin yap\u0131lmas\u0131 ve konkordato projelerinin mahkeme kanal\u0131yla tasdik edilerek s\u00fcresi i\u00e7erisinde uygulanmas\u0131 konusunda uzman kadrosu ile hukuki hizmet sa\u011flamaktad\u0131r.<\/p><p><strong><u>Kimlere Yard\u0131mc\u0131 Oluyoruz?<\/u><\/strong><\/p><p>Mali durumu k\u00f6t\u00fc olan ve yeniden yap\u0131land\u0131rma se\u00e7ene\u011finden yararlanmak isteyen herhangi bir taraf\u0131n (alacakl\u0131 veya bor\u00e7lu), bor\u00e7lar\u0131n tahsil edilmesi i\u00e7in alacakl\u0131lar ile bor\u00e7lu aras\u0131nda d\u00fczenlenen yeniden yap\u0131land\u0131rma anla\u015fmas\u0131 kapsam\u0131nda alan\u0131nda uzman avukatlar\u0131m\u0131z\u0131n hukuki deste\u011finden faydalanmas\u0131 m\u00fcmk\u00fcnd\u00fcr.<\/p><p><strong><u>Dan\u0131\u015fmanl\u0131k verilmesi dahil olmak \u00fczere \u00f6nemli \u00e7al\u0131\u015fmalar\u0131m\u0131z<\/u><\/strong><\/p><p><em>Avukatl\u0131k B\u00fcromuz,<\/em><\/p><p>\u2013\u00a0<em>T\u00fcrkiye\u2019nin en b\u00fcy\u00fck petrol \u015firketlerinden birinin konkordato s\u00fcrecinde ba\u015f hukuk dan\u0131\u015fman\u0131 olarak g\u00f6rev almakta olup s\u00fcreci y\u00f6netmektedir.\u00a0\u00a0<\/em><\/p><p>\u00a0<\/p>\t\t\t\t\t<\/div>\n\t\t\t\t\t\t<\/div>\n\t\t\t\t<\/div>\n\t\t\t\t\t\t<\/div>\n\t\t\t\t\t<\/div>\n\t\t<\/div>\n\t\t\t\t\t\t\t\t<\/div>\n\t\t\t\t\t<\/div>\n\t\t<\/section>\n\t\t\t\t\t\t\t\t\t<\/div>\n\t\t\t<\/div>\n\t\t\t\t\t<\/div>\n\t\t","protected":false},"excerpt":{"rendered":"<p>Nas\u0131l Yard\u0131mc\u0131 Olabiliriz? Yukar\u0131da anlat\u0131lanlar kapsam\u0131nda avukatl\u0131k b\u00fcromuz, m\u00fcvekkillerinin ihtiya\u00e7lar\u0131n\u0131 g\u00f6z \u00f6n\u00fcnde bulundurarak, mali ve finansal tablolar\u0131n\u0131n uzmanlarca de\u011ferlendirilmesi, uygulanabilir ve etkili konkordato projelerinin haz\u0131rlanmas\u0131, alacakl\u0131 konumundaki \u015firketlerle m\u00fczakerelerin yap\u0131lmas\u0131 ve konkordato projelerinin mahkeme kanal\u0131yla tasdik edilerek s\u00fcresi i\u00e7erisinde uygulanmas\u0131 konusunda uzman kadrosu ile hukuki hizmet sa\u011flamaktad\u0131r. Kimlere Yard\u0131mc\u0131 Oluyoruz? Mali durumu k\u00f6t\u00fc olan ve&#8230;<\/p>\n","protected":false},"author":1,"featured_media":5666,"parent":1820,"menu_order":317,"comment_status":"closed","ping_status":"closed","template":"","meta":[],"acf":[],"_links":{"self":[{"href":"https:\/\/hansu.av.tr\/tr\/wp-json\/wp\/v2\/pages\/1871"}],"collection":[{"href":"https:\/\/hansu.av.tr\/tr\/wp-json\/wp\/v2\/pages"}],"about":[{"href":"https:\/\/hansu.av.tr\/tr\/wp-json\/wp\/v2\/types\/page"}],"author":[{"embeddable":true,"href":"https:\/\/hansu.av.tr\/tr\/wp-json\/wp\/v2\/users\/1"}],"replies":[{"embeddable":true,"href":"https:\/\/hansu.av.tr\/tr\/wp-json\/wp\/v2\/comments?post=1871"}],"version-history":[{"count":3,"href":"https:\/\/hansu.av.tr\/tr\/wp-json\/wp\/v2\/pages\/1871\/revisions"}],"predecessor-version":[{"id":5981,"href":"https:\/\/hansu.av.tr\/tr\/wp-json\/wp\/v2\/pages\/1871\/revisions\/5981"}],"up":[{"embeddable":true,"href":"https:\/\/hansu.av.tr\/tr\/wp-json\/wp\/v2\/pages\/1820"}],"wp:featuredmedia":[{"embeddable":true,"href":"https:\/\/hansu.av.tr\/tr\/wp-json\/wp\/v2\/media\/5666"}],"wp:attachment":[{"href":"https:\/\/hansu.av.tr\/tr\/wp-json\/wp\/v2\/media?parent=1871"}],"curies":[{"name":"wp","href":"https:\/\/api.w.org\/{rel}","templated":true}]}}