{"id":1873,"date":"2020-05-07T23:10:48","date_gmt":"2020-05-07T20:10:48","guid":{"rendered":"https:\/\/hansu.av.tr\/uzmanlik-alanlarimiz\/icra-ve-iflas-hukuku\/"},"modified":"2020-07-17T19:58:06","modified_gmt":"2020-07-17T16:58:06","slug":"icra-ve-iflas-hukuku","status":"publish","type":"page","link":"https:\/\/hansu.av.tr\/tr\/uzmanlik-alanlarimiz\/icra-ve-iflas-hukuku\/","title":{"rendered":"\u0130cra ve \u0130flas Hukuku"},"content":{"rendered":"\t\t<div data-elementor-type=\"wp-page\" data-elementor-id=\"1873\" class=\"elementor elementor-1873 elementor-1522\">\n\t\t\t\t\t\t<div class=\"elementor-inner\">\n\t\t\t\t<div class=\"elementor-section-wrap\">\n\t\t\t\t\t\t\t\t\t<section class=\"elementor-section elementor-top-section elementor-element elementor-element-691e559 elementor-section-boxed elementor-section-height-default elementor-section-height-default\" data-id=\"691e559\" data-element_type=\"section\">\n\t\t\t\t\t\t<div class=\"elementor-container elementor-column-gap-default\">\n\t\t\t\t\t\t\t<div class=\"elementor-row\">\n\t\t\t\t\t<div class=\"elementor-column elementor-col-100 elementor-top-column elementor-element elementor-element-59827e4\" data-id=\"59827e4\" data-element_type=\"column\">\n\t\t\t<div class=\"elementor-column-wrap elementor-element-populated\">\n\t\t\t\t\t\t\t<div class=\"elementor-widget-wrap\">\n\t\t\t\t\t\t<div class=\"elementor-element elementor-element-76155e8 elementor-widget elementor-widget-text-editor\" data-id=\"76155e8\" data-element_type=\"widget\" data-widget_type=\"text-editor.default\">\n\t\t\t\t<div class=\"elementor-widget-container\">\n\t\t\t\t\t\t\t\t<div class=\"elementor-text-editor elementor-clearfix\">\n\t\t\t\t<p><strong><u>Nas\u0131l Yard\u0131mc\u0131 Olabiliriz?<\/u><\/strong><\/p><p>\u0130cra ve \u0130flas Hukuku, bor\u00e7lar\u0131n \u00f6denmemesi durumunda alacaklar\u0131n tahsil yollar\u0131n\u0131 d\u00fczenlemektedir. Avukatl\u0131k B\u00fcromuz bu noktada alacakl\u0131 m\u00fcvekkilleri i\u00e7in hem teminatl\u0131 bor\u00e7lar hem de teminats\u0131z bor\u00e7lar i\u00e7in bor\u00e7 tahsilat\u0131 konusunda \u00f6nemli deneyime sahiptir. Temel ilkemiz, m\u00fcvekkillerimizin alacaklar\u0131n\u0131 en d\u00fc\u015f\u00fck maliyetle, en h\u0131zl\u0131 ve en etkin \u015fekilde almalar\u0131n\u0131 sa\u011flamakt\u0131r.<\/p><p>Alacakl\u0131 taraf\u0131ndan bor\u00e7lu aleyhine bar\u0131nd\u0131r\u0131lan her belge ve her bir yasal durum, farkl\u0131 bir t\u00fcr hukuki i\u015flemin yap\u0131lmas\u0131n\u0131 gerektirmektedir. Ne var ki Avukatl\u0131k B\u00fcromuz t\u00fcm icra prosed\u00fcrlerini herhangi bir yarg\u0131 karar\u0131 olsun veya olmas\u0131n haz\u0131rlamakta, uygulamaya koymakta ve borcu tahsil etmekte ileri d\u00fczey bir deneyime sahiptir. Bu kapsamda Avukatl\u0131k B\u00fcromuz ayn\u0131 zamanda m\u00fcvekkillerinin haklar\u0131n\u0131 korumak i\u00e7in t\u00fcm yasal hizmetleri sa\u011flamaktad\u0131r. Ayn\u0131 zamanda Avukatl\u0131k B\u00fcromuz icra takibi ile s\u0131n\u0131rl\u0131 olmayarak haciz, ipotek ve ipotek iptali, borsa tahsili ve kiralanan ta\u015f\u0131nmaz\u0131n tahliyesi gibi icrai i\u015flemleri de titizlikle y\u00fcr\u00fctmektedir.<\/p><p>Son olarak Avukatl\u0131k B\u00fcromuzda, yukar\u0131da belirtilen ola\u011fan infaz i\u015flemlerinin etkisiz oldu\u011fu durumlarda bor\u00e7luya kar\u015f\u0131 iflas takibi konusunda da deneyim sahibidir. \u0130flas takibi prosed\u00fcr\u00fc, icra dairesine talepte bulunarak veya do\u011frudan bor\u00e7luya kar\u015f\u0131 iflas davas\u0131 a\u00e7arak iflas i\u015fleminin ba\u015flat\u0131lmas\u0131n\u0131 i\u00e7erebilir. Bor\u00e7lunun iflas\u0131n ertelenmesi i\u00e7in dava a\u00e7mas\u0131 m\u00fcmk\u00fcn olsa da, Avukatl\u0131k B\u00fcromuz m\u00fcvekkillerinin alacaklar\u0131n\u0131 m\u00fcmk\u00fcn olan en h\u0131zl\u0131 \u015fekilde tahsil etmek i\u00e7in s\u00fcreci izlemekte ve s\u00fcrecin her a\u015famas\u0131nda hukuki destek sa\u011flamaktad\u0131r.<\/p><p><strong><u>Kimlere Yard\u0131mc\u0131 Oluyoruz?<\/u><\/strong><\/p><p>Avukatl\u0131k B\u00fcromuz, yerli ve yabanc\u0131 \u015firketlere ve ger\u00e7ek ki\u015filere, alacakl\u0131ya ait belge ve tahsil edilecek tutar ne olursa olsun T\u00fcrkiye\u2019de alacaklar\u0131n\u0131 tahsil etmek i\u00e7in hukuki deste\u011fe ihtiya\u00e7 duyan her t\u00fcrl\u00fc ticari te\u015febb\u00fcse hukuki dan\u0131\u015fmanl\u0131k hizmeti vermektedir.<\/p><p><strong><u>Dan\u0131\u015fmanl\u0131k verilmesi dahil olmak \u00fczere \u00f6nemli \u00e7al\u0131\u015fmalar\u0131m\u0131z<\/u><\/strong><\/p><p><em>Avukatl\u0131k B\u00fcromuz,<\/em><\/p><p>\u2013\u00a0<em>Devlet i\u015ftiraki olan \u00e7e\u015fitli bankalara hukuki destek vermektedir.\u00a0<\/em><\/p><p>\u00a0<\/p>\t\t\t\t\t<\/div>\n\t\t\t\t\t\t<\/div>\n\t\t\t\t<\/div>\n\t\t\t\t\t\t<\/div>\n\t\t\t\t\t<\/div>\n\t\t<\/div>\n\t\t\t\t\t\t\t\t<\/div>\n\t\t\t\t\t<\/div>\n\t\t<\/section>\n\t\t\t\t\t\t\t\t\t<\/div>\n\t\t\t<\/div>\n\t\t\t\t\t<\/div>\n\t\t","protected":false},"excerpt":{"rendered":"<p>Nas\u0131l Yard\u0131mc\u0131 Olabiliriz? \u0130cra ve \u0130flas Hukuku, bor\u00e7lar\u0131n \u00f6denmemesi durumunda alacaklar\u0131n tahsil yollar\u0131n\u0131 d\u00fczenlemektedir. Avukatl\u0131k B\u00fcromuz bu noktada alacakl\u0131 m\u00fcvekkilleri i\u00e7in hem teminatl\u0131 bor\u00e7lar hem de teminats\u0131z bor\u00e7lar i\u00e7in bor\u00e7 tahsilat\u0131 konusunda \u00f6nemli deneyime sahiptir. Temel ilkemiz, m\u00fcvekkillerimizin alacaklar\u0131n\u0131 en d\u00fc\u015f\u00fck maliyetle, en h\u0131zl\u0131 ve en etkin \u015fekilde almalar\u0131n\u0131 sa\u011flamakt\u0131r. Alacakl\u0131 taraf\u0131ndan bor\u00e7lu aleyhine bar\u0131nd\u0131r\u0131lan&#8230;<\/p>\n","protected":false},"author":1,"featured_media":5671,"parent":1820,"menu_order":346,"comment_status":"closed","ping_status":"closed","template":"","meta":[],"acf":[],"_links":{"self":[{"href":"https:\/\/hansu.av.tr\/tr\/wp-json\/wp\/v2\/pages\/1873"}],"collection":[{"href":"https:\/\/hansu.av.tr\/tr\/wp-json\/wp\/v2\/pages"}],"about":[{"href":"https:\/\/hansu.av.tr\/tr\/wp-json\/wp\/v2\/types\/page"}],"author":[{"embeddable":true,"href":"https:\/\/hansu.av.tr\/tr\/wp-json\/wp\/v2\/users\/1"}],"replies":[{"embeddable":true,"href":"https:\/\/hansu.av.tr\/tr\/wp-json\/wp\/v2\/comments?post=1873"}],"version-history":[{"count":4,"href":"https:\/\/hansu.av.tr\/tr\/wp-json\/wp\/v2\/pages\/1873\/revisions"}],"predecessor-version":[{"id":5984,"href":"https:\/\/hansu.av.tr\/tr\/wp-json\/wp\/v2\/pages\/1873\/revisions\/5984"}],"up":[{"embeddable":true,"href":"https:\/\/hansu.av.tr\/tr\/wp-json\/wp\/v2\/pages\/1820"}],"wp:featuredmedia":[{"embeddable":true,"href":"https:\/\/hansu.av.tr\/tr\/wp-json\/wp\/v2\/media\/5671"}],"wp:attachment":[{"href":"https:\/\/hansu.av.tr\/tr\/wp-json\/wp\/v2\/media?parent=1873"}],"curies":[{"name":"wp","href":"https:\/\/api.w.org\/{rel}","templated":true}]}}