{"id":1875,"date":"2020-05-07T23:12:32","date_gmt":"2020-05-07T20:12:32","guid":{"rendered":"https:\/\/hansu.av.tr\/uzmanlik-alanlarimiz\/ekonomik-ceza-hukuku\/"},"modified":"2020-07-17T20:00:11","modified_gmt":"2020-07-17T17:00:11","slug":"ekonomik-ceza-hukuku","status":"publish","type":"page","link":"https:\/\/hansu.av.tr\/tr\/uzmanlik-alanlarimiz\/ekonomik-ceza-hukuku\/","title":{"rendered":"Ticari Su\u00e7lar ve Yolsuzlukla M\u00fccadele"},"content":{"rendered":"\t\t<div data-elementor-type=\"wp-post\" data-elementor-id=\"1875\" class=\"elementor elementor-1875 elementor-657\">\n\t\t\t\t\t\t<div class=\"elementor-inner\">\n\t\t\t\t<div class=\"elementor-section-wrap\">\n\t\t\t\t\t\t\t\t\t<section class=\"elementor-section elementor-top-section elementor-element elementor-element-c1c2316 elementor-section-boxed elementor-section-height-default elementor-section-height-default\" data-id=\"c1c2316\" data-element_type=\"section\">\n\t\t\t\t\t\t<div class=\"elementor-container elementor-column-gap-default\">\n\t\t\t\t\t\t\t<div class=\"elementor-row\">\n\t\t\t\t\t<div class=\"elementor-column elementor-col-100 elementor-top-column elementor-element elementor-element-2dc1d0a\" data-id=\"2dc1d0a\" data-element_type=\"column\">\n\t\t\t<div class=\"elementor-column-wrap elementor-element-populated\">\n\t\t\t\t\t\t\t<div class=\"elementor-widget-wrap\">\n\t\t\t\t\t\t<div class=\"elementor-element elementor-element-8fa43b6 elementor-widget elementor-widget-text-editor\" data-id=\"8fa43b6\" data-element_type=\"widget\" data-widget_type=\"text-editor.default\">\n\t\t\t\t<div class=\"elementor-widget-container\">\n\t\t\t\t\t\t\t\t<div class=\"elementor-text-editor elementor-clearfix\">\n\t\t\t\t<p><strong><u>Nas\u0131l Yard\u0131mc\u0131 Olabiliriz?<\/u><\/strong><\/p><p>Hukuk B\u00fcromuz, \u00f6zellikle beyaz yaka su\u00e7lar\u0131, CEO ve Y\u00f6netim Kurulu \u00fcyeleri hakk\u0131nda a\u00e7\u0131lan kamu davalar\u0131nda tecr\u00fcbe sahibidir. Ekonomik Ceza Hukuku\u2019nun kendisine \u00f6zg\u00fc teknik terminolojisi nedeniyle ekonomik ceza hukuku alan\u0131nda haks\u0131z ve hatal\u0131 sonu\u00e7lara s\u0131k\u00e7a rastlanmas\u0131, ceza davas\u0131n\u0131n neticelenmesini m\u00fcteakip tazminat ve alacak davalar\u0131n\u0131n da a\u00e7\u0131lmas\u0131 halinde istenmeyen ve telafisi olmayan sonu\u00e7lar do\u011fmas\u0131 nedenleri ile Avukatl\u0131k B\u00fcromuz, teknik konularda akademik \u00e7al\u0131\u015fmalar\u0131 ile tan\u0131nan dan\u0131\u015fmanlar\u0131n da deste\u011fini alarak m\u00fcvekkillerine kaliteli bir hukuki hizmet vermektedir.<\/p><p>Bu kapsamda Avukatl\u0131k B\u00fcromuz Ekonomik Ceza Hukuku alan\u0131nda g\u00fcveni k\u00f6t\u00fcye kullanma su\u00e7u, basit ve nitelikli doland\u0131r\u0131c\u0131l\u0131k, hileli ve taksirli iflas, bedelsiz kalm\u0131\u015f senedi kullanma, kar\u015f\u0131l\u0131ks\u0131z yararlanma, su\u00e7 e\u015fyas\u0131n\u0131n sat\u0131n al\u0131nmas\u0131, su\u00e7tan kaynaklanan malvarl\u0131\u011f\u0131 de\u011ferlerini aklama, bankac\u0131l\u0131k, sigortac\u0131l\u0131k, sermaye piyasas\u0131 ve enerji piyasas\u0131, rekabet, ihaleye ve edimin ifas\u0131na fesat kar\u0131\u015ft\u0131rma, ticari s\u0131r ve bankac\u0131l\u0131k s\u0131rr\u0131n\u0131n if\u015fas\u0131, mal ve hizmet sat\u0131m\u0131ndan ka\u00e7\u0131nma su\u00e7lar\u0131 konusunda m\u00fcvekkillerine hizmet vermektedir.<\/p><p><strong><u>Kimlere Yard\u0131mc\u0131 Oluyoruz?<\/u><\/strong><\/p><p>Avukatl\u0131k B\u00fcromuzca korunan en \u00f6nemli ilkenin adil yarg\u0131lanma hakk\u0131 olmas\u0131 nedeni ile Avukatl\u0131k B\u00fcromuz, konusunda uzman kadrosu ile m\u00fcvekkillerinin menfaatlerini koruma amac\u0131 g\u00fcderek faaliyet alan\u0131na veya faaliyet yerine bak\u0131lmaks\u0131z\u0131n gerek \u015firketlere gerekse de ger\u00e7ek ki\u015filere t\u00fcm beyaz yaka su\u00e7lar\u0131na ili\u015fkin olarak hukuki destek sa\u011flamaktad\u0131r.<\/p><p>\u00a0<\/p>\t\t\t\t\t<\/div>\n\t\t\t\t\t\t<\/div>\n\t\t\t\t<\/div>\n\t\t\t\t\t\t<\/div>\n\t\t\t\t\t<\/div>\n\t\t<\/div>\n\t\t\t\t\t\t\t\t<\/div>\n\t\t\t\t\t<\/div>\n\t\t<\/section>\n\t\t\t\t\t\t\t\t\t<\/div>\n\t\t\t<\/div>\n\t\t\t\t\t<\/div>\n\t\t","protected":false},"excerpt":{"rendered":"<p>Nas\u0131l Yard\u0131mc\u0131 Olabiliriz? Hukuk B\u00fcromuz, \u00f6zellikle beyaz yaka su\u00e7lar\u0131, CEO ve Y\u00f6netim Kurulu \u00fcyeleri hakk\u0131nda a\u00e7\u0131lan kamu davalar\u0131nda tecr\u00fcbe sahibidir. Ekonomik Ceza Hukuku\u2019nun kendisine \u00f6zg\u00fc teknik terminolojisi nedeniyle ekonomik ceza hukuku alan\u0131nda haks\u0131z ve hatal\u0131 sonu\u00e7lara s\u0131k\u00e7a rastlanmas\u0131, ceza davas\u0131n\u0131n neticelenmesini m\u00fcteakip tazminat ve alacak davalar\u0131n\u0131n da a\u00e7\u0131lmas\u0131 halinde istenmeyen ve telafisi olmayan sonu\u00e7lar do\u011fmas\u0131&#8230;<\/p>\n","protected":false},"author":1,"featured_media":5677,"parent":1820,"menu_order":417,"comment_status":"closed","ping_status":"closed","template":"","meta":[],"acf":[],"_links":{"self":[{"href":"https:\/\/hansu.av.tr\/tr\/wp-json\/wp\/v2\/pages\/1875"}],"collection":[{"href":"https:\/\/hansu.av.tr\/tr\/wp-json\/wp\/v2\/pages"}],"about":[{"href":"https:\/\/hansu.av.tr\/tr\/wp-json\/wp\/v2\/types\/page"}],"author":[{"embeddable":true,"href":"https:\/\/hansu.av.tr\/tr\/wp-json\/wp\/v2\/users\/1"}],"replies":[{"embeddable":true,"href":"https:\/\/hansu.av.tr\/tr\/wp-json\/wp\/v2\/comments?post=1875"}],"version-history":[{"count":5,"href":"https:\/\/hansu.av.tr\/tr\/wp-json\/wp\/v2\/pages\/1875\/revisions"}],"predecessor-version":[{"id":5986,"href":"https:\/\/hansu.av.tr\/tr\/wp-json\/wp\/v2\/pages\/1875\/revisions\/5986"}],"up":[{"embeddable":true,"href":"https:\/\/hansu.av.tr\/tr\/wp-json\/wp\/v2\/pages\/1820"}],"wp:featuredmedia":[{"embeddable":true,"href":"https:\/\/hansu.av.tr\/tr\/wp-json\/wp\/v2\/media\/5677"}],"wp:attachment":[{"href":"https:\/\/hansu.av.tr\/tr\/wp-json\/wp\/v2\/media?parent=1875"}],"curies":[{"name":"wp","href":"https:\/\/api.w.org\/{rel}","templated":true}]}}