{"id":1898,"date":"2020-05-07T23:55:02","date_gmt":"2020-05-07T20:55:02","guid":{"rendered":"https:\/\/hansu.av.tr\/avukatlarimiz\/ebru-ozduran\/"},"modified":"2020-07-07T10:26:51","modified_gmt":"2020-07-07T07:26:51","slug":"ebru-ozduran","status":"publish","type":"page","link":"https:\/\/hansu.av.tr\/tr\/avukatlarimiz\/ebru-ozduran\/","title":{"rendered":"Ebru \u00d6ZDURAN"},"content":{"rendered":"\t\t<div data-elementor-type=\"wp-post\" data-elementor-id=\"1898\" class=\"elementor elementor-1898 elementor-380\">\n\t\t\t\t\t\t<div class=\"elementor-inner\">\n\t\t\t\t<div class=\"elementor-section-wrap\">\n\t\t\t\t\t\t\t\t\t<section class=\"elementor-section elementor-top-section elementor-element elementor-element-6114b6de elementor-section-stretched elementor-section-full_width elementor-section-height-min-height elementor-section-items-bottom elementor-section-height-default\" data-id=\"6114b6de\" data-element_type=\"section\" id=\"slider\" data-settings=\"{&quot;stretch_section&quot;:&quot;section-stretched&quot;,&quot;background_background&quot;:&quot;classic&quot;,&quot;shape_divider_bottom&quot;:&quot;arrow&quot;}\">\n\t\t\t\t\t\t\t<div class=\"elementor-background-overlay\"><\/div>\n\t\t\t\t\t\t<div class=\"elementor-shape elementor-shape-bottom\" data-negative=\"false\">\n\t\t\t<svg xmlns=\"http:\/\/www.w3.org\/2000\/svg\" viewBox=\"0 0 700 10\" preserveAspectRatio=\"none\">\n\t<path class=\"elementor-shape-fill\" d=\"M350,10L340,0h20L350,10z\"\/>\n<\/svg>\t\t<\/div>\n\t\t\t\t\t<div class=\"elementor-container elementor-column-gap-default\">\n\t\t\t\t\t\t\t<div class=\"elementor-row\">\n\t\t\t\t\t<div class=\"elementor-column elementor-col-100 elementor-top-column elementor-element elementor-element-f225bf0\" data-id=\"f225bf0\" data-element_type=\"column\">\n\t\t\t<div class=\"elementor-column-wrap elementor-element-populated\">\n\t\t\t\t\t\t\t<div class=\"elementor-widget-wrap\">\n\t\t\t\t\t\t\t\t<\/div>\n\t\t\t\t\t<\/div>\n\t\t<\/div>\n\t\t\t\t\t\t\t\t<\/div>\n\t\t\t\t\t<\/div>\n\t\t<\/section>\n\t\t\t\t<section class=\"elementor-section elementor-top-section elementor-element elementor-element-3491cc11 elementor-section-stretched elementor-section-full_width elementor-reverse-tablet elementor-reverse-mobile elementor-section-height-default elementor-section-height-default\" data-id=\"3491cc11\" data-element_type=\"section\" data-settings=\"{&quot;stretch_section&quot;:&quot;section-stretched&quot;}\">\n\t\t\t\t\t\t<div class=\"elementor-container elementor-column-gap-default\">\n\t\t\t\t\t\t\t<div class=\"elementor-row\">\n\t\t\t\t\t<div class=\"elementor-column elementor-col-50 elementor-top-column elementor-element elementor-element-6cacb388\" data-id=\"6cacb388\" data-element_type=\"column\" data-settings=\"{&quot;background_background&quot;:&quot;classic&quot;}\">\n\t\t\t<div class=\"elementor-column-wrap elementor-element-populated\">\n\t\t\t\t\t<div class=\"elementor-background-overlay\"><\/div>\n\t\t\t\t\t\t\t<div class=\"elementor-widget-wrap\">\n\t\t\t\t\t\t<div class=\"elementor-element elementor-element-427104e4 elementor-widget elementor-widget-heading\" data-id=\"427104e4\" data-element_type=\"widget\" data-widget_type=\"heading.default\">\n\t\t\t\t<div class=\"elementor-widget-container\">\n\t\t\t<h2 class=\"elementor-heading-title elementor-size-default\">Ebru \u00d6ZDURAN<\/h2>\t\t<\/div>\n\t\t\t\t<\/div>\n\t\t\t\t<div class=\"elementor-element elementor-element-74830e28 elementor-widget elementor-widget-heading\" data-id=\"74830e28\" data-element_type=\"widget\" data-widget_type=\"heading.default\">\n\t\t\t\t<div class=\"elementor-widget-container\">\n\t\t\t<h6 class=\"elementor-heading-title elementor-size-default\">Y\u00d6NET\u0130C\u0130 AVUKAT<\/h6>\t\t<\/div>\n\t\t\t\t<\/div>\n\t\t\t\t<div class=\"elementor-element elementor-element-61268ab0 elementor-widget elementor-widget-text-editor\" data-id=\"61268ab0\" data-element_type=\"widget\" data-widget_type=\"text-editor.default\">\n\t\t\t\t<div class=\"elementor-widget-container\">\n\t\t\t\t\t\t\t\t<div class=\"elementor-text-editor elementor-clearfix\">\n\t\t\t\t<p><strong>Av. EBRU \u00d6ZDURAN<\/strong>, T.C. \u0130zmir 9 Eyl\u00fcl \u00dcniversitesi Hukuk Fak\u00fcltesi\u2019nden 2008 y\u0131l\u0131nda mezun olmakla staj\u0131n\u0131 \u0130zmir Barosunda tamamlayarak 2009 y\u0131l\u0131nda \u0130stanbul Barosu b\u00fcnyesinde avukatl\u0131k hayat\u0131na ba\u015flam\u0131\u015ft\u0131r. 2013 y\u0131l\u0131na kadar bir avukatl\u0131k ortakl\u0131\u011f\u0131nda, genellikle Holding \u015feklinde te\u015fekk\u00fcl eden \u015firketlerden olu\u015fan grup \u015firketlere ve ba\u011f\u0131ms\u0131z \u015firketlere dan\u0131\u015fmanl\u0131k, y\u00f6netim kurulu, genel kurul, \u015firket i\u00e7i projelerin hukuki destekleri ile \u015eirketler Hukuku, S\u00f6zle\u015fmeler Hukuku, \u0130\u015f Hukuku, Gayrimenkul Hukuku, Aile Hukuku, \u0130cra ve \u0130flas Hukuku, Ticaret ve K\u0131ymetli Evrak Hukuku, \u0130hale Hukuku, Kat M\u00fclkiyeti ve Y\u00f6netim Hukuku, Dernekler ve Vak\u0131f Hukuku, Tazminat Hukuku alanlar\u0131nda \u00e7e\u015fitli dava ve s\u00f6zle\u015fmeler konusunda \u00e7al\u0131\u015fm\u0131\u015ft\u0131r.<\/p>\n<p>2014 y\u0131l\u0131nda New York\u2019 a giderek orada \u00f6nce English Language Center b\u00fcnyesinde genel \u0130ngilizce daha sonra ASA Collage b\u00fcnyesinde hukuk ve i\u015f ingilizcesi e\u011fitimi alm\u0131\u015ft\u0131r.<\/p>\n<p>2015 y\u0131l\u0131nda yeniden \u0130stanbul\u2019a d\u00f6nerek 2017 y\u0131l\u0131na kadar avukatl\u0131k hayat\u0131na kendi ofisi b\u00fcnyesinde devam etmi\u015ftir. Bu s\u00fcre zarf\u0131nda kendi ofisine ait hukuk ve dan\u0131\u015fmanl\u0131k i\u015flerini y\u00fcr\u00fct\u00fcrken ayr\u0131ca 12 ki\u015filik ba\u015fka bir hukuk b\u00fcrosuna d\u0131\u015far\u0131dan y\u00f6neticilik yapm\u0131\u015f, ofis i\u00e7i koordinasyon, dava ve icralar\u0131n raporlanmas\u0131, bu raporlara dayan\u0131larak dan\u0131\u015fman \u015firketlere ayl\u0131k sunumlar haz\u0131rlanmas\u0131, \u015firket i\u00e7i \u0130K evraklar\u0131, fatura, cari hesap ve he t\u00fcrl\u00fc s\u00f6zle\u015fmenin hukuk bilgisi olmayan \u015firket \u00e7al\u0131\u015fanlar\u0131nca pratik bir \u015fekilde uygulanmas\u0131 konusunda \u015firket i\u00e7i e\u011fitim ve \u00e7al\u0131\u015fmalar\u0131na devam etmi\u015ftir.<\/p>\n<p>Haziran 2017 itibari ile Hansu Avukatl\u0131k B\u00fcrosu ailesine kat\u0131larak Hansu Avukatl\u0131k B\u00fcrosu\u2019nun d\u00fcnya \u00e7ap\u0131nda sekt\u00f6r lideri olan geni\u015f\u00a0ve kapsaml\u0131\u00a0m\u00fcvekkil yelpazesine hukukun her alan\u0131nda dan\u0131\u015fmanl\u0131k veren, t\u00fcm uyu\u015fmazl\u0131klara dair s\u00fcre\u00e7leri takip eden kadrosunda \u00e7al\u0131\u015fmaya ba\u015flam\u0131\u015ft\u0131r. Bu kapsamda halen t\u00fcm dosyalar\u0131n\u0131n takip ve kontrol ve y\u00f6netiminin yan\u0131 s\u0131ra \u0130dare Hukuku, Ceza Hukuku, Gayrimenkul Hukuku, Enerji Hukuku, Ticaret Hukuku, \u0130\u015f Hukuku ba\u015fta olmak\u00a0\u00fczere pek \u00e7ok alanda dan\u0131\u015fmanl\u0131k, dava takibi ve yasal takip ile y\u00f6netimi noktalar\u0131nda faaliyet g\u00f6stermektedir.<\/p>\n<p>Ek olarak;\u00a0\u015eirketler Hukuku, S\u00f6zle\u015fmeler Hukuku, \u0130\u015f Hukuku, Gayrimenkul Hukuku, Aile Hukuku, \u0130cra ve \u0130flas Hukuku, Ticaret ve K\u0131ymetli Evrak Hukuku, \u0130hale Hukuku, Kat M\u00fclkiyeti ve Y\u00f6netim Hukuku, Dernekler ve Vak\u0131f Hukuku, Tazminat Hukuku alanlar\u0131na ek olarak Kadastro Hukuku, \u0130n\u015faat Hukuku, \u0130YUK ve CMK istinaf uygulamalar\u0131, Orman Hukuku, ve esaslar\u0131 hakk\u0131nda e\u011fitim seminerlerine kat\u0131l\u0131m sa\u011flayarak ki\u015fisel geli\u015fim ve tecr\u00fcbesine katk\u0131 sa\u011flam\u0131\u015ft\u0131r.<\/p>\n<p><strong>\u00dcyelikler:<\/strong>\u00a0\u0130stanbul Barosu<\/p>\n<p><strong>Baro Sicil:<\/strong>\u00a039053<\/p>\n<p><strong>Diller:<\/strong>\u00a0T\u00fcrk\u00e7e, \u0130ngilizce<\/p>\n\t\t\t\t\t<\/div>\n\t\t\t\t\t\t<\/div>\n\t\t\t\t<\/div>\n\t\t\t\t<div class=\"elementor-element elementor-element-21f2cd75 elementor-widget elementor-widget-heading\" data-id=\"21f2cd75\" data-element_type=\"widget\" data-widget_type=\"heading.default\">\n\t\t\t\t<div class=\"elementor-widget-container\">\n\t\t\t<h2 class=\"elementor-heading-title elementor-size-default\">\u0130leti\u015fim<\/h2>\t\t<\/div>\n\t\t\t\t<\/div>\n\t\t\t\t<section class=\"elementor-section elementor-inner-section elementor-element elementor-element-6bdb8e17 elementor-section-boxed elementor-section-height-default elementor-section-height-default\" data-id=\"6bdb8e17\" data-element_type=\"section\" data-settings=\"{&quot;background_background&quot;:&quot;classic&quot;}\">\n\t\t\t\t\t\t<div class=\"elementor-container elementor-column-gap-default\">\n\t\t\t\t\t\t\t<div class=\"elementor-row\">\n\t\t\t\t\t<div class=\"elementor-column elementor-col-50 elementor-inner-column elementor-element elementor-element-3b952829\" data-id=\"3b952829\" data-element_type=\"column\" data-settings=\"{&quot;background_background&quot;:&quot;classic&quot;}\">\n\t\t\t<div class=\"elementor-column-wrap elementor-element-populated\">\n\t\t\t\t\t\t\t<div class=\"elementor-widget-wrap\">\n\t\t\t\t\t\t<div class=\"elementor-element elementor-element-4784cd3a elementor-widget elementor-widget-image\" data-id=\"4784cd3a\" data-element_type=\"widget\" data-widget_type=\"image.default\">\n\t\t\t\t<div class=\"elementor-widget-container\">\n\t\t\t\t\t\t\t\t<div class=\"elementor-image\">\n\t\t\t\t\t\t\t\t\t\t\t\t<img width=\"32\" height=\"32\" src=\"https:\/\/hansu.av.tr\/wp-content\/uploads\/2018\/12\/icon.png\" class=\"attachment-full size-full\" alt=\"\" loading=\"lazy\" \/>\t\t\t\t\t\t\t\t\t\t\t\t\t\t<\/div>\n\t\t\t\t\t\t<\/div>\n\t\t\t\t<\/div>\n\t\t\t\t\t\t<\/div>\n\t\t\t\t\t<\/div>\n\t\t<\/div>\n\t\t\t\t<div class=\"elementor-column elementor-col-50 elementor-inner-column elementor-element elementor-element-77f84fc6\" data-id=\"77f84fc6\" data-element_type=\"column\">\n\t\t\t<div class=\"elementor-column-wrap elementor-element-populated\">\n\t\t\t\t\t\t\t<div class=\"elementor-widget-wrap\">\n\t\t\t\t\t\t<div class=\"elementor-element elementor-element-6977a74c elementor-widget elementor-widget-text-editor\" data-id=\"6977a74c\" data-element_type=\"widget\" data-widget_type=\"text-editor.default\">\n\t\t\t\t<div class=\"elementor-widget-container\">\n\t\t\t\t\t\t\t\t<div class=\"elementor-text-editor elementor-clearfix\">\n\t\t\t\t<p>0 (216) 464 12 12<\/p>\n\t\t\t\t\t<\/div>\n\t\t\t\t\t\t<\/div>\n\t\t\t\t<\/div>\n\t\t\t\t\t\t<\/div>\n\t\t\t\t\t<\/div>\n\t\t<\/div>\n\t\t\t\t\t\t\t\t<\/div>\n\t\t\t\t\t<\/div>\n\t\t<\/section>\n\t\t\t\t<section class=\"elementor-section elementor-inner-section elementor-element elementor-element-2e7d2615 elementor-section-boxed elementor-section-height-default elementor-section-height-default\" data-id=\"2e7d2615\" data-element_type=\"section\" data-settings=\"{&quot;background_background&quot;:&quot;classic&quot;}\">\n\t\t\t\t\t\t<div class=\"elementor-container elementor-column-gap-default\">\n\t\t\t\t\t\t\t<div class=\"elementor-row\">\n\t\t\t\t\t<div class=\"elementor-column elementor-col-50 elementor-inner-column elementor-element elementor-element-5909b783\" data-id=\"5909b783\" data-element_type=\"column\" data-settings=\"{&quot;background_background&quot;:&quot;classic&quot;}\">\n\t\t\t<div class=\"elementor-column-wrap elementor-element-populated\">\n\t\t\t\t\t\t\t<div class=\"elementor-widget-wrap\">\n\t\t\t\t\t\t<div class=\"elementor-element elementor-element-38c158be elementor-widget elementor-widget-image\" data-id=\"38c158be\" data-element_type=\"widget\" data-widget_type=\"image.default\">\n\t\t\t\t<div class=\"elementor-widget-container\">\n\t\t\t\t\t\t\t\t<div class=\"elementor-image\">\n\t\t\t\t\t\t\t\t\t\t\t\t<img width=\"32\" height=\"32\" src=\"https:\/\/hansu.av.tr\/wp-content\/uploads\/2018\/12\/envelope.png\" class=\"attachment-full size-full\" alt=\"\" loading=\"lazy\" \/>\t\t\t\t\t\t\t\t\t\t\t\t\t\t<\/div>\n\t\t\t\t\t\t<\/div>\n\t\t\t\t<\/div>\n\t\t\t\t\t\t<\/div>\n\t\t\t\t\t<\/div>\n\t\t<\/div>\n\t\t\t\t<div class=\"elementor-column elementor-col-50 elementor-inner-column elementor-element elementor-element-3485f2be\" data-id=\"3485f2be\" data-element_type=\"column\">\n\t\t\t<div class=\"elementor-column-wrap elementor-element-populated\">\n\t\t\t\t\t\t\t<div class=\"elementor-widget-wrap\">\n\t\t\t\t\t\t<div class=\"elementor-element elementor-element-6712cf35 elementor-widget elementor-widget-text-editor\" data-id=\"6712cf35\" data-element_type=\"widget\" data-widget_type=\"text-editor.default\">\n\t\t\t\t<div class=\"elementor-widget-container\">\n\t\t\t\t\t\t\t\t<div class=\"elementor-text-editor elementor-clearfix\">\n\t\t\t\t<p><a href=\"mailto:ebruozduran@hansu.av.tr\">ebruozduran@hansu.av.tr<\/a><\/p>\n\t\t\t\t\t<\/div>\n\t\t\t\t\t\t<\/div>\n\t\t\t\t<\/div>\n\t\t\t\t\t\t<\/div>\n\t\t\t\t\t<\/div>\n\t\t<\/div>\n\t\t\t\t\t\t\t\t<\/div>\n\t\t\t\t\t<\/div>\n\t\t<\/section>\n\t\t\t\t\t\t<\/div>\n\t\t\t\t\t<\/div>\n\t\t<\/div>\n\t\t\t\t<div class=\"elementor-column elementor-col-50 elementor-top-column elementor-element elementor-element-1e5a35e0\" data-id=\"1e5a35e0\" data-element_type=\"column\" data-settings=\"{&quot;background_background&quot;:&quot;classic&quot;}\">\n\t\t\t<div class=\"elementor-column-wrap elementor-element-populated\">\n\t\t\t\t\t<div class=\"elementor-background-overlay\"><\/div>\n\t\t\t\t\t\t\t<div class=\"elementor-widget-wrap\">\n\t\t\t\t\t\t<div class=\"elementor-element elementor-element-2998766c elementor-widget elementor-widget-image\" data-id=\"2998766c\" data-element_type=\"widget\" data-widget_type=\"image.default\">\n\t\t\t\t<div class=\"elementor-widget-container\">\n\t\t\t\t\t\t\t\t<div class=\"elementor-image\">\n\t\t\t\t\t\t\t\t\t\t\t\t<img width=\"600\" height=\"899\" src=\"https:\/\/hansu.av.tr\/wp-content\/uploads\/2019\/01\/ebru.jpg\" class=\"attachment-full size-full\" alt=\"\" loading=\"lazy\" srcset=\"https:\/\/hansu.av.tr\/wp-content\/uploads\/2019\/01\/ebru.jpg 600w, https:\/\/hansu.av.tr\/wp-content\/uploads\/2019\/01\/ebru-200x300.jpg 200w\" sizes=\"(max-width: 600px) 100vw, 600px\" \/>\t\t\t\t\t\t\t\t\t\t\t\t\t\t<\/div>\n\t\t\t\t\t\t<\/div>\n\t\t\t\t<\/div>\n\t\t\t\t\t\t<\/div>\n\t\t\t\t\t<\/div>\n\t\t<\/div>\n\t\t\t\t\t\t\t\t<\/div>\n\t\t\t\t\t<\/div>\n\t\t<\/section>\n\t\t\t\t\t\t\t\t\t<\/div>\n\t\t\t<\/div>\n\t\t\t\t\t<\/div>\n\t\t","protected":false},"excerpt":{"rendered":"<p>Ebru \u00d6ZDURAN Y\u00d6NET\u0130C\u0130 AVUKAT Av. EBRU \u00d6ZDURAN, T.C. \u0130zmir 9 Eyl\u00fcl \u00dcniversitesi Hukuk Fak\u00fcltesi\u2019nden 2008 y\u0131l\u0131nda mezun olmakla staj\u0131n\u0131 \u0130zmir Barosunda tamamlayarak 2009 y\u0131l\u0131nda \u0130stanbul Barosu b\u00fcnyesinde avukatl\u0131k hayat\u0131na ba\u015flam\u0131\u015ft\u0131r. 2013 y\u0131l\u0131na kadar bir avukatl\u0131k ortakl\u0131\u011f\u0131nda, genellikle Holding \u015feklinde te\u015fekk\u00fcl eden \u015firketlerden olu\u015fan grup \u015firketlere ve ba\u011f\u0131ms\u0131z \u015firketlere dan\u0131\u015fmanl\u0131k, y\u00f6netim kurulu, genel kurul, \u015firket i\u00e7i&#8230;<\/p>\n","protected":false},"author":1,"featured_media":4788,"parent":5051,"menu_order":192,"comment_status":"closed","ping_status":"closed","template":"","meta":[],"acf":[],"_links":{"self":[{"href":"https:\/\/hansu.av.tr\/tr\/wp-json\/wp\/v2\/pages\/1898"}],"collection":[{"href":"https:\/\/hansu.av.tr\/tr\/wp-json\/wp\/v2\/pages"}],"about":[{"href":"https:\/\/hansu.av.tr\/tr\/wp-json\/wp\/v2\/types\/page"}],"author":[{"embeddable":true,"href":"https:\/\/hansu.av.tr\/tr\/wp-json\/wp\/v2\/users\/1"}],"replies":[{"embeddable":true,"href":"https:\/\/hansu.av.tr\/tr\/wp-json\/wp\/v2\/comments?post=1898"}],"version-history":[{"count":0,"href":"https:\/\/hansu.av.tr\/tr\/wp-json\/wp\/v2\/pages\/1898\/revisions"}],"up":[{"embeddable":true,"href":"https:\/\/hansu.av.tr\/tr\/wp-json\/wp\/v2\/pages\/5051"}],"wp:featuredmedia":[{"embeddable":true,"href":"https:\/\/hansu.av.tr\/tr\/wp-json\/wp\/v2\/media\/4788"}],"wp:attachment":[{"href":"https:\/\/hansu.av.tr\/tr\/wp-json\/wp\/v2\/media?parent=1898"}],"curies":[{"name":"wp","href":"https:\/\/api.w.org\/{rel}","templated":true}]}}