{"id":1908,"date":"2020-05-08T00:00:59","date_gmt":"2020-05-07T21:00:59","guid":{"rendered":"https:\/\/hansu.av.tr\/avukatlarimiz\/dr-ata-torun\/"},"modified":"2020-07-29T19:05:09","modified_gmt":"2020-07-29T16:05:09","slug":"dr-ata-torun","status":"publish","type":"page","link":"https:\/\/hansu.av.tr\/tr\/avukatlarimiz\/dr-ata-torun\/","title":{"rendered":"Dr. Ata TORUN"},"content":{"rendered":"\t\t<div data-elementor-type=\"wp-post\" data-elementor-id=\"1908\" class=\"elementor elementor-1908 elementor-1414\">\n\t\t\t\t\t\t<div class=\"elementor-inner\">\n\t\t\t\t<div class=\"elementor-section-wrap\">\n\t\t\t\t\t\t\t\t\t<section class=\"elementor-section elementor-top-section elementor-element elementor-element-9b372d7 elementor-section-stretched elementor-section-full_width elementor-section-height-min-height elementor-section-items-bottom elementor-section-height-default\" data-id=\"9b372d7\" data-element_type=\"section\" id=\"slider\" data-settings=\"{&quot;stretch_section&quot;:&quot;section-stretched&quot;,&quot;background_background&quot;:&quot;classic&quot;,&quot;shape_divider_bottom&quot;:&quot;arrow&quot;}\">\n\t\t\t\t\t\t\t<div class=\"elementor-background-overlay\"><\/div>\n\t\t\t\t\t\t<div class=\"elementor-shape elementor-shape-bottom\" data-negative=\"false\">\n\t\t\t<svg xmlns=\"http:\/\/www.w3.org\/2000\/svg\" viewBox=\"0 0 700 10\" preserveAspectRatio=\"none\">\n\t<path class=\"elementor-shape-fill\" d=\"M350,10L340,0h20L350,10z\"\/>\n<\/svg>\t\t<\/div>\n\t\t\t\t\t<div class=\"elementor-container elementor-column-gap-default\">\n\t\t\t\t\t\t\t<div class=\"elementor-row\">\n\t\t\t\t\t<div class=\"elementor-column elementor-col-100 elementor-top-column elementor-element elementor-element-3ce9e204\" data-id=\"3ce9e204\" data-element_type=\"column\">\n\t\t\t<div class=\"elementor-column-wrap elementor-element-populated\">\n\t\t\t\t\t\t\t<div class=\"elementor-widget-wrap\">\n\t\t\t\t\t\t\t\t<\/div>\n\t\t\t\t\t<\/div>\n\t\t<\/div>\n\t\t\t\t\t\t\t\t<\/div>\n\t\t\t\t\t<\/div>\n\t\t<\/section>\n\t\t\t\t<section class=\"elementor-section elementor-top-section elementor-element elementor-element-1c85cd83 elementor-section-stretched elementor-section-full_width elementor-reverse-tablet elementor-reverse-mobile elementor-section-height-default elementor-section-height-default\" data-id=\"1c85cd83\" data-element_type=\"section\" data-settings=\"{&quot;stretch_section&quot;:&quot;section-stretched&quot;}\">\n\t\t\t\t\t\t<div class=\"elementor-container elementor-column-gap-default\">\n\t\t\t\t\t\t\t<div class=\"elementor-row\">\n\t\t\t\t\t<div class=\"elementor-column elementor-col-50 elementor-top-column elementor-element elementor-element-7e7123a\" data-id=\"7e7123a\" data-element_type=\"column\" data-settings=\"{&quot;background_background&quot;:&quot;classic&quot;}\">\n\t\t\t<div class=\"elementor-column-wrap elementor-element-populated\">\n\t\t\t\t\t<div class=\"elementor-background-overlay\"><\/div>\n\t\t\t\t\t\t\t<div class=\"elementor-widget-wrap\">\n\t\t\t\t\t\t<div class=\"elementor-element elementor-element-5cabed8f elementor-widget elementor-widget-heading\" data-id=\"5cabed8f\" data-element_type=\"widget\" data-widget_type=\"heading.default\">\n\t\t\t\t<div class=\"elementor-widget-container\">\n\t\t\t<h2 class=\"elementor-heading-title elementor-size-default\">Dr. Ata TORUN <\/h2>\t\t<\/div>\n\t\t\t\t<\/div>\n\t\t\t\t<div class=\"elementor-element elementor-element-752fcb42 elementor-widget elementor-widget-heading\" data-id=\"752fcb42\" data-element_type=\"widget\" data-widget_type=\"heading.default\">\n\t\t\t\t<div class=\"elementor-widget-container\">\n\t\t\t<h6 class=\"elementor-heading-title elementor-size-default\">AVUKAT<\/h6>\t\t<\/div>\n\t\t\t\t<\/div>\n\t\t\t\t<div class=\"elementor-element elementor-element-4715e0ad elementor-widget elementor-widget-text-editor\" data-id=\"4715e0ad\" data-element_type=\"widget\" data-widget_type=\"text-editor.default\">\n\t\t\t\t<div class=\"elementor-widget-container\">\n\t\t\t\t\t\t\t\t<div class=\"elementor-text-editor elementor-clearfix\">\n\t\t\t\t<p><strong>Dr. Ata TORUN<\/strong>, 2006 y\u0131l\u0131nda St. Georg Avusturya Lisesi\u2018nden ve 2012 y\u0131l\u0131nda Almanya\u2019da Heidelberg Ruprecht Karl \u00dcniversitesi Hukuk Fak\u00fcltesi\u2019nden mezun olmu\u015ftur. Mezuniyetini takiben ayn\u0131 \u00fcniversitede hava ve deniz y\u00fck ta\u015f\u0131mas\u0131 hukuku alan\u0131nda doktoraya ba\u015flam\u0131\u015ft\u0131r. 2013 senesinde \u0130stanbul \u00dcniversitesi Hukuk Fak\u00fcltesi\u2019nde diploma denklik s\u0131navlar\u0131n\u0131 ba\u015far\u0131yla tamamlad\u0131ktan sonra yasal staj\u0131na ba\u015flamaya hak kazanm\u0131\u015ft\u0131r. 2015 y\u0131l\u0131ndan beri \u0130stanbul Barosuna kay\u0131tl\u0131d\u0131r. Staj\u0131n\u0131 hukuk b\u00fcromuzda tamamlad\u0131ktan sonra doktora e\u011fitimi sebebiyle tekrar Almanya\u2019ya d\u00f6nm\u00fc\u015ft\u00fcr.<\/p>\n<p>Doktora \u00e7al\u0131\u015fmalar\u0131 s\u0131ras\u0131nda be\u015f sene boyunca ulusal ve uluslararas\u0131 faaliyet g\u00f6steren \u015firketlere \u00e7e\u015fitli alanlarda hizmet veren Almanya\u2019n\u0131n \u00f6nde gelen avukatl\u0131k b\u00fcrolar\u0131ndan Arnecke Sibeth Dabelstein Hukuk B\u00fcrosu\u2018nun Frankfurt ofisinde Ta\u015f\u0131mac\u0131l\u0131k\/Havac\u0131l\u0131k ve Lojistik Hukuku departman\u0131nda \u00e7al\u0131\u015fm\u0131\u015ft\u0131r. Bu s\u00fcre\u00e7te ba\u015fta Alman ve uluslararas\u0131 kara, hava ve denizyolu e\u015fya ta\u015f\u0131mas\u0131 ile multimodal ta\u015f\u0131mac\u0131l\u0131k s\u0131ras\u0131nda ortaya \u00e7\u0131kan z\u0131ya, hasar ve gecikmeden kaynakl\u0131 uyu\u015fmazl\u0131klar\u0131n takibi ve \u00e7\u00f6z\u00fcm\u00fcnde, Ticaret Hukuku ile Alman ve Uluslararas\u0131 Ta\u015f\u0131mac\u0131l\u0131k ve Lojistik Hukukunu ilgilendiren d\u00fczenlemeler hakk\u0131nda m\u00fcvekkillere hukuki dan\u0131\u015fmanl\u0131k verilmesinde ve Ta\u015f\u0131ma, Lojistik ve E\u015fya Depolama S\u00f6zle\u015fmelerinin ve Genel \u0130\u015flem Ko\u015fullar\u0131n\u0131n haz\u0131rlanmas\u0131nda b\u00fcy\u00fck tecr\u00fcbe kazanm\u0131\u015ft\u0131r. Ayr\u0131ca uluslararas\u0131 faaliyet g\u00f6steren T\u00fcrk \u015firketlerin Almanya\u2019daki S\u00f6zle\u015fmeler ve Ticaret Hukukundan do\u011fan ihtilaflar\u0131 ile ilgili davalar\u0131n takibi ve s\u00fcre\u00e7lerin y\u00f6netilmesinde g\u00f6rev alm\u0131\u015ft\u0131r. Yine bu \u00e7al\u0131\u015fmalar\u0131 s\u0131ras\u0131nda Almanca konu\u015fan \u00fclkelerde (Almanya, Avusturya, \u0130svi\u00e7re ve Liechtenstein) \u00e7al\u0131\u015fan sayg\u0131n avukat ve akademisyenlerin birlikte yay\u0131nlad\u0131klar\u0131 Uluslararas\u0131 Ticaret Hukuku El Kitab\u0131\u2019n\u0131n (\u201e<em>Holger, B\u00fcrskens, in: Handbuch Internationales Wirtschaftsrecht, Herbert Kronke\/Werner Melis\/Hans Kuhn, 2. Bask\u0131 2017, E. Transport<\/em>\u201c) Ta\u015f\u0131ma Hukuku b\u00f6l\u00fcm\u00fcn\u00fcn haz\u0131rlanmas\u0131na destek vermi\u015ftir.<\/p>\n<p>2018 y\u0131l\u0131nda Frankfurt Goethe \u00dcniversitesi\u2019nin d\u00fczenledi\u011fi Uluslararas\u0131 ve Alman Tahkim Hukuku yaz sertifika program\u0131n\u0131 ba\u015far\u0131yla bitirmi\u015ftir. 2019 senesinde Heidelberg \u00dcniversitesi\u2018nde Hukuk Doktoras\u0131n\u0131 (Dr. iur.) tamamlam\u0131\u015ft\u0131r. \u201e<em>Hava ve Deniz Y\u00fck Ta\u015f\u0131mac\u0131l\u0131\u011f\u0131nda Ta\u015f\u0131y\u0131c\u0131n\u0131n Sorumlulu\u011funun Geli\u015fimi \u2013 Uluslararas\u0131 Yeknesak Hukuk ve Bunun T\u00fcrk ve Alman Hukukunda Uygulanmas\u0131 Hakk\u0131nda Kar\u015f\u0131la\u015ft\u0131rmal\u0131 Bir \u00c7al\u0131\u015fma<\/em>\u201c (\u201e<em>Entwicklung der Frachtf\u00fchrerhaftung im Luft- und Seefrachtrecht \u2013 Eine vergleichende Studie des internationalen Einheitsrechts und seiner Umsetzung im t\u00fcrkischen und deutschen Recht<\/em>\u201d) konulu doktora tezi Almanya\u2019da Dr. Kova\u010d yay\u0131nevi taraf\u0131ndan bas\u0131lm\u0131\u015ft\u0131r.<\/p>\n<p>Doktoras\u0131n\u0131n tamamlanmas\u0131yla \u0130stanbul\u2019a d\u00f6nm\u00fc\u015f ve Mart 2020 itibariyle Hansu Avukatl\u0131k B\u00fcrosu ailesine kat\u0131larak Hansu Avukatl\u0131k B\u00fcrosu\u2019nun d\u00fcnya \u00e7ap\u0131nda sekt\u00f6r lideri olan geni\u015f ve kapsaml\u0131 m\u00fcvekkil yelpazesine hukukun her alan\u0131nda dan\u0131\u015fmanl\u0131k veren, t\u00fcm uyu\u015fmazl\u0131klara dair s\u00fcre\u00e7leri takip eden kadrosunda \u00e7al\u0131\u015fmaya ba\u015flam\u0131\u015ft\u0131r. \u0130stanbul \u00d6zye\u011fin \u00dcniversitesi\u2019nde de \u00f6n\u00fcm\u00fczdeki g\u00fcz d\u00f6neminden itibaren e\u011fitim vermeye ba\u015flayacakt\u0131r.<\/p>\n<p><strong>\u00dcyelikler:<\/strong>\u00a0\u0130stanbul Barosu<\/p>\n<p><strong>Baro Sicil:<\/strong>\u00a052176<\/p>\n<p><strong>Diller:<\/strong>\u00a0T\u00fcrk\u00e7e, Almanca, \u0130ngilizce<\/p>\n\t\t\t\t\t<\/div>\n\t\t\t\t\t\t<\/div>\n\t\t\t\t<\/div>\n\t\t\t\t<div class=\"elementor-element elementor-element-1b7e5138 elementor-widget elementor-widget-heading\" data-id=\"1b7e5138\" data-element_type=\"widget\" data-widget_type=\"heading.default\">\n\t\t\t\t<div class=\"elementor-widget-container\">\n\t\t\t<h2 class=\"elementor-heading-title elementor-size-default\">\u0130leti\u015fim<\/h2>\t\t<\/div>\n\t\t\t\t<\/div>\n\t\t\t\t<section class=\"elementor-section elementor-inner-section elementor-element elementor-element-240c682a elementor-section-boxed elementor-section-height-default elementor-section-height-default\" data-id=\"240c682a\" data-element_type=\"section\" data-settings=\"{&quot;background_background&quot;:&quot;classic&quot;}\">\n\t\t\t\t\t\t<div class=\"elementor-container elementor-column-gap-default\">\n\t\t\t\t\t\t\t<div class=\"elementor-row\">\n\t\t\t\t\t<div class=\"elementor-column elementor-col-50 elementor-inner-column elementor-element elementor-element-3bd3bba5\" data-id=\"3bd3bba5\" data-element_type=\"column\" data-settings=\"{&quot;background_background&quot;:&quot;classic&quot;}\">\n\t\t\t<div class=\"elementor-column-wrap elementor-element-populated\">\n\t\t\t\t\t\t\t<div class=\"elementor-widget-wrap\">\n\t\t\t\t\t\t<div class=\"elementor-element elementor-element-81b7845 elementor-widget elementor-widget-image\" data-id=\"81b7845\" data-element_type=\"widget\" data-widget_type=\"image.default\">\n\t\t\t\t<div class=\"elementor-widget-container\">\n\t\t\t\t\t\t\t\t<div class=\"elementor-image\">\n\t\t\t\t\t\t\t\t\t\t\t\t<img width=\"32\" height=\"32\" src=\"https:\/\/hansu.av.tr\/wp-content\/uploads\/2018\/12\/icon.png\" class=\"attachment-full size-full\" alt=\"\" loading=\"lazy\" \/>\t\t\t\t\t\t\t\t\t\t\t\t\t\t<\/div>\n\t\t\t\t\t\t<\/div>\n\t\t\t\t<\/div>\n\t\t\t\t\t\t<\/div>\n\t\t\t\t\t<\/div>\n\t\t<\/div>\n\t\t\t\t<div class=\"elementor-column elementor-col-50 elementor-inner-column elementor-element elementor-element-45f876e4\" data-id=\"45f876e4\" data-element_type=\"column\">\n\t\t\t<div class=\"elementor-column-wrap elementor-element-populated\">\n\t\t\t\t\t\t\t<div class=\"elementor-widget-wrap\">\n\t\t\t\t\t\t<div class=\"elementor-element elementor-element-17bcf343 elementor-widget elementor-widget-text-editor\" data-id=\"17bcf343\" data-element_type=\"widget\" data-widget_type=\"text-editor.default\">\n\t\t\t\t<div class=\"elementor-widget-container\">\n\t\t\t\t\t\t\t\t<div class=\"elementor-text-editor elementor-clearfix\">\n\t\t\t\t<p>0 (216) 464 12 12<\/p>\n\t\t\t\t\t<\/div>\n\t\t\t\t\t\t<\/div>\n\t\t\t\t<\/div>\n\t\t\t\t\t\t<\/div>\n\t\t\t\t\t<\/div>\n\t\t<\/div>\n\t\t\t\t\t\t\t\t<\/div>\n\t\t\t\t\t<\/div>\n\t\t<\/section>\n\t\t\t\t<section class=\"elementor-section elementor-inner-section elementor-element elementor-element-2e4dba74 elementor-section-boxed elementor-section-height-default elementor-section-height-default\" data-id=\"2e4dba74\" data-element_type=\"section\" data-settings=\"{&quot;background_background&quot;:&quot;classic&quot;}\">\n\t\t\t\t\t\t<div class=\"elementor-container elementor-column-gap-default\">\n\t\t\t\t\t\t\t<div class=\"elementor-row\">\n\t\t\t\t\t<div class=\"elementor-column elementor-col-50 elementor-inner-column elementor-element elementor-element-23353ba1\" data-id=\"23353ba1\" data-element_type=\"column\" data-settings=\"{&quot;background_background&quot;:&quot;classic&quot;}\">\n\t\t\t<div class=\"elementor-column-wrap elementor-element-populated\">\n\t\t\t\t\t\t\t<div class=\"elementor-widget-wrap\">\n\t\t\t\t\t\t<div class=\"elementor-element elementor-element-533043e3 elementor-widget elementor-widget-image\" data-id=\"533043e3\" data-element_type=\"widget\" data-widget_type=\"image.default\">\n\t\t\t\t<div class=\"elementor-widget-container\">\n\t\t\t\t\t\t\t\t<div class=\"elementor-image\">\n\t\t\t\t\t\t\t\t\t\t\t\t<img width=\"32\" height=\"32\" src=\"https:\/\/hansu.av.tr\/wp-content\/uploads\/2018\/12\/envelope.png\" class=\"attachment-full size-full\" alt=\"\" loading=\"lazy\" \/>\t\t\t\t\t\t\t\t\t\t\t\t\t\t<\/div>\n\t\t\t\t\t\t<\/div>\n\t\t\t\t<\/div>\n\t\t\t\t\t\t<\/div>\n\t\t\t\t\t<\/div>\n\t\t<\/div>\n\t\t\t\t<div class=\"elementor-column elementor-col-50 elementor-inner-column elementor-element elementor-element-643e594f\" data-id=\"643e594f\" data-element_type=\"column\">\n\t\t\t<div class=\"elementor-column-wrap elementor-element-populated\">\n\t\t\t\t\t\t\t<div class=\"elementor-widget-wrap\">\n\t\t\t\t\t\t<div class=\"elementor-element elementor-element-52daa3cd elementor-widget elementor-widget-text-editor\" data-id=\"52daa3cd\" data-element_type=\"widget\" data-widget_type=\"text-editor.default\">\n\t\t\t\t<div class=\"elementor-widget-container\">\n\t\t\t\t\t\t\t\t<div class=\"elementor-text-editor elementor-clearfix\">\n\t\t\t\t<p><span style=\"vertical-align: inherit;\"><span style=\"vertical-align: inherit;\"><a href=\"mailto:ugurcanfidan@hansu.av.tr\">ata.torun@hansu.av.tr<\/a><\/span><\/span><\/p>\t\t\t\t\t<\/div>\n\t\t\t\t\t\t<\/div>\n\t\t\t\t<\/div>\n\t\t\t\t\t\t<\/div>\n\t\t\t\t\t<\/div>\n\t\t<\/div>\n\t\t\t\t\t\t\t\t<\/div>\n\t\t\t\t\t<\/div>\n\t\t<\/section>\n\t\t\t\t\t\t<\/div>\n\t\t\t\t\t<\/div>\n\t\t<\/div>\n\t\t\t\t<div class=\"elementor-column elementor-col-50 elementor-top-column elementor-element elementor-element-1a041350\" data-id=\"1a041350\" data-element_type=\"column\" data-settings=\"{&quot;background_background&quot;:&quot;classic&quot;}\">\n\t\t\t<div class=\"elementor-column-wrap elementor-element-populated\">\n\t\t\t\t\t<div class=\"elementor-background-overlay\"><\/div>\n\t\t\t\t\t\t\t<div class=\"elementor-widget-wrap\">\n\t\t\t\t\t\t<div class=\"elementor-element elementor-element-2f1d59e elementor-widget elementor-widget-image\" data-id=\"2f1d59e\" data-element_type=\"widget\" data-widget_type=\"image.default\">\n\t\t\t\t<div class=\"elementor-widget-container\">\n\t\t\t\t\t\t\t\t<div class=\"elementor-image\">\n\t\t\t\t\t\t\t\t\t\t\t\t<img width=\"300\" height=\"450\" src=\"https:\/\/hansu.av.tr\/wp-content\/uploads\/2019\/01\/profile.jpg\" class=\"attachment-full size-full\" alt=\"\" loading=\"lazy\" srcset=\"https:\/\/hansu.av.tr\/wp-content\/uploads\/2019\/01\/profile.jpg 300w, https:\/\/hansu.av.tr\/wp-content\/uploads\/2019\/01\/profile-200x300.jpg 200w\" sizes=\"(max-width: 300px) 100vw, 300px\" \/>\t\t\t\t\t\t\t\t\t\t\t\t\t\t<\/div>\n\t\t\t\t\t\t<\/div>\n\t\t\t\t<\/div>\n\t\t\t\t\t\t<\/div>\n\t\t\t\t\t<\/div>\n\t\t<\/div>\n\t\t\t\t\t\t\t\t<\/div>\n\t\t\t\t\t<\/div>\n\t\t<\/section>\n\t\t\t\t\t\t\t\t\t<\/div>\n\t\t\t<\/div>\n\t\t\t\t\t<\/div>\n\t\t","protected":false},"excerpt":{"rendered":"<p>Dr. Ata TORUN AVUKAT Dr. Ata TORUN, 2006 y\u0131l\u0131nda St. Georg Avusturya Lisesi\u2018nden ve 2012 y\u0131l\u0131nda Almanya\u2019da Heidelberg Ruprecht Karl \u00dcniversitesi Hukuk Fak\u00fcltesi\u2019nden mezun olmu\u015ftur. Mezuniyetini takiben ayn\u0131 \u00fcniversitede hava ve deniz y\u00fck ta\u015f\u0131mas\u0131 hukuku alan\u0131nda doktoraya ba\u015flam\u0131\u015ft\u0131r. 2013 senesinde \u0130stanbul \u00dcniversitesi Hukuk Fak\u00fcltesi\u2019nde diploma denklik s\u0131navlar\u0131n\u0131 ba\u015far\u0131yla tamamlad\u0131ktan sonra yasal staj\u0131na ba\u015flamaya hak kazanm\u0131\u015ft\u0131r&#8230;.<\/p>\n","protected":false},"author":1,"featured_media":4800,"parent":5051,"menu_order":205,"comment_status":"closed","ping_status":"closed","template":"","meta":[],"acf":[],"_links":{"self":[{"href":"https:\/\/hansu.av.tr\/tr\/wp-json\/wp\/v2\/pages\/1908"}],"collection":[{"href":"https:\/\/hansu.av.tr\/tr\/wp-json\/wp\/v2\/pages"}],"about":[{"href":"https:\/\/hansu.av.tr\/tr\/wp-json\/wp\/v2\/types\/page"}],"author":[{"embeddable":true,"href":"https:\/\/hansu.av.tr\/tr\/wp-json\/wp\/v2\/users\/1"}],"replies":[{"embeddable":true,"href":"https:\/\/hansu.av.tr\/tr\/wp-json\/wp\/v2\/comments?post=1908"}],"version-history":[{"count":1,"href":"https:\/\/hansu.av.tr\/tr\/wp-json\/wp\/v2\/pages\/1908\/revisions"}],"predecessor-version":[{"id":6257,"href":"https:\/\/hansu.av.tr\/tr\/wp-json\/wp\/v2\/pages\/1908\/revisions\/6257"}],"up":[{"embeddable":true,"href":"https:\/\/hansu.av.tr\/tr\/wp-json\/wp\/v2\/pages\/5051"}],"wp:featuredmedia":[{"embeddable":true,"href":"https:\/\/hansu.av.tr\/tr\/wp-json\/wp\/v2\/media\/4800"}],"wp:attachment":[{"href":"https:\/\/hansu.av.tr\/tr\/wp-json\/wp\/v2\/media?parent=1908"}],"curies":[{"name":"wp","href":"https:\/\/api.w.org\/{rel}","templated":true}]}}