{"id":1954,"date":"2020-05-08T01:14:25","date_gmt":"2020-05-07T22:14:25","guid":{"rendered":"https:\/\/hansu.av.tr\/icerik\/hansu-uluslararasi\/"},"modified":"2020-10-03T12:19:42","modified_gmt":"2020-10-03T09:19:42","slug":"hansu-uluslararasi","status":"publish","type":"page","link":"https:\/\/hansu.av.tr\/tr\/icerik\/hansu-uluslararasi\/","title":{"rendered":"Hansu Uluslararas\u0131"},"content":{"rendered":"\t\t<div data-elementor-type=\"wp-page\" data-elementor-id=\"1954\" class=\"elementor elementor-1954 elementor-1723\">\n\t\t\t\t\t\t<div class=\"elementor-inner\">\n\t\t\t\t<div class=\"elementor-section-wrap\">\n\t\t\t\t\t\t\t\t\t<section class=\"elementor-section elementor-top-section elementor-element elementor-element-40b9c9c7 elementor-section-boxed elementor-section-height-default elementor-section-height-default\" data-id=\"40b9c9c7\" data-element_type=\"section\">\n\t\t\t\t\t\t<div class=\"elementor-container elementor-column-gap-default\">\n\t\t\t\t\t\t\t<div class=\"elementor-row\">\n\t\t\t\t\t<div class=\"elementor-column elementor-col-100 elementor-top-column elementor-element elementor-element-12b04631\" data-id=\"12b04631\" data-element_type=\"column\">\n\t\t\t<div class=\"elementor-column-wrap elementor-element-populated\">\n\t\t\t\t\t\t\t<div class=\"elementor-widget-wrap\">\n\t\t\t\t\t\t<div class=\"elementor-element elementor-element-1af35c62 elementor-widget elementor-widget-text-editor\" data-id=\"1af35c62\" data-element_type=\"widget\" data-widget_type=\"text-editor.default\">\n\t\t\t\t<div class=\"elementor-widget-container\">\n\t\t\t\t\t\t\t\t<div class=\"elementor-text-editor elementor-clearfix\">\n\t\t\t\t<p>Hansu Avukatl\u0131k Bu\u0308rosu, yat\u0131r\u0131mc\u0131lara, s\u0327irketlere, kurumlara ve yabanc\u0131 hukuk bu\u0308rolar\u0131na du\u0308nya c\u0327ap\u0131nda stratejilerini gelis\u0327tirmede ve projelerini gerc\u0327ekles\u0327tirmede destek olmak ic\u0327in kapsaml\u0131 iletis\u0327im ag\u0306lar\u0131 gelis\u0327tirmis\u0327 olup yabanc\u0131 ku\u0308ltu\u0308rler ve hukuk sistemleri hakk\u0131nda derinlemesine deneyim kazanm\u0131s\u0327 avukatlar\u0131 ile birles\u0327me ve devralma, ortak giris\u0327im (Joint Venture) projeleri, gayrimenkul al\u0131mlar\u0131 ve uyum (Compliance) konular\u0131n\u0131n yan\u0131 s\u0131ra mahkeme ve tahkim prosedu\u0308rleri de dahil olmak u\u0308zere kapsaml\u0131 bir yasal rehberlik sag\u0306lamaktad\u0131r.<\/p><p>Hansu Avukatl\u0131k Bu\u0308rosu, c\u0327es\u0327itli sekto\u0308rlerdeki uzmanl\u0131g\u0306\u0131 ile birlikte, as\u0327ag\u0306\u0131daki konular ile s\u0131n\u0131rl\u0131 olmamak u\u0308zere hukukun neredeyse tu\u0308m alanlar\u0131n\u0131 kapsayan yasal hizmetler vermektedir:<\/p><ul><li>Uluslararas\u0131 borc\u0327lar\u0131n tahsili<\/li><li>Uluslararas\u0131 unsurlar ic\u0327eren uyus\u0327mazl\u0131klar\u0131n devlet mahkemelerinde veya tahkim su\u0308rec\u0327lerinde ele\u00a0al\u0131nmas\u0131<\/li><li>Uluslararas\u0131l\u0131k ic\u0327eren sat\u0131s\u0327, hizmet, dag\u0306\u0131t\u0131m, acentelik so\u0308zles\u0327meleri de dahil olmak u\u0308zere tu\u0308m\u00a0so\u0308zles\u0327me taslaklar\u0131n\u0131n haz\u0131rlanmas\u0131, imzalanma prosedu\u0308rlerinin takibi<\/li><li>Yurtd\u0131s\u0327\u0131nda s\u0327irket kurmak isteyen yat\u0131r\u0131mc\u0131lara s\u0327irketin esas so\u0308zles\u0327mesinin haz\u0131rlanmas\u0131ndan,\u00a0yurtd\u0131s\u0327\u0131 ticaret sicillerine kaydettirilmesine ve tu\u0308m is\u0327leyis\u0327in sorunsuz devam\u0131n\u0131n sag\u0306lanmas\u0131na\u00a0yo\u0308nelik hukuki hizmet verilmesi<\/li><li>Yurtd\u0131s\u0327\u0131nda s\u0327irket kurulumu ile ilgili olarak banka hesaplar\u0131n\u0131n ac\u0327\u0131lmas\u0131, izin bas\u0327vurular\u0131 gibi\u00a0gerekli ve tipik formasyon su\u0308rec\u0327lerinde destek de dahil olmak u\u0308zere s\u0327irket, s\u0327ube ve temsilciliklerin\u00a0kurulmas\u0131<\/li><li>Yabanc\u0131lar ile gerc\u0327ekles\u0327tirilecek olan tu\u0308m Birles\u0327me ve Devralma prosedu\u0308rlerinin yu\u0308ru\u0308tu\u0308lmesi<\/li><li>Tu\u0308m uluslararas\u0131 ortak giris\u0327im projelerinin yu\u0308ru\u0308tu\u0308lmesi<\/li><li>Yurtd\u0131s\u0327\u0131nda gayrimenkul edinimi ve so\u0308z konusu gayrimenkulu\u0308n finansman\u0131 da dahil olmak u\u0308zere\u00a0tu\u0308m projelerin yo\u0308netimi<\/li><li>Fikri mu\u0308lkiyet, ticari markalar ve patentlerin yurtd\u0131s\u0327\u0131nda da korunmas\u0131 ic\u0327in hukuki hizmetlerin\u00a0verilmesi<\/li><li>Yurtd\u0131s\u0327\u0131nda gerc\u0327ekles\u0327tirmek istenen projelere yo\u0308nelik olarak ihale su\u0308rec\u0327lerinin yu\u0308ru\u0308tu\u0308lmesi<\/li><\/ul><p>Hansu Avukatl\u0131k Bu\u0308rosu, gerek yerel gerekse de uluslararas\u0131 iletis\u0327im ag\u0306\u0131 ile mu\u0308vekkillerine tu\u0308m du\u0308nyada uzman hukuki destek sag\u0306lamaktad\u0131r. Bu kapsamda gerek bu\u0308nyemizdeki avukatlar gerekse de yurtd\u0131s\u0327\u0131nda gu\u0308c\u0327lu\u0308 temaslar\u0131m\u0131z bulunan hukuk bu\u0308rolar\u0131 ile su\u0308rec\u0327ler koordineli bir s\u0327ekilde yu\u0308ru\u0308tu\u0308lmektedir. Hansu Avukatl\u0131k Bu\u0308rosu olarak bizler, her zaman ilgili yabanc\u0131 hukuk sistemi ve mu\u0308vekkillerimizin o\u0308zel gereksinimlerini go\u0308z o\u0308nu\u0308ne alarak uzman ekipler olus\u0327turmay\u0131 taahhu\u0308t etmekteyiz. Bu kapsamda farkl\u0131 u\u0308lkeler ve ku\u0308ltu\u0308rlere ilis\u0327kin olarak profesyonel yabanc\u0131 dil yatk\u0131nl\u0131g\u0306\u0131na sahip ekibimiz ile as\u0327ag\u0306\u0131daki u\u0308lkelerde yetki alan\u0131m\u0131z d\u0131s\u0327\u0131nda sizlere hizmet vermekteyiz:<\/p><p><b>Alman Masas\u0131:\u00a0<a href=\"mailto:ata.torun@hansu.av.tr\">ata.torun@hansu.av.tr<\/a><\/b><\/p><p><b>Birles\u0327ik Krall\u0131k Masas\u0131: <strong><a class=\"ns-action\" href=\"mailto:njl@hansu.av.tr\" data-click-action=\"common.go\" data-params=\"new_window&amp;url=%23compose%2Fmailto%3Dnjl%2540hansu.av.tr\">njl@hansu.av.tr<\/a><\/strong><\/b><\/p><p><b>Birles\u0327ik Arap Emirlikleri ve Ko\u0308rfez U\u0308lkeleri Masas\u0131:\u00a0<a href=\"mailto:omer.hansu@hansu.av.tr\">omer.hansu@hansu.av.tr<\/a><\/b><\/p><p><b>Belc\u0327ika Masas\u0131:\u00a0<a href=\"mailto:ebruozduran@hansu.av.tr\">ebruozduran@hansu.av.tr<\/a><\/b><\/p><p><b>I\u0307talya Masas\u0131:\u00a0<a href=\"mailto:njl@hansu.av.tr\">njl@hansu.av.tr<\/a><\/b><\/p>\t\t\t\t\t<\/div>\n\t\t\t\t\t\t<\/div>\n\t\t\t\t<\/div>\n\t\t\t\t\t\t<\/div>\n\t\t\t\t\t<\/div>\n\t\t<\/div>\n\t\t\t\t\t\t\t\t<\/div>\n\t\t\t\t\t<\/div>\n\t\t<\/section>\n\t\t\t\t\t\t\t\t\t<\/div>\n\t\t\t<\/div>\n\t\t\t\t\t<\/div>\n\t\t","protected":false},"excerpt":{"rendered":"<p>Hansu Avukatl\u0131k Bu\u0308rosu, yat\u0131r\u0131mc\u0131lara, s\u0327irketlere, kurumlara ve yabanc\u0131 hukuk bu\u0308rolar\u0131na du\u0308nya c\u0327ap\u0131nda stratejilerini gelis\u0327tirmede ve projelerini gerc\u0327ekles\u0327tirmede destek olmak ic\u0327in kapsaml\u0131 iletis\u0327im ag\u0306lar\u0131 gelis\u0327tirmis\u0327 olup yabanc\u0131 ku\u0308ltu\u0308rler ve hukuk sistemleri hakk\u0131nda derinlemesine deneyim kazanm\u0131s\u0327 avukatlar\u0131 ile birles\u0327me ve devralma, ortak giris\u0327im (Joint Venture) projeleri, gayrimenkul al\u0131mlar\u0131 ve uyum (Compliance) konular\u0131n\u0131n yan\u0131 s\u0131ra mahkeme ve tahkim&#8230;<\/p>\n","protected":false},"author":1,"featured_media":0,"parent":1953,"menu_order":375,"comment_status":"closed","ping_status":"closed","template":"","meta":[],"acf":[],"_links":{"self":[{"href":"https:\/\/hansu.av.tr\/tr\/wp-json\/wp\/v2\/pages\/1954"}],"collection":[{"href":"https:\/\/hansu.av.tr\/tr\/wp-json\/wp\/v2\/pages"}],"about":[{"href":"https:\/\/hansu.av.tr\/tr\/wp-json\/wp\/v2\/types\/page"}],"author":[{"embeddable":true,"href":"https:\/\/hansu.av.tr\/tr\/wp-json\/wp\/v2\/users\/1"}],"replies":[{"embeddable":true,"href":"https:\/\/hansu.av.tr\/tr\/wp-json\/wp\/v2\/comments?post=1954"}],"version-history":[{"count":2,"href":"https:\/\/hansu.av.tr\/tr\/wp-json\/wp\/v2\/pages\/1954\/revisions"}],"predecessor-version":[{"id":6395,"href":"https:\/\/hansu.av.tr\/tr\/wp-json\/wp\/v2\/pages\/1954\/revisions\/6395"}],"up":[{"embeddable":true,"href":"https:\/\/hansu.av.tr\/tr\/wp-json\/wp\/v2\/pages\/1953"}],"wp:attachment":[{"href":"https:\/\/hansu.av.tr\/tr\/wp-json\/wp\/v2\/media?parent=1954"}],"curies":[{"name":"wp","href":"https:\/\/api.w.org\/{rel}","templated":true}]}}