{"id":2150,"date":"2020-05-11T05:51:32","date_gmt":"2020-05-11T02:51:32","guid":{"rendered":"https:\/\/hansu.av.tr\/uluslararasi-isbirliklerimiz-ve-faaliyetlerimiz\/"},"modified":"2020-05-11T05:54:24","modified_gmt":"2020-05-11T02:54:24","slug":"faaliyetler","status":"publish","type":"page","link":"https:\/\/hansu.av.tr\/tr\/faaliyetler\/","title":{"rendered":"Uluslararas\u0131 \u0130\u015fbirliklerimiz ve Faaliyetlerimiz"},"content":{"rendered":"\t\t<div data-elementor-type=\"wp-post\" data-elementor-id=\"2150\" class=\"elementor elementor-2150 elementor-22 elementor-bc-flex-widget\">\n\t\t\t\t\t\t<div class=\"elementor-inner\">\n\t\t\t\t<div class=\"elementor-section-wrap\">\n\t\t\t\t\t\t\t\t\t<section class=\"elementor-section elementor-top-section elementor-element elementor-element-24a6be3c elementor-section-stretched elementor-section-full_width elementor-section-height-min-height elementor-section-items-bottom elementor-section-height-default\" data-id=\"24a6be3c\" data-element_type=\"section\" id=\"slider\" data-settings=\"{&quot;stretch_section&quot;:&quot;section-stretched&quot;,&quot;background_background&quot;:&quot;classic&quot;,&quot;shape_divider_bottom&quot;:&quot;arrow&quot;}\">\n\t\t\t\t\t\t\t<div class=\"elementor-background-overlay\"><\/div>\n\t\t\t\t\t\t<div class=\"elementor-shape elementor-shape-bottom\" data-negative=\"false\">\n\t\t\t<svg xmlns=\"http:\/\/www.w3.org\/2000\/svg\" viewBox=\"0 0 700 10\" preserveAspectRatio=\"none\">\n\t<path class=\"elementor-shape-fill\" d=\"M350,10L340,0h20L350,10z\"\/>\n<\/svg>\t\t<\/div>\n\t\t\t\t\t<div class=\"elementor-container elementor-column-gap-default\">\n\t\t\t\t\t\t\t<div class=\"elementor-row\">\n\t\t\t\t\t<div class=\"elementor-column elementor-col-100 elementor-top-column elementor-element elementor-element-2cc74153\" data-id=\"2cc74153\" data-element_type=\"column\">\n\t\t\t<div class=\"elementor-column-wrap elementor-element-populated\">\n\t\t\t\t\t\t\t<div class=\"elementor-widget-wrap\">\n\t\t\t\t\t\t\t\t<\/div>\n\t\t\t\t\t<\/div>\n\t\t<\/div>\n\t\t\t\t\t\t\t\t<\/div>\n\t\t\t\t\t<\/div>\n\t\t<\/section>\n\t\t\t\t<section class=\"elementor-section elementor-top-section elementor-element elementor-element-406115eb elementor-section-stretched elementor-section-boxed elementor-section-height-default elementor-section-height-default\" data-id=\"406115eb\" data-element_type=\"section\" data-settings=\"{&quot;stretch_section&quot;:&quot;section-stretched&quot;,&quot;background_background&quot;:&quot;classic&quot;}\">\n\t\t\t\t\t\t<div class=\"elementor-container elementor-column-gap-default\">\n\t\t\t\t\t\t\t<div class=\"elementor-row\">\n\t\t\t\t\t<div class=\"elementor-column elementor-col-100 elementor-top-column elementor-element elementor-element-3fb4445b\" data-id=\"3fb4445b\" data-element_type=\"column\" data-settings=\"{&quot;background_background&quot;:&quot;classic&quot;}\">\n\t\t\t<div class=\"elementor-column-wrap elementor-element-populated\">\n\t\t\t\t\t<div class=\"elementor-background-overlay\"><\/div>\n\t\t\t\t\t\t\t<div class=\"elementor-widget-wrap\">\n\t\t\t\t\t\t<div class=\"elementor-element elementor-element-18ecf712 elementor-widget elementor-widget-heading\" data-id=\"18ecf712\" data-element_type=\"widget\" data-widget_type=\"heading.default\">\n\t\t\t\t<div class=\"elementor-widget-container\">\n\t\t\t<h2 class=\"elementor-heading-title elementor-size-default\">Uluslararas\u0131 \u0130\u015fbirliklerimiz ve Faaliyetlerimiz<\/h2>\t\t<\/div>\n\t\t\t\t<\/div>\n\t\t\t\t<div class=\"elementor-element elementor-element-2c4d9d5f elementor-widget elementor-widget-text-editor\" data-id=\"2c4d9d5f\" data-element_type=\"widget\" data-widget_type=\"text-editor.default\">\n\t\t\t\t<div class=\"elementor-widget-container\">\n\t\t\t\t\t\t\t\t<div class=\"elementor-text-editor elementor-clearfix\">\n\t\t\t\t<p>Ulusal ve Uluslararas\u0131 Alandaki \u0130\u015fbirliklerimiz ve Faaliyetlerimiz<br \/>\nT\u00fcrkiye\u2019nin hem d\u0131\u015f d\u00fcnya ile olan ticaret hacminin art\u0131\u015f\u0131 hem de k\u00fcreselle\u015fmeden dolay\u0131 \u00f6zellikle ihracat ve ithalat yapt\u0131\u011f\u0131 \u00fclkeler ile ekonomik ve hukuki ili\u015fkilerinin giderek artmas\u0131 sebebiyle Avukatl\u0131k B\u00fcromuz olu\u015fan bu yeni duruma uyum sa\u011flam\u0131\u015f ve bu do\u011frultuda bir\u00e7ok k\u00fcresel oyuncunun akt\u00f6r\u00fc oldu\u011fu projelerde hukuki dan\u0131\u015fmanl\u0131k ve avukatl\u0131k hizmeti sunmu\u015ftur.<\/p>\n<p>T\u00fcrkiye\u2019deki ihracat\u0131n b\u00fcy\u00fck bir b\u00f6l\u00fcm\u00fcn\u00fcn Avrupa Birli\u011fi\u2019ne mensup \u00fclkelere yap\u0131ld\u0131\u011f\u0131 g\u00f6z \u00f6n\u00fcne al\u0131nd\u0131\u011f\u0131nda bu \u00fclkelerin ve ayn\u0131 zamanda \u00fclkemizin de tabi oldu\u011fu Avrupa Birli\u011fi mevzuat\u0131, d\u0131\u015f ticaret i\u015flemlerinde \u00f6nemli bir yere sahiptir. B\u00fcromuz bu anlamda gerek Avrupa Birli\u011fi mevzuat\u0131na gerekse d\u0131\u015f ticaret ve g\u00fcmr\u00fck hukukuna \u00f6zellikle \u00f6nem vermektedir. Bizler, hukuki dan\u0131\u015fmanl\u0131k hizmeti verdi\u011fimiz yerli ve yabanc\u0131 giri\u015fimci m\u00fcvekkillerimizi bu hususta bilgilendirerek olas\u0131 hukuki risklerin do\u011fmas\u0131n\u0131 \u00f6nlemekteyiz.<\/p>\n<p>Her bir \u00fclkenin farkl\u0131 bir hukuk sistemine tabi olmas\u0131 ve yine her \u00fclkenin farkl\u0131 bir mevzuata sahip olmas\u0131, d\u0131\u015f ticaret i\u015flemlerinde \u00f6zellikle de \u00fcr\u00fcn ve\/veya hizmetin tesliminde ve \u00f6demelerde risk yaratmaktad\u0131r. Bu t\u00fcr durumlarda bizler,  AB ile d\u0131\u015f ticaret ve g\u00fcmr\u00fck hukuku mevzuat\u0131na hakim, yabanc\u0131 dil bilen kadromuzla sundu\u011fumuz hukuki hizmetlerle giri\u015fimci firmalar\u0131n kar\u015f\u0131la\u015fabilece\u011fi riskleri minimuma indirerek m\u00fcvekkillerimize destek olmaktay\u0131z.<\/p>\n<p>Avukatl\u0131k B\u00fcromuz, \u00f6zellikle \u015eirketler ve Ticaret Hukuku\u2019ndaki  tecr\u00fcbesi ve yetkinli\u011fi ile \u015firket devralma ve birle\u015fmeleri konusunda olduk\u00e7a deneyimlidir. Bu anlamda \u015firket birle\u015fme ve devralma s\u00fcreci esnas\u0131nda Hukuki \u0130nceleme Raporu [Legal Due Diligence] d\u00fczenlemekte yine hisse devir s\u00f6zle\u015fmeleri m\u00fczakerelerini ger\u00e7ekle\u015ftirmekte ve ba\u011f\u0131ms\u0131z idari otoriteler olarak bilinen Rekabet Kurumu, EPDK , SPK vb. kurulu\u015flardan al\u0131nmas\u0131 gerekli \u00f6n izinlerin al\u0131nmas\u0131nda hukuki destek vermekteyiz.<\/p>\n<p>Avukatl\u0131k B\u00fcromuz taraf\u0131ndan yerli ve yabanc\u0131 giri\u015fimcilere Termik Santral [TES], Hidro Elektrik Santrali [HES], R\u00fczgar Elektrik Santrali [RES] ve N\u00fckleer Santrallerin kurulu\u015f a\u015famas\u0131ndan i\u015fletmeye al\u0131nmas\u0131 a\u015famas\u0131na kadar ge\u00e7en s\u00fcre\u00e7 i\u00e7erisinde hukuki dan\u0131\u015fmanl\u0131k hizmeti verilmektedir. M\u00fcvekkil portf\u00f6y\u00fcm\u00fcz\u00fcn i\u00e7erisinde T\u00fcrkiye\u2019de uzun y\u0131llard\u0131r enerji ve maden sekt\u00f6r\u00fcnde faaliyet g\u00f6steren firmalar bulunmakta olup HANSU, bu alanda \u00f6nde gelen Avukatl\u0131k B\u00fcrolar\u0131 i\u00e7erisinde yer almaktad\u0131r.<\/p>\n<p>Enerji Yat\u0131r\u0131mlar\u0131, Serbest B\u00f6lgeler, Limanlar ve Organize Sanayi B\u00f6lgelerinin kurulu\u015fu esnas\u0131nda yat\u0131r\u0131mlar\u0131n ger\u00e7ekle\u015ftirilece\u011fi alanlar kamu kurumlar\u0131 taraf\u0131ndan al\u0131nan kararlar ile kamula\u015ft\u0131r\u0131lm\u0131\u015ft\u0131r. Bu anlamda T\u00fcrkiye\u2019de ger\u00e7ekle\u015ftirilen kamula\u015ft\u0131rma projelerinde  gerek kamu kurumu ile \u00f6zel yat\u0131r\u0131mc\u0131 aras\u0131ndaki ili\u015fkilerin hukuki boyutunu ve gerekse kamula\u015ft\u0131rma i\u015flemlerini  [\u00d6n haz\u0131rl\u0131k, Acele Kamula\u015ft\u0131rma ve Kamula\u015ft\u0131rma Davalar\u0131] Avukatl\u0131k B\u00fcromuz sahip oldu\u011fu deneyimi ile y\u00f6netmi\u015f ve koordine etmi\u015ftir.<\/p>\n<p>Bizler, kamula\u015ft\u0131rma i\u015flemlerinde bug\u00fcne kadar elde etti\u011fimiz deneyimimizi, bu kere devletlerin ticari \u015firketler kurarak koordine etti\u011fi [Nabuco ve BTC Boru hatt\u0131 vb.]  Petrol\/Do\u011falgaz Ta\u015f\u0131ma Boru Hatlar\u0131n\u0131n tesisine ve i\u015fletilmesine ve bu yat\u0131r\u0131mlar\u0131n ger\u00e7ekle\u015ftirilece\u011fi alanlar\u0131n ve ta\u015f\u0131nmazlar\u0131n kamula\u015ft\u0131r\u0131lmas\u0131na ili\u015fkin \u00f6n haz\u0131rl\u0131k i\u015flemleri ile kamula\u015ft\u0131rma davalar\u0131 alan\u0131nda avukatl\u0131k ve dan\u0131\u015fmanl\u0131k hizmeti sunma gayretindeyiz.<\/p>\n<p>Avukatl\u0131k B\u00fcromuz, yukar\u0131da k\u0131saca bahsedilen faaliyetlerimizle ilgili bug\u00fcne kadar bir \u00e7ok \u00f6zelle\u015ftirme, enerji, maden ve do\u011fal kaynaklar, g\u0131da, demiryolu ta\u015f\u0131mac\u0131l\u0131\u011f\u0131, liman projesinde [legal due diligence dahil] hukuki dan\u0131\u015fmanl\u0131k ve avukatl\u0131k hizmeti vermi\u015ftir.<\/p>\n\t\t\t\t\t<\/div>\n\t\t\t\t\t\t<\/div>\n\t\t\t\t<\/div>\n\t\t\t\t\t\t<\/div>\n\t\t\t\t\t<\/div>\n\t\t<\/div>\n\t\t\t\t\t\t\t\t<\/div>\n\t\t\t\t\t<\/div>\n\t\t<\/section>\n\t\t\t\t\t\t\t\t\t<\/div>\n\t\t\t<\/div>\n\t\t\t\t\t<\/div>\n\t\t","protected":false},"excerpt":{"rendered":"<p>Uluslararas\u0131 \u0130\u015fbirliklerimiz ve Faaliyetlerimiz Ulusal ve Uluslararas\u0131 Alandaki \u0130\u015fbirliklerimiz ve Faaliyetlerimiz T\u00fcrkiye\u2019nin hem d\u0131\u015f d\u00fcnya ile olan ticaret hacminin art\u0131\u015f\u0131 hem de k\u00fcreselle\u015fmeden dolay\u0131 \u00f6zellikle ihracat ve ithalat yapt\u0131\u011f\u0131 \u00fclkeler ile ekonomik ve hukuki ili\u015fkilerinin giderek artmas\u0131 sebebiyle Avukatl\u0131k B\u00fcromuz olu\u015fan bu yeni duruma uyum sa\u011flam\u0131\u015f ve bu do\u011frultuda bir\u00e7ok k\u00fcresel oyuncunun akt\u00f6r\u00fc oldu\u011fu projelerde&#8230;<\/p>\n","protected":false},"author":1,"featured_media":0,"parent":0,"menu_order":495,"comment_status":"closed","ping_status":"closed","template":"","meta":[],"acf":[],"_links":{"self":[{"href":"https:\/\/hansu.av.tr\/tr\/wp-json\/wp\/v2\/pages\/2150"}],"collection":[{"href":"https:\/\/hansu.av.tr\/tr\/wp-json\/wp\/v2\/pages"}],"about":[{"href":"https:\/\/hansu.av.tr\/tr\/wp-json\/wp\/v2\/types\/page"}],"author":[{"embeddable":true,"href":"https:\/\/hansu.av.tr\/tr\/wp-json\/wp\/v2\/users\/1"}],"replies":[{"embeddable":true,"href":"https:\/\/hansu.av.tr\/tr\/wp-json\/wp\/v2\/comments?post=2150"}],"version-history":[{"count":0,"href":"https:\/\/hansu.av.tr\/tr\/wp-json\/wp\/v2\/pages\/2150\/revisions"}],"wp:attachment":[{"href":"https:\/\/hansu.av.tr\/tr\/wp-json\/wp\/v2\/media?parent=2150"}],"curies":[{"name":"wp","href":"https:\/\/api.w.org\/{rel}","templated":true}]}}